{"id":8578,"date":"2023-02-23T22:26:01","date_gmt":"2023-02-24T04:26:01","guid":{"rendered":"https:\/\/tecsecmty.com\/index.php\/producto\/zkteco-yg3m-brazo-recto-de-3-metros-para-barrera-vehicular-zk-serie-probg\/"},"modified":"2023-03-22T23:25:37","modified_gmt":"2023-03-23T05:25:37","slug":"zkteco-yg3m-brazo-recto-de-3-metros-para-barrera-vehicular-zk-serie-probg","status":"publish","type":"product","link":"https:\/\/tecsecmty.com\/index.php\/producto\/zkteco-yg3m-brazo-recto-de-3-metros-para-barrera-vehicular-zk-serie-probg\/","title":{"rendered":"ZKTECO YG3M &#8211; Brazo Recto de 3 Metros para Barrera Vehicular ZK Serie PROBG"},"content":{"rendered":"<div class=\"row aling-items-center padding-bottom-2x\">\n<div class=\"col-lg-12\">\n<h5 class=\"card-title text-center\">Informaci\u00f3n General<\/h5>\n<p class=\"ql-align-justify\">El accesorio est\u00e1 hecho de aleaci\u00f3n de aluminio de alta resistencia, incorpora una pel\u00edcula reflectante que tiene la funci\u00f3n de advertencia. Este brazo es compatible con la barrera vehiculares de la Serie ProBG2000\/3000.<\/p>\n<p><img decoding=\"async\" class=\"overview-center-img-web\" src=\"https:\/\/tvc.mx\/media\/267771\/Brazp-Recto-3mts-Goma-Anti-impacto-Tiras-Reflejantes-Color-Rojo-ProBG-Descripci%C3%B3n-YG3M-ZKTECO.png\" alt=\"\" \/><\/div>\n<\/div>\n<div class=\"row aling-items-center padding-bottom-2x\">\n<div class=\"col-lg-12\">\n<h5 class=\"card-title text-center\">Especificaciones<\/h5>\n<p class=\"ql-align-justify\">Longitud M\u00e1xima: 3 mts<\/p>\n<p class=\"ql-align-justify\">Material: Aluminio de alta resistencia<\/p>\n<p class=\"ql-align-justify\">Dimensiones: 8cm x 4.5 cm x 300 cm<\/p>\n<p class=\"ql-align-justify\">Cuenta con Goma negra anti impacto<\/p>\n<p class=\"ql-align-justify\">Sistema de liberaci\u00f3n contra impactos<\/p>\n<h4 class=\"ql-align-justify\"><strong>NOTA IMPORTANTE:<\/strong><\/h4>\n<h3 class=\"ql-align-justify\"><\/h3>\n<h3 class=\"ql-align-justify\">El env\u00edo de este producto es de 3 a 5 d\u00edas h\u00e1biles.<\/h3>\n<h3 class=\"ql-align-justify\"><\/h3>\n<h3 class=\"ql-align-justify\">Cualquier duda adicional, consulte a su ejecutivo de ventas.<\/h3>\n<p><img decoding=\"async\" class=\"overview-center-img-web\" src=\"https:\/\/tvc.mx\/media\/267791\/Brazp-Recto-3mts-Goma-Anti-impacto-Tiras-Reflejantes-Color-Rojo-ProBG-Dimensiones-YG3M-ZKTECO.png\" alt=\"\" \/><\/div>\n<\/div>\n","protected":false},"excerpt":{"rendered":"<p>Informaci\u00f3n General El accesorio est\u00e1 hecho de aleaci\u00f3n de aluminio de alta resistencia, incorpora una pel\u00edcula reflectante que tiene la funci\u00f3n de advertencia. Este brazo es compatible con la barrera vehiculares de la Serie ProBG2000\/3000. Especificaciones Longitud M\u00e1xima: 3 mts Material: Aluminio de alta resistencia&hellip;<\/p>\n","protected":false},"featured_media":8577,"comment_status":"open","ping_status":"closed","template":"","meta":{"om_disable_all_campaigns":false,"_monsterinsights_skip_tracking":false,"_monsterinsights_sitenote_active":false,"_monsterinsights_sitenote_note":"","_monsterinsights_sitenote_category":0},"product_brand":[],"product_cat":[796],"product_tag":[81,727,730,66,731,728,729],"class_list":{"0":"post-8578","1":"product","2":"type-product","3":"status-publish","4":"has-post-thumbnail","6":"product_cat-refacciones-control-acceso-vehicular-control-acceso-vehicular-zkteco-acceso-asistencia","7":"product_tag-acceso-y-asistencia","8":"product_tag-cerraduras","9":"product_tag-commax-wulian","10":"product_tag-dahua","11":"product_tag-wejoin","12":"product_tag-yli","13":"product_tag-zkteco","15":"first","16":"instock","17":"sale","18":"taxable","19":"shipping-taxable","20":"purchasable","21":"product-type-simple"},"aioseo_notices":[],"_links":{"self":[{"href":"https:\/\/tecsecmty.com\/index.php\/wp-json\/wp\/v2\/product\/8578","targetHints":{"allow":["GET"]}}],"collection":[{"href":"https:\/\/tecsecmty.com\/index.php\/wp-json\/wp\/v2\/product"}],"about":[{"href":"https:\/\/tecsecmty.com\/index.php\/wp-json\/wp\/v2\/types\/product"}],"replies":[{"embeddable":true,"href":"https:\/\/tecsecmty.com\/index.php\/wp-json\/wp\/v2\/comments?post=8578"}],"version-history":[{"count":0,"href":"https:\/\/tecsecmty.com\/index.php\/wp-json\/wp\/v2\/product\/8578\/revisions"}],"wp:featuredmedia":[{"embeddable":true,"href":"https:\/\/tecsecmty.com\/index.php\/wp-json\/wp\/v2\/media\/8577"}],"wp:attachment":[{"href":"https:\/\/tecsecmty.com\/index.php\/wp-json\/wp\/v2\/media?parent=8578"}],"wp:term":[{"taxonomy":"product_brand","embeddable":true,"href":"https:\/\/tecsecmty.com\/index.php\/wp-json\/wp\/v2\/product_brand?post=8578"},{"taxonomy":"product_cat","embeddable":true,"href":"https:\/\/tecsecmty.com\/index.php\/wp-json\/wp\/v2\/product_cat?post=8578"},{"taxonomy":"product_tag","embeddable":true,"href":"https:\/\/tecsecmty.com\/index.php\/wp-json\/wp\/v2\/product_tag?post=8578"}],"curies":[{"name":"wp","href":"https:\/\/api.w.org\/{rel}","templated":true}]}}