{"id":8580,"date":"2023-02-23T22:26:03","date_gmt":"2023-02-24T04:26:03","guid":{"rendered":"https:\/\/tecsecmty.com\/index.php\/producto\/zkteco-zf24-sensor-de-masa-de-un-carril-12vdc-y-24vdc-salida-no-nc-com-compatible-con-barrera-wejoin-y-zkteco\/"},"modified":"2023-03-22T23:25:37","modified_gmt":"2023-03-23T05:25:37","slug":"zkteco-zf24-sensor-de-masa-de-un-carril-12vdc-y-24vdc-salida-no-nc-com-compatible-con-barrera-wejoin-y-zkteco","status":"publish","type":"product","link":"https:\/\/tecsecmty.com\/index.php\/producto\/zkteco-zf24-sensor-de-masa-de-un-carril-12vdc-y-24vdc-salida-no-nc-com-compatible-con-barrera-wejoin-y-zkteco\/","title":{"rendered":"ZKTECO ZF24 &#8211; Sensor de Masa de un Carril \/ 12VDC y 24VDC \/ Salida NO NC COM \/Compatible con Barrera WEJOIN y ZKTECO"},"content":{"rendered":"<div class=\"row aling-items-center padding-bottom-2x\">\n<div class=\"col-lg-12\">\n<h5 class=\"card-title text-center\">Informaci\u00f3n General<\/h5>\n<p>Es un detector inteligente de un solo canal que es usado mayormente para detectar objetos met\u00e1licos como bicicletas y autom\u00f3viles. Es aplicable en estacionamientos, estaciones de cobro, y sistema de control de luz de se\u00f1al. Este detector de veh\u00edculos puede monitorear solamente una bobina de inducci\u00f3n a la vez. Usa dos rel\u00e9s para emitir se\u00f1ales, y los usuarios pueden usar diferentes se\u00f1ales de salida para controlar la unidad mec\u00e1nica y el dispositivo de salida de la tarjeta, o contar veh\u00edculos.<\/p>\n<p><img decoding=\"async\" class=\"overview-center-img-web\" src=\"https:\/\/tvc.mx\/media\/43632\/vaner.jpg\" alt=\"\" \/><\/div>\n<\/div>\n<div class=\"row align-items-center padding-bottom-2x\">\n<div class=\"col-md-5 order-md-2\"><img decoding=\"async\" class=\"d-block m-auto img-thumbnail\" src=\"https:\/\/tvc.mx\/media\/43671\/caracteristicas.jpg\" alt=\" \" \/><\/div>\n<div class=\"col-md-7 order-md-1 text-md-left text-center\">\n<h2>Caracter\u00edsticas<\/h2>\n<p class=\"text-muted\">\n<ul data-checked=\"false\">\n<li>Ajuste totalmente autom\u00e1tico.<\/li>\n<li>Tres niveles ajustables de sensibilidad.<\/li>\n<li>Dos frecuencias de trabajo.<\/li>\n<li>M\u00faltiples modos de salida de rel\u00e9.<\/li>\n<li>Bot\u00f3n de reinicio en el panel frontal.<\/li>\n<\/ul>\n<p>&nbsp;<\/p>\n<\/div>\n<\/div>\n<hr class=\"padding-bottom-2x\" \/>\n<div class=\"row aling-items-center padding-bottom-2x\">\n<div class=\"col-lg-12\">\n<h5 class=\"card-title text-center\">Aplicaciones<\/h5>\n<ul data-checked=\"false\">\n<li>Control de tr\u00e1fico accionado por veh\u00edculo.<\/li>\n<li>Conteo de tr\u00e1fico<\/li>\n<li>Aplicaciones de peaje<\/li>\n<li>Aplicaci\u00f3n de detecci\u00f3n de colas.<\/li>\n<\/ul>\n<\/div>\n<\/div>\n<div class=\"row align-items-center padding-bottom-2x\">\n<div class=\"col-md-5 order-md-2\"><img decoding=\"async\" class=\"d-block m-auto img-thumbnail\" src=\"https:\/\/tvc.mx\/media\/43677\/funcionamiento.jpg\" alt=\" \" \/><\/div>\n<div class=\"col-md-7 order-md-1 text-md-left text-center\">\n<h2>Modo de Funcionamiento<\/h2>\n<p class=\"text-muted\">\n<p>El detector de lazo de veh\u00edculos se basa en el principio inductivo, usando una bobina de cable enterrada en la entrada de autom\u00f3viles y conectada al detector de lazo. El cambio en la inductancia se medir\u00e1 como un cambio de frecuencia. El rel\u00e9 de salida se activa cuando lo hace el lazo y se libera de nuevo cuando el lazo deja de estar activado.<\/p>\n<p>&nbsp;<\/p>\n<\/div>\n<\/div>\n<hr class=\"padding-bottom-2x\" \/>\n<div class=\"row aling-items-center padding-bottom-2x\">\n<div class=\"col-lg-12\">\n<h5 class=\"card-title text-center\">Diagrama de Lazo<\/h5>\n<h3><strong>Instalaci\u00f3n del lazo<\/strong><\/h3>\n<p>La geometr\u00eda de lazo debe adaptarse a su respectiva aplicaci\u00f3n. La configuraci\u00f3n ser\u00e1 \u00f3ptima si el lazo tiene el mismo tama\u00f1o que el objeto que se vaya a detectar. Tras determinar la geometr\u00eda del lazo, debe hacerse una roza en el suelo para instalar el lazo. Haga una roza inclinada en un \u00e1ngulo de 45\u00ba en las esquinas del lazo, lo que lo proteger\u00e1 de un desgaste excesivo.<\/p>\n<h3><strong>Vueltas de lazo<\/strong><\/h3>\n<p>El n\u00famero de vueltas depende directamente de la circunferencia del lazo. Cuanto m\u00e1s peque\u00f1o sea el lazo, m\u00e1s vueltas hacen falta.<\/p>\n<h3><strong>Recomendaciones de cables<\/strong><\/h3>\n<p>&#8211; Usar un cable de 1,5 mm2 . Usar cable aislado de silicona si se coloca directamente en el suelo.<\/p>\n<p><img decoding=\"async\" class=\"overview-center-img-\" src=\"https:\/\/tvc.mx\/media\/2030\/Diagrama-de-lazo.jpg\" alt=\"\" \/><\/div>\n<\/div>\n<div class=\"row aling-items-center padding-bottom-2x\">\n<div class=\"col-lg-12\">\n<h5 class=\"card-title text-center\">Especificaciones<\/h5>\n<ul data-checked=\"false\">\n<li>Voltaje de Operaci\u00f3n: U= 12V AC\/DC.<\/li>\n<li>Potencia Nominal: 4.5 W.<\/li>\n<li>Frecuencia de Operaci\u00f3n: 20 kHz to 170 kHz.<\/li>\n<li>Tiempo de reacci\u00f3n: 100 ms.<\/li>\n<li>Inductancia de la bobina 100-300 uH (recomendado).<\/li>\n<li>Tama\u00f1o de la bobina: no menor que 1x 2 m (recomendado).<\/li>\n<li>Conexi\u00f3n de la bobina: no mayor a 5m, y enrizado al menos 20 veces por metro.<\/li>\n<li>Temperatura de Operaci\u00f3n: -25\u00baC a 65\u00baC.<\/li>\n<li>Humedad de Operaci\u00f3n: \u226490% (no condensado).<\/li>\n<li>Cubierta: PC+pl\u00e1stico ABS.<\/li>\n<li>Instalaci\u00f3n: carril de gu\u00eda DIN.<\/li>\n<li>Dimensiones (incluyendo la base): 74 mm x 37 mm x 113 mm (L x A x H).<\/li>\n<\/ul>\n<\/div>\n<\/div>\n","protected":false},"excerpt":{"rendered":"<p>Informaci\u00f3n General Es un detector inteligente de un solo canal que es usado mayormente para detectar objetos met\u00e1licos como bicicletas y autom\u00f3viles. Es aplicable en estacionamientos, estaciones de cobro, y sistema de control de luz de se\u00f1al. Este detector de veh\u00edculos puede monitorear solamente una&hellip;<\/p>\n","protected":false},"featured_media":8579,"comment_status":"open","ping_status":"closed","template":"","meta":{"om_disable_all_campaigns":false,"_monsterinsights_skip_tracking":false,"_monsterinsights_sitenote_active":false,"_monsterinsights_sitenote_note":"","_monsterinsights_sitenote_category":0},"product_brand":[],"product_cat":[798],"product_tag":[81,727,730,66,731,728,729],"class_list":{"0":"post-8580","1":"product","2":"type-product","3":"status-publish","4":"has-post-thumbnail","6":"product_cat-accesorios-control-de-acceso-control-de-acceso-zkteco-acceso-asistencia","7":"product_tag-acceso-y-asistencia","8":"product_tag-cerraduras","9":"product_tag-commax-wulian","10":"product_tag-dahua","11":"product_tag-wejoin","12":"product_tag-yli","13":"product_tag-zkteco","15":"first","16":"instock","17":"sale","18":"taxable","19":"shipping-taxable","20":"purchasable","21":"product-type-simple"},"aioseo_notices":[],"_links":{"self":[{"href":"https:\/\/tecsecmty.com\/index.php\/wp-json\/wp\/v2\/product\/8580","targetHints":{"allow":["GET"]}}],"collection":[{"href":"https:\/\/tecsecmty.com\/index.php\/wp-json\/wp\/v2\/product"}],"about":[{"href":"https:\/\/tecsecmty.com\/index.php\/wp-json\/wp\/v2\/types\/product"}],"replies":[{"embeddable":true,"href":"https:\/\/tecsecmty.com\/index.php\/wp-json\/wp\/v2\/comments?post=8580"}],"version-history":[{"count":0,"href":"https:\/\/tecsecmty.com\/index.php\/wp-json\/wp\/v2\/product\/8580\/revisions"}],"wp:featuredmedia":[{"embeddable":true,"href":"https:\/\/tecsecmty.com\/index.php\/wp-json\/wp\/v2\/media\/8579"}],"wp:attachment":[{"href":"https:\/\/tecsecmty.com\/index.php\/wp-json\/wp\/v2\/media?parent=8580"}],"wp:term":[{"taxonomy":"product_brand","embeddable":true,"href":"https:\/\/tecsecmty.com\/index.php\/wp-json\/wp\/v2\/product_brand?post=8580"},{"taxonomy":"product_cat","embeddable":true,"href":"https:\/\/tecsecmty.com\/index.php\/wp-json\/wp\/v2\/product_cat?post=8580"},{"taxonomy":"product_tag","embeddable":true,"href":"https:\/\/tecsecmty.com\/index.php\/wp-json\/wp\/v2\/product_tag?post=8580"}],"curies":[{"name":"wp","href":"https:\/\/api.w.org\/{rel}","templated":true}]}}