{"id":8582,"date":"2023-02-23T22:26:06","date_gmt":"2023-02-24T04:26:06","guid":{"rendered":"https:\/\/tecsecmty.com\/index.php\/producto\/bosch-a_acxrail400-carril-de-montaje-para-controlador-amc2\/"},"modified":"2023-03-22T23:20:54","modified_gmt":"2023-03-23T05:20:54","slug":"bosch-a_acxrail400-carril-de-montaje-para-controlador-amc2","status":"publish","type":"product","link":"https:\/\/tecsecmty.com\/index.php\/producto\/bosch-a_acxrail400-carril-de-montaje-para-controlador-amc2\/","title":{"rendered":"BOSCH A_ACXRAIL400 &#8211; Carril de montaje para controlador AMC2"},"content":{"rendered":"<div class=\"row aling-items-center padding-bottom-2x\">\n<div class=\"col-lg-12\">\n<h5 class=\"card-title text-center\">AMC RAIL-400 Riel de montaje (400 mm)<\/h5>\n<p class=\"ql-align-justify\"><strong>El AMC2 (controlador de acceso modular)<\/strong>\u00a0se usa como un controlador de acceso en los sistemas de control de acceso ACE (<strong>ACCESS ENGINE)<\/strong>\u00a0de la versi\u00f3n 2.0 en adelante,\u00a0<strong>Access Personal Edition y Access Professional Edition.<\/strong>\u00a0El dispositivo controla un grupo de uno a ocho puntos de acceso. Dichos puntos de acceso, tambi\u00e9n conocidos como entradas, est\u00e1n conformados principalmente por puertas, portones, barreras, molinetes, puertas giratorias, esclusas, lectoras de tarjetas de identificaci\u00f3n, elementos y sensores de apertura de puertas.\u00a0<strong>El AMC2<\/strong>\u00a0puede controlar hasta ocho lectoras de tarjetas de identificaci\u00f3n (seg\u00fan el tipo de lectora) y est\u00e1 dise\u00f1ado para procesar por completo la l\u00f3gica de acceso en las entradas establecidas. Las verificaciones de estado se pueden realizar mediante las ocho entradas an\u00e1logas. Las ocho salidas de rel\u00e9 se usan para activar los elementos de apertura de puertas o generar la activaci\u00f3n y se\u00f1alizaci\u00f3n de seguridad.<\/p>\n<p class=\"ql-align-justify\"><strong>El AMC2<\/strong>\u00a0almacena toda la informaci\u00f3n necesaria en una memoria con b\u00fafer de bater\u00eda y un elemento de almacenamiento flash compacto de manera que, a\u00fan cuando la unidad est\u00e1 desconectada, puede realizar verificaciones de autorizaci\u00f3n independientes en los puntos de acceso, tomar decisiones de acceso, controlar los elementos de apertura y cierre y registrar eventos de movimiento.<\/p>\n<p><img decoding=\"async\" class=\"overview-center-img- aligncenter\" src=\"https:\/\/tvc.mx\/media\/5943\/Logoopaginas-oficial.png\" alt=\"\" \/><\/div>\n<\/div>\n<div class=\"row aling-items-center padding-bottom-2x\">\n<div class=\"col-lg-12\">\n<p class=\"ql-align-justify\"><strong>Riel de montaje<\/strong><\/p>\n<p class=\"ql-align-justify\"><strong>AMC RAIL-400 Riel de montaje (400 mm) para montar el AMC-4W, AMC PS-12V-60W y AMC UPS-12V cuando no se usa la carcasa de metal AMC ENC-V1.<\/strong><\/p>\n<p class=\"ql-align-justify\"><strong>N\u00famero de pedido: ACX-RAIL-400<\/strong>.<\/p>\n<p class=\"ql-align-justify\"><strong>Principales Caracter\u00edsticas:<\/strong><\/p>\n<ul>\n<li class=\"ql-align-justify\">Administrador de acceso inteligente para una hasta ocho entradas.<\/li>\n<li class=\"ql-align-justify\">Cuatro interfaces que incluyen la fuente de alimentaci\u00f3n de la lectora.<\/li>\n<li class=\"ql-align-justify\">Tarjeta flash compacta est\u00e1ndar de 2 GB.<\/li>\n<li class=\"ql-align-justify\">Pantalla LCD para mostrar la informaci\u00f3n.<\/li>\n<li class=\"ql-align-justify\">Interruptor para enviar y recibir con control autom\u00e1tico.<\/li>\n<\/ul>\n<p class=\"ql-align-justify\">\n<p class=\"ql-align-justify\"><strong>Especificaciones:<\/strong><\/p>\n<ul>\n<li class=\"ql-align-justify\">Hardware CPU RENESAS M32C84 Integrated Microcontroller (32Bit, 30MHz).<\/li>\n<li class=\"ql-align-justify\">512 kB-EPROM\/FLASH.<\/li>\n<li class=\"ql-align-justify\">256 kB-SRAM.<\/li>\n<li class=\"ql-align-justify\">Serial EEPROM.<\/li>\n<li class=\"ql-align-justify\">RTC.<\/li>\n<li class=\"ql-align-justify\">Pluggable 2 GB compact flash.<\/li>\n<li class=\"ql-align-justify\">Battery for SRAM and RTC.<\/li>\n<li class=\"ql-align-justify\">Host address can be set via sliding switch.<\/li>\n<li class=\"ql-align-justify\">Host interface:- RS485 (2- or 4-wire); opto-decoupled- RS232- Ethernet 10\/100BaseT (TCP\/IP) with RJ45.<\/li>\n<li class=\"ql-align-justify\">4 reader interfaces:- Wiegand or- RS-485, 2-wire, opto-coupled, 19.200 Bd.<\/li>\n<li class=\"ql-align-justify\">8 relay outputs:- max. switching voltage: 30 V DC- max. switching current: 1,25 A.<\/li>\n<li class=\"ql-align-justify\">8 monitored analog inputs.<\/li>\n<li class=\"ql-align-justify\">Tamper switch .<\/li>\n<li class=\"ql-align-justify\">Reset button.<\/li>\n<li class=\"ql-align-justify\">Temperature: 0\u00b0C to +50\u00b0C (32\u00b0F to 122\u00b0F).<\/li>\n<\/ul>\n<\/div>\n<\/div>\n","protected":false},"excerpt":{"rendered":"<p>AMC RAIL-400 Riel de montaje (400 mm) El AMC2 (controlador de acceso modular)\u00a0se usa como un controlador de acceso en los sistemas de control de acceso ACE (ACCESS ENGINE)\u00a0de la versi\u00f3n 2.0 en adelante,\u00a0Access Personal Edition y Access Professional Edition.\u00a0El dispositivo controla un grupo de&hellip;<\/p>\n","protected":false},"featured_media":8581,"comment_status":"open","ping_status":"closed","template":"","meta":{"om_disable_all_campaigns":false,"_monsterinsights_skip_tracking":false,"_monsterinsights_sitenote_active":false,"_monsterinsights_sitenote_note":"","_monsterinsights_sitenote_category":0},"product_brand":[],"product_cat":[800],"product_tag":[81,727,730,66,731,728,729],"class_list":{"0":"post-8582","1":"product","2":"type-product","3":"status-publish","4":"has-post-thumbnail","6":"product_cat-accesorios-control-de-acceso-control-de-acceso-bosch-acceso-asistencia","7":"product_tag-acceso-y-asistencia","8":"product_tag-cerraduras","9":"product_tag-commax-wulian","10":"product_tag-dahua","11":"product_tag-wejoin","12":"product_tag-yli","13":"product_tag-zkteco","15":"first","16":"instock","17":"sale","18":"taxable","19":"shipping-taxable","20":"purchasable","21":"product-type-simple"},"aioseo_notices":[],"_links":{"self":[{"href":"https:\/\/tecsecmty.com\/index.php\/wp-json\/wp\/v2\/product\/8582","targetHints":{"allow":["GET"]}}],"collection":[{"href":"https:\/\/tecsecmty.com\/index.php\/wp-json\/wp\/v2\/product"}],"about":[{"href":"https:\/\/tecsecmty.com\/index.php\/wp-json\/wp\/v2\/types\/product"}],"replies":[{"embeddable":true,"href":"https:\/\/tecsecmty.com\/index.php\/wp-json\/wp\/v2\/comments?post=8582"}],"version-history":[{"count":0,"href":"https:\/\/tecsecmty.com\/index.php\/wp-json\/wp\/v2\/product\/8582\/revisions"}],"wp:featuredmedia":[{"embeddable":true,"href":"https:\/\/tecsecmty.com\/index.php\/wp-json\/wp\/v2\/media\/8581"}],"wp:attachment":[{"href":"https:\/\/tecsecmty.com\/index.php\/wp-json\/wp\/v2\/media?parent=8582"}],"wp:term":[{"taxonomy":"product_brand","embeddable":true,"href":"https:\/\/tecsecmty.com\/index.php\/wp-json\/wp\/v2\/product_brand?post=8582"},{"taxonomy":"product_cat","embeddable":true,"href":"https:\/\/tecsecmty.com\/index.php\/wp-json\/wp\/v2\/product_cat?post=8582"},{"taxonomy":"product_tag","embeddable":true,"href":"https:\/\/tecsecmty.com\/index.php\/wp-json\/wp\/v2\/product_tag?post=8582"}],"curies":[{"name":"wp","href":"https:\/\/api.w.org\/{rel}","templated":true}]}}