{"id":8590,"date":"2023-02-23T22:26:12","date_gmt":"2023-02-24T04:26:12","guid":{"rendered":"https:\/\/tecsecmty.com\/index.php\/producto\/bosch-a_aecpanel19ups-placa-de-montaje-para-racks-de-19-pulgadas-con-dos-carriles-din-soporte-de-bateri_\/"},"modified":"2023-03-22T23:20:54","modified_gmt":"2023-03-23T05:20:54","slug":"bosch-a_aecpanel19ups-placa-de-montaje-para-racks-de-19-pulgadas-con-dos-carriles-din-soporte-de-bateri_","status":"publish","type":"product","link":"https:\/\/tecsecmty.com\/index.php\/producto\/bosch-a_aecpanel19ups-placa-de-montaje-para-racks-de-19-pulgadas-con-dos-carriles-din-soporte-de-bateri_\/","title":{"rendered":"BOSCH A_AECPANEL19UPS &#8211; Placa de montaje para RACKS de 19 pulgadas con dos carriles DIN \/ Soporte de BATERI_"},"content":{"rendered":"<div class=\"row aling-items-center padding-bottom-2x\">\n<div class=\"col-lg-12\">\n<h5 class=\"card-title text-center\">Placa de Montaje para Racks de 19 Pulgadas<\/h5>\n<p class=\"ql-align-justify\">Placa de montaje en dos variantes para instalar racks de 19&#8243;.<\/p>\n<p><img decoding=\"async\" class=\"overview-center-img-\" src=\"https:\/\/tvc.mx\/media\/3108\/Logoopaginas-oficial.png\" alt=\"\" \/><\/div>\n<\/div>\n<div class=\"row aling-items-center padding-bottom-2x\">\n<div class=\"col-lg-12\">\n<p class=\"ql-align-justify\"><strong>Funciones b\u00e1sicas<\/strong><\/p>\n<p class=\"ql-align-justify\">Hay dos modelos de placa de montaje de 19&#8243; disponibles para el montaje en rack del AMC2. Elija el que mejor se adapte a sus prop\u00f3sitos en funci\u00f3n de las siguientes consideraciones:<\/p>\n<p class=\"ql-align-justify\">Seleccione la placa de montaje\u00a0<strong>AEC-PANEL19-UPS<\/strong>\u00a0si desea suministrar alimentaci\u00f3n mediante el PBC-60 y adem\u00e1s, hasta 2 bater\u00edas recargables. Esta variante incluye un kit de cables con un cableado parcial premontado para fuentes de alimentaci\u00f3n.<\/p>\n<p class=\"ql-align-justify\">Seleccione la placa de montaje\u00a0<strong>AEC-PANEL19-4DR<\/strong>\u00a0si su fuente de alimentaci\u00f3n es externa. En este caso, el montaje en rack puede albergar cualquier combinaci\u00f3n de hasta 4 dispositivos AMC.<\/p>\n<\/div>\n<\/div>\n<div class=\"row aling-items-center padding-bottom-2x\">\n<div class=\"col-lg-12\">\n<p class=\"ql-align-justify\"><strong>Planificaci\u00f3n<\/strong><\/p>\n<p class=\"ql-align-justify\">Cada placa de montaje admite 4 unidades de rack (U) y 17,6 pulgadas.<\/p>\n<p class=\"ql-align-justify\"><strong>Piezas incluidas:<\/strong><\/p>\n<p class=\"ql-align-justify\"><strong>AEC-PANEL19-UPS<\/strong><\/p>\n<ul>\n<li class=\"ql-align-justify\">Placa de montaje con<\/li>\n<li class=\"ql-align-justify\">dos carriles (premontada)<\/li>\n<li class=\"ql-align-justify\">Soporte para dos bater\u00edas Accu (premontado)<\/li>\n<li class=\"ql-align-justify\">Orificios de rosca para PBC-60 (premontados)<\/li>\n<li class=\"ql-align-justify\">Conexiones de fuente de alimentaci\u00f3n (premontadas)<\/li>\n<li class=\"ql-align-justify\">Kit de cables.<\/li>\n<\/ul>\n<p class=\"ql-align-justify\"><strong>Principales Caracter\u00edsticas:<\/strong><\/p>\n<ul>\n<li class=\"ql-align-justify\">4 unidades de rack \/ 17,6 pulgadas.<\/li>\n<li class=\"ql-align-justify\">Hasta 4 carriles para dispositivos AMC.<\/li>\n<li class=\"ql-align-justify\">Soporte para bater\u00eda.<\/li>\n<li class=\"ql-align-justify\">Orificios de rosca para PBC-60.<\/li>\n<li class=\"ql-align-justify\">Kits de cables para conectar la fuente de alimentaci\u00f3n.<\/li>\n<\/ul>\n<\/div>\n<\/div>\n","protected":false},"excerpt":{"rendered":"<p>Placa de Montaje para Racks de 19 Pulgadas Placa de montaje en dos variantes para instalar racks de 19&#8243;. Funciones b\u00e1sicas Hay dos modelos de placa de montaje de 19&#8243; disponibles para el montaje en rack del AMC2. Elija el que mejor se adapte a&hellip;<\/p>\n","protected":false},"featured_media":8589,"comment_status":"open","ping_status":"closed","template":"","meta":{"om_disable_all_campaigns":false,"_monsterinsights_skip_tracking":false,"_monsterinsights_sitenote_active":false,"_monsterinsights_sitenote_note":"","_monsterinsights_sitenote_category":0},"product_brand":[],"product_cat":[800],"product_tag":[81,727,730,66,731,728,729],"class_list":{"0":"post-8590","1":"product","2":"type-product","3":"status-publish","4":"has-post-thumbnail","6":"product_cat-accesorios-control-de-acceso-control-de-acceso-bosch-acceso-asistencia","7":"product_tag-acceso-y-asistencia","8":"product_tag-cerraduras","9":"product_tag-commax-wulian","10":"product_tag-dahua","11":"product_tag-wejoin","12":"product_tag-yli","13":"product_tag-zkteco","15":"first","16":"instock","17":"sale","18":"taxable","19":"shipping-taxable","20":"purchasable","21":"product-type-simple"},"aioseo_notices":[],"_links":{"self":[{"href":"https:\/\/tecsecmty.com\/index.php\/wp-json\/wp\/v2\/product\/8590","targetHints":{"allow":["GET"]}}],"collection":[{"href":"https:\/\/tecsecmty.com\/index.php\/wp-json\/wp\/v2\/product"}],"about":[{"href":"https:\/\/tecsecmty.com\/index.php\/wp-json\/wp\/v2\/types\/product"}],"replies":[{"embeddable":true,"href":"https:\/\/tecsecmty.com\/index.php\/wp-json\/wp\/v2\/comments?post=8590"}],"version-history":[{"count":0,"href":"https:\/\/tecsecmty.com\/index.php\/wp-json\/wp\/v2\/product\/8590\/revisions"}],"wp:featuredmedia":[{"embeddable":true,"href":"https:\/\/tecsecmty.com\/index.php\/wp-json\/wp\/v2\/media\/8589"}],"wp:attachment":[{"href":"https:\/\/tecsecmty.com\/index.php\/wp-json\/wp\/v2\/media?parent=8590"}],"wp:term":[{"taxonomy":"product_brand","embeddable":true,"href":"https:\/\/tecsecmty.com\/index.php\/wp-json\/wp\/v2\/product_brand?post=8590"},{"taxonomy":"product_cat","embeddable":true,"href":"https:\/\/tecsecmty.com\/index.php\/wp-json\/wp\/v2\/product_cat?post=8590"},{"taxonomy":"product_tag","embeddable":true,"href":"https:\/\/tecsecmty.com\/index.php\/wp-json\/wp\/v2\/product_tag?post=8590"}],"curies":[{"name":"wp","href":"https:\/\/api.w.org\/{rel}","templated":true}]}}