{"id":8594,"date":"2023-02-23T22:26:15","date_gmt":"2023-02-24T04:26:15","guid":{"rendered":"https:\/\/tecsecmty.com\/index.php\/producto\/bosch-a_araser40ip65-caja-con-proteccion-ip65-lectus-secure-4000\/"},"modified":"2023-03-22T23:20:59","modified_gmt":"2023-03-23T05:20:59","slug":"bosch-a_araser40ip65-caja-con-proteccion-ip65-lectus-secure-4000","status":"publish","type":"product","link":"https:\/\/tecsecmty.com\/index.php\/producto\/bosch-a_araser40ip65-caja-con-proteccion-ip65-lectus-secure-4000\/","title":{"rendered":"BOSCH A_ARASER40IP65- CAJA CON PROTECCION IP65\/ LECTUS SECURE 4000"},"content":{"rendered":"<div class=\"row aling-items-center padding-bottom-2x\">\n<div class=\"col-lg-12\">\n<h5 class=\"card-title text-center\">CAJA CON PROTECCION IP65\/ LECTUS SECURE 4000 ARA-SER-40IP65<\/h5>\n<p>&nbsp;<\/p>\n<p><img decoding=\"async\" class=\"overview-center-img-web\" src=\"https:\/\/tvc.mx\/media\/69921\/Logoopaginas-oficial-1920x400.png\" alt=\"\" \/><\/div>\n<\/div>\n<div class=\"row align-items-center padding-bottom-2x\">\n<div class=\"col-md-5\"><img decoding=\"async\" class=\"d-block m-auto img-thumbnail\" src=\"https:\/\/tvc.mx\/media\/69945\/ARA-SER40-IP65config1.png\" alt=\" \" \/><\/div>\n<div class=\"col-md-7 text-md-left text-center\">\n<h2>Resumen del sistema<\/h2>\n<p class=\"text-muted\">\n<p>Las lectoras seguras LECTUS son id\u00f3neas para instalaciones nuevas y existentes y proporcionan a los clientes la garant\u00eda de poder aprovechar sus inversiones existentes con el fin de mejorar sus sistemas a medida que las necesidades de sus negocios cambian. Las lectoras, independientes de las tecnolog\u00edas, admiten el est\u00e1ndar iCLASS, MIFARE classic y MIFARE DESFire EV1. Las lectoras seguras LECTUS est\u00e1n disponibles en cuatro factores de forma distintos que se ajustan a pr\u00e1cticamente todos los requisitos de instalaci\u00f3n para el uso en interiores y exteriores.<\/p>\n<p><strong>Nota: Casquillo para clase de protecci\u00f3n IP65, material Cloropreno Caucho, dimensiones 8.1 x 11.9 x 0.2 cm, 10 piezas \/ cada.<\/strong><\/p>\n<p><strong>N\u00famero de pedido: ARA-SER40-IP65<\/strong><\/p>\n<p>&nbsp;<\/p>\n<\/div>\n<\/div>\n<hr class=\"padding-bottom-2x\" \/>\n<div class=\"row align-items-center padding-bottom-2x\">\n<div class=\"col-md-5 order-md-2\"><img decoding=\"async\" class=\"d-block m-auto img-thumbnail\" src=\"https:\/\/tvc.mx\/media\/69948\/ARA-SER40-IP65config2.png\" alt=\" \" \/><\/div>\n<div class=\"col-md-7 order-md-1 text-md-left text-center\">\n<h2>Planificaci\u00f3n<\/h2>\n<p class=\"text-muted\">\n<p>La longitud m\u00e1xima del cable para el sistema de bus OSDP\/RS485 es de 1200 m con pares de cables trenzados. Es posible conectar ocho lectoras como m\u00e1ximo por interfaz. Se asignan direcciones a las lectoras utilizando las tarjetas de configuraci\u00f3n opcionales. Con el fin de evitar problemas al leer tarjetas en lectoras de tarjetas sin contacto, siga las instrucciones al planificar e instalar las lectoras sin contacto. Evite instalar lectoras de tarjetas sin contacto detr\u00e1s de cajas met\u00e1licas (es decir, conductoras) o sobre superficies met\u00e1licas.<\/p>\n<p><strong>En la lista siguiente se indican las distancias que se deben dejar libres:<\/strong><\/p>\n<ul>\n<li>Distancia entre la lectora y superficies met\u00e1licas montadas a los lados: m\u00ednimo 30 mm.<\/li>\n<li>Distancia entre la lectora y cables de tensi\u00f3n a 230 V~ y paquetes de bater\u00edas: m\u00ednimo 500 mm.<\/li>\n<li>Distancia entre la lectora y cables de alta frecuencia: m\u00ednimo 500 mm.<\/li>\n<\/ul>\n<\/div>\n<\/div>\n","protected":false},"excerpt":{"rendered":"<p>CAJA CON PROTECCION IP65\/ LECTUS SECURE 4000 ARA-SER-40IP65 &nbsp; Resumen del sistema Las lectoras seguras LECTUS son id\u00f3neas para instalaciones nuevas y existentes y proporcionan a los clientes la garant\u00eda de poder aprovechar sus inversiones existentes con el fin de mejorar sus sistemas a medida&hellip;<\/p>\n","protected":false},"featured_media":8593,"comment_status":"open","ping_status":"closed","template":"","meta":{"om_disable_all_campaigns":false,"_monsterinsights_skip_tracking":false,"_monsterinsights_sitenote_active":false,"_monsterinsights_sitenote_note":"","_monsterinsights_sitenote_category":0},"product_brand":[],"product_cat":[800],"product_tag":[81,727,730,66,731,728,729],"class_list":{"0":"post-8594","1":"product","2":"type-product","3":"status-publish","4":"has-post-thumbnail","6":"product_cat-accesorios-control-de-acceso-control-de-acceso-bosch-acceso-asistencia","7":"product_tag-acceso-y-asistencia","8":"product_tag-cerraduras","9":"product_tag-commax-wulian","10":"product_tag-dahua","11":"product_tag-wejoin","12":"product_tag-yli","13":"product_tag-zkteco","15":"first","16":"instock","17":"sale","18":"taxable","19":"shipping-taxable","20":"purchasable","21":"product-type-simple"},"aioseo_notices":[],"_links":{"self":[{"href":"https:\/\/tecsecmty.com\/index.php\/wp-json\/wp\/v2\/product\/8594","targetHints":{"allow":["GET"]}}],"collection":[{"href":"https:\/\/tecsecmty.com\/index.php\/wp-json\/wp\/v2\/product"}],"about":[{"href":"https:\/\/tecsecmty.com\/index.php\/wp-json\/wp\/v2\/types\/product"}],"replies":[{"embeddable":true,"href":"https:\/\/tecsecmty.com\/index.php\/wp-json\/wp\/v2\/comments?post=8594"}],"version-history":[{"count":0,"href":"https:\/\/tecsecmty.com\/index.php\/wp-json\/wp\/v2\/product\/8594\/revisions"}],"wp:featuredmedia":[{"embeddable":true,"href":"https:\/\/tecsecmty.com\/index.php\/wp-json\/wp\/v2\/media\/8593"}],"wp:attachment":[{"href":"https:\/\/tecsecmty.com\/index.php\/wp-json\/wp\/v2\/media?parent=8594"}],"wp:term":[{"taxonomy":"product_brand","embeddable":true,"href":"https:\/\/tecsecmty.com\/index.php\/wp-json\/wp\/v2\/product_brand?post=8594"},{"taxonomy":"product_cat","embeddable":true,"href":"https:\/\/tecsecmty.com\/index.php\/wp-json\/wp\/v2\/product_cat?post=8594"},{"taxonomy":"product_tag","embeddable":true,"href":"https:\/\/tecsecmty.com\/index.php\/wp-json\/wp\/v2\/product_tag?post=8594"}],"curies":[{"name":"wp","href":"https:\/\/api.w.org\/{rel}","templated":true}]}}