{"id":8595,"date":"2023-02-23T22:26:16","date_gmt":"2023-02-24T04:26:16","guid":{"rendered":"https:\/\/tecsecmty.com\/index.php\/producto\/dahua-asf172xt1-soporte-de-montaje-vertical-de-suelo-para-asi7213x-t1-covid19\/"},"modified":"2023-03-22T23:22:20","modified_gmt":"2023-03-23T05:22:20","slug":"dahua-asf172xt1-soporte-de-montaje-vertical-de-suelo-para-asi7213x-t1-covid19","status":"publish","type":"product","link":"https:\/\/tecsecmty.com\/index.php\/producto\/dahua-asf172xt1-soporte-de-montaje-vertical-de-suelo-para-asi7213x-t1-covid19\/","title":{"rendered":"DAHUA ASF172XT1- Soporte de montaje vertical de suelo para ASI7213X-T1 #COVID19"},"content":{"rendered":"<div class=\"row aling-items-center padding-bottom-2x\">\n<div class=\"col-lg-12\">\n<h5 class=\"card-title text-center\">Informaci\u00f3n general<\/h5>\n<p>Soporte de Columna a suelo, accesorio de montaje para terminal de control de accesos y medici\u00f3n de temperatura modelo ASI7213X-T1<\/p>\n<p><img decoding=\"async\" class=\"overview-center-img-web\" src=\"https:\/\/tvc.mx\/media\/457635\/soporte-de-montaje-vertical-de-suelo-ASF172XT1-Dahua.png\" alt=\"\" \/><\/div>\n<\/div>\n<div class=\"row align-items-center padding-bottom-2x\">\n<div class=\"col-md-5\"><img decoding=\"async\" class=\"d-block m-auto img-thumbnail\" src=\"https:\/\/tvc.mx\/media\/457638\/soporte-de-montaje-vertical-de-suelo-ASF172XT1-Dahua-caracteristicas.png\" alt=\" \" \/><\/div>\n<div class=\"col-md-7 text-md-left text-center\">\n<h2>Principales Caracter\u00edsticas<\/h2>\n<p class=\"text-muted\">\n<ul>\n<li>Peso Neto: 8.7 kg<\/li>\n<li>Material :Acero Galvanizado<\/li>\n<li>Dimensiones: 1472.6mm\u00d7304.1mm\u00d7159.0mm\uff08 Altura \u00d7 Ancho \u00d7 Grosor\uff09<\/li>\n<\/ul>\n<p>&nbsp;<\/p>\n<\/div>\n<\/div>\n<hr class=\"padding-bottom-2x\" \/>\n<div class=\"row align-items-center padding-bottom-2x\">\n<div class=\"col-md-5 order-md-2\"><img decoding=\"async\" class=\"d-block m-auto img-thumbnail\" src=\"https:\/\/tvc.mx\/media\/391139\/ASI7213X-T1-20220316-131736-PNG-400x300.png\" alt=\" ASI7213X-T1 Soporte montaje vertical de suelo\" \/><\/div>\n<div class=\"col-md-7 order-md-1 text-md-left text-center\">\n<h2>Incluye:<\/h2>\n<p class=\"text-muted\">\n<ul>\n<li>Equipo<\/li>\n<li>Desarmador con 2 puntas<\/li>\n<li>4 Tornillo de expansi\u00f3n exterior de acero inoxidable<\/li>\n<li>11 Tornillos varios<\/li>\n<li>Desarmador tipo \u00abT\u00bb<\/li>\n<li>Gu\u00eda de instalaci\u00f3n r\u00e1pida<\/li>\n<li>P\u00f3liza de garant\u00eda<\/li>\n<\/ul>\n<\/div>\n<\/div>\n","protected":false},"excerpt":{"rendered":"<p>Informaci\u00f3n general Soporte de Columna a suelo, accesorio de montaje para terminal de control de accesos y medici\u00f3n de temperatura modelo ASI7213X-T1 Principales Caracter\u00edsticas Peso Neto: 8.7 kg Material :Acero Galvanizado Dimensiones: 1472.6mm\u00d7304.1mm\u00d7159.0mm\uff08 Altura \u00d7 Ancho \u00d7 Grosor\uff09 &nbsp; Incluye: Equipo Desarmador con 2 puntas&hellip;<\/p>\n","protected":false},"featured_media":1208,"comment_status":"open","ping_status":"closed","template":"","meta":{"om_disable_all_campaigns":false,"_monsterinsights_skip_tracking":false,"_monsterinsights_sitenote_active":false,"_monsterinsights_sitenote_note":"","_monsterinsights_sitenote_category":0},"product_brand":[],"product_cat":[802],"product_tag":[81,727,730,66,731,728,729],"class_list":{"0":"post-8595","1":"product","2":"type-product","3":"status-publish","4":"has-post-thumbnail","6":"product_cat-accesorios-control-de-acceso-control-de-acceso-dahua-acceso-asistencia","7":"product_tag-acceso-y-asistencia","8":"product_tag-cerraduras","9":"product_tag-commax-wulian","10":"product_tag-dahua","11":"product_tag-wejoin","12":"product_tag-yli","13":"product_tag-zkteco","15":"first","16":"instock","17":"sale","18":"taxable","19":"shipping-taxable","20":"purchasable","21":"product-type-simple"},"aioseo_notices":[],"_links":{"self":[{"href":"https:\/\/tecsecmty.com\/index.php\/wp-json\/wp\/v2\/product\/8595","targetHints":{"allow":["GET"]}}],"collection":[{"href":"https:\/\/tecsecmty.com\/index.php\/wp-json\/wp\/v2\/product"}],"about":[{"href":"https:\/\/tecsecmty.com\/index.php\/wp-json\/wp\/v2\/types\/product"}],"replies":[{"embeddable":true,"href":"https:\/\/tecsecmty.com\/index.php\/wp-json\/wp\/v2\/comments?post=8595"}],"version-history":[{"count":0,"href":"https:\/\/tecsecmty.com\/index.php\/wp-json\/wp\/v2\/product\/8595\/revisions"}],"wp:featuredmedia":[{"embeddable":true,"href":"https:\/\/tecsecmty.com\/index.php\/wp-json\/wp\/v2\/media\/1208"}],"wp:attachment":[{"href":"https:\/\/tecsecmty.com\/index.php\/wp-json\/wp\/v2\/media?parent=8595"}],"wp:term":[{"taxonomy":"product_brand","embeddable":true,"href":"https:\/\/tecsecmty.com\/index.php\/wp-json\/wp\/v2\/product_brand?post=8595"},{"taxonomy":"product_cat","embeddable":true,"href":"https:\/\/tecsecmty.com\/index.php\/wp-json\/wp\/v2\/product_cat?post=8595"},{"taxonomy":"product_tag","embeddable":true,"href":"https:\/\/tecsecmty.com\/index.php\/wp-json\/wp\/v2\/product_tag?post=8595"}],"curies":[{"name":"wp","href":"https:\/\/api.w.org\/{rel}","templated":true}]}}