{"id":8597,"date":"2023-02-23T22:26:18","date_gmt":"2023-02-24T04:26:18","guid":{"rendered":"https:\/\/tecsecmty.com\/index.php\/producto\/wejoin-wjdg102-sensor-de-masa-vehicular-para-barrera-de-control-de-acceso\/"},"modified":"2023-03-22T23:24:52","modified_gmt":"2023-03-23T05:24:52","slug":"wejoin-wjdg102-sensor-de-masa-vehicular-para-barrera-de-control-de-acceso","status":"publish","type":"product","link":"https:\/\/tecsecmty.com\/index.php\/producto\/wejoin-wjdg102-sensor-de-masa-vehicular-para-barrera-de-control-de-acceso\/","title":{"rendered":"WEJOIN WJDG102 &#8211; Sensor de masa vehicular para barrera de control de acceso"},"content":{"rendered":"<div class=\"row aling-items-center padding-bottom-2x\">\n<div class=\"col-lg-12\">\n<h5 class=\"card-title text-center\">Informaci\u00f3n General<\/h5>\n<h4 class=\"ql-align-justify\"><strong>Descripci\u00f3n<\/strong><\/h4>\n<p class=\"ql-align-justify\">El sensor de masa vehicular de Wejoin es un dispositivo que facilita el flujo de trafico de veh\u00edculos en un control de acceso vehicular, el sensor mantiene informada a la barrera cuando un veh\u00edculo se encuentra bajo su \u00e1rea de operaci\u00f3n para que se mantenga el brazo levantado. Una vez que el autom\u00f3vil abandona el \u00e1rea de operaci\u00f3n de la barrera, el sensor lo detecta y avisa a la barrera para que puede bajar su brazo y cerrar el acceso. Existen m\u00faltiples configuraciones que son compatibles con la barrera wejoin para volver un acceso vehicular en un sistema inteligente de control de acceso.<\/p>\n<p class=\"ql-align-justify\"><strong>Caracter\u00edsticas<\/strong><\/p>\n<ul>\n<li class=\"ql-align-justify\">Detectar la presencia del vehiculo mientras para no dejar caer la pluma<\/li>\n<li class=\"ql-align-justify\">Funci\u00f3n para abrir y cerrar relevador de cualquier dispositivo mediante inducci\u00f3n<\/li>\n<li class=\"ql-align-justify\">Nivel de detecci\u00f3n seleccionable<\/li>\n<li class=\"ql-align-justify\">1 lazo<\/li>\n<\/ul>\n<p><img decoding=\"async\" class=\"overview-center-img-web\" src=\"https:\/\/tvc.mx\/media\/267407\/Sensor-de-Masa-Vehicular-Descripci%C3%B3n-WJDG102.png\" alt=\"\" \/><\/div>\n<\/div>\n<div class=\"row aling-items-center padding-bottom-2x\">\n<div class=\"col-lg-12\">\n<h5 class=\"card-title text-center\">Funci\u00f3n<\/h5>\n<p>El sensor de masa vehicular es capaz de modificar su sensibilidad, frecuencia, filtro, tiempos de operaci\u00f3n, etc. a continuaci\u00f3n veremos como configurar por medio de dip switchs \u00e9stas funciones.<\/p>\n<ul>\n<li><strong>Frecuencia:\u00a0<\/strong>Para eliminar la interferencia de dos bucles de cable adyacentes para detectores de bucle, la frecuencia se puede alterar<\/li>\n<li><strong>Sensibilidad:\u00a0<\/strong>La sensibilidad del detector permite que el detector sea selectivo en cuanto al nivel de sensibilidad y se manipula desde los interruptores\u00a0<strong>DIP 3\u00a0<\/strong>y\u00a0<strong>DIP 4.<\/strong><\/li>\n<li><strong>Aumento de sensibilidad autom\u00e1tico:\u00a0<\/strong>El aumento de sensibilidad autom\u00e1tico se selecciona mediante el interruptor\u00a0<strong>DIP 5\u00a0<\/strong>en la parte frontal del gabinete.<\/li>\n<li><strong>Filtro:\u00a0<\/strong>Para eliminar la interferencia del mal ambiente, el modo de filtro se activa al configurar el interruptor\u00a0<strong>DIP 6\u00a0<\/strong>en el sitio \u00abON\u00bb. En el modo de filtro, el tiempo de reacci\u00f3n del detector se retrasa y la sensibilidad se reduce. Por lo general, el modo de filtro se desactiva al cambiar de posici\u00f3n el interruptor DIP 6 al sitio \u00abOFF\u00bb.<\/li>\n<li><strong>Rel\u00e9 de salida:\u00a0<\/strong>Si el\u00a0<strong>DIP 7<\/strong>\u00a0est\u00e1 en posici\u00f3n \u00abOFF\u00bb (apagado), cuando se detecta que un veh\u00edculo pasa por el lazo inductivo, el rel\u00e9 1 y el rel\u00e9 2 se activan; Cuando se detecta que el veh\u00edculo sale del circuito, el rel\u00e9 1 y el rel\u00e9 2 se desactivan.<\/li>\n<li><strong>Tiempo de presencia:\u00a0<\/strong>El tiempo de presencia se puede establecer en presencia permanente o presencia limitada. En el modo de presencia permanente, el detector compensar\u00e1 continuamente todos los cambios ambientales mientras haya un veh\u00edculo presente en el circuito, el modo de presencia se establece con el interruptor DIP 8 y se configura de la siguiente manera: OFF: Presencia limitada(10min), On: Presencia permanente<\/li>\n<\/ul>\n<p><img decoding=\"async\" class=\"overview-center-img-web\" src=\"https:\/\/tvc.mx\/media\/267411\/Sensor-de-Masa-Vehicular-Funci%C3%B3n-WJDG102.png\" alt=\"\" \/><\/div>\n<\/div>\n<div class=\"row aling-items-center padding-bottom-2x\">\n<div class=\"col-lg-12\">\n<h5 class=\"card-title text-center\">Especificaciones<\/h5>\n<ul>\n<li>\u00a0<strong>Voltaje\/ Alimentaci\u00f3n:\u00a0<\/strong>115VAC,<\/li>\n<li><strong>Tolerancia VAC:\u00a0<\/strong>+10%\/-15%<\/li>\n<li><strong>Tolerancia VDC:\u00a0<\/strong>\u00b115%<\/li>\n<li><strong>Consumo:\u00a0<\/strong>4.5VA<\/li>\n<li><strong>Rel\u00e9 de salida:\u00a0<\/strong>240V 5A<\/li>\n<li><strong>Temperatura de\u00a0 Operaci\u00f3n:\u00a0<\/strong>-20\u00b0C a +65\u00b0C<\/li>\n<li><strong>Temperatura de Almacenamiento:\u00a0<\/strong>-40\u00b0C a +85\u00b0C<\/li>\n<li><strong>Rango de Frecuencia:\u00a0<\/strong>20 kHZ a 170 kHZ<\/li>\n<li><strong>Tiempo de reacci\u00f3n:\u00a0<\/strong>10 ms<\/li>\n<li><strong>Tiempo de retenci\u00f3n de se\u00f1ales\u00a0:\u00a0<\/strong>Ilimitado\/Limitado cuando el lazo est\u00e1 cubierto permanentemente por 10 minutos.<\/li>\n<li><strong>Sensibilidad:\u00a0<\/strong>Ajustable en 4 incrementos<\/li>\n<li><strong>Inductancia de lazo:\u00a0<\/strong>Lazo total m\u00e1s conexi\u00f3n de cableado: 50\u03bcH a 100\u03bcH ideal es 100\u03bcH a 300\u03bcH<\/li>\n<li><strong>Conexi\u00f3n del lazo cableado:\u00a0<\/strong>Longitud m\u00e1xima de 20 metros, retorcida al menos 20 veces por metro<\/li>\n<li><strong>Tama\u00f1o de la cubierta:\u00a0<\/strong>78 x 40 x 108 mm (La x An x Al)<\/li>\n<\/ul>\n<p><img decoding=\"async\" class=\"overview-center-img-web\" src=\"https:\/\/tvc.mx\/media\/267419\/Sensor-de-Masa-Vehicular-Especificaciones-WJDG102.png\" alt=\"\" \/><\/div>\n<\/div>\n<div class=\"row aling-items-center padding-bottom-2x\">\n<div class=\"col-lg-12\">\n<h5 class=\"card-title text-center\">Conexi\u00f3n<\/h5>\n<p>Consulte el manual de usuario para mayor informaci\u00f3n acerca de las conexiones, especificaciones de dimensiones del loop asi como calibres de cable a utilizar para su correcto funcionamiento.<\/p>\n<p><img decoding=\"async\" class=\"overview-center-img-web\" src=\"https:\/\/tvc.mx\/media\/267423\/Sensor-de-Masa-Vehicular-Conexi%C3%B3n-WJDG102.png\" alt=\"\" \/><\/div>\n<\/div>\n","protected":false},"excerpt":{"rendered":"<p>Informaci\u00f3n General Descripci\u00f3n El sensor de masa vehicular de Wejoin es un dispositivo que facilita el flujo de trafico de veh\u00edculos en un control de acceso vehicular, el sensor mantiene informada a la barrera cuando un veh\u00edculo se encuentra bajo su \u00e1rea de operaci\u00f3n para&hellip;<\/p>\n","protected":false},"featured_media":8596,"comment_status":"open","ping_status":"closed","template":"","meta":{"om_disable_all_campaigns":false,"_monsterinsights_skip_tracking":false,"_monsterinsights_sitenote_active":false,"_monsterinsights_sitenote_note":"","_monsterinsights_sitenote_category":0},"product_brand":[],"product_cat":[804],"product_tag":[81,727,730,66,731,728,729],"class_list":{"0":"post-8597","1":"product","2":"type-product","3":"status-publish","4":"has-post-thumbnail","6":"product_cat-accesorios-control-de-acceso-control-de-acceso-wejoin","7":"product_tag-acceso-y-asistencia","8":"product_tag-cerraduras","9":"product_tag-commax-wulian","10":"product_tag-dahua","11":"product_tag-wejoin","12":"product_tag-yli","13":"product_tag-zkteco","15":"first","16":"instock","17":"sale","18":"taxable","19":"shipping-taxable","20":"purchasable","21":"product-type-simple"},"aioseo_notices":[],"_links":{"self":[{"href":"https:\/\/tecsecmty.com\/index.php\/wp-json\/wp\/v2\/product\/8597","targetHints":{"allow":["GET"]}}],"collection":[{"href":"https:\/\/tecsecmty.com\/index.php\/wp-json\/wp\/v2\/product"}],"about":[{"href":"https:\/\/tecsecmty.com\/index.php\/wp-json\/wp\/v2\/types\/product"}],"replies":[{"embeddable":true,"href":"https:\/\/tecsecmty.com\/index.php\/wp-json\/wp\/v2\/comments?post=8597"}],"version-history":[{"count":0,"href":"https:\/\/tecsecmty.com\/index.php\/wp-json\/wp\/v2\/product\/8597\/revisions"}],"wp:featuredmedia":[{"embeddable":true,"href":"https:\/\/tecsecmty.com\/index.php\/wp-json\/wp\/v2\/media\/8596"}],"wp:attachment":[{"href":"https:\/\/tecsecmty.com\/index.php\/wp-json\/wp\/v2\/media?parent=8597"}],"wp:term":[{"taxonomy":"product_brand","embeddable":true,"href":"https:\/\/tecsecmty.com\/index.php\/wp-json\/wp\/v2\/product_brand?post=8597"},{"taxonomy":"product_cat","embeddable":true,"href":"https:\/\/tecsecmty.com\/index.php\/wp-json\/wp\/v2\/product_cat?post=8597"},{"taxonomy":"product_tag","embeddable":true,"href":"https:\/\/tecsecmty.com\/index.php\/wp-json\/wp\/v2\/product_tag?post=8597"}],"curies":[{"name":"wp","href":"https:\/\/api.w.org\/{rel}","templated":true}]}}