{"id":8599,"date":"2023-02-23T22:26:19","date_gmt":"2023-02-24T04:26:19","guid":{"rendered":"https:\/\/tecsecmty.com\/index.php\/producto\/wejoin-wjpj101-fotocelda-de-luz-infrarroja-con-pedestal-compatible-con-barreras-wejoin-motor-corredizo-wjpkmp202\/"},"modified":"2023-03-22T23:24:54","modified_gmt":"2023-03-23T05:24:54","slug":"wejoin-wjpj101-fotocelda-de-luz-infrarroja-con-pedestal-compatible-con-barreras-wejoin-motor-corredizo-wjpkmp202","status":"publish","type":"product","link":"https:\/\/tecsecmty.com\/index.php\/producto\/wejoin-wjpj101-fotocelda-de-luz-infrarroja-con-pedestal-compatible-con-barreras-wejoin-motor-corredizo-wjpkmp202\/","title":{"rendered":"WEJOIN WJPJ101 &#8211; Fotocelda de luz Infrarroja con pedestal \/ Compatible con Barreras Wejoin \/ Motor corredizo WJPKMP202"},"content":{"rendered":"<div class=\"row aling-items-center padding-bottom-2x\">\n<div class=\"col-lg-12\">\n<h5 class=\"card-title text-center\">Informaci\u00f3n General<\/h5>\n<h4><strong>Descripci\u00f3n<\/strong><\/h4>\n<p>Detector por haz de Luz, (fotocelda). El detector infrarrojo de Wejoin modelo WJPJ101, consta de un haz de Luz, construidos con tecnolog\u00eda inteligente, cuenta con 2 piezas un emisor y un receptor ambas alimentadas individualmente, incluye pedestal.<\/p>\n<p><img decoding=\"async\" class=\"overview-center-img-web\" src=\"https:\/\/tvc.mx\/media\/343987\/Fotoceldas-con-Luz-Infrarroja-en-Pedestal-Descripci%C3%B3n-WJPJ101-WEJOIN.png\" alt=\"\" \/><\/div>\n<\/div>\n<div class=\"row aling-items-center padding-bottom-2x\">\n<div class=\"col-lg-12\">\n<h5 class=\"card-title text-center\">Caracter\u00edsticas<\/h5>\n<ul>\n<li>Sensores IR con tecnolog\u00eda inteligente<\/li>\n<li>Pedestal de acero ajustable con cubierta para IR<\/li>\n<li>Dos dispositivos Emisor y receptor<\/li>\n<li>Alimentaci\u00f3n: 12VDC 0.2A<\/li>\n<li><strong>No incluye fuente de alimentaci\u00f3n<\/strong><\/li>\n<\/ul>\n<p><img decoding=\"async\" class=\"overview-center-img-web\" src=\"https:\/\/tvc.mx\/media\/344007\/Fotoceldas-con-Luz-Infrarroja-en-Pedestal-Caracter%C3%ADsticas-WJPJ101-WEJOIN.png\" alt=\"\" \/><\/div>\n<\/div>\n<div class=\"row aling-items-center padding-bottom-2x\">\n<div class=\"col-lg-12\">\n<h5 class=\"card-title text-center\">Informaci\u00f3n de Seguridad para Barreras Vehiculares<\/h5>\n<p>Una barrera vehicular instalada SIN ning\u00fan sensor de seguridad NO PUEDE detectar a una persona que cruza bajo el brazo de la barrera por lo que puede golpearlo y herirlo gravemente mientras la barrera est\u00e9 en movimiento<\/p>\n<p><img decoding=\"async\" class=\"overview-center-img-web\" src=\"https:\/\/tvc.mx\/media\/351667\/Fotoceldas-con-Luz-Infrarroja-en-Pedestal-Seguridad-WJPJ101-WEJOIN.png\" alt=\"\" \/><\/div>\n<\/div>\n<div class=\"row aling-items-center padding-bottom-2x\">\n<div class=\"col-lg-12\">\n<h5 class=\"card-title text-center\">Seguridad para los peatones en barreras vehiculares<\/h5>\n<p>Para reducir lesiones graves o incluso la muerte a peatones, debe instalar un sensor fotoel\u00e9ctrico justo debajo de brazo de la barrera.<\/p>\n<p>La barrera vehicular no PUEDE detectar a un peat\u00f3n bajo el brazo cuando \u00e9ste est\u00e1 levantado si no tiene instalado un dispositivo de seguridad externo. Para ayudar a evitar accidentes, instale un sensor fotoel\u00e9ctrico tal como se muestra en la siguiente imagen.<\/p>\n<p><strong>Funci\u00f3n de sensor fotoel\u00e9ctrico:<\/strong>\u00a0Cuando el rayo fotoel\u00e9ctrico es interrumpido por un peat\u00f3n y la barrera est\u00e1 en proceso de cierre, \u00e9sta invertir\u00e1 la marcha y se abrir\u00e1 nuevamente<\/p>\n<p><img decoding=\"async\" class=\"overview-center-img-web\" src=\"https:\/\/tvc.mx\/media\/351679\/Fotoceldas-con-Luz-Infrarroja-en-Pedestal-Funci%C3%B3n-WJPJ101-WEJOIN.png\" alt=\"\" \/><\/div>\n<\/div>\n","protected":false},"excerpt":{"rendered":"<p>Informaci\u00f3n General Descripci\u00f3n Detector por haz de Luz, (fotocelda). El detector infrarrojo de Wejoin modelo WJPJ101, consta de un haz de Luz, construidos con tecnolog\u00eda inteligente, cuenta con 2 piezas un emisor y un receptor ambas alimentadas individualmente, incluye pedestal. Caracter\u00edsticas Sensores IR con tecnolog\u00eda&hellip;<\/p>\n","protected":false},"featured_media":8598,"comment_status":"open","ping_status":"closed","template":"","meta":{"om_disable_all_campaigns":false,"_monsterinsights_skip_tracking":false,"_monsterinsights_sitenote_active":false,"_monsterinsights_sitenote_note":"","_monsterinsights_sitenote_category":0},"product_brand":[],"product_cat":[804],"product_tag":[81,727,730,66,731,728,729],"class_list":{"0":"post-8599","1":"product","2":"type-product","3":"status-publish","4":"has-post-thumbnail","6":"product_cat-accesorios-control-de-acceso-control-de-acceso-wejoin","7":"product_tag-acceso-y-asistencia","8":"product_tag-cerraduras","9":"product_tag-commax-wulian","10":"product_tag-dahua","11":"product_tag-wejoin","12":"product_tag-yli","13":"product_tag-zkteco","15":"first","16":"instock","17":"sale","18":"taxable","19":"shipping-taxable","20":"purchasable","21":"product-type-simple"},"aioseo_notices":[],"_links":{"self":[{"href":"https:\/\/tecsecmty.com\/index.php\/wp-json\/wp\/v2\/product\/8599","targetHints":{"allow":["GET"]}}],"collection":[{"href":"https:\/\/tecsecmty.com\/index.php\/wp-json\/wp\/v2\/product"}],"about":[{"href":"https:\/\/tecsecmty.com\/index.php\/wp-json\/wp\/v2\/types\/product"}],"replies":[{"embeddable":true,"href":"https:\/\/tecsecmty.com\/index.php\/wp-json\/wp\/v2\/comments?post=8599"}],"version-history":[{"count":0,"href":"https:\/\/tecsecmty.com\/index.php\/wp-json\/wp\/v2\/product\/8599\/revisions"}],"wp:featuredmedia":[{"embeddable":true,"href":"https:\/\/tecsecmty.com\/index.php\/wp-json\/wp\/v2\/media\/8598"}],"wp:attachment":[{"href":"https:\/\/tecsecmty.com\/index.php\/wp-json\/wp\/v2\/media?parent=8599"}],"wp:term":[{"taxonomy":"product_brand","embeddable":true,"href":"https:\/\/tecsecmty.com\/index.php\/wp-json\/wp\/v2\/product_brand?post=8599"},{"taxonomy":"product_cat","embeddable":true,"href":"https:\/\/tecsecmty.com\/index.php\/wp-json\/wp\/v2\/product_cat?post=8599"},{"taxonomy":"product_tag","embeddable":true,"href":"https:\/\/tecsecmty.com\/index.php\/wp-json\/wp\/v2\/product_tag?post=8599"}],"curies":[{"name":"wp","href":"https:\/\/api.w.org\/{rel}","templated":true}]}}