{"id":8601,"date":"2023-02-23T22:26:22","date_gmt":"2023-02-24T04:26:22","guid":{"rendered":"https:\/\/tecsecmty.com\/index.php\/producto\/zkteco-acakit-kit-de-accesorios-de-control-de-acceso-1-boton-de-salida-1-cerradura-electromagnetica-1-fuente-de-alimentacion-ininterrumpida-1-bateria-de-respaldo-1-soporte\/"},"modified":"2023-03-22T23:25:11","modified_gmt":"2023-03-23T05:25:11","slug":"zkteco-acakit-kit-de-accesorios-de-control-de-acceso-1-boton-de-salida-1-cerradura-electromagnetica-1-fuente-de-alimentacion-ininterrumpida-1-bateria-de-respaldo-1-soporte","status":"publish","type":"product","link":"https:\/\/tecsecmty.com\/index.php\/producto\/zkteco-acakit-kit-de-accesorios-de-control-de-acceso-1-boton-de-salida-1-cerradura-electromagnetica-1-fuente-de-alimentacion-ininterrumpida-1-bateria-de-respaldo-1-soporte\/","title":{"rendered":"ZKTECO ACAKIT &#8211; Kit de accesorios de control de acceso \/ 1 Boton de salida \/ 1 Cerradura electromagn\u00e9tica \/ 1 Fuente de alimentaci\u00f3n ininterrumpida \/ 1 Bateria de respaldo \/ 1 soporte"},"content":{"rendered":"<div class=\"row aling-items-center padding-bottom-2x\">\n<div class=\"col-lg-12\">\n<h5 class=\"card-title text-center\">Informaci\u00f3n General<\/h5>\n<p>El\u00a0<strong>ACAKIT<\/strong>\u00a0cuenta con los accesorios para solventar una soluci\u00f3n sencilla para control de acceso, contando con todo lo necesario para su implementaci\u00f3n. Tarjeta l\u00f3gica con relevador y temporizador de tiempo de apertura, fuente de alimentaci\u00f3n, bot\u00f3n de salida, chapa magn\u00e9tica, soportes de montaje y una bater\u00eda de respaldo para todo el sistema.<\/p>\n<p><img decoding=\"async\" class=\"overview-center-img-web\" src=\"https:\/\/tvc.mx\/media\/579075\/Kit-Control-Acceso-Boton-Salida-Cerradura-Electromagn%C3%A9tica-Fuente-Alimentaci%C3%B3n-Bateria-Respaldo-ACAKIT-ZKTeco-Banner.png\" alt=\"\" \/><\/div>\n<\/div>\n<div class=\"row align-items-center padding-bottom-2x\">\n<div class=\"col-md-5 order-md-2\"><img decoding=\"async\" class=\"d-block m-auto img-thumbnail\" src=\"https:\/\/tvc.mx\/media\/575287\/Kit-Control-Acceso-Boton-Salida-Cerradura-Electromagn%C3%A9tica-Fuente-Alimentaci%C3%B3n-Bateria-Respaldo-ACAKIT-ZKTeco-Complemento.png\" alt=\" \" \/><\/div>\n<div class=\"col-md-7 order-md-1 text-md-left text-center\">\n<h2>Contenido del KIT<\/h2>\n<p class=\"text-muted\">\n<ul>\n<li><strong>Gabinete con Relevador y Bater\u00eda:<\/strong>\u00a0PS902B<\/li>\n<li><strong>Cerradura Electromagn\u00e9tica:<\/strong>\u00a0LM-2805<\/li>\n<li><strong>Bot\u00f3n de Salida Sin Contacto:<\/strong>\u00a0TLEB102<\/li>\n<li><strong>Soporte de Montaje Tipo L:<\/strong>\u00a0LMB-280L<\/li>\n<li><strong>Soporte de Montaje Tipo Z:<\/strong>\u00a0LMB-280Z<\/li>\n<\/ul>\n<p>&nbsp;<\/p>\n<\/div>\n<\/div>\n<hr class=\"padding-bottom-2x\" \/>\n<div class=\"row align-items-center padding-bottom-2x\">\n<div class=\"col-md-5\"><img decoding=\"async\" class=\"d-block m-auto img-thumbnail\" src=\"https:\/\/tvc.mx\/media\/578803\/Kit-Control-Acceso-Boton-Salida-Cerradura-Electromagn%C3%A9tica-Fuente-Alimentaci%C3%B3n-Bateria-Respaldo-ACAKIT-ZKTeco-Complemento2.png\" alt=\" \" \/><\/div>\n<div class=\"col-md-7 text-md-left text-center\">\n<h2>PS902B y PTC1640U<\/h2>\n<p class=\"text-muted\">\n<p>Tarjeta l\u00f3gica PS902B<\/p>\n<ul>\n<li><strong>Entrada de voltaje:<\/strong>\u00a016.5 ~ 15 VAC<\/li>\n<li><strong>Salida de voltaje:<\/strong>\u00a012 VDC<\/li>\n<li><strong>Corriente moment\u00e1nea:<\/strong>\u00a02A<\/li>\n<li><strong>Corriente recurrente:<\/strong>\u00a04A<\/li>\n<li><strong>Temporizador:<\/strong>\u00a01 a 15 Segundos<\/li>\n<\/ul>\n<p>Bater\u00eda de respaldo<\/p>\n<ul>\n<li><strong>Voltaje de operaci\u00f3n:<\/strong>\u00a012V &#8211; 7.5Ah<\/li>\n<li><strong>Corriente inicial:\u00a0<\/strong>Menos de 2.25A<\/li>\n<\/ul>\n<p>Fuente PTC1640U<\/p>\n<ul>\n<li><strong>Voltaje de alimentaci\u00f3n:<\/strong>\u00a0120VCA, 60Hz<\/li>\n<li><strong>Voltaje de salida:<\/strong>\u00a016.5VCA, 40VA<\/li>\n<li><strong>Con LED indicador<\/strong><\/li>\n<\/ul>\n<p>&nbsp;<\/p>\n<\/div>\n<\/div>\n<hr class=\"padding-bottom-2x\" \/>\n<div class=\"row align-items-center padding-bottom-2x\">\n<div class=\"col-md-5 order-md-2\"><img decoding=\"async\" class=\"d-block m-auto img-thumbnail\" src=\"https:\/\/tvc.mx\/media\/575295\/Kit-Control-Acceso-Boton-Salida-Cerradura-Electromagn%C3%A9tica-Fuente-Alimentaci%C3%B3n-Bateria-Respaldo-ACAKIT-ZKTeco-Complemento3.png\" alt=\" \" \/><\/div>\n<div class=\"col-md-7 order-md-1 text-md-left text-center\">\n<h2>TLEB102<\/h2>\n<p class=\"text-muted\">\n<ul>\n<li><strong>Sensor sin Contacto<\/strong><\/li>\n<li><strong>Distancia de Detecci\u00f3n de Infrarrojo:<\/strong>\u00a02 &#8211; 10 cm<\/li>\n<li><strong>Alimentaci\u00f3n:<\/strong>\u00a09 ~ 16v DC<\/li>\n<li><strong>Material:<\/strong>\u00a0Acero Inoxidable<\/li>\n<li><strong>Dimensiones:<\/strong>\u00a0115L x 70W (mm)<\/li>\n<li><strong>Temperatura de Funcionamiento:<\/strong>\u00a0&#8211; 20\u00b0 ~ + 50\u00b0<\/li>\n<\/ul>\n<p>&nbsp;<\/p>\n<\/div>\n<\/div>\n<hr class=\"padding-bottom-2x\" \/>\n<div class=\"row align-items-center padding-bottom-2x\">\n<div class=\"col-md-5\"><img decoding=\"async\" class=\"d-block m-auto img-thumbnail\" src=\"https:\/\/tvc.mx\/media\/575299\/Kit-Control-Acceso-Boton-Salida-Cerradura-Electromagn%C3%A9tica-Fuente-Alimentaci%C3%B3n-Bateria-Respaldo-ACAKIT-ZKTeco-Complemento4.png\" alt=\" \" \/><\/div>\n<div class=\"col-md-7 text-md-left text-center\">\n<h2>LM-2805<\/h2>\n<p class=\"text-muted\">\n<ul>\n<li><strong>Electroim\u00e1n con Fuerza de Soporte de 200 kg &#8211; 220 kg<\/strong><\/li>\n<li><strong>Voltaje de Entrada:<\/strong>\u00a012v DC<\/li>\n<li><strong>Peso:<\/strong>\u00a01,77 kg<\/li>\n<li><strong>Dimensiones del Electroim\u00e1n:\u00a0<\/strong>250 x 47 x 25,5 mm<\/li>\n<li><strong>Dimensiones de la Placa de Hierro:<\/strong>\u00a0180 x 38 x 11 mm<\/li>\n<\/ul>\n<p>&nbsp;<\/p>\n<\/div>\n<\/div>\n<hr class=\"padding-bottom-2x\" \/>\n<div class=\"row align-items-center padding-bottom-2x\">\n<div class=\"col-md-5 order-md-2\"><img decoding=\"async\" class=\"d-block m-auto img-thumbnail\" src=\"https:\/\/tvc.mx\/media\/575303\/Kit-Control-Acceso-Boton-Salida-Cerradura-Electromagn%C3%A9tica-Fuente-Alimentaci%C3%B3n-Bateria-Respaldo-ACAKIT-ZKTeco-Complemento5.png\" alt=\" \" \/><\/div>\n<div class=\"col-md-7 order-md-1 text-md-left text-center\">\n<h2>LMB-280L y LMB-280Z<\/h2>\n<p class=\"text-muted\">\n<ul>\n<li>Soporte de Montaje Tipo\u00a0<strong>L<\/strong><\/li>\n<\/ul>\n<p><strong>Dimensiones:<\/strong>\u00a0250 x 47 x 49 mm<\/p>\n<ul>\n<li>Soporte de Montaje Tipo\u00a0<strong>Z<\/strong><\/li>\n<\/ul>\n<p><strong>Dimensiones:\u00a0<\/strong>180 x 43 x 53 mm<\/p>\n<ul>\n<li><strong>Material:<\/strong>\u00a0Aluminio anodizado<\/li>\n<\/ul>\n<\/div>\n<\/div>\n","protected":false},"excerpt":{"rendered":"<p>Informaci\u00f3n General El\u00a0ACAKIT\u00a0cuenta con los accesorios para solventar una soluci\u00f3n sencilla para control de acceso, contando con todo lo necesario para su implementaci\u00f3n. Tarjeta l\u00f3gica con relevador y temporizador de tiempo de apertura, fuente de alimentaci\u00f3n, bot\u00f3n de salida, chapa magn\u00e9tica, soportes de montaje y&hellip;<\/p>\n","protected":false},"featured_media":8600,"comment_status":"open","ping_status":"closed","template":"","meta":{"om_disable_all_campaigns":false,"_monsterinsights_skip_tracking":false,"_monsterinsights_sitenote_active":false,"_monsterinsights_sitenote_note":"","_monsterinsights_sitenote_category":0},"product_brand":[],"product_cat":[798],"product_tag":[81,727,730,66,731,728,729],"class_list":{"0":"post-8601","1":"product","2":"type-product","3":"status-publish","4":"has-post-thumbnail","6":"product_cat-accesorios-control-de-acceso-control-de-acceso-zkteco-acceso-asistencia","7":"product_tag-acceso-y-asistencia","8":"product_tag-cerraduras","9":"product_tag-commax-wulian","10":"product_tag-dahua","11":"product_tag-wejoin","12":"product_tag-yli","13":"product_tag-zkteco","15":"first","16":"instock","17":"sale","18":"taxable","19":"shipping-taxable","20":"purchasable","21":"product-type-simple"},"aioseo_notices":[],"_links":{"self":[{"href":"https:\/\/tecsecmty.com\/index.php\/wp-json\/wp\/v2\/product\/8601","targetHints":{"allow":["GET"]}}],"collection":[{"href":"https:\/\/tecsecmty.com\/index.php\/wp-json\/wp\/v2\/product"}],"about":[{"href":"https:\/\/tecsecmty.com\/index.php\/wp-json\/wp\/v2\/types\/product"}],"replies":[{"embeddable":true,"href":"https:\/\/tecsecmty.com\/index.php\/wp-json\/wp\/v2\/comments?post=8601"}],"version-history":[{"count":0,"href":"https:\/\/tecsecmty.com\/index.php\/wp-json\/wp\/v2\/product\/8601\/revisions"}],"wp:featuredmedia":[{"embeddable":true,"href":"https:\/\/tecsecmty.com\/index.php\/wp-json\/wp\/v2\/media\/8600"}],"wp:attachment":[{"href":"https:\/\/tecsecmty.com\/index.php\/wp-json\/wp\/v2\/media?parent=8601"}],"wp:term":[{"taxonomy":"product_brand","embeddable":true,"href":"https:\/\/tecsecmty.com\/index.php\/wp-json\/wp\/v2\/product_brand?post=8601"},{"taxonomy":"product_cat","embeddable":true,"href":"https:\/\/tecsecmty.com\/index.php\/wp-json\/wp\/v2\/product_cat?post=8601"},{"taxonomy":"product_tag","embeddable":true,"href":"https:\/\/tecsecmty.com\/index.php\/wp-json\/wp\/v2\/product_tag?post=8601"}],"curies":[{"name":"wp","href":"https:\/\/api.w.org\/{rel}","templated":true}]}}