{"id":8603,"date":"2023-02-23T22:26:24","date_gmt":"2023-02-24T04:26:24","guid":{"rendered":"https:\/\/tecsecmty.com\/index.php\/producto\/zkteco-dra3500-fotocelda-para-control-de-acceso-vehicular-emisor-y-transmisor-en-un-mismo-lado-cobertura-de-3-5-metros-lineales\/"},"modified":"2023-03-22T23:25:17","modified_gmt":"2023-03-23T05:25:17","slug":"zkteco-dra3500-fotocelda-para-control-de-acceso-vehicular-emisor-y-transmisor-en-un-mismo-lado-cobertura-de-3-5-metros-lineales","status":"publish","type":"product","link":"https:\/\/tecsecmty.com\/index.php\/producto\/zkteco-dra3500-fotocelda-para-control-de-acceso-vehicular-emisor-y-transmisor-en-un-mismo-lado-cobertura-de-3-5-metros-lineales\/","title":{"rendered":"ZKTECO DRA3500 &#8211; Fotocelda para Control de Acceso Vehicular \/ Emisor y Transmisor en un mismo lado \/ Cobertura de 3.5 metros lineales"},"content":{"rendered":"<div class=\"row aling-items-center padding-bottom-2x\">\n<div class=\"col-lg-12\">\n<h5 class=\"card-title text-center\">Descripci\u00f3n<\/h5>\n<p class=\"ql-align-justify\">El sensor fotoel\u00e9ctrico detecta objetos mediante el m\u00e9todo de reflexi\u00f3n desde el reflector, con la funci\u00f3n de MSR. El rango de detecci\u00f3n es de 3.5 metros. El sensor presenta un indice de protecci\u00f3n IP67 y una alta resistencia a las interferencias electromagn\u00e9ticas.<\/p>\n<\/div>\n<\/div>\n<div class=\"row align-items-center padding-bottom-2x\">\n<div class=\"col-md-5\"><img decoding=\"async\" class=\"d-block m-auto img-thumbnail\" src=\"https:\/\/tvc.mx\/media\/9461\/contenido-asdeluz.jpg\" alt=\" \" \/><\/div>\n<div class=\"col-md-7 text-md-left text-center\">\n<h2>Contenido:<\/h2>\n<p class=\"text-muted\">\n<ul>\n<li>Equipos transmisor y emisor.<\/li>\n<li>Piezas para montaje.<\/li>\n<li>Manual y ficha tecnica.<\/li>\n<\/ul>\n<p>&nbsp;<\/p>\n<\/div>\n<\/div>\n<hr class=\"padding-bottom-2x\" \/>\n<div class=\"row aling-items-center padding-bottom-2x\">\n<div class=\"col-lg-12\">\n<h5 class=\"card-title text-center\">Caracter\u00edsticas principales:<\/h5>\n<ul>\n<li>Fuerte resistencia a la luz solar, hasta 100.000 lux.<\/li>\n<li>Protegido para la lluvia y la nieve para una detecci\u00f3n confiable.<\/li>\n<li>Fuerte capacidad a las se\u00f1ales electromagn\u00e9ticas.<\/li>\n<li>Protecci\u00f3n contra cortocircuitos, protecci\u00f3n contra polaridad invertida.<\/li>\n<\/ul>\n<\/div>\n<\/div>\n<div class=\"row aling-items-center padding-bottom-2x\">\n<div class=\"col-lg-12\">\n<h5 class=\"card-title text-center\">Precauciones<\/h5>\n<p class=\"ql-align-justify ql-indent-1\">1. Este producto no se puede utilizar cuando la alimentaci\u00f3n est\u00e1 encendida (dentro de 200 ms).<\/p>\n<p class=\"ql-align-justify ql-indent-1\">2. Cuando se usa el interruptor fotoel\u00e9ctrico, el color de la superficie y el tama\u00f1o del objeto detectado influyen en la distancia de detecci\u00f3n y el \u00e1rea de acci\u00f3n. Cuanto mayor es la reflectividad de la superficie del objeto detectado (la tasa de reflexi\u00f3n del papel blanco es de aproximadamente el 90%), la distancia de detecci\u00f3n tambi\u00e9n es mayor;<\/p>\n<p class=\"ql-align-justify ql-indent-1\">3. Cuando dos interruptores fotoel\u00e9ctricos difusos se instalan muy cerca, pueden producirse fallas y deben instalarse dos interruptores fotoel\u00e9ctricos con espacio suficiente.<\/p>\n<p class=\"ql-align-justify ql-indent-1\">4. Aseg\u00farese de conectar correctamente el circuito para evitar da\u00f1os al producto.<\/p>\n<\/div>\n<\/div>\n<div class=\"row aling-items-center padding-bottom-2x\">\n<div class=\"col-lg-12\">\n<h5 class=\"card-title text-center\">Mantenimiento e inspecci\u00f3n<\/h5>\n<p class=\"ql-align-justify\">Para que el interruptor fotoel\u00e9ctrico funcione de forma estable durante mucho tiempo, al igual que con el controlador general, realice las siguientes inspecciones peri\u00f3dicas:<\/p>\n<p class=\"ql-align-justify ql-indent-1\">1. Compruebe si la posici\u00f3n de instalaci\u00f3n del objeto de detecci\u00f3n y el interruptor fotoel\u00e9ctrico est\u00e1 desplazado, suelto o deformado.<\/p>\n<p class=\"ql-align-justify ql-indent-1\">2. Revise el cableado, las piezas de conexi\u00f3n para ver si est\u00e1n flojas, mal contacto y desconexi\u00f3n.<\/p>\n<p class=\"ql-align-justify ql-indent-1\">3. Revise la superficie para detectar dep\u00f3sitos como el polvo.<\/p>\n<p class=\"ql-align-justify ql-indent-1\">4. Verifique la temperatura de uso y las condiciones ambientales para detectar anomal\u00edas.<\/p>\n<p class=\"ql-align-justify\"><strong><u>Advertencia:<\/u><\/strong>\u00a0este sensor no est\u00e1 relacionado con la seguridad y no est\u00e1 dise\u00f1ado para ser utilizado como un dispositivo de seguridad personal.<\/p>\n<\/div>\n<\/div>\n<div class=\"row aling-items-center padding-bottom-2x\">\n<div class=\"col-lg-12\">\n<h5 class=\"card-title text-center\">Especificaci\u00f3n<\/h5>\n<ul>\n<li>Distancia de detecci\u00f3n &#8211; 3500mm ajustable<\/li>\n<li>Fuente de luz &#8211; 850nm<\/li>\n<li>Voltaje de alimentaci\u00f3n 10-30VDC<\/li>\n<li>Corriente de trabajo \u226450mA<\/li>\n<li>Corriente sin carga \u226415mA<\/li>\n<li>Clasificaci\u00f3n de protecci\u00f3n IP67<\/li>\n<li>Contacto de rel\u00e9 de carga 1A 120VAC\/24VDC<\/li>\n<li>Temperatura ambiente -25\u2103\uff5e55\u2103<\/li>\n<li>Retraso en el encendido (ms) 200ms<\/li>\n<li>Tiempo de respuesta \u2264200ms<\/li>\n<li>Repetibilidad 10%<\/li>\n<li>Se\u00f1al de salida &#8211; Indicador de encendido: Verde, indicador de acci\u00f3n: Rojo<\/li>\n<li>Funci\u00f3n de protecci\u00f3n &#8211; Protecci\u00f3n contra cortocircuitos, protecci\u00f3n contra polaridad invertida.<\/li>\n<li>Material &#8211; Manguera: ABS Lente: PMMA<\/li>\n<li>Conexi\u00f3n &#8211; Cable 2m<\/li>\n<\/ul>\n<\/div>\n<\/div>\n","protected":false},"excerpt":{"rendered":"<p>Descripci\u00f3n El sensor fotoel\u00e9ctrico detecta objetos mediante el m\u00e9todo de reflexi\u00f3n desde el reflector, con la funci\u00f3n de MSR. El rango de detecci\u00f3n es de 3.5 metros. El sensor presenta un indice de protecci\u00f3n IP67 y una alta resistencia a las interferencias electromagn\u00e9ticas. Contenido: Equipos&hellip;<\/p>\n","protected":false},"featured_media":8602,"comment_status":"open","ping_status":"closed","template":"","meta":{"om_disable_all_campaigns":false,"_monsterinsights_skip_tracking":false,"_monsterinsights_sitenote_active":false,"_monsterinsights_sitenote_note":"","_monsterinsights_sitenote_category":0},"product_brand":[],"product_cat":[798],"product_tag":[81,727,730,66,731,728,729],"class_list":{"0":"post-8603","1":"product","2":"type-product","3":"status-publish","4":"has-post-thumbnail","6":"product_cat-accesorios-control-de-acceso-control-de-acceso-zkteco-acceso-asistencia","7":"product_tag-acceso-y-asistencia","8":"product_tag-cerraduras","9":"product_tag-commax-wulian","10":"product_tag-dahua","11":"product_tag-wejoin","12":"product_tag-yli","13":"product_tag-zkteco","15":"first","16":"instock","17":"sale","18":"taxable","19":"shipping-taxable","20":"purchasable","21":"product-type-simple"},"aioseo_notices":[],"_links":{"self":[{"href":"https:\/\/tecsecmty.com\/index.php\/wp-json\/wp\/v2\/product\/8603","targetHints":{"allow":["GET"]}}],"collection":[{"href":"https:\/\/tecsecmty.com\/index.php\/wp-json\/wp\/v2\/product"}],"about":[{"href":"https:\/\/tecsecmty.com\/index.php\/wp-json\/wp\/v2\/types\/product"}],"replies":[{"embeddable":true,"href":"https:\/\/tecsecmty.com\/index.php\/wp-json\/wp\/v2\/comments?post=8603"}],"version-history":[{"count":0,"href":"https:\/\/tecsecmty.com\/index.php\/wp-json\/wp\/v2\/product\/8603\/revisions"}],"wp:featuredmedia":[{"embeddable":true,"href":"https:\/\/tecsecmty.com\/index.php\/wp-json\/wp\/v2\/media\/8602"}],"wp:attachment":[{"href":"https:\/\/tecsecmty.com\/index.php\/wp-json\/wp\/v2\/media?parent=8603"}],"wp:term":[{"taxonomy":"product_brand","embeddable":true,"href":"https:\/\/tecsecmty.com\/index.php\/wp-json\/wp\/v2\/product_brand?post=8603"},{"taxonomy":"product_cat","embeddable":true,"href":"https:\/\/tecsecmty.com\/index.php\/wp-json\/wp\/v2\/product_cat?post=8603"},{"taxonomy":"product_tag","embeddable":true,"href":"https:\/\/tecsecmty.com\/index.php\/wp-json\/wp\/v2\/product_tag?post=8603"}],"curies":[{"name":"wp","href":"https:\/\/api.w.org\/{rel}","templated":true}]}}