{"id":8615,"date":"2023-02-23T22:26:34","date_gmt":"2023-02-24T04:26:34","guid":{"rendered":"https:\/\/tecsecmty.com\/index.php\/producto\/zkteco-fp2100-accesorio-para-montaje-de-lectoras-compatible-con-lector-fr1200-u-otros-para-torniquete-modelo-ts2100\/"},"modified":"2023-03-22T23:25:20","modified_gmt":"2023-03-23T05:25:20","slug":"zkteco-fp2100-accesorio-para-montaje-de-lectoras-compatible-con-lector-fr1200-u-otros-para-torniquete-modelo-ts2100","status":"publish","type":"product","link":"https:\/\/tecsecmty.com\/index.php\/producto\/zkteco-fp2100-accesorio-para-montaje-de-lectoras-compatible-con-lector-fr1200-u-otros-para-torniquete-modelo-ts2100\/","title":{"rendered":"ZKTECO FP2100 &#8211; Accesorio para Montaje de Lectoras\/ Compatible con Lector FR1200 u otros\/ Para Torniquete Modelo TS2100."},"content":{"rendered":"<div class=\"row aling-items-center padding-bottom-2x\">\n<div class=\"col-lg-12\">\n<h5 class=\"card-title text-center\">Informaci\u00f3n general.<\/h5>\n<p>El siguiente es un accesorio el cual permite colocar lectores biom\u00e9tricos modelo FR1200 con m\u00e9todo de verificaci\u00f3n por medio de huella y tarjeta, el torniquete puede ser modificado para colocar un determinado dispositivo lector<\/p>\n<p><img decoding=\"async\" class=\"overview-center-img-web\" src=\"https:\/\/tvc.mx\/media\/490600\/Accesorio-para-Montaje-de-FR1200-para-Torniquete-TS2100-Descripci%C3%B3n-FP2100-ZKTECO.png\" alt=\"\" \/><\/div>\n<\/div>\n<div class=\"row align-items-center padding-bottom-2x\">\n<div class=\"col-md-5 order-md-2\"><img decoding=\"async\" class=\"d-block m-auto img-thumbnail\" src=\"https:\/\/tvc.mx\/media\/490606\/Accesorio-para-Montaje-de-FR1200-para-Torniquete-TS2100-Contenido-FP2100-ZKTECO.png\" alt=\" \" \/><\/div>\n<div class=\"col-md-7 order-md-1 text-md-left text-center\">\n<h2>Contenido<\/h2>\n<p class=\"text-muted\">\n<ul>\n<li>Placa de montaje de Lector<\/li>\n<li>Soporte o Abrazadera de fijaci\u00f3n de lector<\/li>\n<\/ul>\n<\/div>\n<\/div>\n","protected":false},"excerpt":{"rendered":"<p>Informaci\u00f3n general. El siguiente es un accesorio el cual permite colocar lectores biom\u00e9tricos modelo FR1200 con m\u00e9todo de verificaci\u00f3n por medio de huella y tarjeta, el torniquete puede ser modificado para colocar un determinado dispositivo lector Contenido Placa de montaje de Lector Soporte o Abrazadera&hellip;<\/p>\n","protected":false},"featured_media":8614,"comment_status":"open","ping_status":"closed","template":"","meta":{"om_disable_all_campaigns":false,"_monsterinsights_skip_tracking":false,"_monsterinsights_sitenote_active":false,"_monsterinsights_sitenote_note":"","_monsterinsights_sitenote_category":0},"product_brand":[],"product_cat":[798],"product_tag":[81,727,730,66,731,728,729],"class_list":{"0":"post-8615","1":"product","2":"type-product","3":"status-publish","4":"has-post-thumbnail","6":"product_cat-accesorios-control-de-acceso-control-de-acceso-zkteco-acceso-asistencia","7":"product_tag-acceso-y-asistencia","8":"product_tag-cerraduras","9":"product_tag-commax-wulian","10":"product_tag-dahua","11":"product_tag-wejoin","12":"product_tag-yli","13":"product_tag-zkteco","15":"first","16":"instock","17":"sale","18":"taxable","19":"shipping-taxable","20":"purchasable","21":"product-type-simple"},"aioseo_notices":[],"_links":{"self":[{"href":"https:\/\/tecsecmty.com\/index.php\/wp-json\/wp\/v2\/product\/8615","targetHints":{"allow":["GET"]}}],"collection":[{"href":"https:\/\/tecsecmty.com\/index.php\/wp-json\/wp\/v2\/product"}],"about":[{"href":"https:\/\/tecsecmty.com\/index.php\/wp-json\/wp\/v2\/types\/product"}],"replies":[{"embeddable":true,"href":"https:\/\/tecsecmty.com\/index.php\/wp-json\/wp\/v2\/comments?post=8615"}],"version-history":[{"count":0,"href":"https:\/\/tecsecmty.com\/index.php\/wp-json\/wp\/v2\/product\/8615\/revisions"}],"wp:featuredmedia":[{"embeddable":true,"href":"https:\/\/tecsecmty.com\/index.php\/wp-json\/wp\/v2\/media\/8614"}],"wp:attachment":[{"href":"https:\/\/tecsecmty.com\/index.php\/wp-json\/wp\/v2\/media?parent=8615"}],"wp:term":[{"taxonomy":"product_brand","embeddable":true,"href":"https:\/\/tecsecmty.com\/index.php\/wp-json\/wp\/v2\/product_brand?post=8615"},{"taxonomy":"product_cat","embeddable":true,"href":"https:\/\/tecsecmty.com\/index.php\/wp-json\/wp\/v2\/product_cat?post=8615"},{"taxonomy":"product_tag","embeddable":true,"href":"https:\/\/tecsecmty.com\/index.php\/wp-json\/wp\/v2\/product_tag?post=8615"}],"curies":[{"name":"wp","href":"https:\/\/api.w.org\/{rel}","templated":true}]}}