{"id":8619,"date":"2023-02-23T22:26:37","date_gmt":"2023-02-24T04:26:37","guid":{"rendered":"https:\/\/tecsecmty.com\/index.php\/producto\/zkteco-gabipak-paquete-de-gabinete-metalico-con-fuente-y-bateria-de-respaldo-12v-7ah-compatible-con-inbio-c3xxx-ec10-ex16\/"},"modified":"2023-03-22T23:25:21","modified_gmt":"2023-03-23T05:25:21","slug":"zkteco-gabipak-paquete-de-gabinete-metalico-con-fuente-y-bateria-de-respaldo-12v-7ah-compatible-con-inbio-c3xxx-ec10-ex16","status":"publish","type":"product","link":"https:\/\/tecsecmty.com\/index.php\/producto\/zkteco-gabipak-paquete-de-gabinete-metalico-con-fuente-y-bateria-de-respaldo-12v-7ah-compatible-con-inbio-c3xxx-ec10-ex16\/","title":{"rendered":"ZKTECO GABIPAK &#8211; Paquete de Gabinete Met\u00e1lico con Fuente y Bater\u00eda de Respaldo 12V 7Ah \/ Compatible con INBIO \/ C3XXX \/ EC10 \/ EX16"},"content":{"rendered":"<div class=\"row aling-items-center padding-bottom-2x\">\n<div class=\"col-lg-12\">\n<h5 class=\"card-title text-center\">Informaci\u00f3n General<\/h5>\n<h1>Descripci\u00f3n<\/h1>\n<p><strong>GABIPAK &#8211; Paquete de Gabinete Met\u00e1lico con Fuente y Bater\u00eda de Respaldo 12V 7Ah \/ Compatible con INBIO \/ C3XXX \/ EC10 \/ EX16<\/strong><\/p>\n<p><img decoding=\"async\" class=\"overview-center-img-web\" src=\"https:\/\/tvc.mx\/media\/57546\/vannerZKTECO-GABIPAK.jpg\" alt=\"\" \/><\/div>\n<\/div>\n<div class=\"row align-items-center padding-bottom-2x\">\n<div class=\"col-md-5 order-md-2\"><img decoding=\"async\" class=\"d-block m-auto img-thumbnail\" src=\"https:\/\/tvc.mx\/media\/57702\/Sin-t%C3%ADtulo-4.jpg\" alt=\" \" \/><\/div>\n<div class=\"col-md-7 order-md-1 text-md-left text-center\">\n<h2>Caracter\u00edsticas<\/h2>\n<p class=\"text-muted\">\n<p class=\"ql-align-justify\">El Gabinete de metal, es compatible para los paneles C3 Series (ejemplo C3400, C3200) o bien, en la serie de paneles inBio, EC10, EX16, etc. para protecci\u00f3n de la tarjeta l\u00f3gica, cuenta con LED indicadores de:<\/p>\n<ul>\n<li class=\"ql-align-justify\">Encendido.<\/li>\n<li class=\"ql-align-justify\">Ejecucci\u00f3n.<\/li>\n<li class=\"ql-align-justify\">Comunicaci\u00f3n.<\/li>\n<\/ul>\n<p class=\"ql-align-justify\">Este paquete ademas cuenta con una bater\u00eda de respaldo de 12V 7A\/Hr para tener un respaldo de nuestro equipo por fallas el\u00e9ctricas o mantenimientos del suministro el\u00e9ctrico, una excelente combinaci\u00f3n para nuestras instalaciones ya que nos da un buen tiempo de espera para recuperar la corriente el\u00e9ctrica o terminar los mantenimientos.<\/p>\n<p class=\"ql-align-justify\">\n<p class=\"ql-align-justify\">La instalaci\u00f3n es muy sencilla, s\u00f3lo se inserta el panel C3XX, Inbio, o EC10 dentro del gabinete y se conecta con su fuente de alimentaci\u00f3n y a la bater\u00eda de respaldo, para que mantenga la carga y alimente en caso que sea necesario.<\/p>\n<\/div>\n<\/div>\n","protected":false},"excerpt":{"rendered":"<p>Informaci\u00f3n General Descripci\u00f3n GABIPAK &#8211; Paquete de Gabinete Met\u00e1lico con Fuente y Bater\u00eda de Respaldo 12V 7Ah \/ Compatible con INBIO \/ C3XXX \/ EC10 \/ EX16 Caracter\u00edsticas El Gabinete de metal, es compatible para los paneles C3 Series (ejemplo C3400, C3200) o bien, en&hellip;<\/p>\n","protected":false},"featured_media":8618,"comment_status":"open","ping_status":"closed","template":"","meta":{"om_disable_all_campaigns":false,"_monsterinsights_skip_tracking":false,"_monsterinsights_sitenote_active":false,"_monsterinsights_sitenote_note":"","_monsterinsights_sitenote_category":0},"product_brand":[],"product_cat":[798],"product_tag":[81,727,730,66,731,728,729],"class_list":{"0":"post-8619","1":"product","2":"type-product","3":"status-publish","4":"has-post-thumbnail","6":"product_cat-accesorios-control-de-acceso-control-de-acceso-zkteco-acceso-asistencia","7":"product_tag-acceso-y-asistencia","8":"product_tag-cerraduras","9":"product_tag-commax-wulian","10":"product_tag-dahua","11":"product_tag-wejoin","12":"product_tag-yli","13":"product_tag-zkteco","15":"first","16":"instock","17":"sale","18":"taxable","19":"shipping-taxable","20":"purchasable","21":"product-type-simple"},"aioseo_notices":[],"_links":{"self":[{"href":"https:\/\/tecsecmty.com\/index.php\/wp-json\/wp\/v2\/product\/8619","targetHints":{"allow":["GET"]}}],"collection":[{"href":"https:\/\/tecsecmty.com\/index.php\/wp-json\/wp\/v2\/product"}],"about":[{"href":"https:\/\/tecsecmty.com\/index.php\/wp-json\/wp\/v2\/types\/product"}],"replies":[{"embeddable":true,"href":"https:\/\/tecsecmty.com\/index.php\/wp-json\/wp\/v2\/comments?post=8619"}],"version-history":[{"count":0,"href":"https:\/\/tecsecmty.com\/index.php\/wp-json\/wp\/v2\/product\/8619\/revisions"}],"wp:featuredmedia":[{"embeddable":true,"href":"https:\/\/tecsecmty.com\/index.php\/wp-json\/wp\/v2\/media\/8618"}],"wp:attachment":[{"href":"https:\/\/tecsecmty.com\/index.php\/wp-json\/wp\/v2\/media?parent=8619"}],"wp:term":[{"taxonomy":"product_brand","embeddable":true,"href":"https:\/\/tecsecmty.com\/index.php\/wp-json\/wp\/v2\/product_brand?post=8619"},{"taxonomy":"product_cat","embeddable":true,"href":"https:\/\/tecsecmty.com\/index.php\/wp-json\/wp\/v2\/product_cat?post=8619"},{"taxonomy":"product_tag","embeddable":true,"href":"https:\/\/tecsecmty.com\/index.php\/wp-json\/wp\/v2\/product_tag?post=8619"}],"curies":[{"name":"wp","href":"https:\/\/api.w.org\/{rel}","templated":true}]}}