{"id":8625,"date":"2023-02-23T22:26:45","date_gmt":"2023-02-24T04:26:45","guid":{"rendered":"https:\/\/tecsecmty.com\/index.php\/producto\/zkteco-srb-modulo-de-seguridad-para-una-puerta-compatible-con-equipos-standalone-con-salida-wiegand-incrementa-el-nivel-de-seguridad\/"},"modified":"2023-03-22T23:25:33","modified_gmt":"2023-03-23T05:25:33","slug":"zkteco-srb-modulo-de-seguridad-para-una-puerta-compatible-con-equipos-standalone-con-salida-wiegand-incrementa-el-nivel-de-seguridad","status":"publish","type":"product","link":"https:\/\/tecsecmty.com\/index.php\/producto\/zkteco-srb-modulo-de-seguridad-para-una-puerta-compatible-con-equipos-standalone-con-salida-wiegand-incrementa-el-nivel-de-seguridad\/","title":{"rendered":"ZKTECO SRB &#8211; Modulo de seguridad para una puerta \/ Compatible con equipos standalone con salida Wiegand \/ Incrementa el nivel de seguridad"},"content":{"rendered":"<div class=\"row aling-items-center padding-bottom-2x\">\n<div class=\"col-lg-12\">\n<h5 class=\"card-title text-center\">Informaci\u00f3n General<\/h5>\n<p>El m\u00f3dulo de seguridad\u00a0<strong>SRB<\/strong>\u00a0(<strong>Security Relay Box<\/strong>) es un dispositivo interruptor para incrementar el nivel de seguridad de una terminal aut\u00f3noma de control de acceso, puesto que, este obtiene el control de la cerradura y el bot\u00f3n de salida. Y solo genera la apertura al recibir la se\u00f1al de acceso correcto enviada por medio de la conexi\u00f3n de salida Wiegand de un dispositivo Standalone.<\/p>\n<p><img decoding=\"async\" class=\"overview-center-img-web\" src=\"https:\/\/tvc.mx\/media\/589035\/Modulo-Seguridad-Una-Puerta-Compatible-StandAlone-salida-Wiegand-Incrementa-nivel-seguridad-SRB-ZKTeco-TVC-Banner2.png\" alt=\"\" \/><\/div>\n<\/div>\n<div class=\"row align-items-center padding-bottom-2x\">\n<div class=\"col-md-5\"><img decoding=\"async\" class=\"d-block m-auto img-thumbnail\" src=\"https:\/\/tvc.mx\/media\/592663\/Modulo-Seguridad-Una-Puerta-Compatible-StandAlone-salida-Wiegand-Incrementa-nivel-seguridad-SRB-ZKTeco-TVC-Complemento.png\" alt=\" \" \/><\/div>\n<div class=\"col-md-7 text-md-left text-center\">\n<h2>Caracter\u00edsticas y Especificaciones<\/h2>\n<p class=\"text-muted\">\n<ul>\n<li class=\"ql-align-justify\">Relevador para un control de acceso (NO,GND,NC)<\/li>\n<li class=\"ql-align-justify\">Comunicaci\u00f3n encriptada Wiegand<\/li>\n<li class=\"ql-align-justify\">Entrada para bot\u00f3n de salida<\/li>\n<li class=\"ql-align-justify\">2 LED para muestra de estado<\/li>\n<li class=\"ql-align-justify\"><strong>Fuente de Alimentaci\u00f3n:<\/strong>\u00a012V DC. 60mA<\/li>\n<li class=\"ql-align-justify\"><strong>Temperatura de Operaci\u00f3n:<\/strong>\u00a00\u00b0c a 70\u00b0c<\/li>\n<li class=\"ql-align-justify\"><strong>Humedad de Operaci\u00f3n:<\/strong>\u00a010% &#8211; 90%<\/li>\n<li class=\"ql-align-justify\"><strong>Dimensiones:<\/strong>\u00a050 x 40 x 17 mm<\/li>\n<\/ul>\n<\/div>\n<\/div>\n","protected":false},"excerpt":{"rendered":"<p>Informaci\u00f3n General El m\u00f3dulo de seguridad\u00a0SRB\u00a0(Security Relay Box) es un dispositivo interruptor para incrementar el nivel de seguridad de una terminal aut\u00f3noma de control de acceso, puesto que, este obtiene el control de la cerradura y el bot\u00f3n de salida. Y solo genera la apertura&hellip;<\/p>\n","protected":false},"featured_media":8624,"comment_status":"open","ping_status":"closed","template":"","meta":{"om_disable_all_campaigns":false,"_monsterinsights_skip_tracking":false,"_monsterinsights_sitenote_active":false,"_monsterinsights_sitenote_note":"","_monsterinsights_sitenote_category":0},"product_brand":[],"product_cat":[798],"product_tag":[81,727,730,66,731,728,729],"class_list":{"0":"post-8625","1":"product","2":"type-product","3":"status-publish","4":"has-post-thumbnail","6":"product_cat-accesorios-control-de-acceso-control-de-acceso-zkteco-acceso-asistencia","7":"product_tag-acceso-y-asistencia","8":"product_tag-cerraduras","9":"product_tag-commax-wulian","10":"product_tag-dahua","11":"product_tag-wejoin","12":"product_tag-yli","13":"product_tag-zkteco","15":"first","16":"instock","17":"sale","18":"taxable","19":"shipping-taxable","20":"purchasable","21":"product-type-simple"},"aioseo_notices":[],"_links":{"self":[{"href":"https:\/\/tecsecmty.com\/index.php\/wp-json\/wp\/v2\/product\/8625","targetHints":{"allow":["GET"]}}],"collection":[{"href":"https:\/\/tecsecmty.com\/index.php\/wp-json\/wp\/v2\/product"}],"about":[{"href":"https:\/\/tecsecmty.com\/index.php\/wp-json\/wp\/v2\/types\/product"}],"replies":[{"embeddable":true,"href":"https:\/\/tecsecmty.com\/index.php\/wp-json\/wp\/v2\/comments?post=8625"}],"version-history":[{"count":0,"href":"https:\/\/tecsecmty.com\/index.php\/wp-json\/wp\/v2\/product\/8625\/revisions"}],"wp:featuredmedia":[{"embeddable":true,"href":"https:\/\/tecsecmty.com\/index.php\/wp-json\/wp\/v2\/media\/8624"}],"wp:attachment":[{"href":"https:\/\/tecsecmty.com\/index.php\/wp-json\/wp\/v2\/media?parent=8625"}],"wp:term":[{"taxonomy":"product_brand","embeddable":true,"href":"https:\/\/tecsecmty.com\/index.php\/wp-json\/wp\/v2\/product_brand?post=8625"},{"taxonomy":"product_cat","embeddable":true,"href":"https:\/\/tecsecmty.com\/index.php\/wp-json\/wp\/v2\/product_cat?post=8625"},{"taxonomy":"product_tag","embeddable":true,"href":"https:\/\/tecsecmty.com\/index.php\/wp-json\/wp\/v2\/product_tag?post=8625"}],"curies":[{"name":"wp","href":"https:\/\/api.w.org\/{rel}","templated":true}]}}