{"id":8633,"date":"2023-02-23T22:26:53","date_gmt":"2023-02-24T04:26:53","guid":{"rendered":"https:\/\/tecsecmty.com\/index.php\/producto\/zkteco-zf500-sensor-de-masa-para-control-de-acceso-vehicular-110-vac-3a-un-canal-nivel-de-sensibilidad-ajustable-para-trafico-pesado-compatible-con-barreras-wejoin-zkteco-y-otras-marca\/"},"modified":"2023-03-22T23:25:37","modified_gmt":"2023-03-23T05:25:37","slug":"zkteco-zf500-sensor-de-masa-para-control-de-acceso-vehicular-110-vac-3a-un-canal-nivel-de-sensibilidad-ajustable-para-trafico-pesado-compatible-con-barreras-wejoin-zkteco-y-otras-marca","status":"publish","type":"product","link":"https:\/\/tecsecmty.com\/index.php\/producto\/zkteco-zf500-sensor-de-masa-para-control-de-acceso-vehicular-110-vac-3a-un-canal-nivel-de-sensibilidad-ajustable-para-trafico-pesado-compatible-con-barreras-wejoin-zkteco-y-otras-marca\/","title":{"rendered":"ZKTECO ZF500 &#8211; Sensor de Masa para Control de Acceso Vehicular \/ 110 VAC \/ 3A \/ Un Canal \/ Nivel de Sensibilidad Ajustable \/ Para Tr\u00e1fico Pesado \/ Compatible con Barreras Wejoin \/ ZKTeco y Otras Marcas"},"content":{"rendered":"<div class=\"row aling-items-center padding-bottom-2x\">\n<div class=\"col-lg-12\">\n<h5 class=\"card-title text-center\">Informaci\u00f3n General<\/h5>\n<h4><strong>Descripci\u00f3n<\/strong><\/h4>\n<p>Detector de bucle de veh\u00edculo, tambi\u00e9n llamada detector de bucle de coche inductivo, es Una parte importante del sistema de gesti\u00f3n de aparcamiento. Cuando el veh\u00edculo pasa la bobina del bucle subterr\u00e1neo, el sistema analiza la oscilaci\u00f3n generada por el circuito de detecci\u00f3n para realizar la recogida de datos del tr\u00e1fico din\u00e1mico, Y los datos recogidos se pueden reflejar en tiempo real.<\/p>\n<p><img decoding=\"async\" class=\"overview-center-img-web\" src=\"https:\/\/tvc.mx\/media\/589935\/Sensor-de-Masa-Vehicuar-Descripci%C3%B3n-ZF500-ZKTeco.png\" alt=\"\" \/><\/div>\n<\/div>\n<div class=\"row align-items-center padding-bottom-2x\">\n<div class=\"col-md-5 order-md-2\"><img decoding=\"async\" class=\"d-block m-auto img-thumbnail\" src=\"https:\/\/tvc.mx\/media\/230683\/Sensor-de-Masa-Vehicuar-Caracter%C3%ADsticas-ZF500-ZKTeco.png\" alt=\" \" \/><\/div>\n<div class=\"col-md-7 order-md-1 text-md-left text-center\">\n<h2>Caracter\u00edsticas<\/h2>\n<p class=\"text-muted\">\n<p>\u2022\u00a0Ajuste totalmente autom\u00e1tico.<\/p>\n<p>\u2022\u00a0Tres niveles ajustables de sensibilidad.<\/p>\n<p>\u2022\u00a0Dos frecuencias de trabajo.<\/p>\n<p>\u2022\u00a0M\u00faltiples modos de salida de rel\u00e9.<\/p>\n<p>\u2022\u00a0Bot\u00f3n de reinicio en el panel frontal.<\/p>\n<p>&nbsp;<\/p>\n<\/div>\n<\/div>\n<hr class=\"padding-bottom-2x\" \/>\n<div class=\"row align-items-center padding-bottom-2x\">\n<div class=\"col-md-5\"><img decoding=\"async\" class=\"d-block m-auto img-thumbnail\" src=\"https:\/\/tvc.mx\/media\/230687\/Sensor-de-Masa-Vehicuar-Especificaciones-ZF500-ZKTeco.png\" alt=\" \" \/><\/div>\n<div class=\"col-md-7 text-md-left text-center\">\n<h2>Especificaciones<\/h2>\n<p class=\"text-muted\">\n<p>\u2022\u00a0<strong>Voltaje de Operaci\u00f3n:<\/strong>\u00a0120V AC, 3A<\/p>\n<p>\u2022\u00a0<strong>Potencia Nominal:<\/strong>\u00a04.5 W.<\/p>\n<p>\u2022\u00a0<strong>Bobina de rel\u00e9 de salida y tensi\u00f3n de soporte de choque el\u00e9ctrico:<\/strong>\u00a0110V CA\/3A<\/p>\n<p>\u2022\u00a0<strong>Frecuencia de Operaci\u00f3n:<\/strong>\u00a020 kHz to 170 kHz.<\/p>\n<p>\u2022\u00a0<strong>Tiempo de reacci\u00f3n:<\/strong>\u00a0100 ms.<\/p>\n<p>\u2022\u00a0<strong>Inductancia de la bobina<\/strong>\u00a050 &#8211; 500uH (recomendado).<\/p>\n<p>\u2022<strong>Tama\u00f1o de la bobina:<\/strong>\u00a0no menor que 1x 2 m (recomendado).<\/p>\n<p>\u2022\u00a0<strong>Conexi\u00f3n de la bobina:<\/strong>\u00a0no mayor a 5m, y enrizado al menos 20 veces por metro.<\/p>\n<\/div>\n<\/div>\n","protected":false},"excerpt":{"rendered":"<p>Informaci\u00f3n General Descripci\u00f3n Detector de bucle de veh\u00edculo, tambi\u00e9n llamada detector de bucle de coche inductivo, es Una parte importante del sistema de gesti\u00f3n de aparcamiento. Cuando el veh\u00edculo pasa la bobina del bucle subterr\u00e1neo, el sistema analiza la oscilaci\u00f3n generada por el circuito de&hellip;<\/p>\n","protected":false},"featured_media":8632,"comment_status":"open","ping_status":"closed","template":"","meta":{"om_disable_all_campaigns":false,"_monsterinsights_skip_tracking":false,"_monsterinsights_sitenote_active":false,"_monsterinsights_sitenote_note":"","_monsterinsights_sitenote_category":0},"product_brand":[],"product_cat":[798],"product_tag":[81,727,730,66,731,728,729],"class_list":{"0":"post-8633","1":"product","2":"type-product","3":"status-publish","4":"has-post-thumbnail","6":"product_cat-accesorios-control-de-acceso-control-de-acceso-zkteco-acceso-asistencia","7":"product_tag-acceso-y-asistencia","8":"product_tag-cerraduras","9":"product_tag-commax-wulian","10":"product_tag-dahua","11":"product_tag-wejoin","12":"product_tag-yli","13":"product_tag-zkteco","15":"first","16":"instock","17":"sale","18":"taxable","19":"shipping-taxable","20":"purchasable","21":"product-type-simple"},"aioseo_notices":[],"_links":{"self":[{"href":"https:\/\/tecsecmty.com\/index.php\/wp-json\/wp\/v2\/product\/8633","targetHints":{"allow":["GET"]}}],"collection":[{"href":"https:\/\/tecsecmty.com\/index.php\/wp-json\/wp\/v2\/product"}],"about":[{"href":"https:\/\/tecsecmty.com\/index.php\/wp-json\/wp\/v2\/types\/product"}],"replies":[{"embeddable":true,"href":"https:\/\/tecsecmty.com\/index.php\/wp-json\/wp\/v2\/comments?post=8633"}],"version-history":[{"count":0,"href":"https:\/\/tecsecmty.com\/index.php\/wp-json\/wp\/v2\/product\/8633\/revisions"}],"wp:featuredmedia":[{"embeddable":true,"href":"https:\/\/tecsecmty.com\/index.php\/wp-json\/wp\/v2\/media\/8632"}],"wp:attachment":[{"href":"https:\/\/tecsecmty.com\/index.php\/wp-json\/wp\/v2\/media?parent=8633"}],"wp:term":[{"taxonomy":"product_brand","embeddable":true,"href":"https:\/\/tecsecmty.com\/index.php\/wp-json\/wp\/v2\/product_brand?post=8633"},{"taxonomy":"product_cat","embeddable":true,"href":"https:\/\/tecsecmty.com\/index.php\/wp-json\/wp\/v2\/product_cat?post=8633"},{"taxonomy":"product_tag","embeddable":true,"href":"https:\/\/tecsecmty.com\/index.php\/wp-json\/wp\/v2\/product_tag?post=8633"}],"curies":[{"name":"wp","href":"https:\/\/api.w.org\/{rel}","templated":true}]}}