{"id":8635,"date":"2023-02-23T22:26:55","date_gmt":"2023-02-24T04:26:55","guid":{"rendered":"https:\/\/tecsecmty.com\/index.php\/producto\/zkteco-znbk361-tripie-para-camara-termografica-infrarroja-178k-plus-altura-de-1-metro-hasta-1-80-m\/"},"modified":"2023-03-16T12:31:04","modified_gmt":"2023-03-16T18:31:04","slug":"zkteco-znbk361-tripie-para-camara-termografica-infrarroja-178k-plus-altura-de-1-metro-hasta-1-80-m","status":"publish","type":"product","link":"https:\/\/tecsecmty.com\/index.php\/producto\/zkteco-znbk361-tripie-para-camara-termografica-infrarroja-178k-plus-altura-de-1-metro-hasta-1-80-m\/","title":{"rendered":"ZKTECO ZNBK361 &#8211; Tripie para C\u00e1mara Termogr\u00e1fica Infrarroja 178K Plus \/ Altura de 1 metro hasta 1.80 m"},"content":{"rendered":"<div class=\"row aling-items-center padding-bottom-2x\">\n<div class=\"col-lg-12\">\n<h5 class=\"card-title text-center\">RACK TRIPOIDE PARA C\u00c1MARA 178K<\/h5>\n<p>ZK-178K es una c\u00e1mara t\u00e9rmica infrarroja con Visible Light que combina la medici\u00f3n de la temperatura de la superficie y la imagen t\u00e9rmica en tiempo real. Comparado con el term\u00f3metro infrarrojo tradicional que s\u00f3lo puede medir la temperatura y necesita medir los accesorios uno por uno, el ZK-178H puede medir m\u00faltiples temperaturas de accesorios de una vez y tiene una amplia gama de funciones de medici\u00f3n y fotograf\u00eda puede trabajar en una variedad de entornos de disparo.<\/p>\n<p><img decoding=\"async\" class=\"overview-center-img-web\" src=\"https:\/\/tvc.mx\/media\/71844\/Banner.png\" alt=\"\" \/><\/div>\n<\/div>\n<div class=\"row align-items-center padding-bottom-2x\">\n<div class=\"col-md-5 order-md-2\"><img decoding=\"async\" class=\"d-block m-auto img-thumbnail\" src=\"https:\/\/tvc.mx\/media\/71880\/Ovl1.png\" alt=\" \" \/><\/div>\n<div class=\"col-md-7 order-md-1 text-md-left text-center\">\n<h2>COMPATIBILIDAD CON C\u00c1MARA 178K<\/h2>\n<p class=\"text-muted\">\n<p>Ideal para facilitar la lectura de temperatura por medio de la c\u00e1mara termogr\u00e1fica 178K,<\/p>\n<\/div>\n<\/div>\n","protected":false},"excerpt":{"rendered":"<p>RACK TRIPOIDE PARA C\u00c1MARA 178K ZK-178K es una c\u00e1mara t\u00e9rmica infrarroja con Visible Light que combina la medici\u00f3n de la temperatura de la superficie y la imagen t\u00e9rmica en tiempo real. Comparado con el term\u00f3metro infrarrojo tradicional que s\u00f3lo puede medir la temperatura y necesita&hellip;<\/p>\n","protected":false},"featured_media":8634,"comment_status":"open","ping_status":"closed","template":"","meta":{"om_disable_all_campaigns":false,"_monsterinsights_skip_tracking":false,"_monsterinsights_sitenote_active":false,"_monsterinsights_sitenote_note":"","_monsterinsights_sitenote_category":0},"product_brand":[],"product_cat":[798],"product_tag":[81,727,730,66,731,728,729],"class_list":{"0":"post-8635","1":"product","2":"type-product","3":"status-publish","4":"has-post-thumbnail","6":"product_cat-accesorios-control-de-acceso-control-de-acceso-zkteco-acceso-asistencia","7":"product_tag-acceso-y-asistencia","8":"product_tag-cerraduras","9":"product_tag-commax-wulian","10":"product_tag-dahua","11":"product_tag-wejoin","12":"product_tag-yli","13":"product_tag-zkteco","15":"first","16":"instock","17":"sale","18":"taxable","19":"shipping-taxable","20":"purchasable","21":"product-type-simple"},"aioseo_notices":[],"_links":{"self":[{"href":"https:\/\/tecsecmty.com\/index.php\/wp-json\/wp\/v2\/product\/8635","targetHints":{"allow":["GET"]}}],"collection":[{"href":"https:\/\/tecsecmty.com\/index.php\/wp-json\/wp\/v2\/product"}],"about":[{"href":"https:\/\/tecsecmty.com\/index.php\/wp-json\/wp\/v2\/types\/product"}],"replies":[{"embeddable":true,"href":"https:\/\/tecsecmty.com\/index.php\/wp-json\/wp\/v2\/comments?post=8635"}],"version-history":[{"count":0,"href":"https:\/\/tecsecmty.com\/index.php\/wp-json\/wp\/v2\/product\/8635\/revisions"}],"wp:featuredmedia":[{"embeddable":true,"href":"https:\/\/tecsecmty.com\/index.php\/wp-json\/wp\/v2\/media\/8634"}],"wp:attachment":[{"href":"https:\/\/tecsecmty.com\/index.php\/wp-json\/wp\/v2\/media?parent=8635"}],"wp:term":[{"taxonomy":"product_brand","embeddable":true,"href":"https:\/\/tecsecmty.com\/index.php\/wp-json\/wp\/v2\/product_brand?post=8635"},{"taxonomy":"product_cat","embeddable":true,"href":"https:\/\/tecsecmty.com\/index.php\/wp-json\/wp\/v2\/product_cat?post=8635"},{"taxonomy":"product_tag","embeddable":true,"href":"https:\/\/tecsecmty.com\/index.php\/wp-json\/wp\/v2\/product_tag?post=8635"}],"curies":[{"name":"wp","href":"https:\/\/api.w.org\/{rel}","templated":true}]}}