{"id":8637,"date":"2023-02-23T22:26:58","date_gmt":"2023-02-24T04:26:58","guid":{"rendered":"https:\/\/tecsecmty.com\/index.php\/producto\/bosch-a_apiamc216ioe-extension-para-controlador-amc2-16-entradas-16-salidas\/"},"modified":"2023-03-22T23:20:59","modified_gmt":"2023-03-23T05:20:59","slug":"bosch-a_apiamc216ioe-extension-para-controlador-amc2-16-entradas-16-salidas","status":"publish","type":"product","link":"https:\/\/tecsecmty.com\/index.php\/producto\/bosch-a_apiamc216ioe-extension-para-controlador-amc2-16-entradas-16-salidas\/","title":{"rendered":"BOSCH A_APIAMC216IOE &#8211; Extension para controlador AMC2 \/ 16 Entradas \/ 16 Salidas"},"content":{"rendered":"<h5 class=\"card-title text-center\">AMC2 &#8211; Tarjetas de extensi\u00f3n de entrada \/ salida<\/h5>\n<p>E<strong>l AMC2 16I-16O-EXT, el AMC2 16I-EXT\u00a0<\/strong>y \/ o los tableros de extensi\u00f3n\u00a0<strong>AMC2 8I-8O-EXT<\/strong>\u00a0solo pueden usarse con el controlador de acceso\u00a0<strong>AMC2<\/strong>\u00a0y proporciona entrada adicional y contactos de salida.<\/p>\n<p>El controlador\u00a0<strong>AMC2<\/strong>\u00a0tiene ocho entradas y ocho salidas de se\u00f1ales. El\u00a0<strong>AMC2<\/strong>\u00a0determina el estado de la puerta (abierta o cerrado) a trav\u00e9s de las se\u00f1ales de entrada anal\u00f3gicas. Las salidas de rel\u00e9 pueden ser utilizado para activar mecanismos de bloqueo, por ejemplo.<\/p>\n<p>Si no hay suficientes contactos disponibles en el\u00a0<strong>AMC2<\/strong>\u00a0para transfiere las se\u00f1ales necesarias, hasta tres<strong>\u00a0AMC2 xI-xO-EXT\u00a0<\/strong>las unidades se pueden conectar para proporcionar entradas adicionales y salidas sistemas de notas con\u00a0<strong>Access Personal Edition\u00a0<\/strong>el software solo puede conectar una extensi\u00f3n de E \/ S a un controlador\u00a0<strong>AMC2<\/strong>.<\/p>\n<p class=\"ql-align-justify\"><strong>Notas de instalaci\u00f3n \/ configuraci\u00f3n<\/strong><\/p>\n<p class=\"ql-align-justify\">Se pueden conectar hasta tres tarjetas de extensi\u00f3n a una controlador\u00a0<strong>AMC2<\/strong>; esto proporciona un m\u00e1ximo de 56 entradas y se\u00f1ales de salida para configuraci\u00f3n con las se\u00f1ales\u00a0<strong>AMC2<\/strong>.<\/p>\n<p class=\"ql-align-justify\">Para una configuraci\u00f3n del sistema, el\u00a0<strong>AMC2 16I-16O-EXT, AMC2 16I-EXT, y AMC2 8I-8O-EXT<\/strong>\u00a0tambi\u00e9n se pueden usar en combinaci\u00f3n, por ejemplo dos\u00a0<strong>AMC2 16I-16O-EXT<\/strong>\u00a0y un\u00a0<strong>AMC2 8I-8O-EXT<\/strong>\u00a0&#8211; pero el n\u00famero m\u00e1ximo de m\u00f3dulos que pueden estar conectado tambi\u00e9n est\u00e1 restringido a tres por\u00a0<strong>AMC2\u00a0<\/strong>controlador.<\/p>\n<p class=\"ql-align-justify\">Sistemas de notas con<strong>\u00a0Access Personal Edition<\/strong>\u00a0el software solo puede conectar una extensi\u00f3n de E \/ S a un controlador\u00a0<strong>AMC2<\/strong>.<\/p>\n<p class=\"ql-align-justify\">Un\u00a0<strong>AMC2 16I-16O-EXT\u00a0<\/strong>solo puede proporcionar se\u00f1ales para el Entradas del controlador\u00a0<strong>AMC2<\/strong>\u00a0al que est\u00e1 conectado. No es posible transmitir a otro\u00a0<strong>AMC2<\/strong>.<\/p>\n<p class=\"ql-align-justify\">\u00a0<strong>Principales Caracter\u00edsticas:<\/strong><\/p>\n<ul>\n<li class=\"ql-align-justify\">Conexi\u00f3n\u00a0<strong>RS485<\/strong>\u00a0al controlador\u00a0<strong>AMC2<\/strong>\u00a0.<\/li>\n<li class=\"ql-align-justify\">Hay tres modelos disponibles, uno con 8 entradas y 8 salidas, otro con 16 entradas y 16 salidas y otro con 16 entradas.<\/li>\n<li class=\"ql-align-justify\">El estado de las entradas y las salidas se muestra en la pantalla\u00a0<strong>LCD<\/strong>\u00a0de\u00a0<strong>AMC2<\/strong>.<\/li>\n<li class=\"ql-align-justify\">Velocidad de transferencia a la interfaz\u00a0<strong>EXT<\/strong>\u00a0(<strong>RS485<\/strong>): 9,6 kBit\/s.<\/li>\n<li class=\"ql-align-justify\">Las tarjetas de ampliaci\u00f3n de\u00a0<strong>AMC2<\/strong>\u00a0se pueden facilitar con la unidad de alimentaci\u00f3n\u00a0<strong>PBC-60<\/strong>\u00a0con SAI integrado.<\/li>\n<\/ul>\n<p class=\"ql-align-justify\"><strong>Especificaciones:<\/strong><\/p>\n<ul>\n<li class=\"ql-align-justify\">Hardware CPU RENESAS M32C84 microcontrolador integrado (32 bits, 30 MHz).<\/li>\n<li class=\"ql-align-justify\">512 kB-EPROM \/ FLASH.<\/li>\n<li class=\"ql-align-justify\">256 kB-SRAM.<\/li>\n<li class=\"ql-align-justify\">EEPROM serial.<\/li>\n<li class=\"ql-align-justify\">RTC<\/li>\n<li class=\"ql-align-justify\">Flash compacto de\u00a0<strong>2 GB\u00a0<\/strong>conectable.<\/li>\n<li class=\"ql-align-justify\">Bater\u00eda para SRAM y RTC.<\/li>\n<li class=\"ql-align-justify\">La direcci\u00f3n de host puede configurarse mediante un interruptor deslizante.<\/li>\n<li class=\"ql-align-justify\">Interfaz de host: &#8211; RS485 (2 o 4 hilos); Opto-desacoplado-RS232-Ethernet 10 \/ 100BaseT (TCP \/ IP) con RJ45.<\/li>\n<li class=\"ql-align-justify\">4 interfaces de lector: &#8211; Wiegand o &#8211; RS-485, 2 hilos, optoacoplado, 19.200 Bd.<\/li>\n<li class=\"ql-align-justify\">8 salidas de rel\u00e9: &#8211; m\u00e1x. voltaje de conmutaci\u00f3n: 30 V DC- m\u00e1x. corriente de conmutaci\u00f3n: 1,25 A.<\/li>\n<li class=\"ql-align-justify\">8 entradas anal\u00f3gicas supervisadas.<\/li>\n<li class=\"ql-align-justify\">Manibela de encendido.<\/li>\n<li class=\"ql-align-justify\">Bot\u00f3n de reinicio.<\/li>\n<li class=\"ql-align-justify\">Transferencia de datos encriptada.<\/li>\n<\/ul>\n<p><img decoding=\"async\" class=\"overview-center-img- aligncenter\" src=\"https:\/\/tvc.mx\/media\/3372\/Logoopaginas-oficial.png\" alt=\"\" \/><\/p>\n","protected":false},"excerpt":{"rendered":"<p>AMC2 &#8211; Tarjetas de extensi\u00f3n de entrada \/ salida El AMC2 16I-16O-EXT, el AMC2 16I-EXT\u00a0y \/ o los tableros de extensi\u00f3n\u00a0AMC2 8I-8O-EXT\u00a0solo pueden usarse con el controlador de acceso\u00a0AMC2\u00a0y proporciona entrada adicional y contactos de salida. El controlador\u00a0AMC2\u00a0tiene ocho entradas y ocho salidas de se\u00f1ales.&hellip;<\/p>\n","protected":false},"featured_media":8636,"comment_status":"open","ping_status":"closed","template":"","meta":{"om_disable_all_campaigns":false,"_monsterinsights_skip_tracking":false,"_monsterinsights_sitenote_active":false,"_monsterinsights_sitenote_note":"","_monsterinsights_sitenote_category":0},"product_brand":[],"product_cat":[805],"product_tag":[81,727,730,66,731,728,729],"class_list":{"0":"post-8637","1":"product","2":"type-product","3":"status-publish","4":"has-post-thumbnail","6":"product_cat-controladores-y-distribuidores","7":"product_tag-acceso-y-asistencia","8":"product_tag-cerraduras","9":"product_tag-commax-wulian","10":"product_tag-dahua","11":"product_tag-wejoin","12":"product_tag-yli","13":"product_tag-zkteco","15":"first","16":"instock","17":"sale","18":"taxable","19":"shipping-taxable","20":"purchasable","21":"product-type-simple"},"aioseo_notices":[],"_links":{"self":[{"href":"https:\/\/tecsecmty.com\/index.php\/wp-json\/wp\/v2\/product\/8637","targetHints":{"allow":["GET"]}}],"collection":[{"href":"https:\/\/tecsecmty.com\/index.php\/wp-json\/wp\/v2\/product"}],"about":[{"href":"https:\/\/tecsecmty.com\/index.php\/wp-json\/wp\/v2\/types\/product"}],"replies":[{"embeddable":true,"href":"https:\/\/tecsecmty.com\/index.php\/wp-json\/wp\/v2\/comments?post=8637"}],"version-history":[{"count":0,"href":"https:\/\/tecsecmty.com\/index.php\/wp-json\/wp\/v2\/product\/8637\/revisions"}],"wp:featuredmedia":[{"embeddable":true,"href":"https:\/\/tecsecmty.com\/index.php\/wp-json\/wp\/v2\/media\/8636"}],"wp:attachment":[{"href":"https:\/\/tecsecmty.com\/index.php\/wp-json\/wp\/v2\/media?parent=8637"}],"wp:term":[{"taxonomy":"product_brand","embeddable":true,"href":"https:\/\/tecsecmty.com\/index.php\/wp-json\/wp\/v2\/product_brand?post=8637"},{"taxonomy":"product_cat","embeddable":true,"href":"https:\/\/tecsecmty.com\/index.php\/wp-json\/wp\/v2\/product_cat?post=8637"},{"taxonomy":"product_tag","embeddable":true,"href":"https:\/\/tecsecmty.com\/index.php\/wp-json\/wp\/v2\/product_tag?post=8637"}],"curies":[{"name":"wp","href":"https:\/\/api.w.org\/{rel}","templated":true}]}}