{"id":8639,"date":"2023-02-23T22:27:01","date_gmt":"2023-02-24T04:27:01","guid":{"rendered":"https:\/\/tecsecmty.com\/index.php\/producto\/bosch-a_-apiamc28ioe-extension-para-agregar-8-entradas-y-8-salidas-auxiliares\/"},"modified":"2023-03-22T23:20:53","modified_gmt":"2023-03-23T05:20:53","slug":"bosch-a_-apiamc28ioe-extension-para-agregar-8-entradas-y-8-salidas-auxiliares","status":"publish","type":"product","link":"https:\/\/tecsecmty.com\/index.php\/producto\/bosch-a_-apiamc28ioe-extension-para-agregar-8-entradas-y-8-salidas-auxiliares\/","title":{"rendered":"BOSCH A_ APIAMC28IOE &#8211; Extension para agregar 8 entradas y 8 salidas auxiliares"},"content":{"rendered":"<div class=\"row aling-items-center padding-bottom-2x\">\n<div class=\"col-lg-12\">\n<p class=\"ql-align-justify\">Las tarjetas de ampliaci\u00f3n\u00a0<strong>AMC2 16I-16O-EXT, AMC2 16IEXT o AMC2 8IOE-EXT<\/strong>\u00a0s\u00f3lo se pueden utilizar con el controlador de acceso AMC2, que proporciona contactos de salida y entrada adicionales.<\/p>\n<p class=\"ql-align-justify\">El controlador<strong>\u00a0AMC2<\/strong>\u00a0tiene 8 se\u00f1ales de entrada y 8 de salida. AMC2 determina el estado de la puerta (abierta o cerrada) mediante las se\u00f1ales de entrada anal\u00f3gicas. Las salidas de rel\u00e9 se pueden utilizar para activar los mecanismos de bloqueo por ejemplo. Si no hay suficientes contactos disponibles en el AMC2 para transferir las se\u00f1ales necesarias, se pueden conectar hasta tres unidades AMC2 xI-xO-EXT para proporcionar entradas y salidas adicionales.<\/p>\n<p class=\"ql-align-justify\"><strong>Nota:\u00a0<\/strong>Los sistemas con software Access Personal Edition s\u00f3lo pueden conectar una extensi\u00f3n de entrada\/salida a un controlador AMC2.<\/p>\n<p>El m\u00f3dulo\u00a0<strong>AMC2 8I-8O-EXT<\/strong>\u00a0dispone de 8 se\u00f1ales de entrada y 8 se\u00f1ales de salida.\u00a0<strong>El AMC2 16I-EXT<\/strong>\u00a0tiene 16 entradas anal\u00f3gicas.<\/p>\n<p><img decoding=\"async\" class=\"overview-center-img- aligncenter\" src=\"https:\/\/tvc.mx\/media\/2951\/Logoopaginas-oficial.png\" alt=\"\" \/><\/div>\n<\/div>\n<div class=\"row aling-items-center padding-bottom-2x\">\n<div class=\"col-lg-12\">\n<p class=\"ql-align-justify\"><strong>Planificaci\u00f3n<\/strong><\/p>\n<p class=\"ql-align-justify\">Se pueden conectar al controlador\u00a0<strong>AMC2\u00a0<\/strong>hasta 3 tarjetas de ampliaci\u00f3n; de esta forma, se consigue un m\u00e1ximo de 56 se\u00f1ales de entrada y salida para la configuraci\u00f3n con las se\u00f1ales de AMC2.<\/p>\n<p class=\"ql-align-justify\">Se pueden utilizar\u00a0<strong>AMC2 16I-16O-EXT, AMC2 16I-EXT y AMC2 8I-8O-EXT\u00a0<\/strong>combinados para configurar un sistema; por ejemplo, dos\u00a0<strong>AMC2 16I-16O-EXT y un AMC2 8I-8O-EXT<\/strong>, aunque el n\u00famero m\u00e1ximo de m\u00f3dulos que se pueden conectar tambi\u00e9n est\u00e1 restringido a dos por controlador AMC2.<\/p>\n<p class=\"ql-align-justify\"><strong>Nota:<\/strong>\u00a0Los sistemas con software<strong>\u00a0Access Personal Edition\u00a0<\/strong>s\u00f3lo pueden conectar una extensi\u00f3n de entrada\/salida a un controlador\u00a0<strong>AMC2<\/strong>.<\/p>\n<\/div>\n<\/div>\n<div class=\"row aling-items-center padding-bottom-2x\">\n<div class=\"col-lg-12\">\n<p class=\"ql-align-justify\"><strong>Contactos<\/strong><\/p>\n<p class=\"ql-align-justify\"><strong>Entradas<\/strong><\/p>\n<p class=\"ql-align-justify\">Las entradas anal\u00f3gicas se pueden utilizar como contactos digitales o anal\u00f3gicos. Para su utilizaci\u00f3n anal\u00f3gica, se puede especificar que los valores de resistencia busquen cortes y cortocircuitos en los cables.<\/p>\n<p class=\"ql-align-justify\"><strong>Salidas de rel\u00e9<\/strong><\/p>\n<ul>\n<li class=\"ql-align-justify\">Las salidas de rel\u00e9 ofrecen las siguientes funciones:<\/li>\n<li class=\"ql-align-justify\">Las salidas se pueden utilizar con contactos sin potencia para el suministro de alimentaci\u00f3n externa (modo en seco).<\/li>\n<li class=\"ql-align-justify\">Tambi\u00e9n se pueden utilizar con la tensi\u00f3n interna de la fuente de alimentaci\u00f3n (modo h\u00famedo).<\/li>\n<li class=\"ql-align-justify\">Al rel\u00e9 s\u00f3lo se pueden conectar cargas resistivas de ohmios.<\/li>\n<li class=\"ql-align-justify\">Las cargas inductivas se deben anular mediante diodos de recuperaci\u00f3n. Estos diodos (IN4004) est\u00e1n incluidos.<\/li>\n<\/ul>\n<\/div>\n<\/div>\n<div class=\"row aling-items-center padding-bottom-2x\">\n<div class=\"col-lg-12\">\n<p class=\"ql-align-justify\"><strong>Instrucciones generales<\/strong><\/p>\n<ul>\n<li class=\"ql-align-justify\">Todo el equipo de acceso se debe montar en una \u00abzona segura\u00bb.<\/li>\n<li class=\"ql-align-justify\">En el manual de funcionamiento se especifican las condiciones de conexi\u00f3n detalladas.<\/li>\n<li class=\"ql-align-justify\">Tras la adquisici\u00f3n, la alimentaci\u00f3n de CA principal debe ser configurada por un electricista cualificado.<\/li>\n<\/ul>\n<\/div>\n<\/div>\n","protected":false},"excerpt":{"rendered":"<p>Las tarjetas de ampliaci\u00f3n\u00a0AMC2 16I-16O-EXT, AMC2 16IEXT o AMC2 8IOE-EXT\u00a0s\u00f3lo se pueden utilizar con el controlador de acceso AMC2, que proporciona contactos de salida y entrada adicionales. El controlador\u00a0AMC2\u00a0tiene 8 se\u00f1ales de entrada y 8 de salida. AMC2 determina el estado de la puerta (abierta&hellip;<\/p>\n","protected":false},"featured_media":8638,"comment_status":"open","ping_status":"closed","template":"","meta":{"om_disable_all_campaigns":false,"_monsterinsights_skip_tracking":false,"_monsterinsights_sitenote_active":false,"_monsterinsights_sitenote_note":"","_monsterinsights_sitenote_category":0},"product_brand":[],"product_cat":[805],"product_tag":[81,727,730,66,731,728,729],"class_list":{"0":"post-8639","1":"product","2":"type-product","3":"status-publish","4":"has-post-thumbnail","6":"product_cat-controladores-y-distribuidores","7":"product_tag-acceso-y-asistencia","8":"product_tag-cerraduras","9":"product_tag-commax-wulian","10":"product_tag-dahua","11":"product_tag-wejoin","12":"product_tag-yli","13":"product_tag-zkteco","15":"first","16":"instock","17":"sale","18":"taxable","19":"shipping-taxable","20":"purchasable","21":"product-type-simple"},"aioseo_notices":[],"_links":{"self":[{"href":"https:\/\/tecsecmty.com\/index.php\/wp-json\/wp\/v2\/product\/8639","targetHints":{"allow":["GET"]}}],"collection":[{"href":"https:\/\/tecsecmty.com\/index.php\/wp-json\/wp\/v2\/product"}],"about":[{"href":"https:\/\/tecsecmty.com\/index.php\/wp-json\/wp\/v2\/types\/product"}],"replies":[{"embeddable":true,"href":"https:\/\/tecsecmty.com\/index.php\/wp-json\/wp\/v2\/comments?post=8639"}],"version-history":[{"count":0,"href":"https:\/\/tecsecmty.com\/index.php\/wp-json\/wp\/v2\/product\/8639\/revisions"}],"wp:featuredmedia":[{"embeddable":true,"href":"https:\/\/tecsecmty.com\/index.php\/wp-json\/wp\/v2\/media\/8638"}],"wp:attachment":[{"href":"https:\/\/tecsecmty.com\/index.php\/wp-json\/wp\/v2\/media?parent=8639"}],"wp:term":[{"taxonomy":"product_brand","embeddable":true,"href":"https:\/\/tecsecmty.com\/index.php\/wp-json\/wp\/v2\/product_brand?post=8639"},{"taxonomy":"product_cat","embeddable":true,"href":"https:\/\/tecsecmty.com\/index.php\/wp-json\/wp\/v2\/product_cat?post=8639"},{"taxonomy":"product_tag","embeddable":true,"href":"https:\/\/tecsecmty.com\/index.php\/wp-json\/wp\/v2\/product_tag?post=8639"}],"curies":[{"name":"wp","href":"https:\/\/api.w.org\/{rel}","templated":true}]}}