{"id":864,"date":"2023-02-15T23:43:27","date_gmt":"2023-02-15T23:43:27","guid":{"rendered":"https:\/\/tecsecmty.com\/index.php\/producto\/c%c2%b7mara-tipo-box-profesional-turbohd-2-megapixel-1080p-diseoo-compacto-ultra-baja-iluminaciun-wdr-real-120-db-4-tecnologias-tvi-ahd-cvi-cvbs-12-vcc\/"},"modified":"2023-03-22T23:20:43","modified_gmt":"2023-03-23T05:20:43","slug":"camara-tipo-box-profesional-turbohd-2-megapixel-1080p-diseoo-compacto-ultra-baja-iluminacion-wdr-real-120-db-4-tecnologias-tvi-ahd-cvi-cvbs-12-vcc","status":"publish","type":"product","link":"https:\/\/tecsecmty.com\/index.php\/producto\/camara-tipo-box-profesional-turbohd-2-megapixel-1080p-diseoo-compacto-ultra-baja-iluminacion-wdr-real-120-db-4-tecnologias-tvi-ahd-cvi-cvbs-12-vcc\/","title":{"rendered":"Camara Tipo Box (Profesional) TURBOHD 2 Megapixel (1080p) \/ Diseoo Compacto \/ Ultra Baja Iluminacion \/ WDR Real 120 dB \/ 4 Tecnologias (TVI \/ AHD \/ CVI \/ CVBS) \/ 12 Vcc"},"content":{"rendered":"<div class=\"container\">\n<div class=\"row\">\n<div class=\"col-md-12\">\n<div class=\"row\">\n<div class=\"row\">\n<div class=\"col-md-12\">\n<h4 class=\"text-primary center info-text\" style=\"text-align: center\">Informaci\u00f3n de Producto<\/h4>\n<\/div>\n<\/div>\n<div class=\"row\" style=\"text-align: center\">\n<div class=\"col-md-12\">\n<h3>C\u00e1mara Tipo Box (Profesional) TURBOHD 2 Megapixel (1080p) \/ Dise\u00f1o Compacto \/ Ultra Baja Iluminaci\u00f3n \/ WDR Real 120 dB \/ 4 Tecnolog\u00edas (TVI \/ AHD \/ CVI \/ CVBS) \/ 12 Vcc<\/h3>\n<\/div>\n<\/div>\n<div id=\"producto_container\" class=\"row\" style=\"text-align: center\">\n<div class=\"col-md-4\">\n<p><img decoding=\"async\" class=\"img-responsive center-block\" src=\"https:\/\/ftp3.syscom.mx\/usuarios\/fotos\/BancoFotografiasSyscom\/HIKVISION\/DS2CC12D8TAMM\/DS2CC12D8TAMM-p.PNG\" alt=\"DS-2CC12D8T-AMM\" \/><\/p>\n<div class=\"row\">\n<div id=\"galerias\" class=\"col-sm-12\"><\/div>\n<\/div>\n<\/div>\n<div class=\"col-md-4\">\n<div><img decoding=\"async\" class=\"img-responsive img-thumbnail\" src=\"https:\/\/ftp3.syscom.mx\/usuarios\/fotos\/logotipos\/hikvision.png\" \/><\/div>\n<div><\/div>\n<div>\n<p>Modelo:\u00a0<span class=\"modelo-marca\">DS-2CC12D8T-AMM<\/span><\/p>\n<p>Marca:\u00a0<span class=\"modelo-marca\">HIKVISION<\/span><\/p>\n<\/div>\n<div><\/div>\n<\/div>\n<div class=\"col-md-4\">\n<div class=\"row\">\n<div class=\"col-md-12 default_padding_bottom\"><\/div>\n<\/div>\n<\/div>\n<\/div>\n<\/div>\n<div class=\"row \" style=\"text-align: center\">\n<div class=\"col-md-12\">\n<div class=\"row\">\n<h3 class=\"text-primary\">Especificaciones:<\/h3>\n<\/div>\n<div class=\"row well\">\n<p><img decoding=\"async\" class=\"fr-fic fr-dii\" src=\"https:\/\/ftp3.syscom.mx\/usuarios\/jsosa\/HIKVISION\/imagenes\/logo\/hikvision%20see%20far.png\" \/><\/p>\n<p>&nbsp;<\/p>\n<div class=\"row\">\n<div class=\"col-sm-4\">\n<div>\n<p><strong>Caracter\u00edsticas principales:<\/strong><\/p>\n<ul>\n<li>Resolucion: 1920 X 1080 (2 Megapixel)<\/li>\n<li>WDR Real 120 dB \/ AGC \/ 3D DNR \/ BLC<\/li>\n<li>No incluye lente.<\/li>\n<li>Dia \/ Noche Filtro ICR.<\/li>\n<li>Iluminacion minima: 0.005 Lux (Ultra baja iluminacion).<\/li>\n<li>Sensor de 1\/2.7&#8243;<\/li>\n<\/ul>\n<\/div>\n<\/div>\n<div class=\"col-sm-4\">\n<div>\n<p><strong>Caracter\u00edsticas F\u00edsicas y El\u00e9ctricas:<\/strong><\/p>\n<ul>\n<li>Alimentaci\u00f3n \/ consumo: 12 Vcc \/ 3 Watts.<\/li>\n<li>Temperatura de operacion: -30 \u00baC hasta 60 \u00baC.<\/li>\n<li>Dimensiones: 69.29 x 54 x 56 mm (W \u00d7 D \u00d7 H)<\/li>\n<li>Peso: 175 grs.<\/li>\n<li>Fabricado en metal.<\/li>\n<li>Garant\u00eda: 2 a\u00f1os.<\/li>\n<\/ul>\n<\/div>\n<\/div>\n<div class=\"col-sm-4\">\n<div>\n<p><strong>Caracter\u00edsticas Destacadas:<\/strong>Compatible con todos los gabinetes del mercado para que pueda adaptar la proteccion IP66 \/ IP67.<\/p>\n<\/div>\n<\/div>\n<\/div>\n<p>&nbsp;<\/p>\n<p>&nbsp;<\/p>\n<h1><strong>Recursos<\/strong><\/h1>\n<p>&nbsp;<\/p>\n<div class=\"row default_margin_bottom\">\n<div class=\"col-sm-4\"><a href=\"https:\/\/www.hikvision.com\/es-la\/support\/download\/software\/ivms4200-series\/?q=serie%20ivms4200&amp;position=1\" target=\"_blank\" rel=\"noopener\"><img decoding=\"async\" class=\"img-responsive\" src=\"https:\/\/ftp3.syscom.mx\/usuarios\/gmagos\/HIK\/IP\/IPC\/Imagenes%20pagina\/Descargas%20IVMS4200.jpg\" \/><\/a><\/div>\n<div class=\"col-sm-4\"><a href=\"https:\/\/appstore.hikvision.com\/\" target=\"_blank\" rel=\"noopener\"><img decoding=\"async\" class=\"img-responsive\" src=\"https:\/\/ftp3.syscom.mx\/usuarios\/gmagos\/HIK\/IP\/IPC\/Imagenes%20pagina\/Descargas%20de%20app.jpg\" \/><\/a><\/div>\n<div class=\"col-sm-4\"><a href=\"https:\/\/ftp3.syscom.mx\/usuarios\/emendoza\/elesbanmch\/HIKVISON\/SPECS\/Especificaciones%20DS-2CC12D8T-AMM.pdf\" target=\"_blank\" rel=\"noopener\"><img decoding=\"async\" class=\"img-responsive\" src=\"https:\/\/ftp3.syscom.mx\/usuarios\/gmagos\/HIK\/IP\/IPC\/Imagenes%20pagina\/Descarga%20de%20PDF.jpg\" \/><\/a><\/div>\n<\/div>\n<p>&nbsp;<\/p>\n<\/div>\n<\/div>\n<\/div>\n<\/div>\n<\/div>\n<\/div>\n<p><img decoding=\"async\" class=\"aligncenter\" src=\"https:\/\/tracker.metricool.com\/c3po.jpg?hash=95c94f37730bb8f54dd4308f1f878f9\" \/><\/p>\n","protected":false},"excerpt":{"rendered":"<p>Informaci\u00f3n de Producto C\u00e1mara Tipo Box (Profesional) TURBOHD 2 Megapixel (1080p) \/ Dise\u00f1o Compacto \/ Ultra Baja Iluminaci\u00f3n \/ WDR Real 120 dB \/ 4 Tecnolog\u00edas (TVI \/ AHD \/ CVI \/ CVBS) \/ 12 Vcc Modelo:\u00a0DS-2CC12D8T-AMM Marca:\u00a0HIKVISION Especificaciones: &nbsp; Caracter\u00edsticas principales: Resolucion: 1920 X&hellip;<\/p>\n","protected":false},"featured_media":2129,"comment_status":"open","ping_status":"closed","template":"","meta":{"om_disable_all_campaigns":false,"_monsterinsights_skip_tracking":false,"_monsterinsights_sitenote_active":false,"_monsterinsights_sitenote_note":"","_monsterinsights_sitenote_category":0},"product_brand":[],"product_cat":[51],"product_tag":[42,38,52,37],"class_list":{"0":"post-864","1":"product","2":"type-product","3":"status-publish","4":"has-post-thumbnail","6":"product_cat-profesionales-caja","7":"product_tag-camaras","8":"product_tag-camaras-de-seguridad","9":"product_tag-camaras-profesionales","10":"product_tag-hikvision","12":"first","13":"instock","14":"taxable","15":"shipping-taxable","16":"product-type-simple"},"aioseo_notices":[],"_links":{"self":[{"href":"https:\/\/tecsecmty.com\/index.php\/wp-json\/wp\/v2\/product\/864","targetHints":{"allow":["GET"]}}],"collection":[{"href":"https:\/\/tecsecmty.com\/index.php\/wp-json\/wp\/v2\/product"}],"about":[{"href":"https:\/\/tecsecmty.com\/index.php\/wp-json\/wp\/v2\/types\/product"}],"replies":[{"embeddable":true,"href":"https:\/\/tecsecmty.com\/index.php\/wp-json\/wp\/v2\/comments?post=864"}],"version-history":[{"count":3,"href":"https:\/\/tecsecmty.com\/index.php\/wp-json\/wp\/v2\/product\/864\/revisions"}],"predecessor-version":[{"id":2131,"href":"https:\/\/tecsecmty.com\/index.php\/wp-json\/wp\/v2\/product\/864\/revisions\/2131"}],"wp:featuredmedia":[{"embeddable":true,"href":"https:\/\/tecsecmty.com\/index.php\/wp-json\/wp\/v2\/media\/2129"}],"wp:attachment":[{"href":"https:\/\/tecsecmty.com\/index.php\/wp-json\/wp\/v2\/media?parent=864"}],"wp:term":[{"taxonomy":"product_brand","embeddable":true,"href":"https:\/\/tecsecmty.com\/index.php\/wp-json\/wp\/v2\/product_brand?post=864"},{"taxonomy":"product_cat","embeddable":true,"href":"https:\/\/tecsecmty.com\/index.php\/wp-json\/wp\/v2\/product_cat?post=864"},{"taxonomy":"product_tag","embeddable":true,"href":"https:\/\/tecsecmty.com\/index.php\/wp-json\/wp\/v2\/product_tag?post=864"}],"curies":[{"name":"wp","href":"https:\/\/api.w.org\/{rel}","templated":true}]}}