{"id":8641,"date":"2023-02-23T22:27:05","date_gmt":"2023-02-24T04:27:05","guid":{"rendered":"https:\/\/tecsecmty.com\/index.php\/producto\/bosch-a_aecaec21ext1-carcasa-de-extension-psu1-ofertasaaa\/"},"modified":"2023-03-22T23:20:54","modified_gmt":"2023-03-23T05:20:54","slug":"bosch-a_aecaec21ext1-carcasa-de-extension-psu1-ofertasaaa","status":"publish","type":"product","link":"https:\/\/tecsecmty.com\/index.php\/producto\/bosch-a_aecaec21ext1-carcasa-de-extension-psu1-ofertasaaa\/","title":{"rendered":"BOSCH A_AECAEC21EXT1 &#8211; Carcasa de extension \/ PSU1 #OfertasAAA"},"content":{"rendered":"<h5 class=\"card-title text-center\">CARCASA DE EXTENSION\/ PSU1<\/h5>\n<p class=\"ql-align-justify\">El sistema\u00a0<strong>Access Easy Controller 2.1 (AEC2.1)<\/strong>\u00a0es un controlador de accesos de nueva generaci\u00f3n basado en Web IP que combina las exclusivas funciones de un servidor Web embebido, la integraci\u00f3n de\u00a0<strong>CCTV\u00a0<\/strong>y un sistema de seguridad en una unidad completa.<\/p>\n<p class=\"ql-align-justify\">Carcasa de extensi\u00f3n del sistema\u00a0<strong>Access Easy Controller 2.1<\/strong>\u00a0con unidad de fuente de alimentaci\u00f3n de\u00a0<strong>100-240 VCA.<\/strong><\/p>\n<p class=\"ql-align-justify\">\n<p class=\"ql-align-justify\"><strong>Nota: AEC2.1 Carcasa principal, PSU1<\/strong>\u00a0Carcasa para el sistema\u00a0<strong>Access Easy Controller 2.1<\/strong>\u00a0con placa de\u00a0<strong>CPU<\/strong>,placa con 4 interfaces de lectora\u00a0<strong>Wiegand<\/strong>, unidad de fuente de alimentaci\u00f3n de\u00a0<strong>100-240 VCA<\/strong>,\u00a0<strong>Compact Flash<\/strong>\u00a0con aplicaci\u00f3n de software, gu\u00eda de inicio r\u00e1pido y\u00a0<strong>CD-ROM<\/strong>\u00a0con las herramientas y manuales de software.<\/p>\n<p class=\"ql-align-justify\">\u00a0<strong>Especificaciones t\u00e9cnicas<\/strong><\/p>\n<ul>\n<li class=\"ql-align-justify\">Dimensiones Carcasa (Al. x An. x Pr.) 400 x 400 x 94 mm. (15,75 x 15,75 x 3,7 pulg.)<\/li>\n<li class=\"ql-align-justify\">Condiciones ambientales Humedad relativa Del 10% al 90% a 32 \u00b0C (+90 \u00b0F).<\/li>\n<li class=\"ql-align-justify\">Temperatura (en funcionamiento) De 0 \u00b0C a +50 \u00b0C (de 32 \u00b0F a 120 \u00b0F).<\/li>\n<li class=\"ql-align-justify\">Temperatura (almacenamiento) De 0 \u00b0C a +55 \u00b0C (de 32 \u00b0F a 130 \u00b0F).<\/li>\n<\/ul>\n<p class=\"ql-align-justify\">\n<p class=\"ql-align-justify\">\n<p><img decoding=\"async\" class=\"overview-center-img- aligncenter\" src=\"https:\/\/tvc.mx\/media\/3397\/Logoopaginas-oficial.png\" alt=\"\" \/><\/p>\n","protected":false},"excerpt":{"rendered":"<p>CARCASA DE EXTENSION\/ PSU1 El sistema\u00a0Access Easy Controller 2.1 (AEC2.1)\u00a0es un controlador de accesos de nueva generaci\u00f3n basado en Web IP que combina las exclusivas funciones de un servidor Web embebido, la integraci\u00f3n de\u00a0CCTV\u00a0y un sistema de seguridad en una unidad completa. Carcasa de extensi\u00f3n&hellip;<\/p>\n","protected":false},"featured_media":8640,"comment_status":"open","ping_status":"closed","template":"","meta":{"om_disable_all_campaigns":false,"_monsterinsights_skip_tracking":false,"_monsterinsights_sitenote_active":false,"_monsterinsights_sitenote_note":"","_monsterinsights_sitenote_category":0},"product_brand":[],"product_cat":[805],"product_tag":[81,727,730,66,731,728,729],"class_list":{"0":"post-8641","1":"product","2":"type-product","3":"status-publish","4":"has-post-thumbnail","6":"product_cat-controladores-y-distribuidores","7":"product_tag-acceso-y-asistencia","8":"product_tag-cerraduras","9":"product_tag-commax-wulian","10":"product_tag-dahua","11":"product_tag-wejoin","12":"product_tag-yli","13":"product_tag-zkteco","15":"first","16":"instock","17":"sale","18":"taxable","19":"shipping-taxable","20":"purchasable","21":"product-type-simple"},"aioseo_notices":[],"_links":{"self":[{"href":"https:\/\/tecsecmty.com\/index.php\/wp-json\/wp\/v2\/product\/8641","targetHints":{"allow":["GET"]}}],"collection":[{"href":"https:\/\/tecsecmty.com\/index.php\/wp-json\/wp\/v2\/product"}],"about":[{"href":"https:\/\/tecsecmty.com\/index.php\/wp-json\/wp\/v2\/types\/product"}],"replies":[{"embeddable":true,"href":"https:\/\/tecsecmty.com\/index.php\/wp-json\/wp\/v2\/comments?post=8641"}],"version-history":[{"count":0,"href":"https:\/\/tecsecmty.com\/index.php\/wp-json\/wp\/v2\/product\/8641\/revisions"}],"wp:featuredmedia":[{"embeddable":true,"href":"https:\/\/tecsecmty.com\/index.php\/wp-json\/wp\/v2\/media\/8640"}],"wp:attachment":[{"href":"https:\/\/tecsecmty.com\/index.php\/wp-json\/wp\/v2\/media?parent=8641"}],"wp:term":[{"taxonomy":"product_brand","embeddable":true,"href":"https:\/\/tecsecmty.com\/index.php\/wp-json\/wp\/v2\/product_brand?post=8641"},{"taxonomy":"product_cat","embeddable":true,"href":"https:\/\/tecsecmty.com\/index.php\/wp-json\/wp\/v2\/product_cat?post=8641"},{"taxonomy":"product_tag","embeddable":true,"href":"https:\/\/tecsecmty.com\/index.php\/wp-json\/wp\/v2\/product_tag?post=8641"}],"curies":[{"name":"wp","href":"https:\/\/api.w.org\/{rel}","templated":true}]}}