{"id":8643,"date":"2023-02-23T22:27:10","date_gmt":"2023-02-24T04:27:10","guid":{"rendered":"https:\/\/tecsecmty.com\/index.php\/producto\/bosch-a_apcamc22wcf-controlador-de-acceso-2-puertos-wiegand\/"},"modified":"2023-03-22T23:20:59","modified_gmt":"2023-03-23T05:20:59","slug":"bosch-a_apcamc22wcf-controlador-de-acceso-2-puertos-wiegand","status":"publish","type":"product","link":"https:\/\/tecsecmty.com\/index.php\/producto\/bosch-a_apcamc22wcf-controlador-de-acceso-2-puertos-wiegand\/","title":{"rendered":"BOSCH A_APCAMC22WCF- CONTROLADOR DE ACCESO 2 PUERTOS WIEGAND"},"content":{"rendered":"<div class=\"row aling-items-center padding-bottom-2x\">\n<div class=\"col-lg-12\">\n<h5 class=\"card-title text-center\">APC-AMC2-2WCF<\/h5>\n<p>Panel de control de acceso 2 puertas<\/p>\n<p><img decoding=\"async\" class=\"overview-center-img-web\" src=\"https:\/\/tvc.mx\/media\/182389\/BANNER-ACCESO.png\" alt=\"\" \/><\/div>\n<\/div>\n<div class=\"row align-items-center padding-bottom-2x\">\n<div class=\"col-md-5 order-md-2\"><img decoding=\"async\" class=\"d-block m-auto img-thumbnail\" src=\"https:\/\/tvc.mx\/media\/182413\/Sin-t%C3%ADtulo-11111.png\" alt=\" \" \/><\/div>\n<div class=\"col-md-7 order-md-1 text-md-left text-center\">\n<h2>Descripci\u00f3n inicial<\/h2>\n<p class=\"text-muted\">\n<p class=\"ql-align-justify\">El Controlador Modular de Acceso (AMC) es compatible con Access Professional Edition (APE), BIS Access Engine (ACE) y Access Management System (AMS). El dispositivo es capaz de controlar hasta dos lectores de tarjetas Wiegand. Est\u00e1 dise\u00f1ado para procesar completamente la l\u00f3gica de acceso en los puntos de acceso asignados. Los puntos de acceso constan de puertas, compuertas, barreras, tornos, puertas giratorias, esclusas, lectores de tarjetas de identificaci\u00f3n (ID) elementos de apertura de puertas y sensores. El controlador almacena toda la informaci\u00f3n necesaria en una memoria almacenada por bater\u00eda y en un elemento de almacenamiento Flash compacto. Incluso cuando la unidad est\u00e1 fuera de l\u00ednea, es capaz de realizar: \u2022 Comprobaciones de estado y autorizaci\u00f3n independientes en los puntos de acceso \u2022 Tomar decisiones de acceso \u2022 Activar y desactivar los elementos perif\u00e9ricos conectados \u2022 Detectar y registrar todos los eventos relevantes Todas las versiones del producto utilizan conexiones cifradas entre el controlador modular de acceso y el sistema host.<\/p>\n<p>&nbsp;<\/p>\n<\/div>\n<\/div>\n<hr class=\"padding-bottom-2x\" \/>\n<div class=\"row align-items-center padding-bottom-2x\">\n<div class=\"col-md-5\"><img decoding=\"async\" class=\"d-block m-auto img-thumbnail\" src=\"https:\/\/tvc.mx\/media\/182453\/Sin-t%C3%ADtulo-9pppppp.png\" alt=\" \" \/><\/div>\n<div class=\"col-md-7 text-md-left text-center\">\n<h2>Caracter\u00edsticas y Especificaciones<\/h2>\n<p class=\"text-muted\">\n<p>\u2022 Verificaci\u00f3n de acceso online y offline autosuficiente<\/p>\n<p>\u2022 Funcionamiento de configuraciones de punto de acceso complejas<\/p>\n<p>\u2022 Salidas digitales para activar c\u00e1maras, luces de se\u00f1al, etc.<\/p>\n<p>\u2022 Registro, almacenamiento y reenv\u00edo de eventos relacionados con el acceso<\/p>\n<p class=\"ql-align-justify\">Notas de configuraci\u00f3n\/instalaci\u00f3n<\/p>\n<p class=\"ql-align-justify\">Entradas Las entradas aceptan tanto se\u00f1ales binarias como anal\u00f3gicas. Un ejemplo de uso anal\u00f3gico ser\u00eda la detecci\u00f3n de saltos de cable o cortocircuitos basada en un rango de valores de impedancia. Salidas Las salidas de rel\u00e9 ofrecen los siguientes modos de funcionamiento: \u2022 modo seco: modo en el que el controlador modular de acceso conmuta la tensi\u00f3n y la alimentaci\u00f3n a las salidas de una fuente externa, por ejemplo, para interconectar con entradas electr\u00f3nicas \u2022 modo h\u00famedo: en el que el controlador modular de acceso conmuta la tensi\u00f3n y la alimentaci\u00f3n a las salidas, por ejemplo, para manejar los pestillos directamente Restricciones de cantidad \u2022 M\u00e1ximo de 2 puntos de acceso\/entradas \u2022 M\u00e1ximo de 2 lectores de tarjetas ID \u2022 M\u00e1ximo de 4 dispositivos perif\u00e9ricos a trav\u00e9s del bus de extensi\u00f3n RS485 que admiten: 1 tarjeta de ampliaci\u00f3n de lector Wiegand 3 tarjetas de ampliaci\u00f3n de E\/S \u2022 M\u00e1ximo de 200.000 titulares de tarjetas<\/p>\n<p class=\"ql-align-justify\">Interfaces Wiegand Este controlador de acceso tiene dos conexiones para conectar hasta dos lectores de tarjetas ID. Las siguientes definiciones se aplican a la interfaz Wiegand: \u2022 Interfaz de 10 cables (mallado incluido) \u2022 Longitud de cable m\u00e1xima de 158 m (500 pies) hasta el lector de tarjetas de ID<\/p>\n<\/div>\n<\/div>\n","protected":false},"excerpt":{"rendered":"<p>APC-AMC2-2WCF Panel de control de acceso 2 puertas Descripci\u00f3n inicial El Controlador Modular de Acceso (AMC) es compatible con Access Professional Edition (APE), BIS Access Engine (ACE) y Access Management System (AMS). El dispositivo es capaz de controlar hasta dos lectores de tarjetas Wiegand. Est\u00e1&hellip;<\/p>\n","protected":false},"featured_media":8642,"comment_status":"open","ping_status":"closed","template":"","meta":{"om_disable_all_campaigns":false,"_monsterinsights_skip_tracking":false,"_monsterinsights_sitenote_active":false,"_monsterinsights_sitenote_note":"","_monsterinsights_sitenote_category":0},"product_brand":[],"product_cat":[805],"product_tag":[81,727,730,66,731,728,729],"class_list":{"0":"post-8643","1":"product","2":"type-product","3":"status-publish","4":"has-post-thumbnail","6":"product_cat-controladores-y-distribuidores","7":"product_tag-acceso-y-asistencia","8":"product_tag-cerraduras","9":"product_tag-commax-wulian","10":"product_tag-dahua","11":"product_tag-wejoin","12":"product_tag-yli","13":"product_tag-zkteco","15":"first","16":"instock","17":"sale","18":"taxable","19":"shipping-taxable","20":"purchasable","21":"product-type-simple"},"aioseo_notices":[],"_links":{"self":[{"href":"https:\/\/tecsecmty.com\/index.php\/wp-json\/wp\/v2\/product\/8643","targetHints":{"allow":["GET"]}}],"collection":[{"href":"https:\/\/tecsecmty.com\/index.php\/wp-json\/wp\/v2\/product"}],"about":[{"href":"https:\/\/tecsecmty.com\/index.php\/wp-json\/wp\/v2\/types\/product"}],"replies":[{"embeddable":true,"href":"https:\/\/tecsecmty.com\/index.php\/wp-json\/wp\/v2\/comments?post=8643"}],"version-history":[{"count":0,"href":"https:\/\/tecsecmty.com\/index.php\/wp-json\/wp\/v2\/product\/8643\/revisions"}],"wp:featuredmedia":[{"embeddable":true,"href":"https:\/\/tecsecmty.com\/index.php\/wp-json\/wp\/v2\/media\/8642"}],"wp:attachment":[{"href":"https:\/\/tecsecmty.com\/index.php\/wp-json\/wp\/v2\/media?parent=8643"}],"wp:term":[{"taxonomy":"product_brand","embeddable":true,"href":"https:\/\/tecsecmty.com\/index.php\/wp-json\/wp\/v2\/product_brand?post=8643"},{"taxonomy":"product_cat","embeddable":true,"href":"https:\/\/tecsecmty.com\/index.php\/wp-json\/wp\/v2\/product_cat?post=8643"},{"taxonomy":"product_tag","embeddable":true,"href":"https:\/\/tecsecmty.com\/index.php\/wp-json\/wp\/v2\/product_tag?post=8643"}],"curies":[{"name":"wp","href":"https:\/\/api.w.org\/{rel}","templated":true}]}}