{"id":8645,"date":"2023-02-23T22:27:11","date_gmt":"2023-02-24T04:27:11","guid":{"rendered":"https:\/\/tecsecmty.com\/index.php\/producto\/bosch-a_apcamc24r4cf-control-de-acceso-4-lectoras-rs485-8-entradas-8-salidas\/"},"modified":"2023-03-22T23:20:59","modified_gmt":"2023-03-23T05:20:59","slug":"bosch-a_apcamc24r4cf-control-de-acceso-4-lectoras-rs485-8-entradas-8-salidas","status":"publish","type":"product","link":"https:\/\/tecsecmty.com\/index.php\/producto\/bosch-a_apcamc24r4cf-control-de-acceso-4-lectoras-rs485-8-entradas-8-salidas\/","title":{"rendered":"BOSCH A_APCAMC24R4CF &#8211; Control de acceso \/ 4 Lectoras RS485 \/ 8 Entradas \/ 8 Salidas"},"content":{"rendered":"<div class=\"row aling-items-center padding-bottom-2x\">\n<div class=\"col-lg-12\">\n<p class=\"ql-align-justify\"><strong>El AMC2 (controlador de acceso modular)<\/strong>\u00a0se usa como un controlador de acceso en los sistemas de control de acceso<strong>\u00a0ACE (ACCESS ENGINE)<\/strong>\u00a0de la versi\u00f3n 2.0 en adelante,<strong>\u00a0Access Personal Edition y Access Professional Edition.<\/strong>\u00a0El dispositivo controla un grupo de uno a ocho puntos de acceso. Dichos puntos de acceso, tambi\u00e9n conocidos como entradas, est\u00e1n conformados principalmente por puertas, portones, barreras, molinetes, puertas giratorias, esclusas, lectoras de tarjetas de identificaci\u00f3n, elementos y sensores de apertura de puertas.<\/p>\n<p><img decoding=\"async\" class=\"overview-center-img- aligncenter\" src=\"https:\/\/tvc.mx\/media\/3143\/Logoopaginas-oficial.png\" alt=\"\" \/><\/div>\n<\/div>\n<div class=\"row aling-items-center padding-bottom-2x\">\n<div class=\"col-lg-12\">\n<p class=\"ql-align-justify\"><strong>El AMC2<\/strong>\u00a0puede controlar hasta ocho lectoras de tarjetas de<\/p>\n<p class=\"ql-align-justify\">identificaci\u00f3n (seg\u00fan el tipo de lectora) y est\u00e1 dise\u00f1ado para procesar por completo la l\u00f3gica de acceso en las entradas establecidas.<\/p>\n<p class=\"ql-align-justify\">Las verificaciones de estado se pueden realizar mediante las ocho entradas an\u00e1logas. Las ocho salidas de rel\u00e9 se usan para activar los elementos de apertura de puertas o generar la activaci\u00f3n y se\u00f1alizaci\u00f3n de seguridad.<\/p>\n<p class=\"ql-align-justify\"><strong>El AMC2\u00a0<\/strong>almacena toda la informaci\u00f3n necesaria en una memoria con b\u00fafer de bater\u00eda y un elemento de almacenamiento flash compacto de manera que, a\u00fan cuando la unidad est\u00e1 desconectada,<\/p>\n<p class=\"ql-align-justify\">puede realizar verificaciones de autorizaci\u00f3n independientes en los puntos de acceso, tomar decisiones de acceso, controlar los elementos de apertura y cierre y registrar eventos de movimiento.<\/p>\n<\/div>\n<\/div>\n<div class=\"row aling-items-center padding-bottom-2x\">\n<div class=\"col-lg-12\">\n<p class=\"ql-align-justify\">Como se ve en el diagrama, el<strong>\u00a0AMC2<\/strong>\u00a0est\u00e1 integrado entre el sistema host\u00a0<strong>(por ejemplo, Access Engine)<\/strong>\u00a0y los dispositivos perif\u00e9ricos.<\/p>\n<p class=\"ql-align-justify\">Estos est\u00e1n conectados al sistema host mediante\u00a0<strong>RS485, RS232 (por ejemplo, funcionamiento con m\u00f3dem) o Ethernet,<\/strong>\u00a0seg\u00fan el tama\u00f1o del sistema. La interfaz de host pertinente se selecciona durante la instalaci\u00f3n. Las tres interfaces se encuentran disponibles en el dispositivo de forma predeterminada. El funcionamiento de\u00a0<strong>RS485<\/strong>\u00a0permite conectar\u00a0<strong>un m\u00e1ximo de ocho AMC2<\/strong>\u00a0a una l\u00ednea.<\/p>\n<p class=\"ql-align-justify\">Cuenta con hasta cuatro ranuras en el bus perif\u00e9rico para las lectoras, incluida la ranura para la fuente de alimentaci\u00f3n.<\/p>\n<\/div>\n<\/div>\n<div class=\"row aling-items-center padding-bottom-2x\">\n<div class=\"col-lg-12\">\n<p class=\"ql-align-justify\"><strong>Funciones b\u00e1sicas<\/strong><\/p>\n<ul>\n<li class=\"ql-align-justify\"><strong>Almacenamiento de datos descargados seg\u00fan se indica a continuaci\u00f3n:<\/strong><\/li>\n<\/ul>\n<ol>\n<li class=\"ql-align-justify\">Datos maestros.<\/li>\n<li class=\"ql-align-justify\">Autorizaciones.<\/li>\n<li class=\"ql-align-justify\">Modelos de acceso.<\/li>\n<li class=\"ql-align-justify\">Textos exhibidos.<\/li>\n<li class=\"ql-align-justify\">Configuraci\u00f3n de las lectoras.<\/li>\n<\/ol>\n<ul>\n<li class=\"ql-align-justify\"><strong>Interpretaci\u00f3n de los datos de transacci\u00f3n de la lectora<\/strong><\/li>\n<\/ul>\n<ol>\n<li class=\"ql-align-justify\">Verificaci\u00f3n de autorizaci\u00f3n.<\/li>\n<li class=\"ql-align-justify\">Solicitud de host.<\/li>\n<li class=\"ql-align-justify\">C\u00f3digo PIN.<\/li>\n<\/ol>\n<ul>\n<li class=\"ql-align-justify\"><strong>Control\/monitoreo.<\/strong><\/li>\n<\/ul>\n<p class=\"ql-align-justify\">Denegaci\u00f3n de acceso o desbloqueo de puerta<\/p>\n<ol>\n<li class=\"ql-align-justify\">Activaci\u00f3n de alarma<\/li>\n<li class=\"ql-align-justify\">Estados de las puertas<\/li>\n<li class=\"ql-align-justify\">Estados de la operaci\u00f3n de las lectoras<\/li>\n<li class=\"ql-align-justify\">Estados internos de las alarmas<\/li>\n<\/ol>\n<ul>\n<li class=\"ql-align-justify\"><strong>Mensajes a Access Engine<\/strong><\/li>\n<\/ul>\n<ol>\n<li class=\"ql-align-justify\">Solicitudes de host.<\/li>\n<li class=\"ql-align-justify\">Datos de transacci\u00f3n para el almacenamiento.<\/li>\n<li class=\"ql-align-justify\">Mensajes de error y mal funcionamiento.<\/li>\n<li class=\"ql-align-justify\">Mensajes de alarma.<\/li>\n<\/ol>\n<ul>\n<li class=\"ql-align-justify\"><strong>Fuente de alimentaci\u00f3n para<\/strong><\/li>\n<\/ul>\n<ol>\n<li class=\"ql-align-justify\">Lectoras<\/li>\n<li class=\"ql-align-justify\">Abridores de puertas<\/li>\n<li class=\"ql-align-justify\">Alimentaci\u00f3n de corriente de contacto<\/li>\n<\/ol>\n<\/div>\n<\/div>\n<div class=\"row aling-items-center padding-bottom-2x\">\n<div class=\"col-lg-12\">\n<p><strong>Planificaci\u00f3n<\/strong><\/p>\n<p><strong>Fuente de alimentaci\u00f3n<\/strong><\/p>\n<p>Se conecta una fuente de alimentaci\u00f3n externa\u00a0<strong>(de 10 a 30 V CC)\u00a0<\/strong>para el\u00a0<strong>AMC2\u00a0<\/strong>a la primera clavija (positiva) y a la tercera clavija (negativa).<\/p>\n<p>Cuando se usa una fuente de alimentaci\u00f3n ininterrumpible\u00a0<strong>(Uninterruptible Power Supply, UPS)<\/strong>, el rel\u00e9 de salida de\u00a0<strong>UPS<\/strong>\u00a0correspondiente se conecta a las clavijas:<\/p>\n<ul>\n<li>4 y 7 para la corriente alterna.<\/li>\n<li>5 y 7 para la bater\u00eda.<\/li>\n<li>6 y 7 para la corriente continua.<\/li>\n<\/ul>\n<p>De lo contrario, los clavijas har\u00e1n cortocircuito.<\/p>\n<\/div>\n<\/div>\n<div class=\"row aling-items-center padding-bottom-2x\">\n<div class=\"col-lg-12\">\n<p class=\"ql-align-justify\"><strong>Conexiones de host<\/strong><\/p>\n<p class=\"ql-align-justify\"><strong>Interfaces de host RS232<\/strong><\/p>\n<p class=\"ql-align-justify\">La aplicaci\u00f3n<strong>\u00a0Access Engine<\/strong>\u00a0administra hasta\u00a0<strong>32<\/strong>\u00a0conexiones seriales directas (<strong>puertos<\/strong>), lo que en teor\u00eda permite conectar directamente<strong>\u00a032 AMC2 en serie<\/strong>.<\/p>\n<p class=\"ql-align-justify\"><strong>Nota:<\/strong>\u00a0Dado que las PC solo cuentan con un m\u00e1ximo de dos interfaces COM de manera predeterminada, es preferible utilizar las siguientes variantes de conexi\u00f3n para las configuraciones con m\u00e1s de dos AMC2:<\/p>\n<\/div>\n<\/div>\n<div class=\"row aling-items-center padding-bottom-2x\">\n<div class=\"col-lg-12\">\n<p class=\"ql-align-justify\"><strong>Conexiones con la lectora de tarjetas de identificaci\u00f3n<\/strong><\/p>\n<p class=\"ql-align-justify\"><strong>Interfaces Wiegand<\/strong><\/p>\n<p class=\"ql-align-justify\"><strong>El AMC2 4W<\/strong>\u00a0cuenta con cuatro conexiones para conectar hasta cuatro lectoras de tarjetas de identificaci\u00f3n.<\/p>\n<p class=\"ql-align-justify\">Las interfaces de la lectora de tarjetas de identificaci\u00f3n y de los elementos de control de puertas se dividen en cuatro canales y cada uno cuenta con cuatro enchufes de conexi\u00f3n.<\/p>\n<p class=\"ql-align-justify\"><strong>Las siguientes definiciones aplican a la interfaz Wiegand:<\/strong><\/p>\n<ul>\n<li class=\"ql-align-justify\">Interfaz de 10 cables (incluida la protecci\u00f3n).<\/li>\n<li class=\"ql-align-justify\"><strong>Largo m\u00e1ximo<\/strong>\u00a0del cable de\u00a0<strong>158 metros<\/strong>\u00a0(500 pies) hasta la lectora de tarjetas de identificaci\u00f3n.<\/li>\n<li class=\"ql-align-justify\">Formato Wiegand de\u00a0<strong>26 bits<\/strong>.<\/li>\n<li class=\"ql-align-justify\">Formato Wiegand de\u00a0<strong>37 bits<\/strong>.<\/li>\n<\/ul>\n<p class=\"ql-align-justify\"><strong>Configuraci\u00f3n predeterminada de la interfaz Wiegand en la lectora de tarjetas de identificaci\u00f3n:<\/strong><\/p>\n<ul>\n<li class=\"ql-align-justify\">1 Alimentaci\u00f3n de la lectora de 12 V.<\/li>\n<li class=\"ql-align-justify\">2 Alimentaci\u00f3n de la lectora de 12 V.<\/li>\n<li class=\"ql-align-justify\">3 L\u00ednea de datos 0.<\/li>\n<li class=\"ql-align-justify\">4 L\u00ednea de datos 1.<\/li>\n<li class=\"ql-align-justify\">5 Protecci\u00f3n.<\/li>\n<li class=\"ql-align-justify\">6 LED verde.<\/li>\n<li class=\"ql-align-justify\">7 LED rojo.<\/li>\n<li class=\"ql-align-justify\">8 Se\u00f1al ac\u00fastica.<\/li>\n<li class=\"ql-align-justify\">9 Retraso.<\/li>\n<li class=\"ql-align-justify\">10 Mostrar tarjeta.<\/li>\n<\/ul>\n<\/div>\n<\/div>\n<div class=\"row aling-items-center padding-bottom-2x\">\n<div class=\"col-lg-12\">\n<p class=\"ql-align-justify\"><strong>Interfaces RS485<\/strong><\/p>\n<p class=\"ql-align-justify\"><strong>El AMC2 4R4<\/strong>\u00a0cuenta con cuatro conexiones para conectar hasta ocho lectoras de tarjetas de identificaci\u00f3n.<\/p>\n<p class=\"ql-align-justify\">Las interfaces se dividen en dos buses: Todas las lectoras posibles (hasta ocho) se pueden conectar a una interfaz.<\/p>\n<p class=\"ql-align-justify\"><strong>Definici\u00f3n de la interfaz RS485:<\/strong><\/p>\n<ul>\n<li class=\"ql-align-justify\"><strong>Interfaz de 2 cables<\/strong>: se conecta mediante un conector de 10 clavijas enchufable.<\/li>\n<li class=\"ql-align-justify\">Largo m\u00e1ximo del bus:\u00a0<strong>1200 metros<\/strong>.<\/li>\n<li class=\"ql-align-justify\">Velocidad de trasferencia:\u00a0<strong>9,6 o 19,2 kBit\/s<\/strong>.<\/li>\n<\/ul>\n<\/div>\n<\/div>\n<div class=\"row aling-items-center padding-bottom-2x\">\n<div class=\"col-lg-12\">\n<p class=\"ql-align-justify\"><strong>Configuraci\u00f3n predeterminada de la interfaz RS485 en la lectora de tarjetas de identificaci\u00f3n:<\/strong><\/p>\n<ul>\n<li class=\"ql-align-justify\">1 Alimentaci\u00f3n de la lectora de 12 V.<\/li>\n<li class=\"ql-align-justify\">2 Alimentaci\u00f3n de la lectora de 12 V.<\/li>\n<li class=\"ql-align-justify\">3 Protecci\u00f3n.<\/li>\n<li class=\"ql-align-justify\">4 Datos RxTx+.<\/li>\n<li class=\"ql-align-justify\">5 Datos RxTx-.<\/li>\n<li class=\"ql-align-justify\">6 Protecci\u00f3n de datos (PAG).<\/li>\n<li class=\"ql-align-justify\">7 No conectado.<\/li>\n<li class=\"ql-align-justify\">8 No conectado.<\/li>\n<li class=\"ql-align-justify\">9 No conectado.<\/li>\n<li class=\"ql-align-justify\">10 No conectado.<\/li>\n<\/ul>\n<\/div>\n<\/div>\n<div class=\"row aling-items-center padding-bottom-2x\">\n<div class=\"col-lg-12\">\n<p class=\"ql-align-justify\"><strong>Modelos de lectoras y puertas<\/strong><\/p>\n<p class=\"ql-align-justify\"><strong>El AMC2<\/strong>\u00a0controla la lectora conectada mediante modelos de puerta predefinidos.<\/p>\n<p class=\"ql-align-justify\"><strong>Los modelos de puerta funcionan de acuerdo con los requisitos de seguridad correspondientes:<\/strong><\/p>\n<ul>\n<li class=\"ql-align-justify\"><strong>Cantidad y uso de las lectoras conectadas al AMC2<\/strong>: Por ejemplo, lectoras de entrada y salida, botones y lectoras de entrada, etc.<\/li>\n<li class=\"ql-align-justify\"><strong>Cantidad y tipo de aplicaciones de las entradas AMC:<\/strong>\u00a0Por ejemplo, estado de puerta, bot\u00f3n de salida, posici\u00f3n de la puerta giratoria, GMA, etc.<\/li>\n<li class=\"ql-align-justify\"><strong>Cantidad y uso de salidas AMC:<\/strong>\u00a0Por ejemplo, abridor de puerta, contacto de esclusa, interruptor de luz de se\u00f1al, etc.<\/li>\n<\/ul>\n<p class=\"ql-align-justify\">La cantidad m\u00e1xima de entradas que puede administrar un\u00a0<strong>AMC2<\/strong>\u00a0se define, en \u00faltima instancia, seg\u00fan los modelos de puerta usados y sus requisitos respecto de las lectoras y la entrada o salida.<\/p>\n<\/div>\n<\/div>\n<div class=\"row aling-items-center padding-bottom-2x\">\n<div class=\"col-lg-12\">\n<p class=\"ql-align-justify\"><strong>Nota:<\/strong>\u00a0Por lo tanto, cuando planifique un sistema de acceso, primero debe designar los modelos de puerta correspondientes a todas las entradas que se deben controlar. S<strong>olo entonces podr\u00e1 configurar la lectora AMC.<\/strong><\/p>\n<\/div>\n<\/div>\n<div class=\"row aling-items-center padding-bottom-2x\">\n<div class=\"col-lg-12\">\n<p class=\"ql-align-justify\"><strong>Principales Caracter\u00edsticas:<\/strong><\/p>\n<ul>\n<li class=\"ql-align-justify\">Administrador de acceso inteligente para una hasta ocho entradas.<\/li>\n<li class=\"ql-align-justify\">Cuatro interfaces que incluyen la fuente de alimentaci\u00f3n de la lectora.<\/li>\n<li class=\"ql-align-justify\">Tarjeta flash compacta est\u00e1ndar de 2 GB.<\/li>\n<li class=\"ql-align-justify\">Pantalla LCD para mostrar la informaci\u00f3n.<\/li>\n<li class=\"ql-align-justify\">Interruptor para enviar y recibir con control autom\u00e1tico.<\/li>\n<\/ul>\n<p class=\"ql-align-justify\">\n<\/div>\n<\/div>\n<div class=\"row aling-items-center padding-bottom-2x\">\n<div class=\"col-lg-12\">\n<p class=\"ql-align-justify\"><strong>Especificaciones:<\/strong><\/p>\n<ul>\n<li class=\"ql-align-justify\">Hardware CPU RENESAS M32C84 microcontrolador integrado (32 bits, 30 MHz).<\/li>\n<li class=\"ql-align-justify\">512 kB-EPROM \/ FLASH.<\/li>\n<li class=\"ql-align-justify\">256 kB-SRAM.<\/li>\n<li class=\"ql-align-justify\">EEPROM serial.<\/li>\n<li class=\"ql-align-justify\">RTC.<\/li>\n<li class=\"ql-align-justify\">Flash compacto de 2 GB conectable.<\/li>\n<li class=\"ql-align-justify\">Bater\u00eda para SRAM y RTC.<\/li>\n<li class=\"ql-align-justify\">La direcci\u00f3n de host puede configurarse mediante un interruptor deslizante.<\/li>\n<li class=\"ql-align-justify\">Interfaz de host: &#8211; RS485 (2 o 4 hilos); Opto-desacoplado-RS232-Ethernet 10 \/ 100BaseT (TCP \/ IP) con RJ45.<\/li>\n<li class=\"ql-align-justify\">4 interfaces de lector: &#8211; Wiegand o &#8211; RS-485, 2 hilos, optoacoplado, 19.200 Bd.<\/li>\n<li class=\"ql-align-justify\">8 salidas de rel\u00e9: &#8211; m\u00e1x. voltaje de conmutaci\u00f3n: 30 V DC- m\u00e1x. corriente de conmutaci\u00f3n: 1,25 A.<\/li>\n<li class=\"ql-align-justify\">8 entradas anal\u00f3gicas supervisadas.<\/li>\n<li class=\"ql-align-justify\">Manibela de encendido.<\/li>\n<li class=\"ql-align-justify\">Bot\u00f3n de reinicio.<\/li>\n<li class=\"ql-align-justify\">Transferencia de datos encriptada.<\/li>\n<li class=\"ql-align-justify\">Temperatura 0 \u00b0 C a + 50 \u00b0 C (32 \u00b0 F a 122 \u00b0 F).<\/li>\n<\/ul>\n<p class=\"ql-align-justify\">\n<\/div>\n<\/div>\n","protected":false},"excerpt":{"rendered":"<p>El AMC2 (controlador de acceso modular)\u00a0se usa como un controlador de acceso en los sistemas de control de acceso\u00a0ACE (ACCESS ENGINE)\u00a0de la versi\u00f3n 2.0 en adelante,\u00a0Access Personal Edition y Access Professional Edition.\u00a0El dispositivo controla un grupo de uno a ocho puntos de acceso. Dichos puntos&hellip;<\/p>\n","protected":false},"featured_media":8644,"comment_status":"open","ping_status":"closed","template":"","meta":{"om_disable_all_campaigns":false,"_monsterinsights_skip_tracking":false,"_monsterinsights_sitenote_active":false,"_monsterinsights_sitenote_note":"","_monsterinsights_sitenote_category":0},"product_brand":[],"product_cat":[805],"product_tag":[81,727,730,66,731,728,729],"class_list":{"0":"post-8645","1":"product","2":"type-product","3":"status-publish","4":"has-post-thumbnail","6":"product_cat-controladores-y-distribuidores","7":"product_tag-acceso-y-asistencia","8":"product_tag-cerraduras","9":"product_tag-commax-wulian","10":"product_tag-dahua","11":"product_tag-wejoin","12":"product_tag-yli","13":"product_tag-zkteco","15":"first","16":"instock","17":"sale","18":"taxable","19":"shipping-taxable","20":"purchasable","21":"product-type-simple"},"aioseo_notices":[],"_links":{"self":[{"href":"https:\/\/tecsecmty.com\/index.php\/wp-json\/wp\/v2\/product\/8645","targetHints":{"allow":["GET"]}}],"collection":[{"href":"https:\/\/tecsecmty.com\/index.php\/wp-json\/wp\/v2\/product"}],"about":[{"href":"https:\/\/tecsecmty.com\/index.php\/wp-json\/wp\/v2\/types\/product"}],"replies":[{"embeddable":true,"href":"https:\/\/tecsecmty.com\/index.php\/wp-json\/wp\/v2\/comments?post=8645"}],"version-history":[{"count":0,"href":"https:\/\/tecsecmty.com\/index.php\/wp-json\/wp\/v2\/product\/8645\/revisions"}],"wp:featuredmedia":[{"embeddable":true,"href":"https:\/\/tecsecmty.com\/index.php\/wp-json\/wp\/v2\/media\/8644"}],"wp:attachment":[{"href":"https:\/\/tecsecmty.com\/index.php\/wp-json\/wp\/v2\/media?parent=8645"}],"wp:term":[{"taxonomy":"product_brand","embeddable":true,"href":"https:\/\/tecsecmty.com\/index.php\/wp-json\/wp\/v2\/product_brand?post=8645"},{"taxonomy":"product_cat","embeddable":true,"href":"https:\/\/tecsecmty.com\/index.php\/wp-json\/wp\/v2\/product_cat?post=8645"},{"taxonomy":"product_tag","embeddable":true,"href":"https:\/\/tecsecmty.com\/index.php\/wp-json\/wp\/v2\/product_tag?post=8645"}],"curies":[{"name":"wp","href":"https:\/\/api.w.org\/{rel}","templated":true}]}}