{"id":8649,"date":"2023-02-23T22:27:14","date_gmt":"2023-02-24T04:27:14","guid":{"rendered":"https:\/\/tecsecmty.com\/index.php\/producto\/bosch-a_apiamc216ie-controlador-de-acceso-esclavo-con-16-entradas-familia-amc2\/"},"modified":"2023-03-22T23:20:59","modified_gmt":"2023-03-23T05:20:59","slug":"bosch-a_apiamc216ie-controlador-de-acceso-esclavo-con-16-entradas-familia-amc2","status":"publish","type":"product","link":"https:\/\/tecsecmty.com\/index.php\/producto\/bosch-a_apiamc216ie-controlador-de-acceso-esclavo-con-16-entradas-familia-amc2\/","title":{"rendered":"BOSCH A_APIAMC216IE &#8211; Controlador de acceso \/ Esclavo con 16 entradas \/ Familia AMC2"},"content":{"rendered":"<div class=\"row aling-items-center padding-bottom-2x\">\n<div class=\"col-lg-12\">\n<p class=\"ql-align-justify\">Las tarjetas de ampliaci\u00f3n\u00a0<strong>AMC2 16I-16O-EXT, AMC2 16IEXT o AMC2 8I\u20118O-EXT<\/strong>\u00a0s\u00f3lo se pueden utilizar con el controlador de acceso\u00a0<strong>AMC2<\/strong>, que proporciona contactos de salida y entrada adicionales.<\/p>\n<p class=\"ql-align-justify\">El controlador\u00a0<strong>AMC2 tiene 8 se\u00f1ales de entrada y 8 de salida<\/strong>.\u00a0<strong>AMC2\u00a0<\/strong>determina el estado de la puerta (abierta o cerrada) mediante las se\u00f1ales de entrada anal\u00f3gicas. Las salidas de rel\u00e9 se pueden utilizar para activar los mecanismos de bloqueo por ejemplo.<\/p>\n<p class=\"ql-align-justify\">Si no hay suficientes contactos disponibles en el\u00a0<strong>AMC2\u00a0<\/strong>para transferir las se\u00f1ales necesarias, se pueden conectar hasta tres unidades\u00a0<strong>AMC2 xI-xO-EXT<\/strong>\u00a0para proporcionar entradas y salidas adicionales.<\/p>\n<p><strong>Nota:<\/strong>\u00a0Los sistemas con s<strong>oftware Access Personal Edition<\/strong>\u00a0s\u00f3lo pueden conectar una extensi\u00f3n de\u00a0<strong>entrada\/salida<\/strong>\u00a0a un controlador\u00a0<strong>AMC2<\/strong>.<\/p>\n<p><img decoding=\"async\" class=\"overview-center-img- aligncenter\" src=\"https:\/\/tvc.mx\/media\/3222\/Logoopaginas-oficial.png\" alt=\"\" \/><\/div>\n<\/div>\n<div class=\"row aling-items-center padding-bottom-2x\">\n<div class=\"col-lg-12\">\n<p class=\"ql-align-justify\">El sistema electr\u00f3nico est\u00e1 situado en una cubierta de pl\u00e1stico, parecida a la del controlador AMC2.<\/p>\n<p class=\"ql-align-justify\"><strong>El AMC2 16I-16O-EXT<\/strong>\u00a0dispone de 16 entradas anal\u00f3gicas y 16 salidas de rel\u00e9. Recibe se\u00f1ales de estado de las puertas mediante las entradas y puede autorizar la apertura de las puertas o enviar mensajes a sistemas de vigilancia externa mediante las salidas.<\/p>\n<p class=\"ql-align-justify\">Tambi\u00e9n se pueden obtener versiones reducidas de la tarjeta de ampliaci\u00f3n para aprovechar al m\u00e1ximo las se\u00f1ales disponibles. El m\u00f3dulo\u00a0<strong>AMC2 8I-8O-EXT\u00a0<\/strong>dispone de 8 se\u00f1ales de entrada y 8 se\u00f1ales de salida<strong>. El AMC2 16I-EXT<\/strong>\u00a0tiene 16 entradas anal\u00f3gicas.<\/p>\n<\/div>\n<\/div>\n<div class=\"row aling-items-center padding-bottom-2x\">\n<div class=\"col-lg-12\">\n<p><strong>Planificaci\u00f3n<\/strong><\/p>\n<p>Se pueden conectar al controlador\u00a0<strong>AMC2 hasta 3 tarjetas<\/strong><\/p>\n<p><strong>de ampliaci\u00f3n,<\/strong>\u00a0de esta forma, se consigue un m\u00e1ximo de 56<\/p>\n<p>se\u00f1ales de entrada y salida para la configuraci\u00f3n con las<\/p>\n<p>se\u00f1ales de\u00a0<strong>AMC2<\/strong>.<\/p>\n<p>Se pueden utilizar\u00a0<strong>AMC2 16I-16O-EXT<\/strong>,\u00a0<strong>AMC2 16I-EXT<\/strong>\u00a0y<\/p>\n<p><strong>AMC2 8I-8O-EXT<\/strong>\u00a0combinados para configurar un sistema:<\/p>\n<p>Por ejemplo, dos\u00a0<strong>AMC2 16I-16O-EXT<\/strong>\u00a0y un\u00a0<strong>AMC2 8I-8O-EXT,<\/strong><\/p>\n<p>aunque el n\u00famero m\u00e1ximo de m\u00f3dulos que se pueden conectar tambi\u00e9n est\u00e1 restringido a dos por controlador\u00a0<strong>AMC2<\/strong>.<\/p>\n<p><strong>Nota:<\/strong>\u00a0Los sistemas con software\u00a0<strong>Access Personal Edition s\u00f3lo pueden conectar una extensi\u00f3n de entrada\/salida<\/strong>\u00a0a un controlador\u00a0<strong>AMC2<\/strong>.<\/p>\n<\/div>\n<\/div>\n<div class=\"row aling-items-center padding-bottom-2x\">\n<div class=\"col-lg-12\">\n<p class=\"ql-align-justify\"><strong>Fuente de alimentaci\u00f3n<\/strong><\/p>\n<p class=\"ql-align-justify\">Una fuente de\u00a0<strong>alimentaci\u00f3n externa (de 10 a 30 V CC)<\/strong>\u00a0para el\u00a0<strong>AMC2\u00a0<\/strong>conectada a las patillas<strong>\u00a0primera (positiva) y tercera (negativa).<\/strong><\/p>\n<p class=\"ql-align-justify\">Si se utiliza una fuente de alimentaci\u00f3n ininterrumpida<strong>\u00a0(SAI), el rel\u00e9\u00a0<\/strong>de salida de SAI correspondiente se conecta a las patillas:<\/p>\n<ul>\n<li class=\"ql-align-justify\">4 y 7 para corriente alterna\u00a0<strong>(CA).<\/strong><\/li>\n<li class=\"ql-align-justify\">5 y 7 para la bater\u00eda.<\/li>\n<li class=\"ql-align-justify\">6 y 7 para la corriente directa<strong>\u00a0(CC).<\/strong><\/li>\n<\/ul>\n<p class=\"ql-align-justify\">De lo contrario, estas patillas se cortocircuitar\u00e1n.<\/p>\n<\/div>\n<\/div>\n<div class=\"row aling-items-center padding-bottom-2x\">\n<div class=\"col-lg-12\">\n<p class=\"ql-align-justify\"><strong>Contactos<\/strong><\/p>\n<p class=\"ql-align-justify\"><strong>Entradas<\/strong><\/p>\n<p class=\"ql-align-justify\">Las entradas anal\u00f3gicas se pueden utilizar como contactos digitales o anal\u00f3gicos. Para su utilizaci\u00f3n anal\u00f3gica, se puede especificar que los valores de resistencia busquen cortes y cortocircuitos en los cables.<\/p>\n<p class=\"ql-align-justify\"><strong>Nota: AMC2 16I-EXT Tarjeta de ampliaci\u00f3n de 16 entradas, hasta tres por AMC, se puede combinar con el AMC2 16I-16O-EXT y el AMC2 8I-8O-EXT.<\/strong><\/p>\n<p class=\"ql-align-justify\"><strong>Numero de pedido: API-AMC2-16IE.<\/strong><\/p>\n<\/div>\n<\/div>\n","protected":false},"excerpt":{"rendered":"<p>Las tarjetas de ampliaci\u00f3n\u00a0AMC2 16I-16O-EXT, AMC2 16IEXT o AMC2 8I\u20118O-EXT\u00a0s\u00f3lo se pueden utilizar con el controlador de acceso\u00a0AMC2, que proporciona contactos de salida y entrada adicionales. El controlador\u00a0AMC2 tiene 8 se\u00f1ales de entrada y 8 de salida.\u00a0AMC2\u00a0determina el estado de la puerta (abierta o cerrada)&hellip;<\/p>\n","protected":false},"featured_media":8648,"comment_status":"open","ping_status":"closed","template":"","meta":{"om_disable_all_campaigns":false,"_monsterinsights_skip_tracking":false,"_monsterinsights_sitenote_active":false,"_monsterinsights_sitenote_note":"","_monsterinsights_sitenote_category":0},"product_brand":[],"product_cat":[805],"product_tag":[81,727,730,66,731,728,729],"class_list":{"0":"post-8649","1":"product","2":"type-product","3":"status-publish","4":"has-post-thumbnail","6":"product_cat-controladores-y-distribuidores","7":"product_tag-acceso-y-asistencia","8":"product_tag-cerraduras","9":"product_tag-commax-wulian","10":"product_tag-dahua","11":"product_tag-wejoin","12":"product_tag-yli","13":"product_tag-zkteco","15":"first","16":"instock","17":"sale","18":"taxable","19":"shipping-taxable","20":"purchasable","21":"product-type-simple"},"aioseo_notices":[],"_links":{"self":[{"href":"https:\/\/tecsecmty.com\/index.php\/wp-json\/wp\/v2\/product\/8649","targetHints":{"allow":["GET"]}}],"collection":[{"href":"https:\/\/tecsecmty.com\/index.php\/wp-json\/wp\/v2\/product"}],"about":[{"href":"https:\/\/tecsecmty.com\/index.php\/wp-json\/wp\/v2\/types\/product"}],"replies":[{"embeddable":true,"href":"https:\/\/tecsecmty.com\/index.php\/wp-json\/wp\/v2\/comments?post=8649"}],"version-history":[{"count":0,"href":"https:\/\/tecsecmty.com\/index.php\/wp-json\/wp\/v2\/product\/8649\/revisions"}],"wp:featuredmedia":[{"embeddable":true,"href":"https:\/\/tecsecmty.com\/index.php\/wp-json\/wp\/v2\/media\/8648"}],"wp:attachment":[{"href":"https:\/\/tecsecmty.com\/index.php\/wp-json\/wp\/v2\/media?parent=8649"}],"wp:term":[{"taxonomy":"product_brand","embeddable":true,"href":"https:\/\/tecsecmty.com\/index.php\/wp-json\/wp\/v2\/product_brand?post=8649"},{"taxonomy":"product_cat","embeddable":true,"href":"https:\/\/tecsecmty.com\/index.php\/wp-json\/wp\/v2\/product_cat?post=8649"},{"taxonomy":"product_tag","embeddable":true,"href":"https:\/\/tecsecmty.com\/index.php\/wp-json\/wp\/v2\/product_tag?post=8649"}],"curies":[{"name":"wp","href":"https:\/\/api.w.org\/{rel}","templated":true}]}}