{"id":865,"date":"2023-02-15T23:43:27","date_gmt":"2023-02-15T23:43:27","guid":{"rendered":"https:\/\/tecsecmty.com\/index.php\/producto\/c%c2%b7mara-tipo-box-profesional-turbohd-4k-wdr-menu-osd-dia-noche-ultra-baja-iluminaciun-soporta-alarmas\/"},"modified":"2023-03-22T23:20:43","modified_gmt":"2023-03-23T05:20:43","slug":"camara-tipo-box-profesional-turbohd-4k-wdr-menu-osd-dia-noche-ultra-baja-iluminacion-soporta-alarmas","status":"publish","type":"product","link":"https:\/\/tecsecmty.com\/index.php\/producto\/camara-tipo-box-profesional-turbohd-4k-wdr-menu-osd-dia-noche-ultra-baja-iluminacion-soporta-alarmas\/","title":{"rendered":"Camara Tipo Box (Profesional) TURBOHD 4K \/ WDR \/ Menu OSD \/ Dia-Noche \/ Ultra Baja Iluminacion \/ Soporta Alarmas"},"content":{"rendered":"<div class=\"container\">\n<div class=\"row\">\n<div class=\"col-md-12\">\n<div class=\"row\">\n<div class=\"row\">\n<div class=\"col-md-12\">\n<h4 class=\"text-primary center info-text\" style=\"text-align: center\">Informaci\u00f3n de Producto<\/h4>\n<\/div>\n<\/div>\n<div class=\"row\" style=\"text-align: center\">\n<div class=\"col-md-12\">\n<h3>C\u00e1mara Tipo Box (Profesional) TURBOHD 4K \/ WDR \/ Menu OSD \/ D\u00eda-Noche \/ Ultra Baja Iluminaci\u00f3n \/ Soporta Alarmas<\/h3>\n<\/div>\n<\/div>\n<div id=\"producto_container\" class=\"row\" style=\"text-align: center\">\n<div class=\"col-md-4\"><img decoding=\"async\" class=\"img-responsive center-block\" src=\"https:\/\/ftp3.syscom.mx\/usuarios\/fotos\/BancoFotografiasSyscom\/HIKVISION\/DS2CE37U8TA\/DS2CE37U8TA-p.PNG\" alt=\"DS-2CE37U8T-A\" \/><\/p>\n<div class=\"row\">\n<div id=\"galerias\" class=\"col-sm-12\"><\/div>\n<\/div>\n<\/div>\n<div class=\"col-md-4\">\n<div><img decoding=\"async\" class=\"img-responsive img-thumbnail\" src=\"https:\/\/ftp3.syscom.mx\/usuarios\/fotos\/logotipos\/hikvision.png\" \/><\/div>\n<div><img decoding=\"async\" class=\"icono_info_product\" src=\"https:\/\/ftp3.syscom.mx\/usuarios\/fotos\/4k1.png?v=1527096002\" \/><\/div>\n<div>\n<p>Modelo:\u00a0<span class=\"modelo-marca\">DS-2CE37U8T-A<\/span><\/p>\n<p>Marca:\u00a0<span class=\"modelo-marca\">HIKVISION<\/span><\/p>\n<\/div>\n<div><\/div>\n<\/div>\n<div class=\"col-md-4\">\n<div class=\"row\">\n<div class=\"col-md-12 default_padding_bottom\"><\/div>\n<\/div>\n<\/div>\n<\/div>\n<\/div>\n<div class=\"row \" style=\"text-align: center\">\n<div class=\"col-md-12\">\n<div class=\"row\">\n<h3 class=\"text-primary\">Especificaciones:<\/h3>\n<\/div>\n<div class=\"row well\">\n<p><img decoding=\"async\" class=\"fr-fic fr-dii\" src=\"http:\/\/ftp3.syscom.mx\/usuarios\/jdelafuente\/HIKVISION\/hikvision%20logo%20complete.png\" \/><\/p>\n<p><strong>Caracter\u00edsticas Principales:<\/strong><\/p>\n<ul>\n<li>Resoluci\u00f3n m\u00e1xima: 3840\u00a0x 2160\u00a0( 8\u00a0Megapixel)<\/li>\n<li>Permite seleccionar la resolucion entre 8 Megapixel \/ 5 Megapixel \/ 4 Megapixel \/ 2 Megapixel.<\/li>\n<li>Iluminaci\u00f3n m\u00ednima: 0.003\u00a0Lux @ F1.2, AGC ON, 0 Lux con IR.<\/li>\n<li>No incluye lente, tama\u00f1o del lente 1 \/1.8&#8243;<\/li>\n<li>Distancia de IR: N\/A (D\u00eda\/Noche Real).<\/li>\n<li>Soporta tecnolog\u00eda HD-TVI \/ CVBS.<\/li>\n<li>Cuenta con entrada y salida de alarma (el contacto viaja por medio del v\u00eddeo \/ coaxitron)<\/li>\n<li>Funciones: WDR 120 dB \/ BLC \/ 3D-DNR \/ Defog \/ HLC.<\/li>\n<li>Distancias de transmisi\u00f3n (v\u00eddeo): RG59 (250 mts) \/ RG6 (300 mts) \/ Cat 6 (200 mts).<\/li>\n<\/ul>\n<p><strong>Accesorios:<\/strong><\/p>\n<ul>\n<li>Lente de enfoque manual de 8 MP IR, modelo:\u00a0<a href=\"https:\/\/ftp3.syscom.mx\/usuarios\/emendoza\/elesbanmch\/HIKVISON\/SPECS\/Especificaciones%20DS-2CE37U8T-A.pdf\">HV3816D-8MPIR<\/a><\/li>\n<li>Lente de enfoque manual de 8 MP IR, modelo:\u00a0<a href=\"https:\/\/ftp3.syscom.mx\/usuarios\/emendoza\/elesbanmch\/HIKVISON\/SPECS\/Especificaciones%20DS-2CE37U8T-A.pdf\">HV1140D-8MPIR<\/a><\/li>\n<li>Carcasa interior, modelo:\u00a0<a href=\"https:\/\/ftp3.syscom.mx\/usuarios\/emendoza\/elesbanmch\/HIKVISON\/SPECS\/Especificaciones%20DS-2CE37U8T-A.pdf\">DS-1330HZ<\/a><\/li>\n<li>Carcasa exterior, modelo:\u00a0<a href=\"https:\/\/ftp3.syscom.mx\/usuarios\/emendoza\/elesbanmch\/HIKVISON\/SPECS\/Especificaciones%20DS-2CE37U8T-A.pdf\">DS-1331HZ<\/a><\/li>\n<li>Carcasa interior, modelo:\u00a0<a href=\"https:\/\/ftp3.syscom.mx\/usuarios\/emendoza\/elesbanmch\/HIKVISON\/SPECS\/Especificaciones%20DS-2CE37U8T-A.pdf\">DS-1332HZ<\/a><\/li>\n<li>Balun video, modelo:\u00a0<a href=\"https:\/\/ftp3.syscom.mx\/usuarios\/emendoza\/elesbanmch\/HIKVISON\/SPECS\/Especificaciones%20DS-2CE37U8T-A.pdf\">DS-1H18<\/a><\/li>\n<li>Montaje de pared, modelo:\u00a0<a href=\"https:\/\/ftp3.syscom.mx\/usuarios\/emendoza\/elesbanmch\/HIKVISON\/SPECS\/Especificaciones%20DS-2CE37U8T-A.pdf\">DS-1292ZJ<\/a><\/li>\n<li>Probador de c\u00e1mara, modelo:\u00a0<a href=\"https:\/\/ftp3.syscom.mx\/usuarios\/emendoza\/elesbanmch\/HIKVISON\/SPECS\/Especificaciones%20DS-2CE37U8T-A.pdf\">X41T<\/a><\/li>\n<\/ul>\n<p>&nbsp;<\/p>\n<ul>\n<li><strong>Caracter\u00edsticas F\u00edsicas y El\u00e9ctricas:<\/strong><\/li>\n<\/ul>\n<p>&nbsp;<\/p>\n<ul>\n<li>Temperatura de operaci\u00f3n: -40\u00baC a 60\u00baC.<\/li>\n<li>Alimentaci\u00f3n: 12 Vcc \/ 24 Vca \/ 10\u00a0Watts.<\/li>\n<li>Protecci\u00f3n: Interior ( si se utiliza un housing la c\u00e1mara se convierte en exterior).<\/li>\n<li>Fabricado en material de metal.<\/li>\n<li>Dimensiones: 145.14\u00a0x 58\u00a0x 69.8\u00a0mm.<\/li>\n<li>Peso: 520\u00a0grs.<\/li>\n<li>Garant\u00eda: 2 a\u00f1os.<\/li>\n<\/ul>\n<div class=\"row\">\n<div class=\"col-sm-12\">\n<div><\/div>\n<\/div>\n<\/div>\n<p>&nbsp;<\/p>\n<h1><strong>Recursos<\/strong><\/h1>\n<p>&nbsp;<\/p>\n<div class=\"row default_margin_bottom\">\n<div class=\"col-sm-4\"><a href=\"https:\/\/www.hikvision.com\/es-la\/support\/download\/software\/ivms4200-series\/?q=serie%20ivms4200&amp;position=1\" target=\"_blank\" rel=\"noopener\"><img decoding=\"async\" class=\"img-responsive\" src=\"https:\/\/ftp3.syscom.mx\/usuarios\/gmagos\/HIK\/IP\/IPC\/Imagenes%20pagina\/Descargas%20IVMS4200.jpg\" \/><\/a><\/div>\n<div class=\"col-sm-4\"><a href=\"https:\/\/appstore.hikvision.com\/\" target=\"_blank\" rel=\"noopener\"><img decoding=\"async\" class=\"img-responsive\" src=\"https:\/\/ftp3.syscom.mx\/usuarios\/gmagos\/HIK\/IP\/IPC\/Imagenes%20pagina\/Descargas%20de%20app.jpg\" \/><\/a><\/div>\n<div class=\"col-sm-4\"><a href=\"https:\/\/ftp3.syscom.mx\/usuarios\/emendoza\/elesbanmch\/HIKVISON\/SPECS\/Especificaciones%20DS-2CE37U8T-A.pdf\" target=\"_blank\" rel=\"noopener\"><img decoding=\"async\" class=\"img-responsive\" src=\"https:\/\/ftp3.syscom.mx\/usuarios\/gmagos\/HIK\/IP\/IPC\/Imagenes%20pagina\/Descarga%20de%20PDF.jpg\" \/><\/a><\/div>\n<\/div>\n<p>&nbsp;<\/p>\n<\/div>\n<\/div>\n<\/div>\n<\/div>\n<\/div>\n<\/div>\n<p><img decoding=\"async\" class=\"aligncenter\" src=\"https:\/\/tracker.metricool.com\/c3po.jpg?hash=95c94f37730bb8f54dd4308f1f878f9\" \/><\/p>\n","protected":false},"excerpt":{"rendered":"<p>Informaci\u00f3n de Producto C\u00e1mara Tipo Box (Profesional) TURBOHD 4K \/ WDR \/ Menu OSD \/ D\u00eda-Noche \/ Ultra Baja Iluminaci\u00f3n \/ Soporta Alarmas Modelo:\u00a0DS-2CE37U8T-A Marca:\u00a0HIKVISION Especificaciones: Caracter\u00edsticas Principales: Resoluci\u00f3n m\u00e1xima: 3840\u00a0x 2160\u00a0( 8\u00a0Megapixel) Permite seleccionar la resolucion entre 8 Megapixel \/ 5 Megapixel \/ 4&hellip;<\/p>\n","protected":false},"featured_media":2133,"comment_status":"open","ping_status":"closed","template":"","meta":{"om_disable_all_campaigns":false,"_monsterinsights_skip_tracking":false,"_monsterinsights_sitenote_active":false,"_monsterinsights_sitenote_note":"","_monsterinsights_sitenote_category":0},"product_brand":[],"product_cat":[51],"product_tag":[42,38,52,37],"class_list":{"0":"post-865","1":"product","2":"type-product","3":"status-publish","4":"has-post-thumbnail","6":"product_cat-profesionales-caja","7":"product_tag-camaras","8":"product_tag-camaras-de-seguridad","9":"product_tag-camaras-profesionales","10":"product_tag-hikvision","12":"first","13":"instock","14":"taxable","15":"shipping-taxable","16":"product-type-simple"},"aioseo_notices":[],"_links":{"self":[{"href":"https:\/\/tecsecmty.com\/index.php\/wp-json\/wp\/v2\/product\/865","targetHints":{"allow":["GET"]}}],"collection":[{"href":"https:\/\/tecsecmty.com\/index.php\/wp-json\/wp\/v2\/product"}],"about":[{"href":"https:\/\/tecsecmty.com\/index.php\/wp-json\/wp\/v2\/types\/product"}],"replies":[{"embeddable":true,"href":"https:\/\/tecsecmty.com\/index.php\/wp-json\/wp\/v2\/comments?post=865"}],"version-history":[{"count":2,"href":"https:\/\/tecsecmty.com\/index.php\/wp-json\/wp\/v2\/product\/865\/revisions"}],"predecessor-version":[{"id":2134,"href":"https:\/\/tecsecmty.com\/index.php\/wp-json\/wp\/v2\/product\/865\/revisions\/2134"}],"wp:featuredmedia":[{"embeddable":true,"href":"https:\/\/tecsecmty.com\/index.php\/wp-json\/wp\/v2\/media\/2133"}],"wp:attachment":[{"href":"https:\/\/tecsecmty.com\/index.php\/wp-json\/wp\/v2\/media?parent=865"}],"wp:term":[{"taxonomy":"product_brand","embeddable":true,"href":"https:\/\/tecsecmty.com\/index.php\/wp-json\/wp\/v2\/product_brand?post=865"},{"taxonomy":"product_cat","embeddable":true,"href":"https:\/\/tecsecmty.com\/index.php\/wp-json\/wp\/v2\/product_cat?post=865"},{"taxonomy":"product_tag","embeddable":true,"href":"https:\/\/tecsecmty.com\/index.php\/wp-json\/wp\/v2\/product_tag?post=865"}],"curies":[{"name":"wp","href":"https:\/\/api.w.org\/{rel}","templated":true}]}}