{"id":8651,"date":"2023-02-23T22:27:16","date_gmt":"2023-02-24T04:27:16","guid":{"rendered":"https:\/\/tecsecmty.com\/index.php\/producto\/bosch-a_apiamc24we-esclavo-de-controlador-4-lectores-wiegand\/"},"modified":"2023-03-22T23:20:59","modified_gmt":"2023-03-23T05:20:59","slug":"bosch-a_apiamc24we-esclavo-de-controlador-4-lectores-wiegand","status":"publish","type":"product","link":"https:\/\/tecsecmty.com\/index.php\/producto\/bosch-a_apiamc24we-esclavo-de-controlador-4-lectores-wiegand\/","title":{"rendered":"BOSCH A_APIAMC24WE &#8211; Esclavo de controlador \/ 4 Lectores Wiegand"},"content":{"rendered":"<div class=\"row aling-items-center padding-bottom-2x\">\n<div class=\"col-lg-12\">\n<p class=\"ql-align-justify\">El m\u00f3dulo de ampliaci\u00f3n<strong>\u00a0AMC2 4W-EXT<\/strong>\u00a0est\u00e1 equipado con cuatro interfaces de<strong>\u00a0lector de tipo Wiegand<\/strong>, ocho entradas y ocho salidas. Gracias a estas caracter\u00edsticas, este dispositivo permite doblar el n\u00famero de lectores de un\u00a0<strong>AMC2 4W<\/strong>, de\u00a0<strong>4 a 8<\/strong>.<\/p>\n<p class=\"ql-align-justify\"><strong>El AMC2 4W-EXT<\/strong>\u00a0no se puede implementar como controlador independiente, sino s\u00f3lo como m\u00f3dulo de ampliaci\u00f3n del\u00a0<strong>AMC2 4W<\/strong>. Las reservas y decisiones de control y acceso las realiza el\u00a0<strong>AMC2 4W\u00a0<\/strong>de forma aut\u00f3noma.<\/p>\n<p><img decoding=\"async\" class=\"overview-center-img- aligncenter\" src=\"https:\/\/tvc.mx\/media\/3241\/Logoopaginas-oficial.png\" alt=\"\" \/><\/div>\n<\/div>\n<div class=\"row aling-items-center padding-bottom-2x\">\n<div class=\"col-lg-12\">\n<p class=\"ql-align-justify\"><strong>El AMC2 4W<\/strong>\u00a0se puede ampliar mediante un m\u00e1ximo de un\u00a0<strong>AMC2 4W-EXT<\/strong>\u00a0m\u00e1s un m\u00e1ximo de tres m\u00f3dulos de ampliaci\u00f3n de entrada\/salida. Los m\u00f3dulos de ampliaci\u00f3n de entrada\/salida\u00a0<strong>AMC2 8I-8O-EXT, AMC2 16I-16O-EXT o AMC2 16I-EXT<\/strong>\u00a0(en cualquier combinaci\u00f3n) se conectan, como el\u00a0<strong>AMC2 4W-EXT<\/strong>, mediante la interfaz de ampliaci\u00f3n de<strong>\u00a0AMC2 4W (RS485)<\/strong>. Como los m\u00f3dulos de ampliaci\u00f3n no contienen ni memoria ni pantalla, se controlan<\/p>\n<p class=\"ql-align-justify\">completamente mediante el\u00a0<strong>AMC2 4W.<\/strong><\/p>\n<p class=\"ql-align-justify\"><strong>Nota:\u00a0<\/strong>Los sistemas con<strong>\u00a0software Access Personal Edition<\/strong>\u00a0s\u00f3lo pueden conectar una extensi\u00f3n de entrada\/salida a un controlador\u00a0<strong>AMC2<\/strong>.<\/p>\n<p class=\"ql-align-justify\">Los ajustes de se\u00f1al y la parametrizaci\u00f3n de los lectores conectados al m\u00f3dulo de ampliaci\u00f3n se realizan mediante las aplicaciones de configuraci\u00f3n en los sistemas de control de acceso\u00a0<strong>Access Personal Edition y Access Engine<\/strong>\u00a0del\u00a0<strong>Sistema de integraci\u00f3n (BIS)<\/strong>\u00a0y mediante el<strong>\u00a0AMC2 4W\u00a0<\/strong>al que pertenecen.<\/p>\n<\/div>\n<\/div>\n<div class=\"row aling-items-center padding-bottom-2x\">\n<div class=\"col-lg-12\">\n<p class=\"ql-align-justify\"><strong>Planificaci\u00f3n<\/strong><\/p>\n<p class=\"ql-align-justify\">El n\u00famero de controladores en un sistema se limita a 200.<\/p>\n<p class=\"ql-align-justify\">El uso de m\u00f3dulos\u00a0<strong>AMC2 4W-EXT<\/strong>\u00a0no influye en este l\u00edmite, porque son ampliaciones de un\u00a0<strong>AMC2 4W<\/strong>\u00a0y no controladores.<\/p>\n<p class=\"ql-align-justify\">Si se utilizan interfaces\u00a0<strong>Wiegand<\/strong>, se pueden conectar hasta 8 dispositivos perif\u00e9ricos a cada\u00a0<strong>AMC2 4W<\/strong>. Las interfaces son conexiones punto a punto, lo que significa que s\u00f3lo se puede conectar un lector a una interfaz.<\/p>\n<\/div>\n<\/div>\n<div class=\"row aling-items-center padding-bottom-2x\">\n<div class=\"col-lg-12\">\n<p class=\"ql-align-justify\"><strong>Fuente de alimentaci\u00f3n<\/strong><\/p>\n<p class=\"ql-align-justify\">Una fuente de alimentaci\u00f3n externa<strong>\u00a0(de 10 a 30 V CC)<\/strong>\u00a0para el<strong>\u00a0AMC2<\/strong>\u00a0conectada a las patillas\u00a0<strong>primera (positiva) y tercera (negativa)<\/strong>.<\/p>\n<p class=\"ql-align-justify\">Si se utiliza una fuente de alimentaci\u00f3n ininterrumpida (SAI), el rel\u00e9 de salida de SAI correspondiente se conecta a las patillas<\/p>\n<ul>\n<li class=\"ql-align-justify\">4 y 7 para corriente alterna (CA).<\/li>\n<li class=\"ql-align-justify\">5 y 7 para la bater\u00eda.<\/li>\n<li class=\"ql-align-justify\">6 y 7 para la corriente directa (CC).<\/li>\n<li class=\"ql-align-justify\">De lo contrario, estas patillas se cortocircuitar\u00e1n.<\/li>\n<\/ul>\n<p class=\"ql-align-justify\"><strong>Ecualizaci\u00f3n de tensiones &#8211; toma de tierra:<\/strong><\/p>\n<ul>\n<li class=\"ql-align-justify\">Se pueden compensar distintas tierras mediante puentes con toma de tierra de protecci\u00f3n.<\/li>\n<li class=\"ql-align-justify\">S\u00f3lo se debe conectar una l\u00ednea (apantallamiento, ecualizaci\u00f3n potencial) con toma de tierra de protecci\u00f3n en un solo lugar.<\/li>\n<li class=\"ql-align-justify\">Para obtener m\u00e1s instrucciones, consulte el manual de funcionamiento.<\/li>\n<\/ul>\n<\/div>\n<\/div>\n<div class=\"row aling-items-center padding-bottom-2x\">\n<div class=\"col-lg-12\">\n<p class=\"ql-align-justify\"><strong>Interfaz Wiegand<\/strong><\/p>\n<p class=\"ql-align-justify\"><strong>El AMC2 4W-EXT<\/strong>\u00a0tiene cuatro interfaces que se pueden conectar hasta en cuatro lectores.<\/p>\n<p class=\"ql-align-justify\">Las siguientes definiciones se aplican a la interfaz:<\/p>\n<ul>\n<li class=\"ql-align-justify\">Interfaz de 10 cables con apantallamiento.<\/li>\n<li class=\"ql-align-justify\">Longitud m\u00e1xima de cable: 158 m (172,8 yardas).<\/li>\n<li class=\"ql-align-justify\">Formato Wiegand de 26 bits.<\/li>\n<li class=\"ql-align-justify\">Formato Wiegand de 37 bits.<\/li>\n<\/ul>\n<p class=\"ql-align-justify\">Configuraci\u00f3n predeterminada:<\/p>\n<ul>\n<li class=\"ql-align-justify\">1 = Fuente del lector &#8211; 12 V+.<\/li>\n<li class=\"ql-align-justify\">2 = Fuente del lector &#8211; 0 V.<\/li>\n<li class=\"ql-align-justify\">3 = Datos 0.<\/li>\n<li class=\"ql-align-justify\">4 = Datos 1.<\/li>\n<li class=\"ql-align-justify\">5 = Apantallamiento.<\/li>\n<li class=\"ql-align-justify\">6 = LED verde.<\/li>\n<li class=\"ql-align-justify\">7 = LED rojo.<\/li>\n<li class=\"ql-align-justify\">8 = Zumbador.<\/li>\n<li class=\"ql-align-justify\">9 =En espera.<\/li>\n<li class=\"ql-align-justify\">10 = Tarjeta presente.<\/li>\n<\/ul>\n<\/div>\n<\/div>\n<div class=\"row aling-items-center padding-bottom-2x\">\n<div class=\"col-lg-12\">\n<p class=\"ql-align-justify\"><strong>Principales<\/strong><strong>\u00a0Caracter\u00edsticas:<\/strong><\/p>\n<ul>\n<li class=\"ql-align-justify\">Administrador de acceso inteligente para una a ocho entradas.<\/li>\n<li class=\"ql-align-justify\">Cuatro interfaces que incluyen la fuente de alimentaci\u00f3n de la lectora.<\/li>\n<li class=\"ql-align-justify\">Compact Flash est\u00e1ndar de 2 GB u Pantalla LCD para visualizaci\u00f3n de informaci\u00f3n.<\/li>\n<li class=\"ql-align-justify\">Autocontrol de la conmutaci\u00f3n de env\u00edo y recepci\u00f3n.<\/li>\n<\/ul>\n<p class=\"ql-align-justify\"><strong>Especificaciones t\u00e9cnicas<\/strong><\/p>\n<p class=\"ql-align-justify\"><strong>Hardware<\/strong><\/p>\n<ul>\n<li class=\"ql-align-justify\">4 interfaces de lector Wiegand.<\/li>\n<li class=\"ql-align-justify\">8 salidas de rel\u00e9 &#8211; con carga de ohmios:<\/li>\n<\/ul>\n<ol>\n<li class=\"ql-align-justify\">Tensi\u00f3n de conmutaci\u00f3n m\u00e1x.: 30 V CC<\/li>\n<li class=\"ql-align-justify\">Corriente de conmutaci\u00f3n m\u00e1x.: 1,25 A<\/li>\n<\/ol>\n<ul>\n<li class=\"ql-align-justify\">8 entradas anal\u00f3gicas<\/li>\n<li class=\"ql-align-justify\">Interruptor antisabotaje<\/li>\n<li class=\"ql-align-justify\">Temperatura De: 0 \u00b0C a +45 \u00b0C (de 32 \u00b0F a 113 \u00b0F)<\/li>\n<\/ul>\n<p class=\"ql-align-justify\"><strong>Fuente de alimentaci\u00f3n<\/strong><\/p>\n<ul>\n<li class=\"ql-align-justify\">10 o 30 V CC, m\u00e1x. de 60 VA<\/li>\n<li class=\"ql-align-justify\">Disponible para dispositivos externos: 55 VA &#8211; o mediante AMC2.<\/li>\n<li class=\"ql-align-justify\">Clase de protecci\u00f3n: IP 30.<\/li>\n<li class=\"ql-align-justify\">Cubierta Base: PPO (UL 94 V-0).<\/li>\n<li class=\"ql-align-justify\">Parte superior: policarbonato (UL 94 V-0).<\/li>\n<li class=\"ql-align-justify\">Color: Blanco.<\/li>\n<li class=\"ql-align-justify\">Dimensiones An. x Al. x Pr.: 232 x 90 x 46 mm (9,13 x 3,54 x 1,81 pulg.)<\/li>\n<li class=\"ql-align-justify\">Peso Aprox.: 0,4 kg (0,88 lb).<\/li>\n<li class=\"ql-align-justify\">Tipo Montaje: en carril.<\/li>\n<\/ul>\n<\/div>\n<\/div>\n","protected":false},"excerpt":{"rendered":"<p>El m\u00f3dulo de ampliaci\u00f3n\u00a0AMC2 4W-EXT\u00a0est\u00e1 equipado con cuatro interfaces de\u00a0lector de tipo Wiegand, ocho entradas y ocho salidas. Gracias a estas caracter\u00edsticas, este dispositivo permite doblar el n\u00famero de lectores de un\u00a0AMC2 4W, de\u00a04 a 8. El AMC2 4W-EXT\u00a0no se puede implementar como controlador independiente,&hellip;<\/p>\n","protected":false},"featured_media":8650,"comment_status":"open","ping_status":"closed","template":"","meta":{"om_disable_all_campaigns":false,"_monsterinsights_skip_tracking":false,"_monsterinsights_sitenote_active":false,"_monsterinsights_sitenote_note":"","_monsterinsights_sitenote_category":0},"product_brand":[],"product_cat":[805],"product_tag":[81,727,730,66,731,728,729],"class_list":{"0":"post-8651","1":"product","2":"type-product","3":"status-publish","4":"has-post-thumbnail","6":"product_cat-controladores-y-distribuidores","7":"product_tag-acceso-y-asistencia","8":"product_tag-cerraduras","9":"product_tag-commax-wulian","10":"product_tag-dahua","11":"product_tag-wejoin","12":"product_tag-yli","13":"product_tag-zkteco","15":"first","16":"instock","17":"sale","18":"taxable","19":"shipping-taxable","20":"purchasable","21":"product-type-simple"},"aioseo_notices":[],"_links":{"self":[{"href":"https:\/\/tecsecmty.com\/index.php\/wp-json\/wp\/v2\/product\/8651","targetHints":{"allow":["GET"]}}],"collection":[{"href":"https:\/\/tecsecmty.com\/index.php\/wp-json\/wp\/v2\/product"}],"about":[{"href":"https:\/\/tecsecmty.com\/index.php\/wp-json\/wp\/v2\/types\/product"}],"replies":[{"embeddable":true,"href":"https:\/\/tecsecmty.com\/index.php\/wp-json\/wp\/v2\/comments?post=8651"}],"version-history":[{"count":0,"href":"https:\/\/tecsecmty.com\/index.php\/wp-json\/wp\/v2\/product\/8651\/revisions"}],"wp:featuredmedia":[{"embeddable":true,"href":"https:\/\/tecsecmty.com\/index.php\/wp-json\/wp\/v2\/media\/8650"}],"wp:attachment":[{"href":"https:\/\/tecsecmty.com\/index.php\/wp-json\/wp\/v2\/media?parent=8651"}],"wp:term":[{"taxonomy":"product_brand","embeddable":true,"href":"https:\/\/tecsecmty.com\/index.php\/wp-json\/wp\/v2\/product_brand?post=8651"},{"taxonomy":"product_cat","embeddable":true,"href":"https:\/\/tecsecmty.com\/index.php\/wp-json\/wp\/v2\/product_cat?post=8651"},{"taxonomy":"product_tag","embeddable":true,"href":"https:\/\/tecsecmty.com\/index.php\/wp-json\/wp\/v2\/product_tag?post=8651"}],"curies":[{"name":"wp","href":"https:\/\/api.w.org\/{rel}","templated":true}]}}