{"id":8653,"date":"2023-02-23T22:27:19","date_gmt":"2023-02-24T04:27:19","guid":{"rendered":"https:\/\/tecsecmty.com\/index.php\/producto\/bosch-a_apspsu60-fuente-de-energia-12v-o-24v-puerto-para-bateria-integrado-compatible-con-controlador-amc2\/"},"modified":"2023-03-22T23:20:59","modified_gmt":"2023-03-23T05:20:59","slug":"bosch-a_apspsu60-fuente-de-energia-12v-o-24v-puerto-para-bateria-integrado-compatible-con-controlador-amc2","status":"publish","type":"product","link":"https:\/\/tecsecmty.com\/index.php\/producto\/bosch-a_apspsu60-fuente-de-energia-12v-o-24v-puerto-para-bateria-integrado-compatible-con-controlador-amc2\/","title":{"rendered":"BOSCH A_APSPSU60 &#8211; Fuente de energia 12V o 24V \/ Puerto para bateria integrado \/ Compatible con controlador AMC2"},"content":{"rendered":"<h5 class=\"card-title text-center\">PSU-60 &#8211; unidad de fuente de alimentaci\u00f3n AMC<\/h5>\n<p class=\"ql-align-justify\"><strong>El\u00a0APS-PSU-60\u00a0<\/strong>es la fuente de energ\u00eda para los controladores de la familia\u00a0<strong>AMC2<\/strong>\u00a0,\u00a0lo siguiente se aplica al modo de bater\u00eda:<\/p>\n<p class=\"ql-align-justify\"><strong>Funciones B\u00e1sicas:<\/strong><\/p>\n<p class=\"ql-align-justify\"><strong>El modelo PSU-60 incluye los siguientes indicadores LED de estado del voltaje:<\/strong><\/p>\n<ul>\n<li class=\"ql-align-justify\">Si el voltaje de entrada (CA) supera los 85 VCA, se enciende la luz LED verde junto a AC y se cierra el rel\u00e9 de CA.<\/li>\n<li class=\"ql-align-justify\">Si el voltaje de salida (CC) supera los 12 V o 24 V (seg\u00fan el modo), la luz LED verde se enciende junto a DC y se cierra el rel\u00e9 de CC.<\/li>\n<li class=\"ql-align-justify\">Si el voltaje de la bater\u00eda supera los 11 V o 22 V (seg\u00fan el modo), la luz LED verde se enciende junto a BAT y se cierra el rel\u00e9 de BAT. Lo siguiente se aplica al modo con bater\u00eda:<\/li>\n<li class=\"ql-align-justify\">Si el voltaje de entrada es inferior a 85 VCA, la fuente de alimentaci\u00f3n cambia al modo de funcionamiento con bater\u00eda y se enciende la luz LED amarilla junto a BOP.<\/li>\n<li class=\"ql-align-justify\">El bot\u00f3n OFF (apagar) solo se activa en el modo de funcionamiento con bater\u00eda. Presione este bot\u00f3n para apagar la unidad PSU-60.<\/li>\n<li class=\"ql-align-justify\">El reinicio es posible solamente cuando se restablece el suministro de corriente alterna.<\/li>\n<li class=\"ql-align-justify\">Esta unidad de fuente de alimentaci\u00f3n se puede cambiar a los modos de 12 V o 24 V. Para hacerlo, el selector debe estar configurado como se muestra a continuaci\u00f3n cuando no haya voltaje de entrada en la fuente de alimentaci\u00f3n.<\/li>\n<\/ul>\n<p class=\"ql-align-justify\"><strong>Certificados y Homologaciones<\/strong><\/p>\n<p class=\"ql-align-justify\">El producto cuenta con clasificaci\u00f3n seg\u00fan las siguientes normas:<\/p>\n<ul>\n<li class=\"ql-align-justify\">EN 55022, Clase B.<\/li>\n<li class=\"ql-align-justify\">EN 55024.<\/li>\n<li class=\"ql-align-justify\">IEC\/UL\/EN 60950 y CSA (seguridad del producto) .<\/li>\n<li class=\"ql-align-justify\">CE .<\/li>\n<li class=\"ql-align-justify\">RCM (Australia).<\/li>\n<li class=\"ql-align-justify\">RoHS 2.0 Consulte http:\/\/www.boschsecurity.com para obtener m\u00e1s informaci\u00f3n.<\/li>\n<\/ul>\n<p class=\"ql-align-justify\"><strong>Piezas incluidas<\/strong><\/p>\n<p class=\"ql-align-justify\">Estos son los componentes suministrados:<\/p>\n<p class=\"ql-align-justify\">\u2022 Fuente de alimentaci\u00f3n .<\/p>\n<p class=\"ql-align-justify\">\u2022 Enchufe:<\/p>\n<ul>\n<li class=\"ql-align-justify\">1 conector de 2 clavijas para circuitos el\u00e9ctricos (CA primaria)<\/li>\n<li class=\"ql-align-justify\">3 de 2 clavijas<\/li>\n<li class=\"ql-align-justify\">1 de 4 clavijas.<\/li>\n<\/ul>\n<p class=\"ql-align-justify\">\u2022 Documentos adjuntos (manual de instalaci\u00f3n).<\/p>\n<p class=\"ql-align-justify\"><strong>Nota: PSU-60 &#8211; unidad de fuente de alimentaci\u00f3n AMC<\/strong><\/p>\n<p class=\"ql-align-justify\"><strong>Unidad de fuente de alimentaci\u00f3n con dispositivo para cargar bater\u00edas integrado, compatible con bater\u00edas de 12 V\/7 Ah, 12 V\/14 Ah y 24 V\/7 Ah. Cuenta con salida de voltaje programable en 12 VCC o 24 VCC.<\/strong><\/p>\n<p class=\"ql-align-justify\"><strong>N\u00famero de pedido: APS-PSU-60.<\/strong><\/p>\n<p class=\"ql-align-justify\"><strong>Principales Caracter\u00edsticas:<\/strong><\/p>\n<ul>\n<li class=\"ql-align-justify\">Compatible con bater\u00edas de 12 V \/ 7 Ah, 12 V \/ 14 Ah y 24 V \/ 7 Ah.<\/li>\n<li class=\"ql-align-justify\">Salida de tensi\u00f3n seleccionable de 12 VDC o 24 VDC.<\/li>\n<li class=\"ql-align-justify\">Seleccionable 5 A @ 12 VDC o 2,5 A @ 24 VDC salida de corriente.<\/li>\n<li class=\"ql-align-justify\">Proteccion al sobrevoltaje.<\/li>\n<li class=\"ql-align-justify\">Regula el voltaje de carga de la bater\u00eda.<\/li>\n<\/ul>\n<p class=\"ql-align-justify\"><strong>Especificaciones:<\/strong><\/p>\n<p class=\"ql-align-justify\"><strong>Valores de salida<\/strong><\/p>\n<p class=\"ql-align-justify\">Voltaje de salida:<\/p>\n<ul>\n<li class=\"ql-align-justify\">Modo de 12 V\u00a010 a 15 V<\/li>\n<li class=\"ql-align-justify\">Modo de 24 V\u00a020 a 30 V<\/li>\n<li class=\"ql-align-justify\">Corriente de salida:<\/li>\n<li class=\"ql-align-justify\">Modo de 12 V 5 A m\u00e1ximo<\/li>\n<li class=\"ql-align-justify\">Modo de 24 V\u00a02,5 A m\u00e1ximo<\/li>\n<li class=\"ql-align-justify\">Potencia de salida: 60 W (constante)<\/li>\n<li class=\"ql-align-justify\">Protecci\u00f3n de sobrevoltaje a:<\/li>\n<li class=\"ql-align-justify\">Modo de 12 V 16,5 V.<\/li>\n<li class=\"ql-align-justify\">Modo de 24 V\u00a033 V.<\/li>\n<\/ul>\n<p class=\"ql-align-justify\"><strong>Variables ambientales:<\/strong><\/p>\n<ul>\n<li class=\"ql-align-justify\">Temperatura de funcionamiento: -20\u00b0C a 60\u00b0C (-4\u00b0F a 140\u00b0F).<\/li>\n<li class=\"ql-align-justify\">Temperatura de almacenamiento: -40\u00b0C a 85\u00b0C (-40\u00b0F a 185\u00b0F).<\/li>\n<li class=\"ql-align-justify\">Humedad relativa: Del 5% al 95%.<\/li>\n<\/ul>\n<p><img decoding=\"async\" class=\"overview-center-img- aligncenter\" src=\"https:\/\/tvc.mx\/media\/5962\/Logoopaginas-oficial.png\" alt=\"\" \/><\/p>\n","protected":false},"excerpt":{"rendered":"<p>PSU-60 &#8211; unidad de fuente de alimentaci\u00f3n AMC El\u00a0APS-PSU-60\u00a0es la fuente de energ\u00eda para los controladores de la familia\u00a0AMC2\u00a0,\u00a0lo siguiente se aplica al modo de bater\u00eda: Funciones B\u00e1sicas: El modelo PSU-60 incluye los siguientes indicadores LED de estado del voltaje: Si el voltaje de entrada&hellip;<\/p>\n","protected":false},"featured_media":8652,"comment_status":"open","ping_status":"closed","template":"","meta":{"om_disable_all_campaigns":false,"_monsterinsights_skip_tracking":false,"_monsterinsights_sitenote_active":false,"_monsterinsights_sitenote_note":"","_monsterinsights_sitenote_category":0},"product_brand":[],"product_cat":[805],"product_tag":[81,727,730,66,731,728,729],"class_list":{"0":"post-8653","1":"product","2":"type-product","3":"status-publish","4":"has-post-thumbnail","6":"product_cat-controladores-y-distribuidores","7":"product_tag-acceso-y-asistencia","8":"product_tag-cerraduras","9":"product_tag-commax-wulian","10":"product_tag-dahua","11":"product_tag-wejoin","12":"product_tag-yli","13":"product_tag-zkteco","15":"first","16":"instock","17":"sale","18":"taxable","19":"shipping-taxable","20":"purchasable","21":"product-type-simple"},"aioseo_notices":[],"_links":{"self":[{"href":"https:\/\/tecsecmty.com\/index.php\/wp-json\/wp\/v2\/product\/8653","targetHints":{"allow":["GET"]}}],"collection":[{"href":"https:\/\/tecsecmty.com\/index.php\/wp-json\/wp\/v2\/product"}],"about":[{"href":"https:\/\/tecsecmty.com\/index.php\/wp-json\/wp\/v2\/types\/product"}],"replies":[{"embeddable":true,"href":"https:\/\/tecsecmty.com\/index.php\/wp-json\/wp\/v2\/comments?post=8653"}],"version-history":[{"count":0,"href":"https:\/\/tecsecmty.com\/index.php\/wp-json\/wp\/v2\/product\/8653\/revisions"}],"wp:featuredmedia":[{"embeddable":true,"href":"https:\/\/tecsecmty.com\/index.php\/wp-json\/wp\/v2\/media\/8652"}],"wp:attachment":[{"href":"https:\/\/tecsecmty.com\/index.php\/wp-json\/wp\/v2\/media?parent=8653"}],"wp:term":[{"taxonomy":"product_brand","embeddable":true,"href":"https:\/\/tecsecmty.com\/index.php\/wp-json\/wp\/v2\/product_brand?post=8653"},{"taxonomy":"product_cat","embeddable":true,"href":"https:\/\/tecsecmty.com\/index.php\/wp-json\/wp\/v2\/product_cat?post=8653"},{"taxonomy":"product_tag","embeddable":true,"href":"https:\/\/tecsecmty.com\/index.php\/wp-json\/wp\/v2\/product_tag?post=8653"}],"curies":[{"name":"wp","href":"https:\/\/api.w.org\/{rel}","templated":true}]}}