{"id":8654,"date":"2023-02-23T22:27:20","date_gmt":"2023-02-24T04:27:20","guid":{"rendered":"https:\/\/tecsecmty.com\/index.php\/producto\/dahua-asi1202m-d-control-de-acceso-antivandalico-para-exterior-3000-huellas-30000-tarjetas-id-150000-registros-metalico-tcp-ip-proteccion-ik10-e-ip65-es-de-alarma-rs-485-y-wiegand-soport\/"},"modified":"2023-03-22T23:22:20","modified_gmt":"2023-03-23T05:22:20","slug":"dahua-asi1202m-d-control-de-acceso-antivandalico-para-exterior-3000-huellas-30000-tarjetas-id-150000-registros-metalico-tcp-ip-proteccion-ik10-e-ip65-es-de-alarma-rs-485-y-wiegand-soport","status":"publish","type":"product","link":"https:\/\/tecsecmty.com\/index.php\/producto\/dahua-asi1202m-d-control-de-acceso-antivandalico-para-exterior-3000-huellas-30000-tarjetas-id-150000-registros-metalico-tcp-ip-proteccion-ik10-e-ip65-es-de-alarma-rs-485-y-wiegand-soport\/","title":{"rendered":"DAHUA ASI1202M-D- Control de Acceso Antivand\u00e1lico para Exterior\/ 3,000 Huellas\/ 30,000 Tarjetas ID\/ 150,000 Registros\/ Met\u00e1lico\/ TCP\/IP\/ Protecci\u00f3n IK10 e IP65\/ E&amp;S de Alarma\/ RS-485 y Wiegand\/ Soporta Lectora Adicional\/"},"content":{"rendered":"<div class=\"row aling-items-center padding-bottom-2x\">\n<div class=\"col-lg-12\">\n<h5 class=\"card-title text-center\">Informaci\u00f3n General<\/h5>\n<p>El ASI1201M-D es un control de acceso dise\u00f1ado para trabajar de manera aut\u00f3noma, es decir sin la necesidad de alg\u00fan panel de acceso o de alg\u00fan equipo de control de acceso, este equipo soporta alarma de coacci\u00f3n, alarma de manipulaci\u00f3n, alarma de intrusi\u00f3n, alarma de tiempo de espera de contacto de puerta y alarma de tarjeta ilegal que excede el tiempo. Con lo cual es ideal para accesos restringidos a ciertas zonas, lo que genera un mejor control de personal.<\/p>\n<p><img decoding=\"async\" class=\"overview-center-img-web\" src=\"https:\/\/tvc.mx\/media\/387815\/Dahua-ASI1202MD-CONTROL-DE-ACCESO-STAND-ALONE-IP67-1.png\" alt=\"\" \/><\/div>\n<\/div>\n<div class=\"row align-items-center padding-bottom-2x\">\n<div class=\"col-md-5 order-md-2\"><img decoding=\"async\" class=\"d-block m-auto img-thumbnail\" src=\"https:\/\/tvc.mx\/media\/387667\/Lector-de-huella-Dahua-.png\" alt=\" \" \/><\/div>\n<div class=\"col-md-7 order-md-1 text-md-left text-center\">\n<h2>Capacidad del equipo<\/h2>\n<p class=\"text-muted\">\n<p>El ASI1202MD es un equipo de control de acceso con la capacidad de soportar 30,000 usuarios, de los cuales m\u00e1ximo se pueden dar de alta 3,000 huellas o en su defecto registrar hasta 30,000 huellas, el total siempre ser\u00e1 de 30,000 usuarios, combinando ambos m\u00e9todos de identificaci\u00f3n. Mientras que la capacidad de registros es de 150,000.<\/p>\n<p>&nbsp;<\/p>\n<\/div>\n<\/div>\n<hr class=\"padding-bottom-2x\" \/>\n<div class=\"row align-items-center padding-bottom-2x\">\n<div class=\"col-md-5\"><img decoding=\"async\" class=\"d-block m-auto img-thumbnail\" src=\"https:\/\/tvc.mx\/media\/387671\/Proximidad-de-las-tarjetas-Dahua.png\" alt=\" \" \/><\/div>\n<div class=\"col-md-7 text-md-left text-center\">\n<h2>Compatible con Tarjetas de Proximidad<\/h2>\n<p class=\"text-muted\">\n<p>El control de acceso es compatible con tarjetas ID las cuales son de uso com\u00fan en el ramo de la seguridad. La distancia de reconocimiento de la tarjeta al control de acceso es de 1cm a 3cm, para un perfecto funcionamiento.<\/p>\n<p>&nbsp;<\/p>\n<\/div>\n<\/div>\n<hr class=\"padding-bottom-2x\" \/>\n<div class=\"row align-items-center padding-bottom-2x\">\n<div class=\"col-md-5 order-md-2\"><img decoding=\"async\" class=\"d-block m-auto img-thumbnail\" src=\"https:\/\/tvc.mx\/media\/387675\/compatibilidad-con-dispositivos-Dahua.png\" alt=\" \" \/><\/div>\n<div class=\"col-md-7 order-md-1 text-md-left text-center\">\n<h2>Compatibilidad con dispositivos externos<\/h2>\n<p class=\"text-muted\">\n<p>El ASI1202MD es compatible con lectoras esclavas por Wiegand o por el protocolo de comunicaci\u00f3n RS-485, la cual puede funcionar como m\u00e9todo de identificaci\u00f3n para salida y guardar el registro en los logs del control de acceso. Adem\u00e1s podr\u00e1 conectar una sirena que puede notificar de alg\u00fan evento anormal, de igual forma podr\u00e1 conectar un bot\u00f3n de salida, contacto magn\u00e9tico, lo cual hace que el equipo sea suficiente para administrar una puerta de acceso.<\/p>\n<p>&nbsp;<\/p>\n<\/div>\n<\/div>\n<hr class=\"padding-bottom-2x\" \/>\n<div class=\"row align-items-center padding-bottom-2x\">\n<div class=\"col-md-5\"><img decoding=\"async\" class=\"d-block m-auto img-thumbnail\" src=\"https:\/\/tvc.mx\/media\/387679\/Dahua-ASI1202MD-CONTROL-DE-ACCESO-STAND-ALONE-IP67-1-pp-caracteristicas.png\" alt=\" \" \/><\/div>\n<div class=\"col-md-7 text-md-left text-center\">\n<h2>Principales Caracter\u00edsticas<\/h2>\n<p class=\"text-muted\">\n<ul>\n<li>Memoria de 3000 plantillas de huellas dactilares<\/li>\n<li>Memoria de 30000 tarjetas RFID<\/li>\n<li>Apoyo total a trav\u00e9s de la red<\/li>\n<li>Protecci\u00f3n contra uso m\u00faltiple de una tarjeta para obtener acceso (anti-passback)<\/li>\n<li>Entradas para detector con interruptor de l\u00e1minas y bot\u00f3n para la solicitud de salida<\/li>\n<li>Contador de tiempo de apertura de la puerta con posibilidad de enviar una se\u00f1al de alarma despu\u00e9s de superar el valor configurado<\/li>\n<li>Puerto USB<\/li>\n<li>Retroiluminaci\u00f3n azul<\/li>\n<\/ul>\n<p>&nbsp;<\/p>\n<\/div>\n<\/div>\n<hr class=\"padding-bottom-2x\" \/>\n<div class=\"row align-items-center padding-bottom-2x\">\n<div class=\"col-md-5 order-md-2\"><img decoding=\"async\" class=\"d-block m-auto img-thumbnail\" src=\"https:\/\/tvc.mx\/media\/387735\/Dahua-ASI1202MD-CONTROL-DE-ACCESO-STAND-ALONE-IP67-1-especificaciones.png\" alt=\" \" \/><\/div>\n<div class=\"col-md-7 order-md-1 text-md-left text-center\">\n<h2>Especificaciones<\/h2>\n<p class=\"text-muted\">\n<ul>\n<li>Distancia de lectura de tarjetas: max. 1 &#8211; 3\u00a0cm<\/li>\n<li>Comunicaci\u00f3n: Wiegand<\/li>\n<li>Alimentaci\u00f3n:12\u00a0V\u00a0DC<\/li>\n<li>Consumo m\u00e1ximo de corriente:250\u00a0mA<\/li>\n<li>Carcasa: Metal + Vidrio templado<\/li>\n<li>Grado de protecci\u00f3n:IP65<\/li>\n<li>A prueba de vandalismo:IK10<\/li>\n<\/ul>\n<p>&nbsp;<\/p>\n<\/div>\n<\/div>\n<hr class=\"padding-bottom-2x\" \/>\n<div class=\"row align-items-center padding-bottom-2x\">\n<div class=\"col-md-5\"><img decoding=\"async\" class=\"d-block m-auto img-thumbnail\" src=\"https:\/\/tvc.mx\/media\/417007\/DHT0680002.png\" alt=\" \" \/><\/div>\n<div class=\"col-md-7 text-md-left text-center\">\n<h2>Incluye<\/h2>\n<p class=\"text-muted\">\n<ul>\n<li>Control de acceso TCP\/IP\u00a0<strong>ASI1202MD<\/strong><\/li>\n<li>Adaptador USB<\/li>\n<li>Guia rapida<\/li>\n<li>Poliza de garantia<\/li>\n<li>Tornilleria<\/li>\n<li>QR de descargas y manuales<\/li>\n<li>Pagina de consiltas<\/li>\n<\/ul>\n<\/div>\n<\/div>\n","protected":false},"excerpt":{"rendered":"<p>Informaci\u00f3n General El ASI1201M-D es un control de acceso dise\u00f1ado para trabajar de manera aut\u00f3noma, es decir sin la necesidad de alg\u00fan panel de acceso o de alg\u00fan equipo de control de acceso, este equipo soporta alarma de coacci\u00f3n, alarma de manipulaci\u00f3n, alarma de intrusi\u00f3n,&hellip;<\/p>\n","protected":false},"featured_media":1210,"comment_status":"open","ping_status":"closed","template":"","meta":{"om_disable_all_campaigns":false,"_monsterinsights_skip_tracking":false,"_monsterinsights_sitenote_active":false,"_monsterinsights_sitenote_note":"","_monsterinsights_sitenote_category":0},"product_brand":[],"product_cat":[806],"product_tag":[81,727,730,66,731,728,729],"class_list":{"0":"post-8654","1":"product","2":"type-product","3":"status-publish","4":"has-post-thumbnail","6":"product_cat-huella-control-de-acceso-dahua-acceso-asistencia","7":"product_tag-acceso-y-asistencia","8":"product_tag-cerraduras","9":"product_tag-commax-wulian","10":"product_tag-dahua","11":"product_tag-wejoin","12":"product_tag-yli","13":"product_tag-zkteco","15":"first","16":"instock","17":"sale","18":"taxable","19":"shipping-taxable","20":"purchasable","21":"product-type-simple"},"aioseo_notices":[],"_links":{"self":[{"href":"https:\/\/tecsecmty.com\/index.php\/wp-json\/wp\/v2\/product\/8654","targetHints":{"allow":["GET"]}}],"collection":[{"href":"https:\/\/tecsecmty.com\/index.php\/wp-json\/wp\/v2\/product"}],"about":[{"href":"https:\/\/tecsecmty.com\/index.php\/wp-json\/wp\/v2\/types\/product"}],"replies":[{"embeddable":true,"href":"https:\/\/tecsecmty.com\/index.php\/wp-json\/wp\/v2\/comments?post=8654"}],"version-history":[{"count":0,"href":"https:\/\/tecsecmty.com\/index.php\/wp-json\/wp\/v2\/product\/8654\/revisions"}],"wp:featuredmedia":[{"embeddable":true,"href":"https:\/\/tecsecmty.com\/index.php\/wp-json\/wp\/v2\/media\/1210"}],"wp:attachment":[{"href":"https:\/\/tecsecmty.com\/index.php\/wp-json\/wp\/v2\/media?parent=8654"}],"wp:term":[{"taxonomy":"product_brand","embeddable":true,"href":"https:\/\/tecsecmty.com\/index.php\/wp-json\/wp\/v2\/product_brand?post=8654"},{"taxonomy":"product_cat","embeddable":true,"href":"https:\/\/tecsecmty.com\/index.php\/wp-json\/wp\/v2\/product_cat?post=8654"},{"taxonomy":"product_tag","embeddable":true,"href":"https:\/\/tecsecmty.com\/index.php\/wp-json\/wp\/v2\/product_tag?post=8654"}],"curies":[{"name":"wp","href":"https:\/\/api.w.org\/{rel}","templated":true}]}}