{"id":8655,"date":"2023-02-23T22:27:20","date_gmt":"2023-02-24T04:27:20","guid":{"rendered":"https:\/\/tecsecmty.com\/index.php\/producto\/dahua-asi1212ad-control-de-acceso-touch-3000-huellas-30000-tarjetas-id-150000-registros-soporta-huella-tarjeta-tcp-ip-soporta-anti-passback-software-de-asistencia-admite-128-grupos-de-hor\/"},"modified":"2023-03-22T23:22:20","modified_gmt":"2023-03-23T05:22:20","slug":"dahua-asi1212ad-control-de-acceso-touch-3000-huellas-30000-tarjetas-id-150000-registros-soporta-huella-tarjeta-tcp-ip-soporta-anti-passback-software-de-asistencia-admite-128-grupos-de-hor","status":"publish","type":"product","link":"https:\/\/tecsecmty.com\/index.php\/producto\/dahua-asi1212ad-control-de-acceso-touch-3000-huellas-30000-tarjetas-id-150000-registros-soporta-huella-tarjeta-tcp-ip-soporta-anti-passback-software-de-asistencia-admite-128-grupos-de-hor\/","title":{"rendered":"DAHUA ASI1212AD- Control de Acceso Touch\/ 3,000 Huellas\/ 30,000 Tarjetas ID\/ 150,000 Registros\/ Soporta Huella, Tarjeta\/ TCP\/IP\/ Soporta Anti-passback\/ Software de Asistencia\/ Admite 128 Grupos de Horarios y D\u00edas Festivos\/"},"content":{"rendered":"<div class=\"row aling-items-center padding-bottom-2x\">\n<div class=\"col-lg-12\">\n<h5 class=\"card-title text-center\">CONTROL DE ACCESO PROFESIONAL INDEPENDIENTE\/ TARJETAS ID\/ 3 000 HUELLAS\/ 150000 REGISTROS<\/h5>\n<p>&nbsp;<\/p>\n<p><img decoding=\"async\" class=\"overview-center-img-web\" src=\"https:\/\/tvc.mx\/media\/457122\/control-de-acceso-touch-lector-de-tarjetas-huellas-password--ASI1212A-D-dahua.png\" alt=\"\" \/><\/div>\n<\/div>\n<div class=\"row align-items-center padding-bottom-2x\">\n<div class=\"col-md-5\"><img decoding=\"async\" class=\"d-block m-auto img-thumbnail\" src=\"https:\/\/tvc.mx\/media\/54741\/DHI-ASI1212A-Dconfig7.png\" alt=\" \" \/><\/div>\n<div class=\"col-md-7 text-md-left text-center\">\n<h2>Resumen del sistema<\/h2>\n<p class=\"text-muted\">\n<p class=\"ql-align-justify\">El control de acceso profesional modelo\u00a0<strong>ASI1212AD<\/strong>\u00a0standalone, cuenta con un teclado t\u00e1ctil y pantalla LCD. Tiene un sensor \u00f3ptico que es resistente a ralladuras, golpes de bajo impacto, vibraciones y descargas est\u00e1ticas. Este modelo puede ser utilizado en distintas formas de verificaci\u00f3n como lo es huella o tarjeta (ID)\u00a0<strong>No soporta contrase\u00f1a n\u00famerica<\/strong>. Cuenta con una comunicaci\u00f3n TCP-IP para su manejo o administraci\u00f3n desde software Smart PSS pero tambi\u00e9n\u00a0incluye un display desde el cual podr\u00e1 realizar operaciones como dar de alta usuarios, tarjetas, configurar par\u00e1metros del sistema, etc. cuenta\u00a0con\u00a0comunicaci\u00f3n de\u00a0conexiones\u00a0Wiegand \u00f3 RS485\u00a0, soporta dispositivos como\u00a0contrachapas, alarma y bot\u00f3n liberador de puerta.<\/p>\n<p class=\"ql-align-justify\">\n<p class=\"ql-align-justify\">\n<p>&nbsp;<\/p>\n<\/div>\n<\/div>\n<hr class=\"padding-bottom-2x\" \/>\n<div class=\"row align-items-center padding-bottom-2x\">\n<div class=\"col-md-5 order-md-2\"><img decoding=\"async\" class=\"d-block m-auto img-thumbnail\" src=\"https:\/\/tvc.mx\/media\/54747\/DHI-ASI1212A-Dconfig5.png\" alt=\" \" \/><\/div>\n<div class=\"col-md-7 order-md-1 text-md-left text-center\">\n<h2>Software de monitoreo SMART PSS.<\/h2>\n<p class=\"text-muted\">\n<p class=\"ql-align-justify\">El nuevo modulo de control de acceso Dahua te permitir\u00e1 poder realizar la b\u00fasqueda autoamtica de equipos en la red asi como poder modificar la direccion IP de los dispositivos\u00a0desde esta iterfaz podr\u00e1s encontrar las\u00a0puertas soportadas por el equipo, consta de un ventana de monitoreo en tiempo real donde se pueden combinar la vista de canales de video vigilancia y los eventos de control de acceso. Desde el software podr\u00e1s realizar la apertura remota de cada una de las puertas que se encuentran dentro de la misma red local.<\/p>\n<p class=\"ql-align-justify\">\u00a0Algunas opciones o funciones que podemos realizar\u00a0con la\u00a0administraci\u00f3n de\u00a0nuestros dispositivos en el Smart PSS son:<\/p>\n<ul>\n<li class=\"ql-align-justify\">Integrar canales de video en tecnolog\u00edas IP y HDCVI para grabaci\u00f3n de diversos tipos de eventos.<\/li>\n<li class=\"ql-align-justify\">Creaci\u00f3n de zonas horarias.<\/li>\n<li class=\"ql-align-justify\">Creaci\u00f3n de niveles de Acceso.<\/li>\n<li class=\"ql-align-justify\">Configuraciones b\u00e1sicas y avanzadas de puerta.<\/li>\n<li class=\"ql-align-justify\">Alta, Modificaci\u00f3n y Eliminaci\u00f3n de usuarios.<\/li>\n<li class=\"ql-align-justify\">Diferentes tipos de tarjetas de usuarios.<\/li>\n<li class=\"ql-align-justify\">Funciones avanzadas como Antipassback, Esclusa, apertura con primera tarjeta, apertura con m\u00faltiple tarjeta, Verificaci\u00f3n Remota.<\/li>\n<li class=\"ql-align-justify\">Vinculaci\u00f3n de video con registros de acceso.<\/li>\n<li class=\"ql-align-justify\">Reporte de eventos.<\/li>\n<li class=\"ql-align-justify\">Reportes de Entradas y salidas.<\/li>\n<\/ul>\n<p>&nbsp;<\/p>\n<\/div>\n<\/div>\n<hr class=\"padding-bottom-2x\" \/>\n<div class=\"row align-items-center padding-bottom-2x\">\n<div class=\"col-md-5\"><img decoding=\"async\" class=\"d-block m-auto img-thumbnail\" src=\"https:\/\/tvc.mx\/media\/54750\/DHI-ASI1212A-Dconfig9.png\" alt=\" \" \/><\/div>\n<div class=\"col-md-7 text-md-left text-center\">\n<h2>Aplicaciones<\/h2>\n<p class=\"text-muted\">\n<p>Este equipo modelo\u00a0<strong>ASI1212AD<\/strong>, tambi\u00e9n puede ser utilizado como una lectora, en los paneles\u00a0<strong>ASC1202B<\/strong>,\u00a0<strong>ASC1204B<\/strong>\u00a0y\u00a0<strong>ASC1204C.\u00a0<\/strong>Para hacer esto, solo tenemos que conectarlo por medio de 485-, 485+ y case, despu\u00e9s en el equipo\u00a0<strong>ASI1212AD,\u00a0<\/strong>hay que indicar que trabaje solo como una lectora.<\/p>\n<p>&nbsp;<\/p>\n<\/div>\n<\/div>\n<hr class=\"padding-bottom-2x\" \/>\n<div class=\"row align-items-center padding-bottom-2x\">\n<div class=\"col-md-5 order-md-2\"><img decoding=\"async\" class=\"d-block m-auto img-thumbnail\" src=\"https:\/\/tvc.mx\/media\/457125\/control-de-acceso-touch-lector-de-tarjetas-huellas-password--ASI1212A-D-dahua-caracteristicas.png\" alt=\" \" \/><\/div>\n<div class=\"col-md-7 order-md-1 text-md-left text-center\">\n<h2>Caracter\u00edsticas y Especificaciones<\/h2>\n<p class=\"text-muted\">\n<p><strong>Principales caracter\u00edsticas<\/strong><\/p>\n<ul>\n<li>Teclado t\u00e1ctil y pantalla LCD.<\/li>\n<li>Admite 30,000 tarjetas v\u00e1lidas y 150,000 registros.<\/li>\n<li>Admite varias tarjetas (tarjeta IC predeterminada) (\u00ab-D\u00bb significa ID EM tarjeta).<\/li>\n<li>Tarjeta de soporte y huella digital.<\/li>\n<li><strong>No soporta contrase\u00f1a.<\/strong><\/li>\n<li>TCP \/ IP a la PC.<\/li>\n<li>Wiegand o interfaz RS-485 para el lector.<\/li>\n<li>Alarma de tiempo de espera de puerta, alarma de intrusi\u00f3n, alarma de coacci\u00f3n y<\/li>\n<li>\u00a0alarma de manipulaci\u00f3n.<\/li>\n<li>Anti-passback, multi-tarjeta abierta.<\/li>\n<li>Asistencia de software.<\/li>\n<li>Admite 128 horarios eficientes de vacaciones y horarios.<\/li>\n<li>La funci\u00f3n Watch Dog garantiza que el dispositivo no se detenga.<\/li>\n<\/ul>\n<p>&nbsp;<\/p>\n<\/div>\n<\/div>\n<hr class=\"padding-bottom-2x\" \/>\n<div class=\"row align-items-center padding-bottom-2x\">\n<div class=\"col-md-5\"><img decoding=\"async\" class=\"d-block m-auto img-thumbnail\" src=\"https:\/\/tvc.mx\/media\/457128\/control-de-acceso-touch-lector-de-tarjetas-huellas-password--ASI1212A-D-dahua-especificaciones.png\" alt=\" \" \/><\/div>\n<div class=\"col-md-7 text-md-left text-center\">\n<h2>Especificaciones<\/h2>\n<p class=\"text-muted\">\n<p><strong>Sistema<\/strong><\/p>\n<ul>\n<li>Procesador principal de 32 bits<\/li>\n<li>Memoria 16M<\/li>\n<li>Puertos de entrada \/ salida<\/li>\n<li>Sensor de puerta de entrada x 1, bot\u00f3n de salida x 1, entrada de alarma x 1<\/li>\n<li>Rel\u00e9 de salida x 4 (cerradura de puerta, timbre, alarma x 2)<\/li>\n<li>Lectura de tarjeta<\/li>\n<li>Formato de lectura 13.56MHz 125KHz<\/li>\n<li>Rango de lectura 1-6 cm (m\u00e1x.)<\/li>\n<li>Tiempo de respuesta &lt;0.1s<\/li>\n<li>Lectura de huella digital<\/li>\n<li>Tiempo de respuesta \u22641.5s<\/li>\n<li>FAR \u22640.00004%<\/li>\n<li>FRR \u22640.15%<\/li>\n<\/ul>\n<p><strong>Capacidad<\/strong><\/p>\n<ul>\n<li>Titulares de la tarjeta 30,000.<\/li>\n<li>Eventos 150,000.<\/li>\n<li>Fingerprint 3000.<\/li>\n<\/ul>\n<\/div>\n<\/div>\n","protected":false},"excerpt":{"rendered":"<p>CONTROL DE ACCESO PROFESIONAL INDEPENDIENTE\/ TARJETAS ID\/ 3 000 HUELLAS\/ 150000 REGISTROS &nbsp; Resumen del sistema El control de acceso profesional modelo\u00a0ASI1212AD\u00a0standalone, cuenta con un teclado t\u00e1ctil y pantalla LCD. Tiene un sensor \u00f3ptico que es resistente a ralladuras, golpes de bajo impacto, vibraciones y&hellip;<\/p>\n","protected":false},"featured_media":1212,"comment_status":"open","ping_status":"closed","template":"","meta":{"om_disable_all_campaigns":false,"_monsterinsights_skip_tracking":false,"_monsterinsights_sitenote_active":false,"_monsterinsights_sitenote_note":"","_monsterinsights_sitenote_category":0},"product_brand":[],"product_cat":[806],"product_tag":[81,727,730,66,731,728,729],"class_list":{"0":"post-8655","1":"product","2":"type-product","3":"status-publish","4":"has-post-thumbnail","6":"product_cat-huella-control-de-acceso-dahua-acceso-asistencia","7":"product_tag-acceso-y-asistencia","8":"product_tag-cerraduras","9":"product_tag-commax-wulian","10":"product_tag-dahua","11":"product_tag-wejoin","12":"product_tag-yli","13":"product_tag-zkteco","15":"first","16":"instock","17":"sale","18":"taxable","19":"shipping-taxable","20":"purchasable","21":"product-type-simple"},"aioseo_notices":[],"_links":{"self":[{"href":"https:\/\/tecsecmty.com\/index.php\/wp-json\/wp\/v2\/product\/8655","targetHints":{"allow":["GET"]}}],"collection":[{"href":"https:\/\/tecsecmty.com\/index.php\/wp-json\/wp\/v2\/product"}],"about":[{"href":"https:\/\/tecsecmty.com\/index.php\/wp-json\/wp\/v2\/types\/product"}],"replies":[{"embeddable":true,"href":"https:\/\/tecsecmty.com\/index.php\/wp-json\/wp\/v2\/comments?post=8655"}],"version-history":[{"count":0,"href":"https:\/\/tecsecmty.com\/index.php\/wp-json\/wp\/v2\/product\/8655\/revisions"}],"wp:featuredmedia":[{"embeddable":true,"href":"https:\/\/tecsecmty.com\/index.php\/wp-json\/wp\/v2\/media\/1212"}],"wp:attachment":[{"href":"https:\/\/tecsecmty.com\/index.php\/wp-json\/wp\/v2\/media?parent=8655"}],"wp:term":[{"taxonomy":"product_brand","embeddable":true,"href":"https:\/\/tecsecmty.com\/index.php\/wp-json\/wp\/v2\/product_brand?post=8655"},{"taxonomy":"product_cat","embeddable":true,"href":"https:\/\/tecsecmty.com\/index.php\/wp-json\/wp\/v2\/product_cat?post=8655"},{"taxonomy":"product_tag","embeddable":true,"href":"https:\/\/tecsecmty.com\/index.php\/wp-json\/wp\/v2\/product_tag?post=8655"}],"curies":[{"name":"wp","href":"https:\/\/api.w.org\/{rel}","templated":true}]}}