{"id":8656,"date":"2023-02-23T22:27:21","date_gmt":"2023-02-24T04:27:21","guid":{"rendered":"https:\/\/tecsecmty.com\/index.php\/producto\/dahua-asi1212d-d-control-de-acceso-con-teclado-touch-3000-huellas-30000-tarjetas-id-150000-registros-tcp-ip-p2p-soporta-huella-tarjeta-y-password-soporta-anti-passback-puerto-usb-para-im\/"},"modified":"2023-03-22T23:22:20","modified_gmt":"2023-03-23T05:22:20","slug":"dahua-asi1212d-d-control-de-acceso-con-teclado-touch-3000-huellas-30000-tarjetas-id-150000-registros-tcp-ip-p2p-soporta-huella-tarjeta-y-password-soporta-anti-passback-puerto-usb-para-im","status":"publish","type":"product","link":"https:\/\/tecsecmty.com\/index.php\/producto\/dahua-asi1212d-d-control-de-acceso-con-teclado-touch-3000-huellas-30000-tarjetas-id-150000-registros-tcp-ip-p2p-soporta-huella-tarjeta-y-password-soporta-anti-passback-puerto-usb-para-im\/","title":{"rendered":"DAHUA ASI1212D-D &#8211; Control de Acceso con Teclado Touch\/ 3,000 Huellas\/ 30,000 Tarjetas ID\/ 150,000 Registros\/ TCP\/IP\/ P2P\/ Soporta Huella, Tarjeta y Password\/ Soporta Anti-passback\/ Puerto USB para Importar Configuraci\u00f3n o Exportar Registros\/"},"content":{"rendered":"<div class=\"row aling-items-center padding-bottom-2x\">\n<div class=\"col-lg-12\">\n<h5 class=\"card-title text-center\">Informaci\u00f3n General.<\/h5>\n<p>El control de acceso profesional modelo\u00a0<strong>ASI1212DD<\/strong>\u00a0standalone, cuenta con un teclado t\u00e1ctil y pantalla LCD. Tiene un sensor \u00f3ptico que es resistente a ralladuras, golpes de bajo impacto, vibraciones y descargas est\u00e1ticas, gracias a su \u00edndice de protecci\u00f3n IP65. Este modelo puede ser utilizado en distintas formas de verificaci\u00f3n como lo es huella, tarjeta (ID). Cuenta con una comunicaci\u00f3n TCP-IP para su manejo o administraci\u00f3n desde software SmartPSS, pero tambi\u00e9n incluye un display desde el cual podr\u00e1 realizar operaciones como dar de alta usuarios, tarjetas, configurar par\u00e1metros del sistema, etc. cuenta con comunicaci\u00f3n de conexiones Wiegand o RS485 , soporta dispositivos como contra chapas, alarma y bot\u00f3n liberador de puerta.<\/p>\n<p>&nbsp;<\/p>\n<p><img decoding=\"async\" class=\"overview-center-img-web\" src=\"https:\/\/tvc.mx\/media\/393719\/control-de-acceco-tcp-ip-standaone-uso-inteior-ASI1212DD-dahua.png\" alt=\"\" \/><\/div>\n<\/div>\n<div class=\"row align-items-center padding-bottom-2x\">\n<div class=\"col-md-5\"><img decoding=\"async\" class=\"d-block m-auto img-thumbnail\" src=\"https:\/\/tvc.mx\/media\/393723\/Lector-de-huella-Dahua-.png\" alt=\" \" \/><\/div>\n<div class=\"col-md-7 text-md-left text-center\">\n<h2>Funciones.<\/h2>\n<p class=\"text-muted\">\n<ul>\n<li>Funci\u00f3n de reloj.<\/li>\n<li>Lector de tarjetas ID.<\/li>\n<li>Soporte 30.000 tarjetas v\u00e1lidas y 150.000 registros.<\/li>\n<li>Soporte de tarjeta, contrase\u00f1a, huella digital y la combinaci\u00f3n de ellas.<\/li>\n<li>Wiegand o interfaz RS-485 para los lectores.<\/li>\n<li>Registro de entradas y salidas desde Software Smart PSS.<\/li>\n<li>Creaci\u00f3n de reportes de asistencia mediante el Software principal<\/li>\n<li>Wiegand o RS-485 para conexi\u00f3n de lector esclavo.<\/li>\n<li>Salida de rel\u00e9 NO\/NC para controlar una puerta o dispositivo mec\u00e1nico<\/li>\n<li>Conexi\u00f3n de bot\u00f3n<\/li>\n<li>Tipos de tarjeta: regular o general, Invitado, Patrullaje, VIP, Duress, etc.<\/li>\n<li>Soporta funci\u00f3n avanzada como anti-passback, verificaci\u00f3n remota, vinculaci\u00f3n de eventos etc.<\/li>\n<li>Software SmartPSS versiones 1.16.1 y 2.01 compatibles con modulo acceso.<\/li>\n<\/ul>\n<p>&nbsp;<\/p>\n<\/div>\n<\/div>\n<hr class=\"padding-bottom-2x\" \/>\n<div class=\"row align-items-center padding-bottom-2x\">\n<div class=\"col-md-5 order-md-2\"><img decoding=\"async\" class=\"d-block m-auto img-thumbnail\" src=\"https:\/\/tvc.mx\/media\/393735\/smartpss-dahua.png\" alt=\" \" \/><\/div>\n<div class=\"col-md-7 order-md-1 text-md-left text-center\">\n<h2>SmartPSS<\/h2>\n<p class=\"text-muted\">\n<p class=\"ql-align-justify\">El nuevo m\u00f3dulo de control de acceso Dahua te permitir\u00e1 poder realizar la b\u00fasqueda autom\u00e1tica de equipos en la red, as\u00ed como poder modificar la direcci\u00f3n IP de los dispositivos desde esta interfaz podr\u00e1s encontrar las puertas soportadas por el equipo, consta de una ventana de monitoreo en tiempo real donde se pueden combinar la vista de canales de video vigilancia y los eventos de control de acceso. Desde el software podr\u00e1s realizar la apertura remota de cada una de las puertas que se encuentran dentro de la misma red local.\u00a0Algunas opciones o funciones que podemos realizar con la administraci\u00f3n de nuestros dispositivos en el Smart PSS son:<\/p>\n<p class=\"ql-align-justify\">\n<ul>\n<li>Integrar canales de video en tecnolog\u00edas IP y HDCVI para grabaci\u00f3n de diversos tipos de eventos<\/li>\n<li>Creaci\u00f3n de zonas horarias<\/li>\n<li>Creaci\u00f3n de niveles de Acceso<\/li>\n<li>Configuraciones b\u00e1sicas y avanzadas de puerta<\/li>\n<li>Alta, Modificaci\u00f3n y Eliminaci\u00f3n de usuarios<\/li>\n<li>Diferentes tipos de tarjetas de usuarios<\/li>\n<li>Funciones avanzadas como Anti-passback, Esclusa, apertura con primera tarjeta, apertura con m\u00faltiple tarjeta, Verificaci\u00f3n Remota<\/li>\n<li>Vinculaci\u00f3n de video con registros de acceso<\/li>\n<li>Reporte de eventos<\/li>\n<li>Reportes de Entradas y salidas<\/li>\n<\/ul>\n<p>&nbsp;<\/p>\n<\/div>\n<\/div>\n<hr class=\"padding-bottom-2x\" \/>\n<div class=\"row align-items-center padding-bottom-2x\">\n<div class=\"col-md-5\"><img decoding=\"async\" class=\"d-block m-auto img-thumbnail\" src=\"https:\/\/tvc.mx\/media\/393739\/control-de-acceco-tcp-ip-standaone-uso-inteior-ASI1212DD-dahua-pp-caracteristicas.png\" alt=\" \" \/><\/div>\n<div class=\"col-md-7 text-md-left text-center\">\n<h2>Principales Caracter\u00edsticas.<\/h2>\n<p class=\"text-muted\">\n<ul>\n<li>Lector de proximidad ID a 125 kHz incorporado,<\/li>\n<li>Lector de huellas digitales integrado<\/li>\n<li>Memoria de 3000 plantillas de huellas dactilares<\/li>\n<li>Posibilidad de conectar un lector externo ASR (control de la puerta de dos v\u00edas)<\/li>\n<li>Modos de identificaci\u00f3n : Identificador de proximidad ID, Huella dactilar, o la combinaci\u00f3n de estos elementos<\/li>\n<li>Detecci\u00f3n de manipulaci\u00f3n &#8211; remoci\u00f3n de la superficie de montaje<\/li>\n<li>Soporte para el sensor de apertura y bot\u00f3n de salida<\/li>\n<li>Indicaci\u00f3n de entrada forzada y puerta no cerrada<\/li>\n<li>30000 usuarios indexados<\/li>\n<li>6 grupos de acceso<\/li>\n<li>128 horarios<\/li>\n<li>128 zonas horarias dentro del horario<\/li>\n<li>Horarios festivos<\/li>\n<li>Anti-passback<\/li>\n<li>Historial de 150000 eventos<\/li>\n<li>Integraci\u00f3n con el sistema de alarma a trav\u00e9s de la l\u00ednea de entrada\/salida<\/li>\n<li>Programaci\u00f3n remota desde el ordenador<\/li>\n<li>Perro guardi\u00e1n incorporado<\/li>\n<\/ul>\n<p>&nbsp;<\/p>\n<\/div>\n<\/div>\n<hr class=\"padding-bottom-2x\" \/>\n<div class=\"row align-items-center padding-bottom-2x\">\n<div class=\"col-md-5 order-md-2\"><img decoding=\"async\" class=\"d-block m-auto img-thumbnail\" src=\"https:\/\/tvc.mx\/media\/393743\/control-de-acceco-tcp-ip-standaone-uso-inteior-ASI1212DD-dahua-especificaciones.png\" alt=\" \" \/><\/div>\n<div class=\"col-md-7 order-md-1 text-md-left text-center\">\n<h2>Especificaciones<\/h2>\n<p class=\"text-muted\">\n<ul>\n<li>Soporte para tarjetas: ID a 125 kHz<\/li>\n<li>Distancia de lectura de tarjetas: max. 8\u00a0cm<\/li>\n<li>Comunicaci\u00f3n:RS-485; Wiegand; LAN<\/li>\n<li>Alimentaci\u00f3n:9\u00a0-15\u00a0V\u00a0DC<\/li>\n<li>IP65<\/li>\n<\/ul>\n<p>&nbsp;<\/p>\n<\/div>\n<\/div>\n<hr class=\"padding-bottom-2x\" \/>\n<div class=\"row align-items-center padding-bottom-2x\">\n<div class=\"col-md-5\"><img decoding=\"async\" class=\"d-block m-auto img-thumbnail\" src=\"https:\/\/tvc.mx\/media\/389959\/DHI-ASI1212D-D-20220315-WA0052-PNG-400x300.png\" alt=\" DHI-ASI1212D-D Control de Acceso Uso interior 3000 Huellas \" \/><\/div>\n<div class=\"col-md-7 text-md-left text-center\">\n<h2>Incluye:<\/h2>\n<p class=\"text-muted\">\n<ul>\n<li>Equipo<\/li>\n<li>Soporte para pared<\/li>\n<li>Tornillos \/ taquetes<\/li>\n<li>Cable salida RJ45<\/li>\n<li>Cables de conexi\u00f3n para botones de salida \/ electroim\u00e1n \/ estrobo<\/li>\n<li>Gu\u00eda de instalaci\u00f3n r\u00e1pida<\/li>\n<li>P\u00f3liza de garant\u00eda<\/li>\n<li>Gu\u00eda con informaci\u00f3n legal y reglamentaria<\/li>\n<\/ul>\n<\/div>\n<\/div>\n","protected":false},"excerpt":{"rendered":"<p>Informaci\u00f3n General. El control de acceso profesional modelo\u00a0ASI1212DD\u00a0standalone, cuenta con un teclado t\u00e1ctil y pantalla LCD. Tiene un sensor \u00f3ptico que es resistente a ralladuras, golpes de bajo impacto, vibraciones y descargas est\u00e1ticas, gracias a su \u00edndice de protecci\u00f3n IP65. Este modelo puede ser utilizado&hellip;<\/p>\n","protected":false},"featured_media":1214,"comment_status":"open","ping_status":"closed","template":"","meta":{"om_disable_all_campaigns":false,"_monsterinsights_skip_tracking":false,"_monsterinsights_sitenote_active":false,"_monsterinsights_sitenote_note":"","_monsterinsights_sitenote_category":0},"product_brand":[],"product_cat":[806],"product_tag":[81,727,730,66,731,728,729],"class_list":{"0":"post-8656","1":"product","2":"type-product","3":"status-publish","4":"has-post-thumbnail","6":"product_cat-huella-control-de-acceso-dahua-acceso-asistencia","7":"product_tag-acceso-y-asistencia","8":"product_tag-cerraduras","9":"product_tag-commax-wulian","10":"product_tag-dahua","11":"product_tag-wejoin","12":"product_tag-yli","13":"product_tag-zkteco","15":"first","16":"instock","17":"sale","18":"taxable","19":"shipping-taxable","20":"purchasable","21":"product-type-simple"},"aioseo_notices":[],"_links":{"self":[{"href":"https:\/\/tecsecmty.com\/index.php\/wp-json\/wp\/v2\/product\/8656","targetHints":{"allow":["GET"]}}],"collection":[{"href":"https:\/\/tecsecmty.com\/index.php\/wp-json\/wp\/v2\/product"}],"about":[{"href":"https:\/\/tecsecmty.com\/index.php\/wp-json\/wp\/v2\/types\/product"}],"replies":[{"embeddable":true,"href":"https:\/\/tecsecmty.com\/index.php\/wp-json\/wp\/v2\/comments?post=8656"}],"version-history":[{"count":0,"href":"https:\/\/tecsecmty.com\/index.php\/wp-json\/wp\/v2\/product\/8656\/revisions"}],"wp:featuredmedia":[{"embeddable":true,"href":"https:\/\/tecsecmty.com\/index.php\/wp-json\/wp\/v2\/media\/1214"}],"wp:attachment":[{"href":"https:\/\/tecsecmty.com\/index.php\/wp-json\/wp\/v2\/media?parent=8656"}],"wp:term":[{"taxonomy":"product_brand","embeddable":true,"href":"https:\/\/tecsecmty.com\/index.php\/wp-json\/wp\/v2\/product_brand?post=8656"},{"taxonomy":"product_cat","embeddable":true,"href":"https:\/\/tecsecmty.com\/index.php\/wp-json\/wp\/v2\/product_cat?post=8656"},{"taxonomy":"product_tag","embeddable":true,"href":"https:\/\/tecsecmty.com\/index.php\/wp-json\/wp\/v2\/product_tag?post=8656"}],"curies":[{"name":"wp","href":"https:\/\/api.w.org\/{rel}","templated":true}]}}