{"id":8657,"date":"2023-02-23T22:27:21","date_gmt":"2023-02-24T04:27:21","guid":{"rendered":"https:\/\/tecsecmty.com\/index.php\/producto\/dahua-asi1212f-d-control-de-acceso-touch-3000-huellas-30000-tarjetas-id-30000-passwords-150000-registros-apertura-remota-desde-app-tiempo-de-lectura-de-1-5-s-tcp-ip-es-de-alarma-boton\/"},"modified":"2023-03-22T23:22:20","modified_gmt":"2023-03-23T05:22:20","slug":"dahua-asi1212f-d-control-de-acceso-touch-3000-huellas-30000-tarjetas-id-30000-passwords-150000-registros-apertura-remota-desde-app-tiempo-de-lectura-de-1-5-s-tcp-ip-es-de-alarma-boton","status":"publish","type":"product","link":"https:\/\/tecsecmty.com\/index.php\/producto\/dahua-asi1212f-d-control-de-acceso-touch-3000-huellas-30000-tarjetas-id-30000-passwords-150000-registros-apertura-remota-desde-app-tiempo-de-lectura-de-1-5-s-tcp-ip-es-de-alarma-boton\/","title":{"rendered":"DAHUA ASI1212F-D &#8211; Control de Acceso Touch\/ 3,000 Huellas\/ 30,000 Tarjetas ID\/ 30,000 Passwords\/ 150,000 Registros\/ Apertura Remota desde APP\/ Tiempo de lectura de 1.5 s\/ TCP\/IP\/ E&amp;S de Alarma\/ Boton de Apertura\/"},"content":{"rendered":"<div class=\"row aling-items-center padding-bottom-2x\">\n<div class=\"col-lg-12\">\n<h5 class=\"card-title text-center\">Informaci\u00f3n general<\/h5>\n<p>El control de acceso modelo\u00a0<strong>ASI1212F-D<\/strong>\u00a0standalone, est\u00e1 dise\u00f1ado con materiales de alta calidad recomendado para uso en interiores, cuenta con una pantalla t\u00e1ctil LCD de 2.8 pulgadas con resoluci\u00f3n de 240&#215;320, tiene un sensor \u00f3ptico que es resistente a rayaduras, golpes de bajo impacto, vibraciones y descargas est\u00e1ticas, incorpora\u00a0una comunicaci\u00f3nTCP-IP para su manejo o administraci\u00f3n desde software Smart PSS AC, tambi\u00e9n incluye un display desde el cual podr\u00e1 realizar operaciones como dar de alta usuarios, tarjetas (ID), configurar par\u00e1metros del sistema, etc.<\/p>\n<p><img decoding=\"async\" class=\"overview-center-img-web\" src=\"https:\/\/tvc.mx\/media\/394103\/Dahua-ASI1212FD-control-de-acceso-standalone-huella-tarjeta.png\" alt=\"\" \/><\/div>\n<\/div>\n<div class=\"row align-items-center padding-bottom-2x\">\n<div class=\"col-md-5 order-md-2\"><img decoding=\"async\" class=\"d-block m-auto img-thumbnail\" src=\"https:\/\/tvc.mx\/media\/394107\/tarjetas-ID-dahua.png\" alt=\" \" \/><\/div>\n<div class=\"col-md-7 order-md-1 text-md-left text-center\">\n<h2>Tarjetas ID<\/h2>\n<p class=\"text-muted\">\n<p>El ASI1212F-3 soporta 30.000 usuarios, 30.000 tarjetas y 3000 huellas dactilares. Puede almacenar 150.000 registros de acceso y 1000 registros de alarmas. Soporta alarma de coacci\u00f3n, alarma de manipulaci\u00f3n e informe de la alarma; admite 1 entrada de alarma y 1 salida de alarma.<\/p>\n<p>&nbsp;<\/p>\n<\/div>\n<\/div>\n<hr class=\"padding-bottom-2x\" \/>\n<div class=\"row align-items-center padding-bottom-2x\">\n<div class=\"col-md-5\"><img decoding=\"async\" class=\"d-block m-auto img-thumbnail\" src=\"https:\/\/tvc.mx\/media\/394111\/smartpss-dahua.png\" alt=\" \" \/><\/div>\n<div class=\"col-md-7 text-md-left text-center\">\n<h2>Software de monitoreo SMART PSS AC.<\/h2>\n<p class=\"text-muted\">\n<p>El nuevo modulo de control de acceso Dahua te permitir\u00e1 poder realizar la b\u00fasqueda autoamtica de equipos en la red asi como poder modificar la direccion IP de los dispositivos\u00a0desde esta iterfaz podr\u00e1s encontrar las\u00a0puertas soportadas por el equipo, consta de un ventana de monitoreo en tiempo real donde se pueden combinar la vista de canales de video vigilancia y los eventos de control de acceso. Desde el software podr\u00e1s realizar la apertura remota de cada una de las puertas que se encuentran dentro de la misma red local.<\/p>\n<p>&nbsp;<\/p>\n<\/div>\n<\/div>\n<hr class=\"padding-bottom-2x\" \/>\n<div class=\"row align-items-center padding-bottom-2x\">\n<div class=\"col-md-5 order-md-2\"><img decoding=\"async\" class=\"d-block m-auto img-thumbnail\" src=\"https:\/\/tvc.mx\/media\/394115\/conexiones-control-de-acceso-dahua.png\" alt=\" \" \/><\/div>\n<div class=\"col-md-7 order-md-1 text-md-left text-center\">\n<h2>Comunicaci\u00f3n de conexiones<\/h2>\n<p class=\"text-muted\">\n<p>Este modelo cuenta con comunicaci\u00f3n de conexiones Wiegand \u00f3 RS485, soporta dispositivos esclavos y accesorios como contrachapas, alarma y bot\u00f3n liberador de puerta, adem\u00e1s puede ser utilizado en distintas formas de verificaci\u00f3n como lo es huella, tarjeta (ID) o bien puede asignarse un c\u00f3digo maestro al usuario para apertura. Adem\u00e1s de poder realizar la apertura mediante la APP DMSS, de manera local o remota ya que el equipo cuenta con P2P.<\/p>\n<p>&nbsp;<\/p>\n<\/div>\n<\/div>\n<hr class=\"padding-bottom-2x\" \/>\n<div class=\"row align-items-center padding-bottom-2x\">\n<div class=\"col-md-5\"><img decoding=\"async\" class=\"d-block m-auto img-thumbnail\" src=\"https:\/\/tvc.mx\/media\/394119\/Dahua-ASI1212FD-control-de-acceso-standalone-huella-tarjeta-pp-caracteristicas.png\" alt=\" \" \/><\/div>\n<div class=\"col-md-7 text-md-left text-center\">\n<h2>Principales caracter\u00edsticas<\/h2>\n<p class=\"text-muted\">\n<ul>\n<li>Pantalla LCD incorporada 240 x 320\u00a0px &#8211; 2.8\u00a0\u00bb pantalla t\u00e1ctil capacitiva<\/li>\n<li>Lector de huellas digitales integrado<\/li>\n<li>Memoria de 3000 plantillas de huellas dactilares<\/li>\n<li>Posibilidad de conectar un lector externo ASR (control de la puerta de dos v\u00edas)<\/li>\n<li>Modos de identificaci\u00f3n : Identificador de proximidad ID CARD, Huella dactilar, PIN, Cualquier combinaci\u00f3n de estos elementos<\/li>\n<li>Verificaci\u00f3n remota de acceso<\/li>\n<li>Detecci\u00f3n de manipulaci\u00f3n &#8211; remoci\u00f3n de la superficie de montaje<\/li>\n<li>Soporte para el sensor de apertura y bot\u00f3n de salida<\/li>\n<li>Indicaci\u00f3n de entrada forzada y puerta no cerrada<\/li>\n<li>30000 usuarios indexados<\/li>\n<li>Posibilidad de configurar grupos de acceso<\/li>\n<li>128 horarios<\/li>\n<li>128 zonas horarias dentro del horario<\/li>\n<li>Horarios festivos<\/li>\n<li>Anti-passback<\/li>\n<li>Integraci\u00f3n con el sistema de alarma a trav\u00e9s de la l\u00ednea de entrada\/salida<\/li>\n<li>Programaci\u00f3n remota desde el ordenador<\/li>\n<\/ul>\n<p>&nbsp;<\/p>\n<\/div>\n<\/div>\n<hr class=\"padding-bottom-2x\" \/>\n<div class=\"row align-items-center padding-bottom-2x\">\n<div class=\"col-md-5 order-md-2\"><img decoding=\"async\" class=\"d-block m-auto img-thumbnail\" src=\"https:\/\/tvc.mx\/media\/394123\/Dahua-ASI1212FD-control-de-acceso-standalone-huella-tarjeta-especificaciones.png\" alt=\" \" \/><\/div>\n<div class=\"col-md-7 order-md-1 text-md-left text-center\">\n<h2>Especificaciones<\/h2>\n<p class=\"text-muted\">\n<ul>\n<li>Soporte para tarjetas: ID CARD 125 KHz<\/li>\n<li>Distancia de lectura de tarjetas:1 &#8211; 3\u00a0cm<\/li>\n<li>Comunicaci\u00f3n:RS-485; Wiegand; LAN<\/li>\n<li>Soporta el almacenamiento de 150 000 registros<\/li>\n<li>Alimentaci\u00f3n:12\u00a0V\u00a0DC\u00a0\/ 1\u00a0A<\/li>\n<\/ul>\n<p>&nbsp;<\/p>\n<\/div>\n<\/div>\n<hr class=\"padding-bottom-2x\" \/>\n<div class=\"row align-items-center padding-bottom-2x\">\n<div class=\"col-md-5\"><img decoding=\"async\" class=\"d-block m-auto img-thumbnail\" src=\"https:\/\/tvc.mx\/media\/389927\/DHI-ASI1212F-D-20220315-113407-PNG-400x300.png\" alt=\" DHI-ASI1212F-D Control de Acceso STANDALONE Apertura remota P2P huella\" \/><\/div>\n<div class=\"col-md-7 text-md-left text-center\">\n<h2>Incluye:<\/h2>\n<p class=\"text-muted\">\n<ul>\n<li>Equipo<\/li>\n<li>Calcoman\u00eda con las medidas exactas para hacer los orificios donde se vaya a montar<\/li>\n<li>Llave tipo allen con ranura interior<\/li>\n<li>Tornillos \/ taquetes<\/li>\n<li>Cable salida RJ45<\/li>\n<li>Cables de conexi\u00f3n para botones \/ electroimanes \/ estrobos<\/li>\n<li>Gu\u00eda de instalaci\u00f3n r\u00e1pida<\/li>\n<li>P\u00f3liza de garant\u00eda<\/li>\n<\/ul>\n<\/div>\n<\/div>\n","protected":false},"excerpt":{"rendered":"<p>Informaci\u00f3n general El control de acceso modelo\u00a0ASI1212F-D\u00a0standalone, est\u00e1 dise\u00f1ado con materiales de alta calidad recomendado para uso en interiores, cuenta con una pantalla t\u00e1ctil LCD de 2.8 pulgadas con resoluci\u00f3n de 240&#215;320, tiene un sensor \u00f3ptico que es resistente a rayaduras, golpes de bajo impacto,&hellip;<\/p>\n","protected":false},"featured_media":1216,"comment_status":"open","ping_status":"closed","template":"","meta":{"om_disable_all_campaigns":false,"_monsterinsights_skip_tracking":false,"_monsterinsights_sitenote_active":false,"_monsterinsights_sitenote_note":"","_monsterinsights_sitenote_category":0},"product_brand":[],"product_cat":[806],"product_tag":[81,727,730,66,731,728,729],"class_list":{"0":"post-8657","1":"product","2":"type-product","3":"status-publish","4":"has-post-thumbnail","6":"product_cat-huella-control-de-acceso-dahua-acceso-asistencia","7":"product_tag-acceso-y-asistencia","8":"product_tag-cerraduras","9":"product_tag-commax-wulian","10":"product_tag-dahua","11":"product_tag-wejoin","12":"product_tag-yli","13":"product_tag-zkteco","15":"first","16":"instock","17":"sale","18":"taxable","19":"shipping-taxable","20":"purchasable","21":"product-type-simple"},"aioseo_notices":[],"_links":{"self":[{"href":"https:\/\/tecsecmty.com\/index.php\/wp-json\/wp\/v2\/product\/8657","targetHints":{"allow":["GET"]}}],"collection":[{"href":"https:\/\/tecsecmty.com\/index.php\/wp-json\/wp\/v2\/product"}],"about":[{"href":"https:\/\/tecsecmty.com\/index.php\/wp-json\/wp\/v2\/types\/product"}],"replies":[{"embeddable":true,"href":"https:\/\/tecsecmty.com\/index.php\/wp-json\/wp\/v2\/comments?post=8657"}],"version-history":[{"count":0,"href":"https:\/\/tecsecmty.com\/index.php\/wp-json\/wp\/v2\/product\/8657\/revisions"}],"wp:featuredmedia":[{"embeddable":true,"href":"https:\/\/tecsecmty.com\/index.php\/wp-json\/wp\/v2\/media\/1216"}],"wp:attachment":[{"href":"https:\/\/tecsecmty.com\/index.php\/wp-json\/wp\/v2\/media?parent=8657"}],"wp:term":[{"taxonomy":"product_brand","embeddable":true,"href":"https:\/\/tecsecmty.com\/index.php\/wp-json\/wp\/v2\/product_brand?post=8657"},{"taxonomy":"product_cat","embeddable":true,"href":"https:\/\/tecsecmty.com\/index.php\/wp-json\/wp\/v2\/product_cat?post=8657"},{"taxonomy":"product_tag","embeddable":true,"href":"https:\/\/tecsecmty.com\/index.php\/wp-json\/wp\/v2\/product_tag?post=8657"}],"curies":[{"name":"wp","href":"https:\/\/api.w.org\/{rel}","templated":true}]}}