{"id":8658,"date":"2023-02-23T22:27:22","date_gmt":"2023-02-24T04:27:22","guid":{"rendered":"https:\/\/tecsecmty.com\/index.php\/producto\/dahua-asi2212h-w-control-de-acceso-exterior-ip65-3000-huellas-30000-tarjetas-mifare-y-passwords-150000-eventos-diseno-delgado-y-elegante-desbloqueo-remoto-tcp-ip-autoregistro-p2p-funcion\/"},"modified":"2023-03-22T23:22:20","modified_gmt":"2023-03-23T05:22:20","slug":"dahua-asi2212h-w-control-de-acceso-exterior-ip65-3000-huellas-30000-tarjetas-mifare-y-passwords-150000-eventos-diseno-delgado-y-elegante-desbloqueo-remoto-tcp-ip-autoregistro-p2p-funcion","status":"publish","type":"product","link":"https:\/\/tecsecmty.com\/index.php\/producto\/dahua-asi2212h-w-control-de-acceso-exterior-ip65-3000-huellas-30000-tarjetas-mifare-y-passwords-150000-eventos-diseno-delgado-y-elegante-desbloqueo-remoto-tcp-ip-autoregistro-p2p-funcion\/","title":{"rendered":"DAHUA ASI2212H-W &#8211; Control de Acceso Exterior IP65\/ 3,000 Huellas\/ 30,000 Tarjetas Mifare y Passwords\/ 150,000 Eventos\/ Dise\u00f1o Delgado y Elegante\/ Desbloqueo Remoto\/ TCP\/IP\/ AutoRegistro\/ P2P\/ Funcion de Timbre\/"},"content":{"rendered":"<div class=\"row aling-items-center padding-bottom-2x\">\n<div class=\"col-lg-12\">\n<h5 class=\"card-title text-center\">Informaci\u00f3n General<\/h5>\n<p>Con un dise\u00f1o de alta gama, el controlador de acceso est\u00e1 equipado con un potente procesador que cuenta con algoritmos de aprendizaje profundo para reconocer huellas dactilares de forma r\u00e1pida y precisa. Tambi\u00e9n admite modos de desbloqueo que incluyen huellas dactilares, tarjetas, contrase\u00f1as y su combinaci\u00f3n.<\/p>\n<p><img decoding=\"async\" class=\"overview-center-img-web\" src=\"https:\/\/tvc.mx\/media\/450774\/Control-acceso-TCP-IP-Standalone-huella-tarjetas-ASI2212H-W-Dahua-imgpp.png\" alt=\"\" \/><\/div>\n<\/div>\n<div class=\"row align-items-center padding-bottom-2x\">\n<div class=\"col-md-5\"><img decoding=\"async\" class=\"d-block m-auto img-thumbnail\" src=\"https:\/\/tvc.mx\/media\/450777\/Lector-de-huella-Dahua-.png\" alt=\" \" \/><\/div>\n<div class=\"col-md-7 text-md-left text-center\">\n<h2>Funciones<\/h2>\n<p class=\"text-muted\">\n<ul>\n<li>Funci\u00f3n de reloj.<\/li>\n<li>Timbre<\/li>\n<li>Lector de tarjetas ID.<\/li>\n<li>Soporte 30.000 tarjetas v\u00e1lidas y 150.000 registros.<\/li>\n<li>Soporte de tarjeta, contrase\u00f1a, huella digital y la combinaci\u00f3n de ellas.<\/li>\n<li>Wiegand o interfaz RS-485 para los lectores.<\/li>\n<li>Registro de entradas y salidas desde Software Smart PSS.<\/li>\n<li>Creaci\u00f3n de reportes de asistencia mediante el Software principal<\/li>\n<li>Soporta funci\u00f3n avanzada como anti-passback, verificaci\u00f3n remota, vinculaci\u00f3n de eventos etc.<\/li>\n<li>Software SmartPSS-AC y DSS Pro<\/li>\n<\/ul>\n<p>&nbsp;<\/p>\n<\/div>\n<\/div>\n<hr class=\"padding-bottom-2x\" \/>\n<div class=\"row align-items-center padding-bottom-2x\">\n<div class=\"col-md-5 order-md-2\"><img decoding=\"async\" class=\"d-block m-auto img-thumbnail\" src=\"https:\/\/tvc.mx\/media\/480786\/smartpss-ac-dahua.png\" alt=\" \" \/><\/div>\n<div class=\"col-md-7 order-md-1 text-md-left text-center\">\n<h2>SmartPss<\/h2>\n<p class=\"text-muted\">\n<p>El nuevo m\u00f3dulo de control de acceso Dahua te permitir\u00e1 poder realizar la b\u00fasqueda autom\u00e1tica de equipos en la red, as\u00ed como poder modificar la direcci\u00f3n IP de los dispositivos desde esta interfaz podr\u00e1s encontrar las puertas soportadas por el equipo, consta de una ventana de monitoreo en tiempo real donde se pueden combinar la vista de canales de video vigilancia y los eventos de control de acceso. Desde el software podr\u00e1s realizar la apertura remota de cada una de las puertas que se encuentran dentro de la misma red local.<\/p>\n<p>&nbsp;<\/p>\n<\/div>\n<\/div>\n<hr class=\"padding-bottom-2x\" \/>\n<div class=\"row align-items-center padding-bottom-2x\">\n<div class=\"col-md-5\"><img decoding=\"async\" class=\"d-block m-auto img-thumbnail\" src=\"https:\/\/tvc.mx\/media\/450795\/Control-acceso-TCP-IP-Standalone-huella-tarjetas-ASI2212H-W-Dahua-caracteristicas.png\" alt=\" \" \/><\/div>\n<div class=\"col-md-7 text-md-left text-center\">\n<h2>Principales Caracter\u00edsticas<\/h2>\n<p class=\"text-muted\">\n<ul>\n<li>PC + ABS, apto para uso interior y exterior.<\/li>\n<li>Clasificaci\u00f3n IP65 (se necesita sellador de silicona, consulte la Gu\u00eda de inicio r\u00e1pido).<\/li>\n<li>Opci\u00f3n para cambiar entre el modo lector y controlador para mayor comodidad.<\/li>\n<li>Desbloqueo de tarjeta\/control remoto\/contrase\u00f1a\/huella digital y desbloqueo a trav\u00e9s de sus combinaciones.<\/li>\n<li>Algoritmo de aprendizaje profundo que reduce el tiempo de reconocimiento capacitivo de huellas dactilares a menos de 1 s.<\/li>\n<li>Nuevo dise\u00f1o con una estructura esbelta y elegante.<\/li>\n<li>Admite la expansi\u00f3n del m\u00f3dulo de seguridad de control de acceso para evitar la manipulaci\u00f3n, aumentando la seguridad de acceso. \u00b7 Admite alarma de coacci\u00f3n, alarma de manipulaci\u00f3n, alarma de intrusi\u00f3n, alarma de tiempo de espera de contacto de puerta, alarma de umbral de superaci\u00f3n de tarjeta ilegal, alarma de umbral de superaci\u00f3n de contrase\u00f1a ilegal y alarma externa.<\/li>\n<li>Admite usuarios invitados, usuarios de patrulla, usuarios de listas de bloqueo, usuarios VIP, usuarios generales y otros.<\/li>\n<li>Comunicaci\u00f3n TCP\/IP y Wi-Fi; registro autom\u00e1tico, registro P2P y DHCP.<\/li>\n<li>Soporta PC\/cliente web m\u00f3vil.<\/li>\n<li>Admite actualizaci\u00f3n en l\u00ednea y actualizaci\u00f3n USB.<\/li>\n<li>Funci\u00f3n de timbre.<\/li>\n<li>Indicaciones de audio.<\/li>\n<li>Compatible con SmartPSS-AC y DSS Pro.<\/li>\n<\/ul>\n<p>&nbsp;<\/p>\n<\/div>\n<\/div>\n<hr class=\"padding-bottom-2x\" \/>\n<div class=\"row align-items-center padding-bottom-2x\">\n<div class=\"col-md-5 order-md-2\"><img decoding=\"async\" class=\"d-block m-auto img-thumbnail\" src=\"https:\/\/tvc.mx\/media\/450798\/Control-acceso-TCP-IP-Standalone-huella-tarjetas-ASI2212H-W-Dahua-especificaciones.png\" alt=\" \" \/><\/div>\n<div class=\"col-md-7 order-md-1 text-md-left text-center\">\n<h2>Especificaciones<\/h2>\n<p class=\"text-muted\">\n<ul>\n<li>Pantalla de visualizaci\u00f3n LCD de 2,4&#8243;<\/li>\n<li>Mensaje de voz<\/li>\n<li>Desbloqueo de tarjeta\/control remoto\/contrase\u00f1a\/huella digital y desbloqueo a trav\u00e9s de sus combinaciones<\/li>\n<li>Tipo de tarjeta: IC o tarjeta ID<\/li>\n<li>Wifi<\/li>\n<li>Distancia de lectura de tarjeta 0-5 cm<\/li>\n<li>Capacidad de usuario 30.000 usuarios<\/li>\n<li>Capacidad de huellas dactilares 3,000 Accesorio<\/li>\n<li>Capacidad de la tarjeta 30,000<\/li>\n<li>Capacidad de contrase\u00f1a 30,000 Certificaciones<\/li>\n<li>Capacidad de registro 150.000 registros de desbloqueo<\/li>\n<li>Wiegand Entrada\/salida de 1 canal<\/li>\n<li>1 \u00d7 puerto USB2.0<\/li>\n<li>1 \u00d7 RJ-45, 100Mbps<\/li>\n<li>Fuente de alimentaci\u00f3n 12 V CC, 1 A<\/li>\n<li>Protecci\u00f3n: IP65<\/li>\n<\/ul>\n<\/div>\n<\/div>\n","protected":false},"excerpt":{"rendered":"<p>Informaci\u00f3n General Con un dise\u00f1o de alta gama, el controlador de acceso est\u00e1 equipado con un potente procesador que cuenta con algoritmos de aprendizaje profundo para reconocer huellas dactilares de forma r\u00e1pida y precisa. Tambi\u00e9n admite modos de desbloqueo que incluyen huellas dactilares, tarjetas, contrase\u00f1as&hellip;<\/p>\n","protected":false},"featured_media":1218,"comment_status":"open","ping_status":"closed","template":"","meta":{"om_disable_all_campaigns":false,"_monsterinsights_skip_tracking":false,"_monsterinsights_sitenote_active":false,"_monsterinsights_sitenote_note":"","_monsterinsights_sitenote_category":0},"product_brand":[],"product_cat":[806],"product_tag":[81,727,730,66,731,728,729],"class_list":{"0":"post-8658","1":"product","2":"type-product","3":"status-publish","4":"has-post-thumbnail","6":"product_cat-huella-control-de-acceso-dahua-acceso-asistencia","7":"product_tag-acceso-y-asistencia","8":"product_tag-cerraduras","9":"product_tag-commax-wulian","10":"product_tag-dahua","11":"product_tag-wejoin","12":"product_tag-yli","13":"product_tag-zkteco","15":"first","16":"instock","17":"sale","18":"taxable","19":"shipping-taxable","20":"purchasable","21":"product-type-simple"},"aioseo_notices":[],"_links":{"self":[{"href":"https:\/\/tecsecmty.com\/index.php\/wp-json\/wp\/v2\/product\/8658","targetHints":{"allow":["GET"]}}],"collection":[{"href":"https:\/\/tecsecmty.com\/index.php\/wp-json\/wp\/v2\/product"}],"about":[{"href":"https:\/\/tecsecmty.com\/index.php\/wp-json\/wp\/v2\/types\/product"}],"replies":[{"embeddable":true,"href":"https:\/\/tecsecmty.com\/index.php\/wp-json\/wp\/v2\/comments?post=8658"}],"version-history":[{"count":0,"href":"https:\/\/tecsecmty.com\/index.php\/wp-json\/wp\/v2\/product\/8658\/revisions"}],"wp:featuredmedia":[{"embeddable":true,"href":"https:\/\/tecsecmty.com\/index.php\/wp-json\/wp\/v2\/media\/1218"}],"wp:attachment":[{"href":"https:\/\/tecsecmty.com\/index.php\/wp-json\/wp\/v2\/media?parent=8658"}],"wp:term":[{"taxonomy":"product_brand","embeddable":true,"href":"https:\/\/tecsecmty.com\/index.php\/wp-json\/wp\/v2\/product_brand?post=8658"},{"taxonomy":"product_cat","embeddable":true,"href":"https:\/\/tecsecmty.com\/index.php\/wp-json\/wp\/v2\/product_cat?post=8658"},{"taxonomy":"product_tag","embeddable":true,"href":"https:\/\/tecsecmty.com\/index.php\/wp-json\/wp\/v2\/product_tag?post=8658"}],"curies":[{"name":"wp","href":"https:\/\/api.w.org\/{rel}","templated":true}]}}