{"id":8664,"date":"2023-02-23T22:27:26","date_gmt":"2023-02-24T04:27:26","guid":{"rendered":"https:\/\/tecsecmty.com\/index.php\/producto\/zkteco-lf10kit-control-de-acceso-para-una-puerta-1500-usuarios-incluye-electro-iman-boton-de-salida-montaje-tipo-u-para-puerta-de-metal-madera-y-cristal-con-marco-10-tarjetas-rfid-125-khz\/"},"modified":"2023-03-22T23:25:23","modified_gmt":"2023-03-23T05:25:23","slug":"zkteco-lf10kit-control-de-acceso-para-una-puerta-1500-usuarios-incluye-electro-iman-boton-de-salida-montaje-tipo-u-para-puerta-de-metal-madera-y-cristal-con-marco-10-tarjetas-rfid-125-khz","status":"publish","type":"product","link":"https:\/\/tecsecmty.com\/index.php\/producto\/zkteco-lf10kit-control-de-acceso-para-una-puerta-1500-usuarios-incluye-electro-iman-boton-de-salida-montaje-tipo-u-para-puerta-de-metal-madera-y-cristal-con-marco-10-tarjetas-rfid-125-khz\/","title":{"rendered":"ZKTECO LF10KIT &#8211; Control de Acceso para una Puerta \/ 1500 Usuarios \/ Incluye Electro-Im\u00e1n \/ Bot\u00f3n de Salida \/ Montaje Tipo U para Puerta de Metal, Madera y Cristal con marco \/ 10 Tarjetas RFID 125 Khz \/ #PAREJAIDEAL"},"content":{"rendered":"<div class=\"row aling-items-center padding-bottom-2x\">\n<div class=\"col-lg-12\">\n<h5 class=\"card-title text-center\">Informaci\u00f3n General<\/h5>\n<p>El\u00a0<strong>LF10<\/strong>\u00a0es un innovador lector biom\u00e9trico de huella digital para aplicaciones de control de acceso el cual adopta el avanzado algoritmo de ZK para ofrecer confiabilidad, precisi\u00f3n y r\u00e1pida velocidad de verificaci\u00f3n.<\/p>\n<p>Ideal para peque\u00f1as o sencillas soluciones como oficinas, fabricas, pymes, negocios y muchos mas.<\/p>\n<p><img decoding=\"async\" class=\"overview-center-img-web\" src=\"https:\/\/tvc.mx\/media\/320303\/Control-Acceso-1500-Usuarios-Electro-Im%C3%A1n-Bot%C3%B3n-Salida-Tarjetas-RFID-125Khz-LF10KIT-ZK-Banner.png\" alt=\"\" \/><\/div>\n<\/div>\n<div class=\"row align-items-center padding-bottom-2x\">\n<div class=\"col-md-5 order-md-2\"><img decoding=\"async\" class=\"d-block m-auto img-thumbnail\" src=\"https:\/\/tvc.mx\/media\/288395\/Kit-Control-Acceso-Una-Puerta-Electro-Im%C3%A1n-Bot%C3%B3n-Salida-Montaje-TipoU-Tarjetas-RFID-LF10KIT-ZK-Complemento3.png\" alt=\" \" \/><\/div>\n<div class=\"col-md-7 order-md-1 text-md-left text-center\">\n<h2>Contenido del KIT<\/h2>\n<p class=\"text-muted\">\n<ul>\n<li>Control de Acceso para Una Puerta: LF10<\/li>\n<li>Cerradura Electromagn\u00e9tica: LM-2805<\/li>\n<li>Bot\u00f3n de Salida Sin Contacto: TLEB102<\/li>\n<li>Paquete de 10 Tarjetas RFID 125 KHz<\/li>\n<li>Soporte de Montaje Tipo U<\/li>\n<\/ul>\n<p>No Incluye Fuente de Alimentaci\u00f3n, Fuente recomendada para la Soluci\u00f3n (TVN083034\u00a0o\u00a0TVN0830052)<\/p>\n<p>&nbsp;<\/p>\n<\/div>\n<\/div>\n<hr class=\"padding-bottom-2x\" \/>\n<div class=\"row align-items-center padding-bottom-2x\">\n<div class=\"col-md-5\"><img decoding=\"async\" class=\"d-block m-auto img-thumbnail\" src=\"https:\/\/tvc.mx\/media\/288399\/Kit-Control-Acceso-Una-Puerta-Electro-Im%C3%A1n-Bot%C3%B3n-Salida-Montaje-TipoU-Tarjetas-RFID-LF10KIT-ZK-Complemento2.png\" alt=\" \" \/><\/div>\n<div class=\"col-md-7 text-md-left text-center\">\n<h2>Caracter\u00edsticas del LF10<\/h2>\n<p class=\"text-muted\">\n<p><strong>Almacenamiento:<\/strong><\/p>\n<ul>\n<li>1,500 Huellas<\/li>\n<li>5,000 Tarjetas (RF-ID)<\/li>\n<li>5,000 Contrase\u00f1as<\/li>\n<\/ul>\n<p><strong>Interfaz de Comunicaci\u00f3n:<\/strong>\u00a0TCP\/IP, USB(Host)<\/p>\n<p><strong>Funci\u00f3n ADMS:<\/strong>\u00a0Support\u00a0<em>(Clave TVC de Actualizaci\u00f3n:\u00a0<\/em><em>67067<\/em><em>)<\/em><\/p>\n<p><strong>Interfaz de Acceso:<\/strong><\/p>\n<ul>\n<li>Relevador para Control de Acceso<\/li>\n<li>Conexi\u00f3n para Bot\u00f3n de Salida<\/li>\n<li>Salida de Alarma<\/li>\n<li>Salida para Timbre<\/li>\n<li>Alimentaci\u00f3n: 12v &#8211; 1.5A<\/li>\n<li>Dimensiones: 83 x 180 x 33 mm<\/li>\n<\/ul>\n<p><strong>Software Compatible:<\/strong><\/p>\n<ul>\n<li>ZK Access 3.5<\/li>\n<li>BioSecurity<strong>\u00a0\/\u00a0<\/strong>BioAccess<strong><em>(<\/em><\/strong><em>Modulo Acceso<\/em><strong><em>)<\/em>\u00a0<u>Necesario Actualizaci\u00f3n de ADMS y Firmware<\/u><\/strong><\/li>\n<\/ul>\n<p>&nbsp;<\/p>\n<\/div>\n<\/div>\n<hr class=\"padding-bottom-2x\" \/>\n<div class=\"row align-items-center padding-bottom-2x\">\n<div class=\"col-md-5 order-md-2\"><img decoding=\"async\" class=\"d-block m-auto img-thumbnail\" src=\"https:\/\/tvc.mx\/media\/288403\/Kit-Control-Acceso-Una-Puerta-Electro-Im%C3%A1n-Bot%C3%B3n-Salida-Montaje-TipoU-Tarjetas-RFID-LF10KIT-ZK-Complemento.png\" alt=\" \" \/><\/div>\n<div class=\"col-md-7 order-md-1 text-md-left text-center\">\n<h2>TLEB102<\/h2>\n<p class=\"text-muted\">\n<ul>\n<li>Sensor sin Contacto<\/li>\n<li>Distancia de Detecci\u00f3n de Infrarrojo: 2 &#8211; 10 cm<\/li>\n<li>Alimentaci\u00f3n: 9 ~ 16v DC<\/li>\n<li>Material: Acero Inoxidable<\/li>\n<li>Dimensiones: 115L x 70W (mm)<\/li>\n<li>Temperatura de Funcionamiento: &#8211; 20\u00b0 ~ + 50\u00b0<\/li>\n<\/ul>\n<p>&nbsp;<\/p>\n<\/div>\n<\/div>\n<hr class=\"padding-bottom-2x\" \/>\n<div class=\"row align-items-center padding-bottom-2x\">\n<div class=\"col-md-5\"><img decoding=\"async\" class=\"d-block m-auto img-thumbnail\" src=\"https:\/\/tvc.mx\/media\/288407\/Kit-Control-Acceso-Una-Puerta-Electro-Im%C3%A1n-Bot%C3%B3n-Salida-Montaje-TipoU-Tarjetas-RFID-LF10KIT-ZK-Complemento1.png\" alt=\" \" \/><\/div>\n<div class=\"col-md-7 text-md-left text-center\">\n<h2>LM-2805<\/h2>\n<p class=\"text-muted\">\n<ul>\n<li>Electroim\u00e1n con Fuerza de Soporte de 200 kg &#8211; 220 kg<\/li>\n<li>Voltaje de Entrada: 12v DC<\/li>\n<li>Peso: 1,77 kg<\/li>\n<li>Dimensiones del Electroim\u00e1n: 250 x 47 x 25,5 mm<\/li>\n<li>Dimensiones de la Placa de Hierro: 180 x 38 x 11 mm<\/li>\n<li>Soporte de Montaje Tipo U (Para Puertas de Cristal)<\/li>\n<\/ul>\n<\/div>\n<\/div>\n","protected":false},"excerpt":{"rendered":"<p>Informaci\u00f3n General El\u00a0LF10\u00a0es un innovador lector biom\u00e9trico de huella digital para aplicaciones de control de acceso el cual adopta el avanzado algoritmo de ZK para ofrecer confiabilidad, precisi\u00f3n y r\u00e1pida velocidad de verificaci\u00f3n. Ideal para peque\u00f1as o sencillas soluciones como oficinas, fabricas, pymes, negocios y&hellip;<\/p>\n","protected":false},"featured_media":8663,"comment_status":"open","ping_status":"closed","template":"","meta":{"om_disable_all_campaigns":false,"_monsterinsights_skip_tracking":false,"_monsterinsights_sitenote_active":false,"_monsterinsights_sitenote_note":"","_monsterinsights_sitenote_category":0},"product_brand":[],"product_cat":[807],"product_tag":[81,727,730,66,731,728,729],"class_list":{"0":"post-8664","1":"product","2":"type-product","3":"status-publish","4":"has-post-thumbnail","6":"product_cat-huella-control-de-acceso-zkteco-acceso-asistencia","7":"product_tag-acceso-y-asistencia","8":"product_tag-cerraduras","9":"product_tag-commax-wulian","10":"product_tag-dahua","11":"product_tag-wejoin","12":"product_tag-yli","13":"product_tag-zkteco","15":"first","16":"instock","17":"sale","18":"taxable","19":"shipping-taxable","20":"purchasable","21":"product-type-simple"},"aioseo_notices":[],"_links":{"self":[{"href":"https:\/\/tecsecmty.com\/index.php\/wp-json\/wp\/v2\/product\/8664","targetHints":{"allow":["GET"]}}],"collection":[{"href":"https:\/\/tecsecmty.com\/index.php\/wp-json\/wp\/v2\/product"}],"about":[{"href":"https:\/\/tecsecmty.com\/index.php\/wp-json\/wp\/v2\/types\/product"}],"replies":[{"embeddable":true,"href":"https:\/\/tecsecmty.com\/index.php\/wp-json\/wp\/v2\/comments?post=8664"}],"version-history":[{"count":0,"href":"https:\/\/tecsecmty.com\/index.php\/wp-json\/wp\/v2\/product\/8664\/revisions"}],"wp:featuredmedia":[{"embeddable":true,"href":"https:\/\/tecsecmty.com\/index.php\/wp-json\/wp\/v2\/media\/8663"}],"wp:attachment":[{"href":"https:\/\/tecsecmty.com\/index.php\/wp-json\/wp\/v2\/media?parent=8664"}],"wp:term":[{"taxonomy":"product_brand","embeddable":true,"href":"https:\/\/tecsecmty.com\/index.php\/wp-json\/wp\/v2\/product_brand?post=8664"},{"taxonomy":"product_cat","embeddable":true,"href":"https:\/\/tecsecmty.com\/index.php\/wp-json\/wp\/v2\/product_cat?post=8664"},{"taxonomy":"product_tag","embeddable":true,"href":"https:\/\/tecsecmty.com\/index.php\/wp-json\/wp\/v2\/product_tag?post=8664"}],"curies":[{"name":"wp","href":"https:\/\/api.w.org\/{rel}","templated":true}]}}