{"id":8668,"date":"2023-02-23T22:27:32","date_gmt":"2023-02-24T04:27:32","guid":{"rendered":"https:\/\/tecsecmty.com\/index.php\/producto\/zkteco-ma300hid-control-de-acceso-1500-huellas-10000-tarjetas-hid-tcpip-ip65-compatible-con-hid-proxcard-ii-sobre-pedido\/"},"modified":"2023-03-22T23:25:26","modified_gmt":"2023-03-23T05:25:26","slug":"zkteco-ma300hid-control-de-acceso-1500-huellas-10000-tarjetas-hid-tcpip-ip65-compatible-con-hid-proxcard-ii-sobre-pedido","status":"publish","type":"product","link":"https:\/\/tecsecmty.com\/index.php\/producto\/zkteco-ma300hid-control-de-acceso-1500-huellas-10000-tarjetas-hid-tcpip-ip65-compatible-con-hid-proxcard-ii-sobre-pedido\/","title":{"rendered":"ZKTECO MA300HID &#8211; Control de Acceso \/ 1500 Huellas \/ 10000 Tarjetas HID \/ TCPIP \/ IP65 \/ Compatible con HID ProxCard II \/ Sobre Pedido"},"content":{"rendered":"<div class=\"row aling-items-center padding-bottom-2x\">\n<div class=\"col-lg-12\">\n<h5 class=\"card-title text-center\">Informaci\u00f3n general.<\/h5>\n<p>El dispositivo modelo\u00a0<strong>MA300<\/strong>\u00a0es un innovador lector biom\u00e9trico de huella digital para aplicaciones de control de acceso el cual adopta el avanzado algoritmo de ZK para ofrecer confiabilidad, precisi\u00f3n y r\u00e1pida velocidad de verificaci\u00f3n. Su cubierta met\u00e1lica y protecci\u00f3n IP65 lo hacen resistente al agua, polvo y da\u00f1os externos.<\/p>\n<p class=\"ql-align-justify\">El\u00a0<strong>MA300<\/strong>\u00a0ofrece flexibilidad para ser instalado de manera aut\u00f3noma, pues ofrece la facilidad que los usuarios pueden ser registrados mediante una tarjeta de administrador.<\/p>\n<p><img decoding=\"async\" class=\"overview-center-img-web\" src=\"https:\/\/tvc.mx\/media\/497202\/Control-Acceso-Huellas-Tarjetas-ID-IP65-Descripci%C3%B3n-MA300HID-ZKTeco.png\" alt=\"\" \/><\/div>\n<\/div>\n<div class=\"row align-items-center padding-bottom-2x\">\n<div class=\"col-md-5 order-md-2\"><img decoding=\"async\" class=\"d-block m-auto img-thumbnail\" src=\"https:\/\/tvc.mx\/media\/497206\/Control-Acceso-Huellas-Tarjetas-ID-IP65-Caracter%C3%ADsticas-MA300HID-ZKTeco.png\" alt=\" \" \/><\/div>\n<div class=\"col-md-7 order-md-1 text-md-left text-center\">\n<h2>Caracter\u00edsticas.<\/h2>\n<p class=\"text-muted\">\n<p><strong>Almacenamiento:<\/strong><\/p>\n<ul>\n<li>1,500 Huellas<\/li>\n<li>10,000 Tarjetas (RF-ID)<\/li>\n<li>100,000 Eventos<\/li>\n<\/ul>\n<p><strong>Interfaz de Comunicaci\u00f3n:<\/strong>\u00a0TCP\/IP,\u00a0USB(Host), RS485<\/p>\n<p><strong>Interfaz de Acceso:<\/strong><\/p>\n<ul>\n<li>Relevador para Control de Acceso<\/li>\n<li>Conexi\u00f3n para Bot\u00f3n de Salida<\/li>\n<li>Conexi\u00f3n para Sensor de Puerta<\/li>\n<li>Salida y Entrada Wiegand<\/li>\n<li>Conexi\u00f3n RS485 (para Lector Esclavo)<\/li>\n<li>Salida de Alarma<\/li>\n<li><strong>Software Compatible:<\/strong>\u00a0ZK Time.Net Lite,\u00a0ZK Access3.5,\u00a0ZK Time.Net 3.0.<\/li>\n<\/ul>\n<p>&nbsp;<\/p>\n<\/div>\n<\/div>\n<hr class=\"padding-bottom-2x\" \/>\n<div class=\"row align-items-center padding-bottom-2x\">\n<div class=\"col-md-5\"><img decoding=\"async\" class=\"d-block m-auto img-thumbnail\" src=\"https:\/\/tvc.mx\/media\/497208\/Control-Acceso-Huellas-Tarjetas-ID-IP65-Especificaciones-MA300HID-ZKTeco.png\" alt=\" \" \/><\/div>\n<div class=\"col-md-7 text-md-left text-center\">\n<h2>Especificaciones.<\/h2>\n<p class=\"text-muted\">\n<p><strong>Fuente de Alimentaci\u00f3n:<\/strong>\u00a012V DC<\/p>\n<p><strong>Caracter\u00edsticas Especiales:<\/strong>\u00a0IP65<\/p>\n<p><strong>Temperatura de Operaci\u00f3n:<\/strong>\u00a0-10\u00b0C a 60\u00b0C<\/p>\n<p><strong>Humedad de Operaci\u00f3n:<\/strong>\u00a010% &#8211; 90%<\/p>\n<p><strong>Dimensiones:<\/strong>\u00a073 x 148 x 34.5 mm<\/p>\n<p><strong>Versi\u00f3n de Algoritmo:<\/strong>\u00a0ZKFinger VX10.0<\/p>\n<p><strong>Peso:<\/strong>\u00a01.15kg<\/p>\n<\/div>\n<\/div>\n","protected":false},"excerpt":{"rendered":"<p>Informaci\u00f3n general. El dispositivo modelo\u00a0MA300\u00a0es un innovador lector biom\u00e9trico de huella digital para aplicaciones de control de acceso el cual adopta el avanzado algoritmo de ZK para ofrecer confiabilidad, precisi\u00f3n y r\u00e1pida velocidad de verificaci\u00f3n. Su cubierta met\u00e1lica y protecci\u00f3n IP65 lo hacen resistente al&hellip;<\/p>\n","protected":false},"featured_media":8667,"comment_status":"open","ping_status":"closed","template":"","meta":{"om_disable_all_campaigns":false,"_monsterinsights_skip_tracking":false,"_monsterinsights_sitenote_active":false,"_monsterinsights_sitenote_note":"","_monsterinsights_sitenote_category":0},"product_brand":[],"product_cat":[807],"product_tag":[81,727,730,66,731,728,729],"class_list":{"0":"post-8668","1":"product","2":"type-product","3":"status-publish","4":"has-post-thumbnail","6":"product_cat-huella-control-de-acceso-zkteco-acceso-asistencia","7":"product_tag-acceso-y-asistencia","8":"product_tag-cerraduras","9":"product_tag-commax-wulian","10":"product_tag-dahua","11":"product_tag-wejoin","12":"product_tag-yli","13":"product_tag-zkteco","15":"first","16":"instock","17":"sale","18":"taxable","19":"shipping-taxable","20":"purchasable","21":"product-type-simple"},"aioseo_notices":[],"_links":{"self":[{"href":"https:\/\/tecsecmty.com\/index.php\/wp-json\/wp\/v2\/product\/8668","targetHints":{"allow":["GET"]}}],"collection":[{"href":"https:\/\/tecsecmty.com\/index.php\/wp-json\/wp\/v2\/product"}],"about":[{"href":"https:\/\/tecsecmty.com\/index.php\/wp-json\/wp\/v2\/types\/product"}],"replies":[{"embeddable":true,"href":"https:\/\/tecsecmty.com\/index.php\/wp-json\/wp\/v2\/comments?post=8668"}],"version-history":[{"count":0,"href":"https:\/\/tecsecmty.com\/index.php\/wp-json\/wp\/v2\/product\/8668\/revisions"}],"wp:featuredmedia":[{"embeddable":true,"href":"https:\/\/tecsecmty.com\/index.php\/wp-json\/wp\/v2\/media\/8667"}],"wp:attachment":[{"href":"https:\/\/tecsecmty.com\/index.php\/wp-json\/wp\/v2\/media?parent=8668"}],"wp:term":[{"taxonomy":"product_brand","embeddable":true,"href":"https:\/\/tecsecmty.com\/index.php\/wp-json\/wp\/v2\/product_brand?post=8668"},{"taxonomy":"product_cat","embeddable":true,"href":"https:\/\/tecsecmty.com\/index.php\/wp-json\/wp\/v2\/product_cat?post=8668"},{"taxonomy":"product_tag","embeddable":true,"href":"https:\/\/tecsecmty.com\/index.php\/wp-json\/wp\/v2\/product_tag?post=8668"}],"curies":[{"name":"wp","href":"https:\/\/api.w.org\/{rel}","templated":true}]}}