{"id":867,"date":"2023-02-16T00:00:08","date_gmt":"2023-02-16T00:00:08","guid":{"rendered":"https:\/\/tecsecmty.com\/index.php\/producto\/domo-ptz-turbohd-2-megapixel-1080p-15x-zoom-100-mts-ir-exir-exterior-ip66-wdr-120-db-rs-485-ultra-baja-iluminaciun\/"},"modified":"2023-03-22T23:20:43","modified_gmt":"2023-03-23T05:20:43","slug":"domo-ptz-turbohd-2-megapixel-1080p-15x-zoom-100-mts-ir-exir-exterior-ip66-wdr-120-db-rs-485-ultra-baja-iluminacion","status":"publish","type":"product","link":"https:\/\/tecsecmty.com\/index.php\/producto\/domo-ptz-turbohd-2-megapixel-1080p-15x-zoom-100-mts-ir-exir-exterior-ip66-wdr-120-db-rs-485-ultra-baja-iluminacion\/","title":{"rendered":"Domo PTZ TurboHD 2 Megapixel (1080P) \/ 15X Zoom \/ 100 mts IR EXIR \/ Exterior IP66 \/ WDR 120 dB \/ RS-485 \/ Ultra Baja Iluminacion"},"content":{"rendered":"<div class=\"container\">\n<div class=\"row\">\n<div class=\"col-md-12\">\n<div class=\"row\">\n<div class=\"row\">\n<div class=\"col-md-12\">\n<h4 class=\"text-primary center info-text\" style=\"text-align: center\">Informaci\u00f3n de Producto<\/h4>\n<\/div>\n<\/div>\n<div class=\"row\" style=\"text-align: center\">\n<div class=\"col-md-12\">\n<h3>Domo PTZ TurboHD 2 Megapixel (1080P) \/ 15X Zoom \/ 100 mts IR EXIR \/ Exterior IP66 \/ WDR 120 dB \/ RS-485 \/ Ultra Baja Iluminaci\u00f3n<\/h3>\n<\/div>\n<\/div>\n<div id=\"producto_container\" class=\"row\" style=\"text-align: center\">\n<div class=\"col-md-4\"><img decoding=\"async\" class=\"img-responsive center-block\" src=\"https:\/\/ftp3.syscom.mx\/usuarios\/fotos\/BancoFotografiasSyscom\/HIKVISION\/DS2AE4215TID(E)\/DS2AE4215TID(E)-p.PNG\" alt=\"DS-2AE4215TI-D(E)\" \/><\/p>\n<div class=\"row\">\n<div id=\"galerias\" class=\"col-sm-12\"><\/div>\n<\/div>\n<\/div>\n<div class=\"col-md-4\">\n<div><img decoding=\"async\" class=\"img-responsive img-thumbnail\" src=\"https:\/\/ftp3.syscom.mx\/usuarios\/fotos\/logotipos\/hikvision.png\" \/><\/div>\n<div><img decoding=\"async\" class=\"icono_info_product\" src=\"https:\/\/ftp3.syscom.mx\/usuarios\/ftp\/syscom_mx\/5-10-47-31-ir100.png\" \/><img decoding=\"async\" class=\"icono_info_product\" src=\"https:\/\/ftp3.syscom.mx\/usuarios\/ftp\/syscom_mx\/5-11-9-30-15zoom.png\" \/><img decoding=\"async\" class=\"icono_info_product\" src=\"https:\/\/ftp3.syscom.mx\/usuarios\/ftp\/syscom_mx\/3-16-42-54-12vcd-h.png\" \/><\/div>\n<div>\n<p>Modelo:\u00a0<span class=\"modelo-marca\">DS-2AE4215TI-D(E)<\/span><\/p>\n<p>Marca:\u00a0<span class=\"modelo-marca\">HIKVISION<\/span><\/p>\n<\/div>\n<div><\/div>\n<\/div>\n<div class=\"col-md-4\">\n<div class=\"row\">\n<div class=\"col-md-12 default_padding_bottom\"><\/div>\n<\/div>\n<\/div>\n<\/div>\n<\/div>\n<div class=\"row \" style=\"text-align: center\">\n<div class=\"col-md-12\">\n<div class=\"row\">\n<h3 class=\"text-primary\">Especificaciones:<\/h3>\n<\/div>\n<div class=\"row well\">\n<p><img decoding=\"async\" class=\"fr-fic fr-dii\" src=\"http:\/\/ftp3.syscom.mx\/usuarios\/jdelafuente\/HIKVISION\/hikvision%20logo%20complete.png\" \/><\/p>\n<p>&nbsp;<\/p>\n<div class=\"row\">\n<div class=\"col-sm-4\">\n<div><strong>Caracter\u00edsticas principales:<\/strong><\/p>\n<ul>\n<li>Resoluci\u00f3n m\u00e1xima: 2 Megapixel (1920 x 1080).<\/li>\n<li>Iluminaci\u00f3n m\u00ednima: Color 0.005 Lux (F1.6, AGC ON).<\/li>\n<li>Iluminaci\u00f3n m\u00ednima: B\/N 0.001 Lux (F1.6, AGC ON).<\/li>\n<li>Funciones: WDR 120dB \/ 3D-DNR \/ BLC \/ HLC \/ EIS.<\/li>\n<li>Distancia Focal: 5 a 75 mm (15X Zoom \u00f2ptico \/ 16X Zoom digital).<\/li>\n<li>Distancia de Infrarrojos: 100 mts IR ( visi\u00f3n nocturna).<\/li>\n<li>Soporta puertos RS-485 (anal\u00f3gica) y COAXITRON ( TURBOHD).<\/li>\n<\/ul>\n<\/div>\n<\/div>\n<div class=\"col-sm-4\">\n<div><strong>Caracter\u00edsticas F\u00edsicas y El\u00e9ctricas:<\/strong><\/p>\n<ul>\n<li>Alimentaci\u00f3n: 12 Vcc \/ 20 Watts (fuente incluida).<\/li>\n<li>Temperatura de operaci\u00f3n: -30\u00ba a 65\u00ba C.<\/li>\n<li>Protecci\u00f3n: Interior &#8211; Exterior (IP66).<\/li>\n<li>Dimensiones: 164.5 x 295 mm.<\/li>\n<li>Peso: 2 Kgs.<\/li>\n<li>Garant\u00eda: 2 a\u00f1os<\/li>\n<li><strong>El PTZ incluye<\/strong>\u00a0brazo de pared (<strong><a href=\"https:\/\/www.syscom.mx\/producto\/DS-1618ZJ-HIKVISION-69383.html\" target=\"_blank\" rel=\"noopener\">DS-1618ZJ<\/a><\/strong>) y fuente de poder.<\/li>\n<li>Para cuestiones de inducci\u00f3n se recomienda colocar el cople\u00a0<strong><a href=\"https:\/\/www.syscom.mx\/producto\/DS-1601ZJ-CP-Syscom-78253.html\" target=\"_blank\" rel=\"noopener\">DS-1601ZJ-CP<\/a><\/strong>\u00a0para aislar el PTZ del brazo de pared y prevenir fallas.<\/li>\n<li><strong>Accesorios:<\/strong><\/li>\n<li>Montaje de pared para interior o exterior, modelo:\u00a0<a href=\"https:\/\/www.syscom.mx\/producto\/DS-1602ZJ-HIKVISION-77700.html\" target=\"_blank\" rel=\"noopener\">DS-1602ZJ<\/a><\/li>\n<li>Montaje de\u00a0pared para interior o exterior, modelo:\u00a0<a href=\"https:\/\/www.syscom.mx\/producto\/DS-1602ZJ-HIKVISION-77700.html\" target=\"_blank\" rel=\"noopener\">DS-1602ZJ-Conner<\/a><\/li>\n<li>Montaje de poste vertical, modelo:\u00a0<a href=\"https:\/\/www.syscom.mx\/producto\/DS-1602ZJ-POLE-HIKVISION-78569.html\" target=\"_blank\" rel=\"noopener\">DS-1602ZJ-Pole<\/a><\/li>\n<li>Montaje de Pared con Caja de Conexiones, modelo:\u00a0<a href=\"https:\/\/www.syscom.mx\/producto\/DS-1602ZJ-BOX-HIKVISION-78425.html\" target=\"_blank\" rel=\"noopener\">DS-1602ZJ-Box<\/a><\/li>\n<li>Montaje de Techo sin tubo, modelo:\u00a0<a href=\"https:\/\/www.syscom.mx\/producto\/DS-1663ZJ-HIKVISION-75318.html\" target=\"_blank\" rel=\"noopener\">DS-1663ZJ\u00a0<\/a><\/li>\n<li>Montaje de Techo tipo tubo, modelo:\u00a0<a href=\"https:\/\/www.syscom.mx\/producto\/DS-1661ZJ-HIKVISION-69425.html\" target=\"_blank\" rel=\"noopener\">DS-1661ZJ<\/a><\/li>\n<li>Montaje de Techo tipo tubo, modelo:\u00a0<a href=\"https:\/\/www.syscom.mx\/producto\/DS-1662ZJ-HIKVISION-69426.html\" target=\"_blank\" rel=\"noopener\">DS-1662ZJ<\/a><\/li>\n<li>Montaje Tipo Ganzo, modelo:\u00a0<a href=\"https:\/\/www.syscom.mx\/producto\/DS-1619ZJ-HIKVISION-84690.html\" target=\"_blank\" rel=\"noopener\">DS-1619ZJ<\/a><\/li>\n<\/ul>\n<\/div>\n<\/div>\n<div class=\"col-sm-4\">\n<div><strong>Caracter\u00edsticas Generales:<\/strong><\/p>\n<ul>\n<li>Paneo: 360\u00ba.<\/li>\n<li>Tildeo: -15\u00ba a 90\u00ba.<\/li>\n<li>Preset: 256.<\/li>\n<li>Patrol: 10 (32 Preset cada uno)<\/li>\n<li>Pattern: 5 (10 minutos de grabaci\u00f3n m\u00e1ximo).<\/li>\n<li>Soporta tareas calendarizadas.<\/li>\n<li>Protocolos: HIKVISION \/ Pelco-P \/ Pelco-D.<\/li>\n<li><strong>Soporta tecnolog\u00eda AHD \/ CVI \/ TVI<\/strong><\/li>\n<\/ul>\n<\/div>\n<\/div>\n<\/div>\n<p>&nbsp;<\/p>\n<p>&nbsp;<\/p>\n<h1><strong>Recursos<\/strong><\/h1>\n<p>&nbsp;<\/p>\n<div class=\"row default_margin_bottom\">\n<div class=\"col-sm-4\"><a href=\"https:\/\/www.hikvision.com\/es-la\/support\/download\/software\/ivms4200-series\/?q=serie%20ivms4200&amp;position=1\" target=\"_blank\" rel=\"noopener\"><img decoding=\"async\" class=\"img-responsive\" src=\"https:\/\/ftp3.syscom.mx\/usuarios\/gmagos\/HIK\/IP\/IPC\/Imagenes%20pagina\/Descargas%20IVMS4200.jpg\" \/><\/a><\/div>\n<div class=\"col-sm-4\"><a href=\"https:\/\/appstore.hikvision.com\/\" target=\"_blank\" rel=\"noopener\"><img decoding=\"async\" class=\"img-responsive\" src=\"https:\/\/ftp3.syscom.mx\/usuarios\/gmagos\/HIK\/IP\/IPC\/Imagenes%20pagina\/Descargas%20de%20app.jpg\" \/><\/a><\/div>\n<div class=\"col-sm-4\"><a href=\"https:\/\/ftp3.syscom.mx\/usuarios\/ftp\/2022\/03\/11\/d806a\/Especificaci%C3%B3nes%20T%C3%A9cnicas%20-%20DS-2AE4215TI-D(E).pdf\" target=\"_blank\" rel=\"noopener\"><img decoding=\"async\" class=\"img-responsive\" src=\"https:\/\/ftp3.syscom.mx\/usuarios\/gmagos\/HIK\/IP\/IPC\/Imagenes%20pagina\/Descarga%20de%20PDF.jpg\" \/><\/a><\/div>\n<\/div>\n<p>&nbsp;<\/p>\n<p>&nbsp;<\/p>\n<p><img decoding=\"async\" class=\"fr-fic fr-dii\" src=\"http:\/\/ftp3.syscom.mx\/usuarios\/jdelafuente\/EPCOM\/TURBO%20HD\/100%253.png\" \/><\/p>\n<p>&nbsp;<\/p>\n<\/div>\n<\/div>\n<\/div>\n<\/div>\n<\/div>\n<\/div>\n<p><img decoding=\"async\" class=\"aligncenter\" src=\"https:\/\/tracker.metricool.com\/c3po.jpg?hash=95c94f37730bb8f54dd4308f1f878f9\" \/><\/p>\n","protected":false},"excerpt":{"rendered":"<p>Informaci\u00f3n de Producto Domo PTZ TurboHD 2 Megapixel (1080P) \/ 15X Zoom \/ 100 mts IR EXIR \/ Exterior IP66 \/ WDR 120 dB \/ RS-485 \/ Ultra Baja Iluminaci\u00f3n Modelo:\u00a0DS-2AE4215TI-D(E) Marca:\u00a0HIKVISION Especificaciones: &nbsp; Caracter\u00edsticas principales: Resoluci\u00f3n m\u00e1xima: 2 Megapixel (1920 x 1080). Iluminaci\u00f3n m\u00ednima:&hellip;<\/p>\n","protected":false},"featured_media":2181,"comment_status":"open","ping_status":"closed","template":"","meta":{"om_disable_all_campaigns":false,"_monsterinsights_skip_tracking":false,"_monsterinsights_sitenote_active":false,"_monsterinsights_sitenote_note":"","_monsterinsights_sitenote_category":0},"product_brand":[],"product_cat":[53],"product_tag":[42,38,54,37,55],"class_list":{"0":"post-867","1":"product","2":"type-product","3":"status-publish","4":"has-post-thumbnail","6":"product_cat-ptz","7":"product_tag-camaras","8":"product_tag-camaras-de-seguridad","9":"product_tag-camaras-ptz","10":"product_tag-hikvision","11":"product_tag-ptz","13":"first","14":"instock","15":"taxable","16":"shipping-taxable","17":"product-type-simple"},"aioseo_notices":[],"_links":{"self":[{"href":"https:\/\/tecsecmty.com\/index.php\/wp-json\/wp\/v2\/product\/867","targetHints":{"allow":["GET"]}}],"collection":[{"href":"https:\/\/tecsecmty.com\/index.php\/wp-json\/wp\/v2\/product"}],"about":[{"href":"https:\/\/tecsecmty.com\/index.php\/wp-json\/wp\/v2\/types\/product"}],"replies":[{"embeddable":true,"href":"https:\/\/tecsecmty.com\/index.php\/wp-json\/wp\/v2\/comments?post=867"}],"version-history":[{"count":2,"href":"https:\/\/tecsecmty.com\/index.php\/wp-json\/wp\/v2\/product\/867\/revisions"}],"predecessor-version":[{"id":2188,"href":"https:\/\/tecsecmty.com\/index.php\/wp-json\/wp\/v2\/product\/867\/revisions\/2188"}],"wp:featuredmedia":[{"embeddable":true,"href":"https:\/\/tecsecmty.com\/index.php\/wp-json\/wp\/v2\/media\/2181"}],"wp:attachment":[{"href":"https:\/\/tecsecmty.com\/index.php\/wp-json\/wp\/v2\/media?parent=867"}],"wp:term":[{"taxonomy":"product_brand","embeddable":true,"href":"https:\/\/tecsecmty.com\/index.php\/wp-json\/wp\/v2\/product_brand?post=867"},{"taxonomy":"product_cat","embeddable":true,"href":"https:\/\/tecsecmty.com\/index.php\/wp-json\/wp\/v2\/product_cat?post=867"},{"taxonomy":"product_tag","embeddable":true,"href":"https:\/\/tecsecmty.com\/index.php\/wp-json\/wp\/v2\/product_tag?post=867"}],"curies":[{"name":"wp","href":"https:\/\/api.w.org\/{rel}","templated":true}]}}