{"id":8672,"date":"2023-02-23T22:27:37","date_gmt":"2023-02-24T04:27:37","guid":{"rendered":"https:\/\/tecsecmty.com\/index.php\/producto\/zkteco-tf1700-control-de-acceso-exterior-de-huella-tarjeta-y-contrasena-soporta-3000-huellas-10000-tarjetas-rfid-125-khz-almacena-30000-registros-conexion-tcpip-usb-compatible-con-softw\/"},"modified":"2023-03-22T23:25:33","modified_gmt":"2023-03-23T05:25:33","slug":"zkteco-tf1700-control-de-acceso-exterior-de-huella-tarjeta-y-contrasena-soporta-3000-huellas-10000-tarjetas-rfid-125-khz-almacena-30000-registros-conexion-tcpip-usb-compatible-con-softw","status":"publish","type":"product","link":"https:\/\/tecsecmty.com\/index.php\/producto\/zkteco-tf1700-control-de-acceso-exterior-de-huella-tarjeta-y-contrasena-soporta-3000-huellas-10000-tarjetas-rfid-125-khz-almacena-30000-registros-conexion-tcpip-usb-compatible-con-softw\/","title":{"rendered":"ZKTECO TF1700 &#8211; Control de Acceso Exterior de Huella, Tarjeta y Contrase\u00f1a \/ Soporta 3000 Huellas \/ 10000 Tarjetas RFID 125 khz \/ Almacena 30000 Registros \/ Conexi\u00f3n TCPIP \/ USB \/ Compatible con Software ZK Access 3.5"},"content":{"rendered":"<div class=\"row aling-items-center padding-bottom-2x\">\n<div class=\"col-lg-12\">\n<h5 class=\"card-title text-center\">Informaci\u00f3n General<\/h5>\n<p>TF1700 es una de las terminales biom\u00e9tricas IP m\u00e1s compactas del mundo con un dise\u00f1o especial a prueba de agua y polvo para aplicaciones de control de acceso y gesti\u00f3n de asistencia de empleados.<\/p>\n<p>Con su robusta estructura y su nivel de protecci\u00f3n IP65, el TF1700 ofrece una mayor durabilidad en ambientes exteriores, ideal para aplicaciones como casas, oficinas, tiendas, f\u00e1bricas, entre muchas otras.<\/p>\n<p>Cuenta con una cubierta para proteger el sensor \u00f3ptico y soporta lectores externos como el FR1200 por RS485 o lectores de proximidad y es compatible con paneles de acceso que soporten formato Wiegand de 26bits.<\/p>\n<p>Es f\u00e1cilmente escalable y administrable mediante su interfaz TCP\/IP para la conexi\u00f3n a la red.<\/p>\n<p><img decoding=\"async\" class=\"overview-center-img-web\" src=\"https:\/\/tvc.mx\/media\/219051\/Control-Acceso-Semi-Exterior-Huella-Tarjeta-RFID-Contrase%C3%B1a-Software-ZKAccess3.5-TF1700-ZK-TVC-Banner.png\" alt=\"\" \/><\/div>\n<\/div>\n<div class=\"row align-items-center padding-bottom-2x\">\n<div class=\"col-md-5 order-md-2\"><img decoding=\"async\" class=\"d-block m-auto img-thumbnail\" src=\"https:\/\/tvc.mx\/media\/218983\/Control-Acceso-Semi-Exterior-Huella-Tarjeta-RFID-Contrase%C3%B1a-Software-ZKAccess3.5-TF1700-ZK-TVC-Complemento.png\" alt=\" \" \/><\/div>\n<div class=\"col-md-7 order-md-1 text-md-left text-center\">\n<h2>Principales Caracter\u00edsticas<\/h2>\n<p class=\"text-muted\">\n<p>\u2022 Textura Rugosa para Extra Durabilidad.<\/p>\n<p>\u2022 Dise\u00f1o Delgado y Elegante<\/p>\n<p>\u2022 F\u00e1cil y Preciso Algoritmo de Huella.<\/p>\n<p>\u2022 F\u00e1cil Intalaci\u00f3n y Conectividad.<\/p>\n<p>\u2022 Caracteristicas Completas de Control de Acceso.<\/p>\n<p>\u2022 Entrada y salida Wiegand.<\/p>\n<p>\u2022 F\u00e1cil Gesti\u00f3n y Operaci\u00f3n.<\/p>\n<p>&nbsp;<\/p>\n<\/div>\n<\/div>\n<hr class=\"padding-bottom-2x\" \/>\n<div class=\"row align-items-center padding-bottom-2x\">\n<div class=\"col-md-5\"><img decoding=\"async\" class=\"d-block m-auto img-thumbnail\" src=\"https:\/\/tvc.mx\/media\/218987\/Control-Acceso-Semi-Exterior-Huella-Tarjeta-RFID-Contrase%C3%B1a-Software-ZKAccess3.5-TF1700-ZK-TVC-Complemento2.png\" alt=\" \" \/><\/div>\n<div class=\"col-md-7 text-md-left text-center\">\n<h2>Especificaciones T\u00e9cnicas<\/h2>\n<p class=\"text-muted\">\n<p>Capacidad de Huellas Digitales: 3,000 (8,000) Opcionales<\/p>\n<p>Capacidad de Tarjetas: 10,000 ID<\/p>\n<p>Capacidad de Eventos: 30,000<\/p>\n<p>Pantalla: 128 x 64 OLED<\/p>\n<p>Comunicaci\u00f3n: TCP\/IP, RS485 y USB-Host<\/p>\n<p>Interfaz de Control de Acceso: Cerradura El\u00e9ctrica, Sensor de Puerta, Bot\u00f3n de Salida, Alarma, Timbre Buzzer<\/p>\n<p>Funciones Est\u00e1ndar: Tarjetas RFID Fuente de Opcionales MIFARE<\/p>\n<p>Wiegand Entrada y Salida Autentificaci\u00f3n Huella \/ Contrase\u00f1a \/ Tarjeta<\/p>\n<p>Fuente de Alimentaci\u00f3n 12 VCD 3A Temperatura de Operaci\u00f3n 10\u00b0C a 50\u00b0C<\/p>\n<p>Indice de Protecci\u00f3n IP65 Dimensiones 62.5 x185 x 41.5 mm<\/p>\n<p>Software compatible: ZKAccess 3.5 \/ ZKTimeNet<\/p>\n<\/div>\n<\/div>\n","protected":false},"excerpt":{"rendered":"<p>Informaci\u00f3n General TF1700 es una de las terminales biom\u00e9tricas IP m\u00e1s compactas del mundo con un dise\u00f1o especial a prueba de agua y polvo para aplicaciones de control de acceso y gesti\u00f3n de asistencia de empleados. Con su robusta estructura y su nivel de protecci\u00f3n&hellip;<\/p>\n","protected":false},"featured_media":8671,"comment_status":"open","ping_status":"closed","template":"","meta":{"om_disable_all_campaigns":false,"_monsterinsights_skip_tracking":false,"_monsterinsights_sitenote_active":false,"_monsterinsights_sitenote_note":"","_monsterinsights_sitenote_category":0},"product_brand":[],"product_cat":[807],"product_tag":[81,727,730,66,731,728,729],"class_list":{"0":"post-8672","1":"product","2":"type-product","3":"status-publish","4":"has-post-thumbnail","6":"product_cat-huella-control-de-acceso-zkteco-acceso-asistencia","7":"product_tag-acceso-y-asistencia","8":"product_tag-cerraduras","9":"product_tag-commax-wulian","10":"product_tag-dahua","11":"product_tag-wejoin","12":"product_tag-yli","13":"product_tag-zkteco","15":"first","16":"instock","17":"sale","18":"taxable","19":"shipping-taxable","20":"purchasable","21":"product-type-simple"},"aioseo_notices":[],"_links":{"self":[{"href":"https:\/\/tecsecmty.com\/index.php\/wp-json\/wp\/v2\/product\/8672","targetHints":{"allow":["GET"]}}],"collection":[{"href":"https:\/\/tecsecmty.com\/index.php\/wp-json\/wp\/v2\/product"}],"about":[{"href":"https:\/\/tecsecmty.com\/index.php\/wp-json\/wp\/v2\/types\/product"}],"replies":[{"embeddable":true,"href":"https:\/\/tecsecmty.com\/index.php\/wp-json\/wp\/v2\/comments?post=8672"}],"version-history":[{"count":0,"href":"https:\/\/tecsecmty.com\/index.php\/wp-json\/wp\/v2\/product\/8672\/revisions"}],"wp:featuredmedia":[{"embeddable":true,"href":"https:\/\/tecsecmty.com\/index.php\/wp-json\/wp\/v2\/media\/8671"}],"wp:attachment":[{"href":"https:\/\/tecsecmty.com\/index.php\/wp-json\/wp\/v2\/media?parent=8672"}],"wp:term":[{"taxonomy":"product_brand","embeddable":true,"href":"https:\/\/tecsecmty.com\/index.php\/wp-json\/wp\/v2\/product_brand?post=8672"},{"taxonomy":"product_cat","embeddable":true,"href":"https:\/\/tecsecmty.com\/index.php\/wp-json\/wp\/v2\/product_cat?post=8672"},{"taxonomy":"product_tag","embeddable":true,"href":"https:\/\/tecsecmty.com\/index.php\/wp-json\/wp\/v2\/product_tag?post=8672"}],"curies":[{"name":"wp","href":"https:\/\/api.w.org\/{rel}","templated":true}]}}