{"id":8678,"date":"2023-02-23T22:27:43","date_gmt":"2023-02-24T04:27:43","guid":{"rendered":"https:\/\/tecsecmty.com\/index.php\/producto\/bosch-a_ardser15ro-lectora-de-acceso-soporta-multiples-tecnologias-iclass-y-mifare\/"},"modified":"2023-03-22T23:21:00","modified_gmt":"2023-03-23T05:21:00","slug":"bosch-a_ardser15ro-lectora-de-acceso-soporta-multiples-tecnologias-iclass-y-mifare","status":"publish","type":"product","link":"https:\/\/tecsecmty.com\/index.php\/producto\/bosch-a_ardser15ro-lectora-de-acceso-soporta-multiples-tecnologias-iclass-y-mifare\/","title":{"rendered":"BOSCH A_ARDSER15RO &#8211; Lectora de acceso \/ Soporta multiples tecnologias \/ iClass Y MIFARE"},"content":{"rendered":"<h5 class=\"card-title text-center\">LECTUS secure 2000 RO<\/h5>\n<p class=\"ql-align-justify\"><strong>Resumen del sistema<\/strong><\/p>\n<p class=\"ql-align-justify\">Las lectoras seguras LECTUS son id\u00f3neas para instalaciones nuevas y existentes y proporcionan a los clientes la garant\u00eda de poder aprovechar sus inversiones existentes con el fin de mejorar sus sistemas a medida que las necesidades de sus negocios cambian. Las lectoras, independientes de las tecnolog\u00edas, admiten el est\u00e1ndar iCLASS, MIFARE classic y MIFARE DESFire EV1. Las lectoras seguras LECTUS est\u00e1n disponibles en cuatro factores de forma distintos que se ajustan a pr\u00e1cticamente todos los requisitos de instalaci\u00f3n para el uso en interiores y exteriores.<\/p>\n<p class=\"ql-align-justify\"><strong>Planificaci\u00f3n<\/strong><\/p>\n<p class=\"ql-align-justify\">La longitud m\u00e1xima del cable para el sistema de bus OSDP\/RS485 es de 1200 m con pares de cables trenzados. Es posible conectar ocho lectoras como m\u00e1ximo por interfaz. Se asignan direcciones a las lectoras utilizando las tarjetas de configuraci\u00f3n opcionales. Con el fin de evitar problemas al leer tarjetas en lectoras de tarjetas sin contacto, siga las instrucciones al planificar e instalar las lectoras sin contacto. Evite instalar lectoras de tarjetas sin contacto detr\u00e1s de cajas met\u00e1licas (es decir, conductoras) o sobre superficies met\u00e1licas.<\/p>\n<p class=\"ql-align-justify\">En la lista siguiente se indican las distancias que se deben dejar libres:<\/p>\n<ul>\n<li class=\"ql-align-justify\">Distancia entre la lectora y superficies met\u00e1licas montadas a los lados: m\u00ednimo 30 mm.<\/li>\n<li class=\"ql-align-justify\">Distancia entre la lectora y cables de tensi\u00f3n a 230 V~ y paquetes de bater\u00edas: m\u00ednimo 500 mm.<\/li>\n<li class=\"ql-align-justify\">Distancia entre la lectora y cables de alta frecuencia: m\u00ednimo 500 mm.<\/li>\n<\/ul>\n<p class=\"ql-align-justify\"><strong>Nota:\u00a0LECTUS secure 2000 RO Lectora iCLASS\/MIFARE,\u00a0tama\u00f1o de tama\u00f1o mini para montaje en marco, y adecuada para instalaciones en marco en interiores, caja de empalmes de una sola salida (J-box, Estados Unidos) o cualquier superficie plana, regleta de terminales, 4,8 x 15,3 x 2,3 cm, 120 g netos.\u00a0<\/strong><\/p>\n<p class=\"ql-align-justify\"><strong>N\u00famero de pedido: ARD-SER15-RO.<\/strong><\/p>\n<p class=\"ql-align-justify\"><strong>\u00a0Principales Caracter\u00edsticas:<\/strong><\/p>\n<ul>\n<li class=\"ql-align-justify\">Lectoras de proximidad a 13,56 MHz para conectar a controladores de accesos con interfaces OSDP.<\/li>\n<li class=\"ql-align-justify\">Adecuadas para el uso en interiores y exteriores.<\/li>\n<li class=\"ql-align-justify\">Admiten varias tecnolog\u00edas (est\u00e1ndar iCLASS, MIFARE\u00ae y MIFARE DESFire\u00ae EV1).<\/li>\n<li class=\"ql-align-justify\">Interoperativas con una gama cada vez mayor de entornos tecnol\u00f3gicos y factores de forma.<\/li>\n<\/ul>\n<p class=\"ql-align-justify\"><strong>Especificaciones T\u00e9cnicas:<\/strong><\/p>\n<ul>\n<li class=\"ql-align-justify\">Rango de tensiones de funcionamiento: De 5 a 16 VCC.<\/li>\n<li class=\"ql-align-justify\">Consumo de corriente: De 60 a 220 mA (pico), 16 V (consulte los detalles en el manual).<\/li>\n<li class=\"ql-align-justify\">Calificaci\u00f3n ambiental: IP 55 (IP 65 con casquillo opcional).<\/li>\n<li class=\"ql-align-justify\">Temperatura de operaci\u00f3n: De &#8211; 25 \u00b0C a +65 \u00b0C (de &#8211; 15 \u00b0F a 150 \u00b0F).<\/li>\n<li class=\"ql-align-justify\">Humedad: Del 5 al 95 % sin condensaci\u00f3n.<\/li>\n<li class=\"ql-align-justify\">Material de la carcasa: Policarbonato (UL 94).<\/li>\n<li class=\"ql-align-justify\">Color: Negro.<\/li>\n<li class=\"ql-align-justify\">Pantalla: Barra LED RGB multicolor.<\/li>\n<li class=\"ql-align-justify\">Conexi\u00f3n del panel: Regleta de terminales.<\/li>\n<li class=\"ql-align-justify\">Distancia t\u00edpica de lectura:<\/li>\n<\/ul>\n<p class=\"ql-align-justify\"><strong>LECTUS secure 2000 RO distancias de funcionamiento .<\/strong><\/p>\n<ul>\n<li class=\"ql-align-justify\">9 cm (tarjeta iCLASS).<\/li>\n<li class=\"ql-align-justify\">6 cm (tarjeta MIFARE DESFire EV1).<\/li>\n<li class=\"ql-align-justify\">6 cm (tarjeta MIFARE Classic).<\/li>\n<li class=\"ql-align-justify\">4 cm (llavero iCLASS).<\/li>\n<li class=\"ql-align-justify\">3 cm (llavero MIFARE Classic).<\/li>\n<\/ul>\n<p><img decoding=\"async\" class=\"overview-center-img- aligncenter\" src=\"https:\/\/tvc.mx\/media\/5801\/Logoopaginas-oficial.png\" alt=\"\" \/><\/p>\n","protected":false},"excerpt":{"rendered":"<p>LECTUS secure 2000 RO Resumen del sistema Las lectoras seguras LECTUS son id\u00f3neas para instalaciones nuevas y existentes y proporcionan a los clientes la garant\u00eda de poder aprovechar sus inversiones existentes con el fin de mejorar sus sistemas a medida que las necesidades de sus&hellip;<\/p>\n","protected":false},"featured_media":8677,"comment_status":"open","ping_status":"closed","template":"","meta":{"om_disable_all_campaigns":false,"_monsterinsights_skip_tracking":false,"_monsterinsights_sitenote_active":false,"_monsterinsights_sitenote_note":"","_monsterinsights_sitenote_category":0},"product_brand":[],"product_cat":[808],"product_tag":[81,727,730,66,731,728,729],"class_list":{"0":"post-8678","1":"product","2":"type-product","3":"status-publish","4":"has-post-thumbnail","6":"product_cat-lectoras-biometricas-control-de-acceso-bosch-acceso-asistencia","7":"product_tag-acceso-y-asistencia","8":"product_tag-cerraduras","9":"product_tag-commax-wulian","10":"product_tag-dahua","11":"product_tag-wejoin","12":"product_tag-yli","13":"product_tag-zkteco","15":"first","16":"instock","17":"sale","18":"taxable","19":"shipping-taxable","20":"purchasable","21":"product-type-simple"},"aioseo_notices":[],"_links":{"self":[{"href":"https:\/\/tecsecmty.com\/index.php\/wp-json\/wp\/v2\/product\/8678","targetHints":{"allow":["GET"]}}],"collection":[{"href":"https:\/\/tecsecmty.com\/index.php\/wp-json\/wp\/v2\/product"}],"about":[{"href":"https:\/\/tecsecmty.com\/index.php\/wp-json\/wp\/v2\/types\/product"}],"replies":[{"embeddable":true,"href":"https:\/\/tecsecmty.com\/index.php\/wp-json\/wp\/v2\/comments?post=8678"}],"version-history":[{"count":0,"href":"https:\/\/tecsecmty.com\/index.php\/wp-json\/wp\/v2\/product\/8678\/revisions"}],"wp:featuredmedia":[{"embeddable":true,"href":"https:\/\/tecsecmty.com\/index.php\/wp-json\/wp\/v2\/media\/8677"}],"wp:attachment":[{"href":"https:\/\/tecsecmty.com\/index.php\/wp-json\/wp\/v2\/media?parent=8678"}],"wp:term":[{"taxonomy":"product_brand","embeddable":true,"href":"https:\/\/tecsecmty.com\/index.php\/wp-json\/wp\/v2\/product_brand?post=8678"},{"taxonomy":"product_cat","embeddable":true,"href":"https:\/\/tecsecmty.com\/index.php\/wp-json\/wp\/v2\/product_cat?post=8678"},{"taxonomy":"product_tag","embeddable":true,"href":"https:\/\/tecsecmty.com\/index.php\/wp-json\/wp\/v2\/product_tag?post=8678"}],"curies":[{"name":"wp","href":"https:\/\/api.w.org\/{rel}","templated":true}]}}