{"id":8680,"date":"2023-02-23T22:27:46","date_gmt":"2023-02-24T04:27:46","guid":{"rendered":"https:\/\/tecsecmty.com\/index.php\/producto\/bosch-a_ardser90wi-lectus-secure-9000-iclass-y-mifare\/"},"modified":"2023-03-22T23:21:00","modified_gmt":"2023-03-23T05:21:00","slug":"bosch-a_ardser90wi-lectus-secure-9000-iclass-y-mifare","status":"publish","type":"product","link":"https:\/\/tecsecmty.com\/index.php\/producto\/bosch-a_ardser90wi-lectus-secure-9000-iclass-y-mifare\/","title":{"rendered":"BOSCH A_ARDSER90WI &#8211; LECTUS SECURE 9000 \/ iClass Y MIFARE"},"content":{"rendered":"<h5 class=\"card-title text-center\">LECTUS secure 9000 WI<\/h5>\n<p class=\"ql-align-justify\"><strong>Resumen del sistema<\/strong><\/p>\n<p class=\"ql-align-justify\">Los lectores de tecnolog\u00eda independiente\u00a0<strong>son compatibles con iCLASS est\u00e1ndar, MIFARE classic, y MIFARE DESFire EV1<\/strong>. La caracter\u00edstica de \u00abcontrol de estacionamiento\u00bb permite conectarse a un detector de bucle y asegurar el reconocimiento preciso de veh\u00edculos en plazas de estacionamiento. Dos\u00a0<strong>unidades LECTUS secure 9000 pueden funcionar\u00a0<\/strong>a un metro de distancia\u00a0<strong>para instalaciones de autoelevadores y veh\u00edculos<\/strong>. Las tarjetas de proximidad\u00a0<strong>iCLASS\u00a0<\/strong>funcionan con llaves diversificadas de\u00a0<strong>64-bits<\/strong>\u00a0para autenticaci\u00f3n mutua; los datos cifrados se transmiten entre la tarjeta y el lector. Alerta sonora y pantalla LED de varios colores con control interno o por sistema.<\/p>\n<p class=\"ql-align-justify\"><strong>Nota: La interfaz del lector Wiegand del AMC2-4W no proporciona suficiente energ\u00eda para el LECTUS secure 9000 WI<\/strong>\u00a0<strong>debe tenerse en cuenta una fuente de alimentaci\u00f3n externa para el LECTUS secure 9000 WI.<\/strong><\/p>\n<p class=\"ql-align-justify\"><strong>Planificaci\u00f3n<\/strong><\/p>\n<p class=\"ql-align-justify\"><strong>El largo de cable m\u00e1ximo para un sistema Wiegand es de 150 m.\u00a0<\/strong>Para evitar problemas al leer tarjetas con lectores sin contacto, siga las instrucciones al planificar e instalar los lectores. Evite instalar lectores de tarjetas sin contacto detr\u00e1s de estuches met\u00e1licos (es decir, conductores) o sobre superficies met\u00e1licas.<\/p>\n<p class=\"ql-align-justify\"><strong>Los espacios que se deben dejar se detallan en la siguiente lista:<\/strong><\/p>\n<ul>\n<li class=\"ql-align-justify\">Distancia entre el lector y las superficies met\u00e1licas anexadas al costado: m\u00ednimo 30 mm.<\/li>\n<li class=\"ql-align-justify\">Distancia entre el lector y los cables de voltaje de 230 V~ y las fuentes de alimentaci\u00f3n: m\u00ednimo 500 mm.<\/li>\n<li class=\"ql-align-justify\">Distancia entre el lector y los cables de alta frecuencia: m\u00ednimo 500 mm.<\/li>\n<\/ul>\n<p class=\"ql-align-justify\"><strong>Piezas incluidas:<\/strong><\/p>\n<ul>\n<li class=\"ql-align-justify\">1 Caja del lector con panel.<\/li>\n<li class=\"ql-align-justify\">1 Material de montaje.<\/li>\n<li class=\"ql-align-justify\">1 Gu\u00eda de instalaci\u00f3n.<\/li>\n<\/ul>\n<p class=\"ql-align-justify\"><strong>Nota: LECTUS secure 9000 WI Lectores iCLASS\/MIFARE de largo alcance para control de acceso con interfaces Wiegand.<\/strong><\/p>\n<p class=\"ql-align-justify\"><strong>N\u00famero de pedido: ARD-SER90-WI.<\/strong><\/p>\n<p class=\"ql-align-justify\"><strong>Principales Caracter\u00edsticas<\/strong><\/p>\n<ul>\n<li class=\"ql-align-justify\">Lectores de proximidad de 13,56 MHz para conexi\u00f3n a controladores de acceso con interfaces Wiegand.<\/li>\n<li class=\"ql-align-justify\">Compatibles con diversas tecnolog\u00edas (iCLASS est\u00e1ndar, MIFARE\u00ae, y MIFARE DESFire\u00ae EV1).<\/li>\n<li class=\"ql-align-justify\">Lector de proximidad\/largo alcance con alerta sonora y pantalla LED de varios colores.<\/li>\n<li class=\"ql-align-justify\">Recubierto en policarbonato s\u00f3lido y resistente, dise\u00f1ado para soportar ambientes hostiles.<\/li>\n<\/ul>\n<p class=\"ql-align-justify\"><strong>Especificaciones:<\/strong><\/p>\n<ul>\n<li class=\"ql-align-justify\">Rango de voltaje de funcionamiento: 12 VDC o 24 VDC.<\/li>\n<li class=\"ql-align-justify\">Consumo de entrada: 110 mA a 300 mA (m\u00e1ximo) 12V 70 mA a 150 mA (m\u00e1ximo) 24V .<\/li>\n<li class=\"ql-align-justify\">Clasificaci\u00f3n ambiental: IP 65.<\/li>\n<li class=\"ql-align-justify\">Temperatura de funcionamiento: -35 \u00b0C a 65 \u00b0C (-31 \u00b0F a 150 \u00b0F) Humedad: 5 a 95 %, sin agua de condensaci\u00f3n.<\/li>\n<li class=\"ql-align-justify\">Material de la carcasa: Policarbonato (UL 94) Color Negro.<\/li>\n<li class=\"ql-align-justify\">Conexi\u00f3n de paneles: Regleta de terminales Compatibilidad de tarjetas iCLASS iCLASS SE.<\/li>\n<li class=\"ql-align-justify\">N\u00famero de serie de: MIFARE classic.<\/li>\n<li class=\"ql-align-justify\">N\u00famero de serie de:MIFARE DESFire EV1 (Est\u00e1ndar de 32 bits, opcional de 56 bits).<\/li>\n<li class=\"ql-align-justify\">Frecuencia de funcionamiento: 13,56 MHz.<\/li>\n<li class=\"ql-align-justify\">Distancia de lectura t\u00edpica: 33,6 cm (con tarjeta iCLASS SE) 17,8 cm (con tarjeta MIFARE DESFire EV1) 24,8 cm (con tarjeta MIFARE classic).<\/li>\n<li class=\"ql-align-justify\">Dimensiones (ancho x alto x profundidad): (33,3 x 33,3 x 3,9 cm).<\/li>\n<li class=\"ql-align-justify\">Peso (g): 1844 g neto.<\/li>\n<\/ul>\n<p><img decoding=\"async\" class=\"overview-center-img- aligncenter\" src=\"https:\/\/tvc.mx\/media\/5843\/Logoopaginas-oficial.png\" alt=\"\" \/><\/p>\n","protected":false},"excerpt":{"rendered":"<p>LECTUS secure 9000 WI Resumen del sistema Los lectores de tecnolog\u00eda independiente\u00a0son compatibles con iCLASS est\u00e1ndar, MIFARE classic, y MIFARE DESFire EV1. La caracter\u00edstica de \u00abcontrol de estacionamiento\u00bb permite conectarse a un detector de bucle y asegurar el reconocimiento preciso de veh\u00edculos en plazas de&hellip;<\/p>\n","protected":false},"featured_media":8679,"comment_status":"open","ping_status":"closed","template":"","meta":{"om_disable_all_campaigns":false,"_monsterinsights_skip_tracking":false,"_monsterinsights_sitenote_active":false,"_monsterinsights_sitenote_note":"","_monsterinsights_sitenote_category":0},"product_brand":[],"product_cat":[808],"product_tag":[81,727,730,66,731,728,729],"class_list":{"0":"post-8680","1":"product","2":"type-product","3":"status-publish","4":"has-post-thumbnail","6":"product_cat-lectoras-biometricas-control-de-acceso-bosch-acceso-asistencia","7":"product_tag-acceso-y-asistencia","8":"product_tag-cerraduras","9":"product_tag-commax-wulian","10":"product_tag-dahua","11":"product_tag-wejoin","12":"product_tag-yli","13":"product_tag-zkteco","15":"first","16":"instock","17":"sale","18":"taxable","19":"shipping-taxable","20":"purchasable","21":"product-type-simple"},"aioseo_notices":[],"_links":{"self":[{"href":"https:\/\/tecsecmty.com\/index.php\/wp-json\/wp\/v2\/product\/8680","targetHints":{"allow":["GET"]}}],"collection":[{"href":"https:\/\/tecsecmty.com\/index.php\/wp-json\/wp\/v2\/product"}],"about":[{"href":"https:\/\/tecsecmty.com\/index.php\/wp-json\/wp\/v2\/types\/product"}],"replies":[{"embeddable":true,"href":"https:\/\/tecsecmty.com\/index.php\/wp-json\/wp\/v2\/comments?post=8680"}],"version-history":[{"count":0,"href":"https:\/\/tecsecmty.com\/index.php\/wp-json\/wp\/v2\/product\/8680\/revisions"}],"wp:featuredmedia":[{"embeddable":true,"href":"https:\/\/tecsecmty.com\/index.php\/wp-json\/wp\/v2\/media\/8679"}],"wp:attachment":[{"href":"https:\/\/tecsecmty.com\/index.php\/wp-json\/wp\/v2\/media?parent=8680"}],"wp:term":[{"taxonomy":"product_brand","embeddable":true,"href":"https:\/\/tecsecmty.com\/index.php\/wp-json\/wp\/v2\/product_brand?post=8680"},{"taxonomy":"product_cat","embeddable":true,"href":"https:\/\/tecsecmty.com\/index.php\/wp-json\/wp\/v2\/product_cat?post=8680"},{"taxonomy":"product_tag","embeddable":true,"href":"https:\/\/tecsecmty.com\/index.php\/wp-json\/wp\/v2\/product_tag?post=8680"}],"curies":[{"name":"wp","href":"https:\/\/api.w.org\/{rel}","templated":true}]}}