{"id":8681,"date":"2023-02-23T22:27:47","date_gmt":"2023-02-24T04:27:47","guid":{"rendered":"https:\/\/tecsecmty.com\/index.php\/producto\/dahua-asi3213g-mw-control-de-acceso-con-reconocimiento-facial-pantalla-tactil-de-4-3-pulgadas-soporta-1500-rostros-usuarios-tarjetas-mifare-y-passwords-distancia-de-reconocimiento-de-0-3-a-1-5\/"},"modified":"2023-03-22T23:22:20","modified_gmt":"2023-03-23T05:22:20","slug":"dahua-asi3213g-mw-control-de-acceso-con-reconocimiento-facial-pantalla-tactil-de-4-3-pulgadas-soporta-1500-rostros-usuarios-tarjetas-mifare-y-passwords-distancia-de-reconocimiento-de-0-3-a-1-5","status":"publish","type":"product","link":"https:\/\/tecsecmty.com\/index.php\/producto\/dahua-asi3213g-mw-control-de-acceso-con-reconocimiento-facial-pantalla-tactil-de-4-3-pulgadas-soporta-1500-rostros-usuarios-tarjetas-mifare-y-passwords-distancia-de-reconocimiento-de-0-3-a-1-5\/","title":{"rendered":"DAHUA ASI3213G-MW &#8211; Control de Acceso con Reconocimiento Facial\/ Pantalla Tactil de 4.3 Pulgadas\/ Soporta 1500 Rostros, Usuarios, Tarjetas MIFARE y Passwords\/ Distancia de Reconocimiento de 0.3 a 1.5 Metros\/ 99.5% de Precisi\u00f3n\/ #LoNuevo"},"content":{"rendered":"<div class=\"row aling-items-center padding-bottom-2x\">\n<div class=\"col-lg-12\">\n<h5 class=\"card-title text-center\">Informaci\u00f3n general.<\/h5>\n<p>Terminal de control de acceso FACT<\/p>\n<p>Pantalla t\u00e1ctil LCD de 4.3 pulgadas, resoluci\u00f3n 480\u00d7272, con doble lente gran angular de 2 MP, luz de relleno blanca, luz IR, admite desbloqueo de rostro, tarjeta y contrase\u00f1a; desbloquear por periodo, los datos del usuario se pueden almacenar en el controlador de acceso; puede contener 1500 im\u00e1genes de rostros y trabajar sin red, distancia cara-c\u00e1mara: 0,3 m-1,5 m, precisi\u00f3n de verificaci\u00f3n facial 99,5 %; velocidad de comparaci\u00f3n de caras 0,3 s por persona; baja tasa de reconocimiento falso, Soporte de detecci\u00f3n de vida.<\/p>\n<p><img decoding=\"async\" class=\"overview-center-img-web\" src=\"https:\/\/tvc.mx\/media\/483224\/Control_Acceso_Asistencia_Reconocimiento_Facial_4_3_Pulgadas_Dahua_DHI-ASI3213G-MW_Over_Ppal.png\" alt=\"\" \/><\/div>\n<\/div>\n<div class=\"row align-items-center padding-bottom-2x\">\n<div class=\"col-md-5\"><img decoding=\"async\" class=\"d-block m-auto img-thumbnail\" src=\"https:\/\/tvc.mx\/media\/483226\/Control_Acceso_Asistencia_Reconocimiento_Facial_4_3_Pulgadas_Dahua_DHI-ASI3213G-MW_Over_M.png\" alt=\" \" \/><\/div>\n<div class=\"col-md-7 text-md-left text-center\">\n<h2>Especificaciones<\/h2>\n<p class=\"text-muted\">\n<ul>\n<li>Fuente de alimentaci\u00f3n CC 12V 1.5A<\/li>\n<li>El consumo de energ\u00eda \u226418W<\/li>\n<li>Dimensiones 116 mm \u00d7 107 mm \u00d7 22 mm<\/li>\n<li>Temperatura de funcionamiento -10 \u00b0C a +55 \u00b0C (+14 \u00b0F a +131 \u00b0F)<\/li>\n<li>Humedad de funcionamiento 5 % de HR\u201395 % de HR (sin condensaci\u00f3n)<\/li>\n<li>Ambiente de trabajo Interior<\/li>\n<li>Instalaci\u00f3n En soporte de escritorio y pared<\/li>\n<li>Certificaciones CE\/FCC<\/li>\n<\/ul>\n<\/div>\n<\/div>\n","protected":false},"excerpt":{"rendered":"<p>Informaci\u00f3n general. Terminal de control de acceso FACT Pantalla t\u00e1ctil LCD de 4.3 pulgadas, resoluci\u00f3n 480\u00d7272, con doble lente gran angular de 2 MP, luz de relleno blanca, luz IR, admite desbloqueo de rostro, tarjeta y contrase\u00f1a; desbloquear por periodo, los datos del usuario se&hellip;<\/p>\n","protected":false},"featured_media":1220,"comment_status":"open","ping_status":"closed","template":"","meta":{"om_disable_all_campaigns":false,"_monsterinsights_skip_tracking":false,"_monsterinsights_sitenote_active":false,"_monsterinsights_sitenote_note":"","_monsterinsights_sitenote_category":0},"product_brand":[],"product_cat":[809],"product_tag":[81,727,730,66,731,728,729],"class_list":{"0":"post-8681","1":"product","2":"type-product","3":"status-publish","4":"has-post-thumbnail","6":"product_cat-lectoras-biometricas-control-de-acceso-dahua-acceso-asistencia","7":"product_tag-acceso-y-asistencia","8":"product_tag-cerraduras","9":"product_tag-commax-wulian","10":"product_tag-dahua","11":"product_tag-wejoin","12":"product_tag-yli","13":"product_tag-zkteco","15":"first","16":"instock","17":"sale","18":"taxable","19":"shipping-taxable","20":"purchasable","21":"product-type-simple"},"aioseo_notices":[],"_links":{"self":[{"href":"https:\/\/tecsecmty.com\/index.php\/wp-json\/wp\/v2\/product\/8681","targetHints":{"allow":["GET"]}}],"collection":[{"href":"https:\/\/tecsecmty.com\/index.php\/wp-json\/wp\/v2\/product"}],"about":[{"href":"https:\/\/tecsecmty.com\/index.php\/wp-json\/wp\/v2\/types\/product"}],"replies":[{"embeddable":true,"href":"https:\/\/tecsecmty.com\/index.php\/wp-json\/wp\/v2\/comments?post=8681"}],"version-history":[{"count":0,"href":"https:\/\/tecsecmty.com\/index.php\/wp-json\/wp\/v2\/product\/8681\/revisions"}],"wp:featuredmedia":[{"embeddable":true,"href":"https:\/\/tecsecmty.com\/index.php\/wp-json\/wp\/v2\/media\/1220"}],"wp:attachment":[{"href":"https:\/\/tecsecmty.com\/index.php\/wp-json\/wp\/v2\/media?parent=8681"}],"wp:term":[{"taxonomy":"product_brand","embeddable":true,"href":"https:\/\/tecsecmty.com\/index.php\/wp-json\/wp\/v2\/product_brand?post=8681"},{"taxonomy":"product_cat","embeddable":true,"href":"https:\/\/tecsecmty.com\/index.php\/wp-json\/wp\/v2\/product_cat?post=8681"},{"taxonomy":"product_tag","embeddable":true,"href":"https:\/\/tecsecmty.com\/index.php\/wp-json\/wp\/v2\/product_tag?post=8681"}],"curies":[{"name":"wp","href":"https:\/\/api.w.org\/{rel}","templated":true}]}}