{"id":8682,"date":"2023-02-23T22:27:47","date_gmt":"2023-02-24T04:27:47","guid":{"rendered":"https:\/\/tecsecmty.com\/index.php\/producto\/dahua-asi4214y-control-de-acceso-con-reconocimiento-facial-p2p-2000-huellas-2000-rostros-2000-tarjetas-mifare-accesoprofesional\/"},"modified":"2023-03-22T23:22:20","modified_gmt":"2023-03-23T05:22:20","slug":"dahua-asi4214y-control-de-acceso-con-reconocimiento-facial-p2p-2000-huellas-2000-rostros-2000-tarjetas-mifare-accesoprofesional","status":"publish","type":"product","link":"https:\/\/tecsecmty.com\/index.php\/producto\/dahua-asi4214y-control-de-acceso-con-reconocimiento-facial-p2p-2000-huellas-2000-rostros-2000-tarjetas-mifare-accesoprofesional\/","title":{"rendered":"DAHUA ASI4214Y &#8211; Control de Acceso con Reconocimiento Facial\/ P2P\/ 2000 Huellas\/ 2000 Rostros\/ 2000 Tarjetas MIFARE #AccesoProfesional"},"content":{"rendered":"<div class=\"row aling-items-center padding-bottom-2x\">\n<div class=\"col-lg-12\">\n<h5 class=\"card-title text-center\">Informaci\u00f3n general.<\/h5>\n<p>El control de acceso\u00a0<strong>ASI4214Y<\/strong>\u00a0es un equipo\u00a0<strong>para interior<\/strong>\u00a0que cuenta con soporte para 2,000 usuarios, 2,000 tarjetas mifare, 2,000 password, 2000 huellas, 50 administradores y 2,000 rostros. El reconocimiento facial puede realizarse de .3m a 2mtsde distancia del dispositivo con una\u00a0<strong>precisi\u00f3n del<\/strong>\u00a0<strong>&gt;99.5% en tan solo \u22640.5s<\/strong>\u00a0con, \u00e1ngulos desde 0\u00b0 hasta 90\u00b0 de rotaci\u00f3n de tosyto.\u00a0Al encontrarse con varias personas en una escena, el dispositivo leer\u00e1 la que se encuentre m\u00e1s cerca.<\/p>\n<h3><strong><em>Con el software DSS Express, puede obtener reportes de asistencia.<\/em><\/strong><\/h3>\n<p><img decoding=\"async\" class=\"overview-center-img-web\" src=\"https:\/\/tvc.mx\/media\/457743\/control-de-acceso-con-reconocimiento-facial-huellas-tarjetas-ASI4214Y-Dahua.png\" alt=\"\" \/><\/div>\n<\/div>\n<div class=\"row align-items-center padding-bottom-2x\">\n<div class=\"col-md-5\"><img decoding=\"async\" class=\"d-block m-auto img-thumbnail\" src=\"https:\/\/tvc.mx\/media\/457746\/Pantalla-touch-dahua.png\" alt=\" \" \/><\/div>\n<div class=\"col-md-7 text-md-left text-center\">\n<h2>Display touch 7\u201d, reconocimiento facial.<\/h2>\n<p class=\"text-muted\">\n<p>Con un\u00a0<strong>display touch capacitivo de 7&#8243;<\/strong>, una interfaz moderna y de f\u00e1cil operaci\u00f3n ayuda a tener un mayor control sin descuidar la seguridad gracias a la biometr\u00eda de doble identificaci\u00f3n.<\/p>\n<p>Para el reconocimiento facial cuenta con un\u00a0<strong>sistema de doble sensor<\/strong>\u00a0ayudando a que el equipo funcione correctamente a\u00fan en escenarios con baja iluminaci\u00f3n, ayudado con sensores infra rojos y, luz blanca auxiliar regulables para las diferentes escenas. El ASI4214Y cuenta con la opci\u00f3n de\u00a0<strong>detecci\u00f3n de rostros vivos<\/strong>\u00a0la cu\u00e1l ayuda a evitar las falsas entradas a trav\u00e9s de un video o una fotograf\u00eda.<\/p>\n<p>&nbsp;<\/p>\n<\/div>\n<\/div>\n<hr class=\"padding-bottom-2x\" \/>\n<div class=\"row align-items-center padding-bottom-2x\">\n<div class=\"col-md-5 order-md-2\"><img decoding=\"async\" class=\"d-block m-auto img-thumbnail\" src=\"https:\/\/tvc.mx\/media\/457749\/anti-pass-back-dahua.png\" alt=\" \" \/><\/div>\n<div class=\"col-md-7 order-md-1 text-md-left text-center\">\n<h2>Niveles de seguridad.<\/h2>\n<p class=\"text-muted\">\n<p>El\u00a0<strong>ASI4214Y<\/strong>\u00a0cuenta con la posibilidad de realizar la apertura a trav\u00e9s del reconocimiento facial, tarjetas, password,\u00a0permite la combinaci\u00f3n de opciones de desbloqueo. Se puede realizar la\u00a0<strong>programaci\u00f3n de eventos<\/strong>\u00a0como check in, check out, break in, break out. De igual modo, cuenta con la funci\u00f3n de\u00a0<strong>desbloqueo por periodos<\/strong>, con\u00a0<strong>6 niveles de usuarios<\/strong>\u00a0sistema\u00a0<strong>anti-passback.<\/strong><\/p>\n<p>&nbsp;<\/p>\n<\/div>\n<\/div>\n<hr class=\"padding-bottom-2x\" \/>\n<div class=\"row align-items-center padding-bottom-2x\">\n<div class=\"col-md-5\"><img decoding=\"async\" class=\"d-block m-auto img-thumbnail\" src=\"https:\/\/tvc.mx\/media\/457752\/conectividad-dahua.png\" alt=\" \" \/><\/div>\n<div class=\"col-md-7 text-md-left text-center\">\n<h2>Conectividad.<\/h2>\n<p class=\"text-muted\">\n<p>El control de acceso\u00a0<strong>ASI4214Y<\/strong>\u00a0cuenta con la posibilidad de conectarse a la red mediante su puerto RJ45 o, de igual modo, se puede realizar una conexi\u00f3n mediante los protocolos de comunicaci\u00f3n, cuenta con un arn\u00e9s de comunicaci\u00f3n con puertos f\u00edsicos para, entradas y salidas de alarma, puerto USB, RJ45. Soporta los protocolos RS-485, Wiegand 26, 34, 66; TCP\/IP, NTP.<\/p>\n<p>Las lectoras esclavas de Wiegand y RS-485 solamente son para tarjeta.<\/p>\n<p>&nbsp;<\/p>\n<\/div>\n<\/div>\n<hr class=\"padding-bottom-2x\" \/>\n<div class=\"row align-items-center padding-bottom-2x\">\n<div class=\"col-md-5 order-md-2\"><img decoding=\"async\" class=\"d-block m-auto img-thumbnail\" src=\"https:\/\/tvc.mx\/media\/457755\/control-de-acceso-con-reconocimiento-facial-huellas-tarjetas-ASI4214Y-Dahua-caracteristicas.png\" alt=\" \" \/><\/div>\n<div class=\"col-md-7 order-md-1 text-md-left text-center\">\n<h2>Principales caracter\u00edsticas.<\/h2>\n<p class=\"text-muted\">\n<ul>\n<li>Admite desbloqueo facial, desbloqueo de huellas dactilares, desbloqueo de tarjeta IC y desbloqueo de contrase\u00f1a; desbloquear por per\u00edodo<\/li>\n<li>Con caja de detecci\u00f3n de rostros; el rostro m\u00e1s grande entre los rostros que aparecen al mismo tiempo se reconoce primero; el tama\u00f1o m\u00e1ximo de la cara se puede configurar en la web<\/li>\n<li>Lente WDR gran angular de 2MP<\/li>\n<li>\u00a0Reconocimiento de perfil de soporte}<\/li>\n<li>Con el algoritmo de reconocimiento facial, el controlador de acceso puede reconocer m\u00e1s de 360 posiciones en el rostro humano<\/li>\n<li>Apoyar la detecci\u00f3n de vivacidad<\/li>\n<li>Admite alarma de coacci\u00f3n, alarma de manipulaci\u00f3n, alarma de intrusi\u00f3n, alarma de tiempo de espera de contacto de puerta, alarma de tarjeta ilegal que supera el umbral y m\u00e1s<\/li>\n<li>Admite usuarios generales, usuarios de patrulla, usuarios VIP, usuarios invitados y usuarios discapacitados<\/li>\n<\/ul>\n<p>&nbsp;<\/p>\n<\/div>\n<\/div>\n<hr class=\"padding-bottom-2x\" \/>\n<div class=\"row align-items-center padding-bottom-2x\">\n<div class=\"col-md-5\"><img decoding=\"async\" class=\"d-block m-auto img-thumbnail\" src=\"https:\/\/tvc.mx\/media\/457788\/control-de-acceso-con-reconocimiento-facial-huellas-tarjetas-ASI4214Y-Dahua-especificaciones.png\" alt=\" \" \/><\/div>\n<div class=\"col-md-7 text-md-left text-center\">\n<h2>Especificaciones<\/h2>\n<p class=\"text-muted\">\n<ul>\n<li>Voltaje de entrada 12V DC 2A.<\/li>\n<li>Consumo energ\u00e9tico 12W.<\/li>\n<li>2,000 usuarios.<\/li>\n<li>2,000 tarjetas mifare.<\/li>\n<li>2,000 passwords.<\/li>\n<li>2,000 huellas.<\/li>\n<li>2,000 rostros.<\/li>\n<li>50 administradores.<\/li>\n<li>100,000 eventos.<\/li>\n<li>Display touch capacitivo 7\u201d.<\/li>\n<li>Resoluci\u00f3n de pantalla 1024 (H) x 600 (V).<\/li>\n<li>Doble lente de 2MP.<\/li>\n<li>WDR 120dB.<\/li>\n<li>Luz blanca auxiliar ajustable.<\/li>\n<li>Conexi\u00f3n RS-485.<\/li>\n<li>2 Entradas de alarma.<\/li>\n<li>2 Salidas de alarma.<\/li>\n<li>1 Puerto USB.<\/li>\n<li>Wiegand 26, 34, 66.<\/li>\n<li>Distancia de lectura de tarjeta 1cm \u2013 5 cm.<\/li>\n<li>Altura de humanos 1.1mts \u2013 2.4mts.<\/li>\n<li>Distancia de reconocimiento facial .3mt \u2013 2mts.<\/li>\n<li>Lectora externa de tarjetas 1 Wiegand, 1 RS-485.<\/li>\n<li>Sensor de huella capacitivo.<\/li>\n<\/ul>\n<\/div>\n<\/div>\n","protected":false},"excerpt":{"rendered":"<p>Informaci\u00f3n general. El control de acceso\u00a0ASI4214Y\u00a0es un equipo\u00a0para interior\u00a0que cuenta con soporte para 2,000 usuarios, 2,000 tarjetas mifare, 2,000 password, 2000 huellas, 50 administradores y 2,000 rostros. El reconocimiento facial puede realizarse de .3m a 2mtsde distancia del dispositivo con una\u00a0precisi\u00f3n del\u00a0&gt;99.5% en tan solo&hellip;<\/p>\n","protected":false},"featured_media":1222,"comment_status":"open","ping_status":"closed","template":"","meta":{"om_disable_all_campaigns":false,"_monsterinsights_skip_tracking":false,"_monsterinsights_sitenote_active":false,"_monsterinsights_sitenote_note":"","_monsterinsights_sitenote_category":0},"product_brand":[],"product_cat":[809],"product_tag":[81,727,730,66,731,728,729],"class_list":{"0":"post-8682","1":"product","2":"type-product","3":"status-publish","4":"has-post-thumbnail","6":"product_cat-lectoras-biometricas-control-de-acceso-dahua-acceso-asistencia","7":"product_tag-acceso-y-asistencia","8":"product_tag-cerraduras","9":"product_tag-commax-wulian","10":"product_tag-dahua","11":"product_tag-wejoin","12":"product_tag-yli","13":"product_tag-zkteco","15":"first","16":"instock","17":"sale","18":"taxable","19":"shipping-taxable","20":"purchasable","21":"product-type-simple"},"aioseo_notices":[],"_links":{"self":[{"href":"https:\/\/tecsecmty.com\/index.php\/wp-json\/wp\/v2\/product\/8682","targetHints":{"allow":["GET"]}}],"collection":[{"href":"https:\/\/tecsecmty.com\/index.php\/wp-json\/wp\/v2\/product"}],"about":[{"href":"https:\/\/tecsecmty.com\/index.php\/wp-json\/wp\/v2\/types\/product"}],"replies":[{"embeddable":true,"href":"https:\/\/tecsecmty.com\/index.php\/wp-json\/wp\/v2\/comments?post=8682"}],"version-history":[{"count":0,"href":"https:\/\/tecsecmty.com\/index.php\/wp-json\/wp\/v2\/product\/8682\/revisions"}],"wp:featuredmedia":[{"embeddable":true,"href":"https:\/\/tecsecmty.com\/index.php\/wp-json\/wp\/v2\/media\/1222"}],"wp:attachment":[{"href":"https:\/\/tecsecmty.com\/index.php\/wp-json\/wp\/v2\/media?parent=8682"}],"wp:term":[{"taxonomy":"product_brand","embeddable":true,"href":"https:\/\/tecsecmty.com\/index.php\/wp-json\/wp\/v2\/product_brand?post=8682"},{"taxonomy":"product_cat","embeddable":true,"href":"https:\/\/tecsecmty.com\/index.php\/wp-json\/wp\/v2\/product_cat?post=8682"},{"taxonomy":"product_tag","embeddable":true,"href":"https:\/\/tecsecmty.com\/index.php\/wp-json\/wp\/v2\/product_tag?post=8682"}],"curies":[{"name":"wp","href":"https:\/\/api.w.org\/{rel}","templated":true}]}}