{"id":8684,"date":"2023-02-23T22:27:48","date_gmt":"2023-02-24T04:27:48","guid":{"rendered":"https:\/\/tecsecmty.com\/index.php\/producto\/dahua-asi6213j-mw-control-de-acceso-para-exterior-con-reconocimiento-facial-pantalla-de-4-3-pulgadas-camara-de-2mp-y-luz-blanca-6000-rostros-6000-password-y-tarjetas-mifare-comunicacion-tcp-i\/"},"modified":"2023-03-22T23:22:21","modified_gmt":"2023-03-23T05:22:21","slug":"dahua-asi6213j-mw-control-de-acceso-para-exterior-con-reconocimiento-facial-pantalla-de-4-3-pulgadas-camara-de-2mp-y-luz-blanca-6000-rostros-6000-password-y-tarjetas-mifare-comunicacion-tcp-i","status":"publish","type":"product","link":"https:\/\/tecsecmty.com\/index.php\/producto\/dahua-asi6213j-mw-control-de-acceso-para-exterior-con-reconocimiento-facial-pantalla-de-4-3-pulgadas-camara-de-2mp-y-luz-blanca-6000-rostros-6000-password-y-tarjetas-mifare-comunicacion-tcp-i\/","title":{"rendered":"DAHUA ASI6213J-MW &#8211; Control de Acceso para Exterior con Reconocimiento Facial\/ Pantalla de 4.3 Pulgadas\/ C\u00e1mara de 2MP y Luz Blanca\/ 6,000 Rostros\/ 6,000 Password y Tarjetas Mifare\/ Comunicaci\u00f3n TCP\/IP\/ #SMBAlmac\u00e9n #\u00c9xitosDahua"},"content":{"rendered":"<div class=\"row aling-items-center padding-bottom-2x\">\n<div class=\"col-lg-12\">\n<h5 class=\"card-title text-center\">Informaci\u00f3n general<\/h5>\n<p>El\u00a0<strong>ASI6213J-MW<\/strong>\u00a0es un control de acceso con reconocimiento facial que funciona de manera independiente es decir no requiere de una PC para su funcionamiento, esto se debe a que su configuraci\u00f3n se puede hacer desde la interfaz gr\u00e1fica del equipo, agregar usuarios, tarjetas, asignar direcci\u00f3n IP etc.<\/p>\n<p><img decoding=\"async\" class=\"overview-center-img-web\" src=\"https:\/\/tvc.mx\/media\/395395\/Control-de-acceso-ASI6213J-MW-facial-wifi-mifare-Dahua.png\" alt=\"\" \/><\/div>\n<\/div>\n<div class=\"row align-items-center padding-bottom-2x\">\n<div class=\"col-md-5 order-md-2\"><img decoding=\"async\" class=\"d-block m-auto img-thumbnail\" src=\"https:\/\/tvc.mx\/media\/395315\/reconocimiento-facial-dahua.png\" alt=\" \" \/><\/div>\n<div class=\"col-md-7 order-md-1 text-md-left text-center\">\n<h2>Capacidad de rostros y tarjetas<\/h2>\n<p class=\"text-muted\">\n<p>El\u00a0<strong>ASI6213J-MW<\/strong>\u00a0tiene una capacidad de almacenamiento de 6,000 Rostros con lo cual es suficiente para una plantilla de trabajadores bastante robusta, adem\u00e1s tambi\u00e9n cuenta con capacidad de soportar hasta 6,000 tarjetas MIFARE con las cuales el acceso puede ser m\u00e1s f\u00e1cil y r\u00e1pido, el total de usuarios combinados siempre sera 6000 en total, adicional tiene respaldo de hasta 100,000 eventos con los cuales puede almacenar registaros por algunos d\u00edas, semanas o meses, dependiendo del n\u00famero de personas o tarjetas registradas.<\/p>\n<p>&nbsp;<\/p>\n<\/div>\n<\/div>\n<hr class=\"padding-bottom-2x\" \/>\n<div class=\"row align-items-center padding-bottom-2x\">\n<div class=\"col-md-5\"><img decoding=\"async\" class=\"d-block m-auto img-thumbnail\" src=\"https:\/\/tvc.mx\/media\/395319\/conectividad-dahua.png\" alt=\" \" \/><\/div>\n<div class=\"col-md-7 text-md-left text-center\">\n<h2>Conexiones<\/h2>\n<p class=\"text-muted\">\n<p>El\u00a0<strong>ASI6213J-MW<\/strong>\u00a0soporta la conexi\u00f3n de pulsos normalmente abierto y normalmente cerrado, con los cuales se pueden conectar un electroim\u00e1n o una contrachapa el\u00e9ctrica en ambos casos deber\u00e1 energizar el dispositivo por separado ya que el control de acceso no provee de energ\u00eda, adicional soporta de un bot\u00f3n de salida para la apertura de la puerta o si bien se necesita de guardar el registro de la salida podr\u00e1 conectar una lectora esclava para la salida.<\/p>\n<p>&nbsp;<\/p>\n<\/div>\n<\/div>\n<hr class=\"padding-bottom-2x\" \/>\n<div class=\"row align-items-center padding-bottom-2x\">\n<div class=\"col-md-5 order-md-2\"><img decoding=\"async\" class=\"d-block m-auto img-thumbnail\" src=\"https:\/\/tvc.mx\/media\/395323\/Control-de-acceso-ASI6213J-MW-facial-wifi-mifare-pp--caracteristicas.png\" alt=\" \" \/><\/div>\n<div class=\"col-md-7 order-md-1 text-md-left text-center\">\n<h2>Principales caracter\u00edsticas<\/h2>\n<p class=\"text-muted\">\n<ul>\n<li>Pantalla LCD incorporada que muestra la imagen de la c\u00e1mara &#8211; 4.3\u00a0\u00bb pantalla t\u00e1ctil capacitiva, 480 x 272\u00a0px<\/li>\n<li>Modos de identificaci\u00f3n : PIN, Identificador de proximidad Mifare, Reconocimiento facial, Cualquier combinaci\u00f3n de estos elementos<\/li>\n<li>6000 usuarios<\/li>\n<li>Actualizaci\u00f3n del software a trav\u00e9s de la red<\/li>\n<li>Vigilancia en tiempo real<\/li>\n<li>Autenticaci\u00f3n m\u00faltiple<\/li>\n<li>Toma la imagen de la cara despu\u00e9s de deslizar la tarjeta<\/li>\n<li>Registro autom\u00e1tico<\/li>\n<li>Archivado en el disco USB (pendrive)<\/li>\n<li>Soporte para el bot\u00f3n de salida<\/li>\n<li>Detecci\u00f3n del estado de la puerta<\/li>\n<li>Control de la cerradura<\/li>\n<li>Protecci\u00f3n contra uso m\u00faltiple de un c\u00f3digo\/una tarjeta para obtener acceso (anti-passback)<\/li>\n<li>Env\u00edo de mensajes de alarma a la estaci\u00f3n Master o estaci\u00f3n de cliente autom\u00e1ticamente o despu\u00e9s de introducir el c\u00f3digo de coacci\u00f3n para abrir la puerta<\/li>\n<li>Capacidad de funcionamiento con el interruptor de leng\u00fceta y se\u00f1alizaci\u00f3n cuando la puerta est\u00e1 abierta demasiado tiempo<\/li>\n<li>128 horarios<\/li>\n<li>Desbloqueo de la puerta en presencia de m\u00e1s de un usuario<\/li>\n<li>Protecciones contra manipulaci\u00f3n<\/li>\n<\/ul>\n<p>&nbsp;<\/p>\n<p>&nbsp;<\/p>\n<\/div>\n<\/div>\n<hr class=\"padding-bottom-2x\" \/>\n<div class=\"row align-items-center padding-bottom-2x\">\n<div class=\"col-md-5 order-md-2\"><img decoding=\"async\" class=\"d-block m-auto img-thumbnail\" src=\"https:\/\/tvc.mx\/media\/395335\/Control-de-acceso-ASI6213J-MW-facial-wifi-mifare-especificaciones.png\" alt=\" \" \/><\/div>\n<div class=\"col-md-7 order-md-1 text-md-left text-center\">\n<h2>Especificaciones<\/h2>\n<p class=\"text-muted\">\n<ul>\n<li>2 megap\u00edxeles<\/li>\n<li>Distancia de reconocimiento facial:0.3\u00a0m -1.5\u00a0m (hasta 6000 rostros en la base de datos)<\/li>\n<li>Lector de proximidad RFID incorporado: MIFARE 13.56 MHz; Memoria de 6000 tarjetas RFID<\/li>\n<li>Soporta el almacenamiento de 150 000 registros<\/li>\n<li>1 x\u00a0USB 2.0<\/li>\n<li>Mensaje de voz<\/li>\n<li>admin \/ La contrase\u00f1a de administrador debe establecerse cuando se inicia por primera vez<\/li>\n<li>12\u00a0V\u00a0DC\u00a0\/ 2\u00a0A<\/li>\n<li>Carcasa:Metal + Vidrio templado<\/li>\n<li>IP65<\/li>\n<\/ul>\n<p>&nbsp;<\/p>\n<\/div>\n<\/div>\n<hr class=\"padding-bottom-2x\" \/>\n<div class=\"row align-items-center padding-bottom-2x\">\n<div class=\"col-md-5\"><img decoding=\"async\" class=\"d-block m-auto img-thumbnail\" src=\"https:\/\/tvc.mx\/media\/389287\/DHI-ASI6213J-MW-20220302-175159-PNG-400x300.png\" alt=\" Control de acceso IP 6000 ROSTROS\" \/><\/div>\n<div class=\"col-md-7 text-md-left text-center\">\n<h2>Incluye:<\/h2>\n<p class=\"text-muted\">\n<ul>\n<li>Equipo<\/li>\n<li>Gu\u00eda de instalaci\u00f3n r\u00e1pida<\/li>\n<li>P\u00f3liza de garant\u00eda<\/li>\n<li>Gu\u00eda con informaci\u00f3n legal y reglamentaria<\/li>\n<li>Calcoman\u00eda con QR para descargar manuales desde Internet<\/li>\n<\/ul>\n<\/div>\n<\/div>\n","protected":false},"excerpt":{"rendered":"<p>Informaci\u00f3n general El\u00a0ASI6213J-MW\u00a0es un control de acceso con reconocimiento facial que funciona de manera independiente es decir no requiere de una PC para su funcionamiento, esto se debe a que su configuraci\u00f3n se puede hacer desde la interfaz gr\u00e1fica del equipo, agregar usuarios, tarjetas, asignar&hellip;<\/p>\n","protected":false},"featured_media":1226,"comment_status":"open","ping_status":"closed","template":"","meta":{"om_disable_all_campaigns":false,"_monsterinsights_skip_tracking":false,"_monsterinsights_sitenote_active":false,"_monsterinsights_sitenote_note":"","_monsterinsights_sitenote_category":0},"product_brand":[],"product_cat":[809],"product_tag":[81,727,730,66,731,728,729],"class_list":{"0":"post-8684","1":"product","2":"type-product","3":"status-publish","4":"has-post-thumbnail","6":"product_cat-lectoras-biometricas-control-de-acceso-dahua-acceso-asistencia","7":"product_tag-acceso-y-asistencia","8":"product_tag-cerraduras","9":"product_tag-commax-wulian","10":"product_tag-dahua","11":"product_tag-wejoin","12":"product_tag-yli","13":"product_tag-zkteco","15":"first","16":"instock","17":"sale","18":"taxable","19":"shipping-taxable","20":"purchasable","21":"product-type-simple"},"aioseo_notices":[],"_links":{"self":[{"href":"https:\/\/tecsecmty.com\/index.php\/wp-json\/wp\/v2\/product\/8684","targetHints":{"allow":["GET"]}}],"collection":[{"href":"https:\/\/tecsecmty.com\/index.php\/wp-json\/wp\/v2\/product"}],"about":[{"href":"https:\/\/tecsecmty.com\/index.php\/wp-json\/wp\/v2\/types\/product"}],"replies":[{"embeddable":true,"href":"https:\/\/tecsecmty.com\/index.php\/wp-json\/wp\/v2\/comments?post=8684"}],"version-history":[{"count":0,"href":"https:\/\/tecsecmty.com\/index.php\/wp-json\/wp\/v2\/product\/8684\/revisions"}],"wp:featuredmedia":[{"embeddable":true,"href":"https:\/\/tecsecmty.com\/index.php\/wp-json\/wp\/v2\/media\/1226"}],"wp:attachment":[{"href":"https:\/\/tecsecmty.com\/index.php\/wp-json\/wp\/v2\/media?parent=8684"}],"wp:term":[{"taxonomy":"product_brand","embeddable":true,"href":"https:\/\/tecsecmty.com\/index.php\/wp-json\/wp\/v2\/product_brand?post=8684"},{"taxonomy":"product_cat","embeddable":true,"href":"https:\/\/tecsecmty.com\/index.php\/wp-json\/wp\/v2\/product_cat?post=8684"},{"taxonomy":"product_tag","embeddable":true,"href":"https:\/\/tecsecmty.com\/index.php\/wp-json\/wp\/v2\/product_tag?post=8684"}],"curies":[{"name":"wp","href":"https:\/\/api.w.org\/{rel}","templated":true}]}}