{"id":8686,"date":"2023-02-23T22:27:49","date_gmt":"2023-02-24T04:27:49","guid":{"rendered":"https:\/\/tecsecmty.com\/index.php\/producto\/dahua-asi7213xt1pak-paquete-control-de-acceso-standalone-por-reconocimiento-facial-con-deteccion-de-temperatura-pedestal-de-instalacion-tablet-para-monitoreo-de-temperatura-en-tiempo-real-covid19\/"},"modified":"2023-03-22T23:22:21","modified_gmt":"2023-03-23T05:22:21","slug":"dahua-asi7213xt1pak-paquete-control-de-acceso-standalone-por-reconocimiento-facial-con-deteccion-de-temperatura-pedestal-de-instalacion-tablet-para-monitoreo-de-temperatura-en-tiempo-real-covid19","status":"publish","type":"product","link":"https:\/\/tecsecmty.com\/index.php\/producto\/dahua-asi7213xt1pak-paquete-control-de-acceso-standalone-por-reconocimiento-facial-con-deteccion-de-temperatura-pedestal-de-instalacion-tablet-para-monitoreo-de-temperatura-en-tiempo-real-covid19\/","title":{"rendered":"DAHUA ASI7213XT1PAK- Paquete Control de acceso STANDALONE por Reconocimiento Facial con Detecci\u00f3n de Temperatura \/ Pedestal de instalaci\u00f3n\/ Tablet para monitoreo de temperatura en tiempo real #COVID19"},"content":{"rendered":"<div class=\"row aling-items-center padding-bottom-2x\">\n<div class=\"col-lg-12\">\n<h5 class=\"card-title text-center\">Informaci\u00f3n General<\/h5>\n<p class=\"ql-align-justify\">El modelo\u00a0<strong>ASI7213X-T1<\/strong>\u00a0es una terminal de reconocimiento facial, fiebre y mascarillas. Combinando algoritmos avanzados de reconocimiento facial y la \u00faltima tecnolog\u00eda de t\u00e9rmica, reconoce una gran cantidad de rostros de forma eficaz, sin contacto, aumentando la seguridad e higiene en todos los aspectos. El reconocimiento biom\u00e9trico sin contacto, junto con la nueva funci\u00f3n de detecci\u00f3n de temperatura corporal y rostros con cubre bocas, elimina problemas severos de higiene y previene el contagio de virus e infecciones de manera efectiva.<\/p>\n<p><strong><em>Con el software DSS Express, puede obtener reportes de asistencia.<\/em><\/strong><\/p>\n<p><strong>Para realizar la funci\u00f3n de monitoreo de temperatura, es necesario realizar la carga de firmware a los modelos VTH5341G-W y ASI7213X-T1. (Disponible solo en ingl\u00e9s)<\/strong><\/p>\n<p>&nbsp;<\/p>\n<p><img decoding=\"async\" class=\"overview-center-img-web\" src=\"https:\/\/tvc.mx\/media\/457827\/control-de-acceso-standalone-por-reconocimiento-facial-con-deteccion-de-temperatura-ASI7213XT1PACK-Dahua.png\" alt=\"\" \/><\/div>\n<\/div>\n<div class=\"row align-items-center padding-bottom-2x\">\n<div class=\"col-md-5 order-md-2\"><img decoding=\"async\" class=\"d-block m-auto img-thumbnail\" src=\"https:\/\/tvc.mx\/media\/457830\/Compatibilidad-dahua.png\" alt=\" \" \/><\/div>\n<div class=\"col-md-7 order-md-1 text-md-left text-center\">\n<h2>Compatibilidad con VTH5341G-W<\/h2>\n<p class=\"text-muted\">\n<p>El control de acceso\u00a0<strong>ASI7213XT1<\/strong>\u00a0puede ser compatible con el monitor\u00a0<strong>VTH5341G-W<\/strong>\u00a0, mediante el monitor se muestran los registros de temperatura, hora, fecha, ID de usuario y una fotograf\u00eda, en caso de que el control de acceso capture a un usuario con una temperatura mayor a la normal, el monitor enviar\u00e1 una imagen en la pantalla del VTH informando del evento.<\/p>\n<p>&nbsp;<\/p>\n<\/div>\n<\/div>\n<hr class=\"padding-bottom-2x\" \/>\n<div class=\"row align-items-center padding-bottom-2x\">\n<div class=\"col-md-5\"><img decoding=\"async\" class=\"d-block m-auto img-thumbnail\" src=\"https:\/\/tvc.mx\/media\/457833\/control-de-acceso-sin-contacto-Dahua.png\" alt=\" \" \/><\/div>\n<div class=\"col-md-7 text-md-left text-center\">\n<h2>Sin Contacto<\/h2>\n<p class=\"text-muted\">\n<p>El Control manual de la temperatura corporal con contacto f\u00edsico cercano, genera mucho riesgo de infecci\u00f3n cruzada, nuestro terminal de control de acceso y detecci\u00f3n de temperatura, permite el escaneo de la fiebre sin contacto, evitando el contacto innecesario.<\/p>\n<p>La velocidad en la detecci\u00f3n de temperatura alcanza 0.2 segundos por persona, mejora significativamente la eficiencia del monitoreo de temperatura y evita la congesti\u00f3n del tr\u00e1fico humano.<\/p>\n<p>&nbsp;<\/p>\n<\/div>\n<\/div>\n<hr class=\"padding-bottom-2x\" \/>\n<div class=\"row align-items-center padding-bottom-2x\">\n<div class=\"col-md-5 order-md-2\"><img decoding=\"async\" class=\"d-block m-auto img-thumbnail\" src=\"https:\/\/tvc.mx\/media\/457836\/control-de-acceso-con-alta-presicion-Dahua.png\" alt=\" \" \/><\/div>\n<div class=\"col-md-7 order-md-1 text-md-left text-center\">\n<h2>Alta Precisi\u00f3n<\/h2>\n<p class=\"text-muted\">\n<p>Cuenta con +\/-0,5 C\u00b0 como rango de error en la detecci\u00f3n de temperatura, el sensor de temperatura y el algoritmo de compensaci\u00f3n realizan este ajuste, asegur\u00e1ndonos de esta manera la certeza y exactitud en la detecci\u00f3n de temperaturas an\u00f3malas.<\/p>\n<p>&nbsp;<\/p>\n<\/div>\n<\/div>\n<hr class=\"padding-bottom-2x\" \/>\n<div class=\"row align-items-center padding-bottom-2x\">\n<div class=\"col-md-5\"><img decoding=\"async\" class=\"d-block m-auto img-thumbnail\" src=\"https:\/\/tvc.mx\/media\/457839\/deteccion-de-cubre-bocas-Dahua.png\" alt=\" \" \/><\/div>\n<div class=\"col-md-7 text-md-left text-center\">\n<h2>Notificaci\u00f3n y Alarma de Temperatura An\u00f3mala<\/h2>\n<p class=\"text-muted\">\n<p>Alerta visual y de voz cuando se detecta una temperatura anormal en el dispositivo de medici\u00f3n de temperatura y en tableta android. La informaci\u00f3n de alarma se env\u00eda al software de administraci\u00f3n al mismo tiempo, una vez que la plataforma de administraci\u00f3n est\u00e1 conectada.<\/p>\n<p>&nbsp;<\/p>\n<\/div>\n<\/div>\n<hr class=\"padding-bottom-2x\" \/>\n<div class=\"row align-items-center padding-bottom-2x\">\n<div class=\"col-md-5 order-md-2\"><img decoding=\"async\" class=\"d-block m-auto img-thumbnail\" src=\"https:\/\/tvc.mx\/media\/457842\/control-de-acceso-standalone-por-reconocimiento-facial-con-deteccion-de-temperatura-ASI7213XT1-Dahua-caracteristicas.png\" alt=\" \" \/><\/div>\n<div class=\"col-md-7 order-md-1 text-md-left text-center\">\n<h2>Principales Caracter\u00edsticas<\/h2>\n<p class=\"text-muted\">\n<p><strong>ASI7213X-T1<\/strong><\/p>\n<ul>\n<li>Pantalla t\u00e1ctil LCD 7&#8243;. Pantalla curva 2.5D<\/li>\n<li>Sensor 2Mp CMO<\/li>\n<li>Soporta reconocimiento facial, puede reconocer 360 posiciones en el rostro<\/li>\n<li>Velocidad de reconocimiento de la cara: 0.2s por cara<\/li>\n<li>Distancia de la c\u00e1mara a la cara: 0.3 &#8211; 1.8 m; altura humana: 0.9 &#8211; 2.4 m (distancia lente-tierra: 1.4 m).<\/li>\n<li>El rango de precisi\u00f3n de la temperatura es de \u00b10,5\u00baC<\/li>\n<li>Rango de medici\u00f3n de temperatura de 30\u00baC a 50\u00baC<\/li>\n<li>Detecci\u00f3n de m\u00e1scara<\/li>\n<li>Capacidad: 100.000 usuarios, 100.000 rostros, 100.000 tarjetas, 100.000 contrase\u00f1as, 50 administradores y 300.000 registros.<\/li>\n<li>Lector de tarjetas IC Card<\/li>\n<li>Soporta usuarios generales, usuarios de patrulla, usuarios VIP, usuarios invitados y usuarios especiales.<\/li>\n<li>Soporta la detecci\u00f3n de m\u00e1scara, alarma de eventos anormales sin m\u00e1scara.<\/li>\n<li>Uso interior.<\/li>\n<li>Dimensiones: 312.5x129x36.7mm<\/li>\n<li>Peso: 2.2 Kg<\/li>\n<\/ul>\n<p><strong>VTH5341G-W<\/strong><\/p>\n<ul>\n<li>Sistema Operativo Android 8.1<\/li>\n<li>Compresi\u00f3n de Video H.264.<\/li>\n<li>Audio Bidireccional.<\/li>\n<li>Pantalla Touch Capacitiva 10&#8243; 1024&#215;600.<\/li>\n<li>8 Entradas Cableadas de Sensor.<\/li>\n<li>1 Salida de Alarma.<\/li>\n<li>1 Puerto RS485.<\/li>\n<li>Wi-Fi IEEE802.11b\/g\/n.<\/li>\n<li>TCP\/IP.<\/li>\n<li>Ranura Micro SD de hasta 256GB\u00a0<strong>(No inclu\u00edda).<\/strong><\/li>\n<li>12V DC.<\/li>\n<li>POE 802.3af.<\/li>\n<li>Consumo Energ\u00e9tico &lt; 7 W.<\/li>\n<li>Condiciones de Uso -10\u00b0C ~ 55\u00b0C.<\/li>\n<li>Dimensiones 260mmx170mmx15mm.<\/li>\n<li>Peso 0.77 Kg.<\/li>\n<\/ul>\n<\/div>\n<\/div>\n","protected":false},"excerpt":{"rendered":"<p>Informaci\u00f3n General El modelo\u00a0ASI7213X-T1\u00a0es una terminal de reconocimiento facial, fiebre y mascarillas. Combinando algoritmos avanzados de reconocimiento facial y la \u00faltima tecnolog\u00eda de t\u00e9rmica, reconoce una gran cantidad de rostros de forma eficaz, sin contacto, aumentando la seguridad e higiene en todos los aspectos. El&hellip;<\/p>\n","protected":false},"featured_media":1230,"comment_status":"open","ping_status":"closed","template":"","meta":{"om_disable_all_campaigns":false,"_monsterinsights_skip_tracking":false,"_monsterinsights_sitenote_active":false,"_monsterinsights_sitenote_note":"","_monsterinsights_sitenote_category":0},"product_brand":[],"product_cat":[809],"product_tag":[81,727,730,66,731,728,729],"class_list":{"0":"post-8686","1":"product","2":"type-product","3":"status-publish","4":"has-post-thumbnail","6":"product_cat-lectoras-biometricas-control-de-acceso-dahua-acceso-asistencia","7":"product_tag-acceso-y-asistencia","8":"product_tag-cerraduras","9":"product_tag-commax-wulian","10":"product_tag-dahua","11":"product_tag-wejoin","12":"product_tag-yli","13":"product_tag-zkteco","15":"first","16":"instock","17":"sale","18":"taxable","19":"shipping-taxable","20":"purchasable","21":"product-type-simple"},"aioseo_notices":[],"_links":{"self":[{"href":"https:\/\/tecsecmty.com\/index.php\/wp-json\/wp\/v2\/product\/8686","targetHints":{"allow":["GET"]}}],"collection":[{"href":"https:\/\/tecsecmty.com\/index.php\/wp-json\/wp\/v2\/product"}],"about":[{"href":"https:\/\/tecsecmty.com\/index.php\/wp-json\/wp\/v2\/types\/product"}],"replies":[{"embeddable":true,"href":"https:\/\/tecsecmty.com\/index.php\/wp-json\/wp\/v2\/comments?post=8686"}],"version-history":[{"count":0,"href":"https:\/\/tecsecmty.com\/index.php\/wp-json\/wp\/v2\/product\/8686\/revisions"}],"wp:featuredmedia":[{"embeddable":true,"href":"https:\/\/tecsecmty.com\/index.php\/wp-json\/wp\/v2\/media\/1230"}],"wp:attachment":[{"href":"https:\/\/tecsecmty.com\/index.php\/wp-json\/wp\/v2\/media?parent=8686"}],"wp:term":[{"taxonomy":"product_brand","embeddable":true,"href":"https:\/\/tecsecmty.com\/index.php\/wp-json\/wp\/v2\/product_brand?post=8686"},{"taxonomy":"product_cat","embeddable":true,"href":"https:\/\/tecsecmty.com\/index.php\/wp-json\/wp\/v2\/product_cat?post=8686"},{"taxonomy":"product_tag","embeddable":true,"href":"https:\/\/tecsecmty.com\/index.php\/wp-json\/wp\/v2\/product_tag?post=8686"}],"curies":[{"name":"wp","href":"https:\/\/api.w.org\/{rel}","templated":true}]}}