{"id":8687,"date":"2023-02-23T22:27:49","date_gmt":"2023-02-24T04:27:49","guid":{"rendered":"https:\/\/tecsecmty.com\/index.php\/producto\/dahua-asi7213y-control-de-acceso-standalone-tcp-ip-por-reconocimiento-facial-para-interior-p2p-wifi-50000-rostros-50000-tarjetas-mifare-100000-eventos-pantalla-touch-7-accesoprofesiona\/"},"modified":"2023-03-22T23:22:21","modified_gmt":"2023-03-23T05:22:21","slug":"dahua-asi7213y-control-de-acceso-standalone-tcp-ip-por-reconocimiento-facial-para-interior-p2p-wifi-50000-rostros-50000-tarjetas-mifare-100000-eventos-pantalla-touch-7-accesoprofesiona","status":"publish","type":"product","link":"https:\/\/tecsecmty.com\/index.php\/producto\/dahua-asi7213y-control-de-acceso-standalone-tcp-ip-por-reconocimiento-facial-para-interior-p2p-wifi-50000-rostros-50000-tarjetas-mifare-100000-eventos-pantalla-touch-7-accesoprofesiona\/","title":{"rendered":"DAHUA ASI7213Y &#8211; Control de acceso STANDALONE TCP\/IP por Reconocimiento Facial\/ Para Interior\/ P2P\/ WiFi\/ 50,000 Rostros &amp; 50,000 tarjetas MIFARE\/ 100,000 Eventos\/ Pantalla touch 7&#8243;\/ #AccesoProfesional #Proyectos"},"content":{"rendered":"<div class=\"row aling-items-center padding-bottom-2x\">\n<div class=\"col-lg-12\">\n<h5 class=\"card-title text-center\">Informaci\u00f3n general.<\/h5>\n<p>El control de acceso\u00a0<strong>ASI7213Y<\/strong>\u00a0es un equipo para interior que cuenta con soporte para 30,000 usuarios, 30,000 tarjetas mifare, 30,000 password, 50 administradores y 10,000 rostros. El\u00a0<strong>reconocimiento<\/strong>\u00a0facial puede realizarse de\u00a0<strong>.3m a 2m<\/strong>\u00a0de distancia del dispositivo con una precisi\u00f3n del\u00a0<strong>&gt;99%<\/strong>\u00a0en tan solo\u00a0<strong>\u22640.5s<\/strong>.\u00a0Al encontrarse con varias personas en una escena, el dispositivo leer\u00e1 la que se encuentre m\u00e1s cerca.<\/p>\n<p><strong><em>Con el software DSS Express, puede obtener reportes de asistencia.<\/em><\/strong><\/p>\n<p><img decoding=\"async\" class=\"overview-center-img-web\" src=\"https:\/\/tvc.mx\/media\/456138\/control-de-acceso-standalone-tcp-ip-por-reconocimiento-facial-ASI7213Y-V3-Dahua.png\" alt=\"\" \/><\/div>\n<\/div>\n<div class=\"row align-items-center padding-bottom-2x\">\n<div class=\"col-md-5 order-md-2\"><img decoding=\"async\" class=\"d-block m-auto img-thumbnail\" src=\"https:\/\/tvc.mx\/media\/456141\/reconocimiento-facial-dahua.png\" alt=\" \" \/><\/div>\n<div class=\"col-md-7 order-md-1 text-md-left text-center\">\n<h2>Display touch 7\u201d, reconocimiento facial.<\/h2>\n<p class=\"text-muted\">\n<p>Con un display\u00a0<strong>touch capacitivo de 7&#8243;,<\/strong>\u00a0una interfaz moderna y de f\u00e1cil operaci\u00f3n ayuda a tener un mayor control sin descuidar la seguridad gracias a la biometr\u00eda de doble identificaci\u00f3n.<\/p>\n<p>Para el\u00a0<strong>reconocimiento facial<\/strong>\u00a0cuenta con un sistema de\u00a0<strong>doble sensor<\/strong>\u00a0ayudando a que el equipo funcione correctamente a\u00fan en escenarios con baja iluminaci\u00f3n, ayudado con sensores infra rojos y, luz blanca auxiliar regulable para las diferentes escenas. El\u00a0<strong>ASI7213Y<\/strong>\u00a0cuenta con la opci\u00f3n de\u00a0<strong>detecci\u00f3n de rostros vivos<\/strong>\u00a0la cu\u00e1l ayuda a evitar las falsas entradas a trav\u00e9s de un video o una fotograf\u00eda.<\/p>\n<p>&nbsp;<\/p>\n<\/div>\n<\/div>\n<hr class=\"padding-bottom-2x\" \/>\n<div class=\"row align-items-center padding-bottom-2x\">\n<div class=\"col-md-5\"><img decoding=\"async\" class=\"d-block m-auto img-thumbnail\" src=\"https:\/\/tvc.mx\/media\/456144\/tarjetas-ID-dahua.png\" alt=\" \" \/><\/div>\n<div class=\"col-md-7 text-md-left text-center\">\n<h2>Niveles de seguridad.<\/h2>\n<p class=\"text-muted\">\n<p>El\u00a0<strong>ASI7213Y<\/strong>\u00a0cuenta con la posibilidad de realizar la apertura a trav\u00e9s del reconocimiento facial, tarjetas, password,\u00a0permite la combinaci\u00f3n de opciones de desbloqueo. Se puede realizar la\u00a0<strong>programaci\u00f3n de eventos<\/strong>\u00a0como check in, check out, break in, break out. De igual modo, cuenta con la funci\u00f3n de\u00a0<strong>desbloqueo por periodos<\/strong>, con\u00a0<strong>6 niveles de usuarios<\/strong>\u00a0sistema\u00a0<strong>anti-passback.<\/strong><\/p>\n<p>&nbsp;<\/p>\n<\/div>\n<\/div>\n<hr class=\"padding-bottom-2x\" \/>\n<div class=\"row align-items-center padding-bottom-2x\">\n<div class=\"col-md-5 order-md-2\"><img decoding=\"async\" class=\"d-block m-auto img-thumbnail\" src=\"https:\/\/tvc.mx\/media\/456147\/conectividad-control-de-acceso-dahua.png\" alt=\" \" \/><\/div>\n<div class=\"col-md-7 order-md-1 text-md-left text-center\">\n<h2>Conectividad.<\/h2>\n<p class=\"text-muted\">\n<p>El control de acceso\u00a0<strong>ASI7213Y<\/strong>\u00a0cuenta con la posibilidad de conectarse a la red mediante su puerto\u00a0<strong>RJ45<\/strong>\u00a0o, por la tarjeta de red inal\u00e1mbrica\u00a0<strong>Wi-Fi<\/strong>, de igual modo, se puede realizar una conexi\u00f3n mediante los protocolos de comunicaci\u00f3n, cuenta con un arn\u00e9s de comunicaci\u00f3n con puertos f\u00edsicos para, entradas y salidas de alarma, puerto USB, RJ45. Soporta los protocolos RS-485, Wiegand 26, 34, 66; TCP\/IP, NTP.<\/p>\n<p>Las lectoras esclavas de Wiegand y RS-485 solamente son para tarjeta.<\/p>\n<p>&nbsp;<\/p>\n<\/div>\n<\/div>\n<hr class=\"padding-bottom-2x\" \/>\n<div class=\"row aling-items-center padding-bottom-2x\">\n<div class=\"col-lg-12\">\n<h5 class=\"card-title text-center\">Caracter\u00edsticas principales.<\/h5>\n<ul>\n<li>Voltaje de entrada 12V DC 2A.<\/li>\n<li>Consumo energ\u00e9tico 15W.<\/li>\n<li>30,000 usuarios.<\/li>\n<li>30,000 tarjetas mifare.<\/li>\n<li>30,000 passwords.<\/li>\n<li>10,000 rostros.<\/li>\n<li>50 administradores.<\/li>\n<li>Display touch capacitivo 7\u201d.<\/li>\n<li>Resoluci\u00f3n de pantalla 1024 (H) x 600 (V).<\/li>\n<li>Doble lente de 2MP.<\/li>\n<li>WDR.<\/li>\n<li>Luz blanca auxiliar ajustable.<\/li>\n<li>Conexi\u00f3n RS-485.<\/li>\n<li>2 Entradas de alarma.<\/li>\n<li>2 Salidas de alarma.<\/li>\n<li>1 Puerto USB.<\/li>\n<li>Wiegand 26, 34, 66.<\/li>\n<li>Distancia de lectura de tarjeta 1cm \u2013 5 cm.<\/li>\n<li>Altura de humanos 1.1mts \u2013 2.4mts.<\/li>\n<li>Distancia de reconocimiento facial .3mt \u2013 2mts.<\/li>\n<li>Lectora externa\u00a0de tarjetas\u00a01 Wiegand, 1 RS-485.<\/li>\n<\/ul>\n<p>&nbsp;<\/p>\n<p>&nbsp;<\/p>\n<p><img decoding=\"async\" class=\"overview-center-img-web\" src=\"https:\/\/tvc.mx\/media\/34879\/DAHUA-LOGO-ESCALADO.jpg\" alt=\"\" \/><\/div>\n<\/div>\n","protected":false},"excerpt":{"rendered":"<p>Informaci\u00f3n general. El control de acceso\u00a0ASI7213Y\u00a0es un equipo para interior que cuenta con soporte para 30,000 usuarios, 30,000 tarjetas mifare, 30,000 password, 50 administradores y 10,000 rostros. El\u00a0reconocimiento\u00a0facial puede realizarse de\u00a0.3m a 2m\u00a0de distancia del dispositivo con una precisi\u00f3n del\u00a0&gt;99%\u00a0en tan solo\u00a0\u22640.5s.\u00a0Al encontrarse con varias&hellip;<\/p>\n","protected":false},"featured_media":1232,"comment_status":"open","ping_status":"closed","template":"","meta":{"om_disable_all_campaigns":false,"_monsterinsights_skip_tracking":false,"_monsterinsights_sitenote_active":false,"_monsterinsights_sitenote_note":"","_monsterinsights_sitenote_category":0},"product_brand":[],"product_cat":[809],"product_tag":[81,727,730,66,731,728,729],"class_list":{"0":"post-8687","1":"product","2":"type-product","3":"status-publish","4":"has-post-thumbnail","6":"product_cat-lectoras-biometricas-control-de-acceso-dahua-acceso-asistencia","7":"product_tag-acceso-y-asistencia","8":"product_tag-cerraduras","9":"product_tag-commax-wulian","10":"product_tag-dahua","11":"product_tag-wejoin","12":"product_tag-yli","13":"product_tag-zkteco","15":"first","16":"instock","17":"sale","18":"taxable","19":"shipping-taxable","20":"purchasable","21":"product-type-simple"},"aioseo_notices":[],"_links":{"self":[{"href":"https:\/\/tecsecmty.com\/index.php\/wp-json\/wp\/v2\/product\/8687","targetHints":{"allow":["GET"]}}],"collection":[{"href":"https:\/\/tecsecmty.com\/index.php\/wp-json\/wp\/v2\/product"}],"about":[{"href":"https:\/\/tecsecmty.com\/index.php\/wp-json\/wp\/v2\/types\/product"}],"replies":[{"embeddable":true,"href":"https:\/\/tecsecmty.com\/index.php\/wp-json\/wp\/v2\/comments?post=8687"}],"version-history":[{"count":0,"href":"https:\/\/tecsecmty.com\/index.php\/wp-json\/wp\/v2\/product\/8687\/revisions"}],"wp:featuredmedia":[{"embeddable":true,"href":"https:\/\/tecsecmty.com\/index.php\/wp-json\/wp\/v2\/media\/1232"}],"wp:attachment":[{"href":"https:\/\/tecsecmty.com\/index.php\/wp-json\/wp\/v2\/media?parent=8687"}],"wp:term":[{"taxonomy":"product_brand","embeddable":true,"href":"https:\/\/tecsecmty.com\/index.php\/wp-json\/wp\/v2\/product_brand?post=8687"},{"taxonomy":"product_cat","embeddable":true,"href":"https:\/\/tecsecmty.com\/index.php\/wp-json\/wp\/v2\/product_cat?post=8687"},{"taxonomy":"product_tag","embeddable":true,"href":"https:\/\/tecsecmty.com\/index.php\/wp-json\/wp\/v2\/product_tag?post=8687"}],"curies":[{"name":"wp","href":"https:\/\/api.w.org\/{rel}","templated":true}]}}