{"id":8688,"date":"2023-02-23T22:27:50","date_gmt":"2023-02-24T04:27:50","guid":{"rendered":"https:\/\/tecsecmty.com\/index.php\/producto\/dahua-asi7213y-v3-t1-control-de-acceso-de-reconocimiento-facial-pantalla-de-7-pulgadas-medicion-de-temperatura-50000-rostros-tarjetas-y-passwords-100000-registros-deteccion-de-vida-reconoci\/"},"modified":"2023-03-22T23:22:21","modified_gmt":"2023-03-23T05:22:21","slug":"dahua-asi7213y-v3-t1-control-de-acceso-de-reconocimiento-facial-pantalla-de-7-pulgadas-medicion-de-temperatura-50000-rostros-tarjetas-y-passwords-100000-registros-deteccion-de-vida-reconoci","status":"publish","type":"product","link":"https:\/\/tecsecmty.com\/index.php\/producto\/dahua-asi7213y-v3-t1-control-de-acceso-de-reconocimiento-facial-pantalla-de-7-pulgadas-medicion-de-temperatura-50000-rostros-tarjetas-y-passwords-100000-registros-deteccion-de-vida-reconoci\/","title":{"rendered":"DAHUA ASI7213Y-V3-T1 &#8211; Control de Acceso de Reconocimiento Facial\/ Pantalla de 7 Pulgadas\/ Medicion de Temperatura\/ 50,000 Rostros. Tarjetas y Passwords\/ 100,000 Registros\/ Deteccion de Vida\/ Reconocimientos de Rostros de .35 Segundos\/ #LoNuevo"},"content":{"rendered":"<div class=\"row aling-items-center padding-bottom-2x\">\n<div class=\"col-lg-12\">\n<h5 class=\"card-title text-center\">Informaci\u00f3n General<\/h5>\n<p>El control de acceso\u00a0<strong>ASI7213Y-V3-T1<\/strong>\u00a0es un equipo para interior que cuenta con soporte para 50,000 usuarios, 50,000 tarjetas mifare, 50,000 password, 100 registros y 50,000 rostros. El\u00a0reconocimiento\u00a0facial puede realizarse de\u00a0.3m a 1.2m\u00a0de distancia del dispositivo con una precisi\u00f3n del\u00a0&gt;99%\u00a0en tan solo\u00a0\u22640.35s.<\/p>\n<p><img decoding=\"async\" class=\"overview-center-img-web\" src=\"https:\/\/tvc.mx\/media\/481320\/terminal-de-acceso-y-asistencia-con-reconocimiento-facial-y-medicion-de-temperatura-ASI7213Y-V3-T1-Dahua.png\" alt=\"\" \/><\/div>\n<\/div>\n<div class=\"row align-items-center padding-bottom-2x\">\n<div class=\"col-md-5 order-md-2\"><img decoding=\"async\" class=\"d-block m-auto img-thumbnail\" src=\"https:\/\/tvc.mx\/media\/481322\/reconocimiento-facial-dahua.png\" alt=\" \" \/><\/div>\n<div class=\"col-md-7 order-md-1 text-md-left text-center\">\n<h2>Reconocimiento Facial<\/h2>\n<p class=\"text-muted\">\n<p>Con un display\u00a0touch capacitivo de 7&#8243;,\u00a0una interfaz moderna y de f\u00e1cil operaci\u00f3n ayuda a tener un mayor control sin descuidar la seguridad gracias a la biometr\u00eda de doble identificaci\u00f3n.<\/p>\n<p>Para el\u00a0reconocimiento facial\u00a0cuenta con un sistema de\u00a0doble sensor\u00a0ayudando a que el equipo funcione correctamente a\u00fan en escenarios con baja iluminaci\u00f3n, ayudado con sensores infra rojos y, luz blanca auxiliar regulable para las diferentes escenas. El\u00a0<strong>ASI7213Y-V3-T1<\/strong>\u00a0cuenta con la opci\u00f3n de\u00a0detecci\u00f3n de rostros vivos\u00a0la cu\u00e1l ayuda a evitar las falsas entradas a trav\u00e9s de un video o una fotograf\u00eda.<\/p>\n<p>&nbsp;<\/p>\n<\/div>\n<\/div>\n<hr class=\"padding-bottom-2x\" \/>\n<div class=\"row align-items-center padding-bottom-2x\">\n<div class=\"col-md-5\"><img decoding=\"async\" class=\"d-block m-auto img-thumbnail\" src=\"https:\/\/tvc.mx\/media\/481324\/tarjetas-ID-dahua.png\" alt=\" \" \/><\/div>\n<div class=\"col-md-7 text-md-left text-center\">\n<h2>Niveles de seguridad<\/h2>\n<p class=\"text-muted\">\n<p>El\u00a0<strong>ASI7213Y-V3-T1<\/strong>\u00a0cuenta con la posibilidad de realizar la apertura a trav\u00e9s del reconocimiento facial, tarjetas, password,\u00a0permite la combinaci\u00f3n de opciones de desbloqueo. Se puede realizar la\u00a0programaci\u00f3n de eventos\u00a0como check in, check out, break in, break out. De igual modo, cuenta con la funci\u00f3n de\u00a0desbloqueo por periodos, con\u00a06 niveles de usuarios\u00a0sistema\u00a0anti-passback.<\/p>\n<p>&nbsp;<\/p>\n<\/div>\n<\/div>\n<hr class=\"padding-bottom-2x\" \/>\n<div class=\"row align-items-center padding-bottom-2x\">\n<div class=\"col-md-5 order-md-2\"><img decoding=\"async\" class=\"d-block m-auto img-thumbnail\" src=\"https:\/\/tvc.mx\/media\/481326\/conectividad-dahia.png\" alt=\" \" \/><\/div>\n<div class=\"col-md-7 order-md-1 text-md-left text-center\">\n<h2>Conectividad<\/h2>\n<p class=\"text-muted\">\n<p>El control de acceso\u00a0<strong>ASI7213Y-V3-T1<\/strong>\u00a0cuenta con la posibilidad de conectarse a la red mediante su puerto\u00a0RJ45\u00a0o, por la tarjeta de red inal\u00e1mbrica\u00a0Wi-Fi, de igual modo, se puede realizar una conexi\u00f3n mediante los protocolos de comunicaci\u00f3n, cuenta con un arn\u00e9s de comunicaci\u00f3n con puertos f\u00edsicos para, entradas y salidas de alarma, puerto USB, RJ45. Soporta los protocolos RS-485, Wiegand 26, 34, 66; TCP\/IP, NTP.<\/p>\n<p>Las lectoras esclavas de Wiegand y RS-485 solamente son para tarjeta.<\/p>\n<p>&nbsp;<\/p>\n<\/div>\n<\/div>\n<hr class=\"padding-bottom-2x\" \/>\n<div class=\"row align-items-center padding-bottom-2x\">\n<div class=\"col-md-5\"><img decoding=\"async\" class=\"d-block m-auto img-thumbnail\" src=\"https:\/\/tvc.mx\/media\/481328\/terminal-de-acceso-y-asistencia-con-reconocimiento-facial-y-medicion-de-temperatura-ASI7213Y-V3-T1-Dahua-caracteristicas.png\" alt=\" \" \/><\/div>\n<div class=\"col-md-7 text-md-left text-center\">\n<h2>Principales Caracter\u00edsticas<\/h2>\n<p class=\"text-muted\">\n<ul>\n<li>Pantalla LCD incorporada que muestra la imagen de la c\u00e1mara &#8211; 7\u00a0\u00bb pantalla t\u00e1ctil capacitiva, 1024 x 600\u00a0px<\/li>\n<li>Modos de identificaci\u00f3n : PIN, Identificador de proximidad Mifare, Reconocimiento facial, Cualquier combinaci\u00f3n de estos elementos<\/li>\n<li>Wiegand 34\/26<\/li>\n<li>WDR &#8211; 120 dB &#8211; Amplio rango din\u00e1mico de la iluminaci\u00f3n<\/li>\n<li>Indicaci\u00f3n LED<\/li>\n<li>Se\u00f1alizaci\u00f3n ac\u00fastica de ciertos eventos en el sistema<\/li>\n<li>AGC &#8211; Ajuste autom\u00e1tico de la ganancia de la imagen<\/li>\n<li>Sharpness &#8211; Enfoque de los contornos de la imagen<\/li>\n<li>Modo d\u00eda\/noche (color\/b&amp;w\/auto)<\/li>\n<li>Bot\u00f3n RESET<\/li>\n<\/ul>\n<p>&nbsp;<\/p>\n<\/div>\n<\/div>\n<hr class=\"padding-bottom-2x\" \/>\n<div class=\"row align-items-center padding-bottom-2x\">\n<div class=\"col-md-5 order-md-2\"><img decoding=\"async\" class=\"d-block m-auto img-thumbnail\" src=\"https:\/\/tvc.mx\/media\/481330\/terminal-de-acceso-y-asistencia-con-reconocimiento-facial-y-medicion-de-temperatura-ASI7213Y-V3-T1-Dahua-especificaciones.png\" alt=\" \" \/><\/div>\n<div class=\"col-md-7 order-md-1 text-md-left text-center\">\n<h2>Especificaciones<\/h2>\n<p class=\"text-muted\">\n<ul>\n<li>Rango del iluminador IR:5\u00a0m<\/li>\n<li>Alcance del iluminador de luz blanca (LED):5\u00a0m<\/li>\n<li>Medicion de temperatura<\/li>\n<li>Distancia de reconocimiento facial:0.3\u00a0m &#8230; 2.0\u00a0m (hasta 50 000 rostros en la base de datos)<\/li>\n<li>Lector de proximidad RFID incorporado:MIFARE 13.56 MHz<\/li>\n<li>Memoria interna:Soporta el almacenamiento de 100 000 registros<\/li>\n<li>1 x\u00a0USB 2.0<\/li>\n<li>Entradas \/ salidas de alarma:2 \/ 2\u00a0&#8211; Salidas de rel\u00e9<\/li>\n<li>Altavoz incorporado<\/li>\n<li>Modo de fuente de alimentaci\u00f3n CC 9V\u201315V 1A<\/li>\n<\/ul>\n<\/div>\n<\/div>\n","protected":false},"excerpt":{"rendered":"<p>Informaci\u00f3n General El control de acceso\u00a0ASI7213Y-V3-T1\u00a0es un equipo para interior que cuenta con soporte para 50,000 usuarios, 50,000 tarjetas mifare, 50,000 password, 100 registros y 50,000 rostros. El\u00a0reconocimiento\u00a0facial puede realizarse de\u00a0.3m a 1.2m\u00a0de distancia del dispositivo con una precisi\u00f3n del\u00a0&gt;99%\u00a0en tan solo\u00a0\u22640.35s. Reconocimiento Facial Con&hellip;<\/p>\n","protected":false},"featured_media":1234,"comment_status":"open","ping_status":"closed","template":"","meta":{"om_disable_all_campaigns":false,"_monsterinsights_skip_tracking":false,"_monsterinsights_sitenote_active":false,"_monsterinsights_sitenote_note":"","_monsterinsights_sitenote_category":0},"product_brand":[],"product_cat":[809],"product_tag":[81,727,730,66,731,728,729],"class_list":{"0":"post-8688","1":"product","2":"type-product","3":"status-publish","4":"has-post-thumbnail","6":"product_cat-lectoras-biometricas-control-de-acceso-dahua-acceso-asistencia","7":"product_tag-acceso-y-asistencia","8":"product_tag-cerraduras","9":"product_tag-commax-wulian","10":"product_tag-dahua","11":"product_tag-wejoin","12":"product_tag-yli","13":"product_tag-zkteco","15":"first","16":"instock","17":"sale","18":"taxable","19":"shipping-taxable","20":"purchasable","21":"product-type-simple"},"aioseo_notices":[],"_links":{"self":[{"href":"https:\/\/tecsecmty.com\/index.php\/wp-json\/wp\/v2\/product\/8688","targetHints":{"allow":["GET"]}}],"collection":[{"href":"https:\/\/tecsecmty.com\/index.php\/wp-json\/wp\/v2\/product"}],"about":[{"href":"https:\/\/tecsecmty.com\/index.php\/wp-json\/wp\/v2\/types\/product"}],"replies":[{"embeddable":true,"href":"https:\/\/tecsecmty.com\/index.php\/wp-json\/wp\/v2\/comments?post=8688"}],"version-history":[{"count":0,"href":"https:\/\/tecsecmty.com\/index.php\/wp-json\/wp\/v2\/product\/8688\/revisions"}],"wp:featuredmedia":[{"embeddable":true,"href":"https:\/\/tecsecmty.com\/index.php\/wp-json\/wp\/v2\/media\/1234"}],"wp:attachment":[{"href":"https:\/\/tecsecmty.com\/index.php\/wp-json\/wp\/v2\/media?parent=8688"}],"wp:term":[{"taxonomy":"product_brand","embeddable":true,"href":"https:\/\/tecsecmty.com\/index.php\/wp-json\/wp\/v2\/product_brand?post=8688"},{"taxonomy":"product_cat","embeddable":true,"href":"https:\/\/tecsecmty.com\/index.php\/wp-json\/wp\/v2\/product_cat?post=8688"},{"taxonomy":"product_tag","embeddable":true,"href":"https:\/\/tecsecmty.com\/index.php\/wp-json\/wp\/v2\/product_tag?post=8688"}],"curies":[{"name":"wp","href":"https:\/\/api.w.org\/{rel}","templated":true}]}}