{"id":8689,"date":"2023-02-23T22:27:50","date_gmt":"2023-02-24T04:27:50","guid":{"rendered":"https:\/\/tecsecmty.com\/index.php\/producto\/dahua-asr1102a-lectora-de-huellas-y-tarjetas-mifare-13-56mhz-3000-huellas-tiempo-de-respuesta\/"},"modified":"2023-03-22T23:22:21","modified_gmt":"2023-03-23T05:22:21","slug":"dahua-asr1102a-lectora-de-huellas-y-tarjetas-mifare-13-56mhz-3000-huellas-tiempo-de-respuesta","status":"publish","type":"product","link":"https:\/\/tecsecmty.com\/index.php\/producto\/dahua-asr1102a-lectora-de-huellas-y-tarjetas-mifare-13-56mhz-3000-huellas-tiempo-de-respuesta\/","title":{"rendered":"DAHUA ASR1102A &#8211; Lectora de Huellas y Tarjetas MIFARE\/ 13.56MHz\/ 3,000 Huellas\/ Tiempo de Respuesta &lt;1.5 s\/ Conexi\u00f3n RS-485 a Paneles Dahua\/ Indicador de Luz y Sonido\/ Luz de Fondo Azul\/"},"content":{"rendered":"<div class=\"row aling-items-center padding-bottom-2x\">\n<div class=\"col-lg-12\">\n<h5 class=\"card-title text-center\">Informaci\u00f3n general<\/h5>\n<p class=\"ql-align-justify\">El lector de huellas y tarjetas Mifare\u00a0<strong>\u00a0ASR1102A\u00a0<\/strong>es un equipo que\u00a0tiene la facilidad\u00a0enviar la informaci\u00f3n capturada a un dispositivo de control de acceso para ser verificada posteriormente. Cuenta con una comunicaci\u00f3n RS485 y\u00a0un indice de protecci\u00f3n IP55 el cual es\u00a0a prueba de cortocircuitos y\u00a0libre de est\u00e1tica.<\/p>\n<p class=\"ql-align-justify\">Como lector de huellas digitales y tarjetas Mifare<strong>\u00a0<\/strong>ofrece la soluci\u00f3n de control de acceso m\u00e1s segura y rentable para edificios comerciales, propiedades de corporaciones y comunidades inteligentes.<\/p>\n<p><img decoding=\"async\" class=\"overview-center-img-web\" src=\"https:\/\/tvc.mx\/media\/393703\/lectora-de-huella-y-trajetas-Id-indicador-de-luz-y-sonido-ASR1102AD--Dahua.png\" alt=\"\" \/><\/div>\n<\/div>\n<div class=\"row align-items-center padding-bottom-2x\">\n<div class=\"col-md-5\"><img decoding=\"async\" class=\"d-block m-auto img-thumbnail\" src=\"https:\/\/tvc.mx\/media\/393707\/lector-de-tarjetas-dahua.png\" alt=\" \" \/><\/div>\n<div class=\"col-md-7 text-md-left text-center\">\n<h2>Funciones<\/h2>\n<p class=\"text-muted\">\n<ul>\n<li class=\"ql-align-justify\">Lector de huellas digitales<\/li>\n<li class=\"ql-align-justify\">Lector de tarjetas Mifare.<\/li>\n<li class=\"ql-align-justify\">Soporte de tarjeta, huella digital.<\/li>\n<li class=\"ql-align-justify\">Rango de lectura de tarjeta\u00a01cm\u20139cm (max.)<\/li>\n<li class=\"ql-align-justify\">Comunicaci\u00f3n RS-485.<\/li>\n<li class=\"ql-align-justify\">Alarma de tamper.<\/li>\n<li class=\"ql-align-justify\">Luz y sonido de indicador.<\/li>\n<\/ul>\n<p>&nbsp;<\/p>\n<\/div>\n<\/div>\n<hr class=\"padding-bottom-2x\" \/>\n<div class=\"row align-items-center padding-bottom-2x\">\n<div class=\"col-md-5 order-md-2\"><img decoding=\"async\" class=\"d-block m-auto img-thumbnail\" src=\"https:\/\/tvc.mx\/media\/393711\/instalacion-lectora-de-huella-dahua.png\" alt=\" \" \/><\/div>\n<div class=\"col-md-7 order-md-1 text-md-left text-center\">\n<h2>Procedimiento de instalaci\u00f3n<\/h2>\n<p class=\"text-muted\">\n<p class=\"ql-align-justify\"><strong>Paso 1.-<\/strong>\u00a0Quite la cubierta delantera y fije el dispositivo a la pared mediante el tornillo<\/p>\n<p class=\"ql-align-justify\"><strong>Paso 2.-<\/strong>\u00a0Coloque de nuevo la cubierta delantera. Fije la cubierta al dispositivo con el\u00a0tornillo 2<\/p>\n<p>&nbsp;<\/p>\n<\/div>\n<\/div>\n<hr class=\"padding-bottom-2x\" \/>\n<div class=\"row align-items-center padding-bottom-2x\">\n<div class=\"col-md-5\"><img decoding=\"async\" class=\"d-block m-auto img-thumbnail\" src=\"https:\/\/tvc.mx\/media\/393715\/Dahua-CONTROL-DE-ACCESO-STAND-ALONE--1-pp-caracteristicas.png\" alt=\" \" \/><\/div>\n<div class=\"col-md-7 text-md-left text-center\">\n<h2>Caracter\u00edsticas principales<\/h2>\n<p class=\"text-muted\">\n<ul>\n<li class=\"ql-align-justify\">\u00b7 Protocolo RS-485<\/li>\n<li class=\"ql-align-justify\">Tarjeta IC (Mifare) predeterminada (\u201c-D\u201d significa tarjeta ID EM)<\/li>\n<li class=\"ql-align-justify\">Tarjeta de soporte, huella digital<\/li>\n<li class=\"ql-align-justify\">Capacidad de hasta 3000 huellas dactilares<\/li>\n<li class=\"ql-align-justify\">Luz de fondo azul<\/li>\n<li class=\"ql-align-justify\">La funci\u00f3n de perro guardi\u00e1n garantiza que el dispositivo no se detenga<\/li>\n<li class=\"ql-align-justify\">Pitido e indicador<\/li>\n<li class=\"ql-align-justify\">Instalaci\u00f3n montada en superficie<\/li>\n<\/ul>\n<p>&nbsp;<\/p>\n<\/div>\n<\/div>\n<hr class=\"padding-bottom-2x\" \/>\n<div class=\"row align-items-center padding-bottom-2x\">\n<div class=\"col-md-5 order-md-2\"><img decoding=\"async\" class=\"d-block m-auto img-thumbnail\" src=\"https:\/\/tvc.mx\/media\/371839\/ASR1102A-especificaciones-Dahua.png\" alt=\" \" \/><\/div>\n<div class=\"col-md-7 order-md-1 text-md-left text-center\">\n<h2>Especificaciones<\/h2>\n<p class=\"text-muted\">\n<ul>\n<li>Soporte para tarjetas: MIFARE 13.56 MHz<\/li>\n<li>Distancia de lectura de tarjetas max: 6 &#8211; 9cm<\/li>\n<li>Al controlador RS485<\/li>\n<li>Alimentaci\u00f3n:9 &#8211; 15\u00a0V\u00a0DC<\/li>\n<li>Capacidad: 3000<\/li>\n<li>Tiempo de identificaci\u00f3n:&lt;0,1 s<\/li>\n<li>LEJOS: \u22640.00004%<\/li>\n<li>FRR: \u22640.15%<\/li>\n<li>Temperatura de funcionamiento:- 10\u00b0C a +55\u00b0C<\/li>\n<li>Humedad relativa del ambiente admisible:5 &#8211; 95\u00a0% (sin condensaci\u00f3n)<\/li>\n<li>Carcasa: Pl\u00e1stico<\/li>\n<li>Ambiente de trabajo: Interior<\/li>\n<li>Dimensi\u00f3n (ancho \u00d7 profundidad \u00d7 altura):125 mm \u00d7 56 mm \u00d7 47 mm<\/li>\n<li>Peso 0,25 kg<\/li>\n<\/ul>\n<p>&nbsp;<\/p>\n<\/div>\n<\/div>\n<hr class=\"padding-bottom-2x\" \/>\n<div class=\"row align-items-center padding-bottom-2x\">\n<div class=\"col-md-5\"><img decoding=\"async\" class=\"d-block m-auto img-thumbnail\" src=\"https:\/\/tvc.mx\/media\/389983\/DHI-ASR1102A-V2-20220311-094901-PNG-400x300.png\" alt=\" DHI-ASR1102A(V2) Lectora de HUELLA &amp; TARJETAS MIFARE INTEMPERIE Comunicaci\u00f3n RS485\" \/><\/div>\n<div class=\"col-md-7 text-md-left text-center\">\n<h2>Incluye:<\/h2>\n<p class=\"text-muted\">\n<ul>\n<li>Equipo<\/li>\n<li>Calcoman\u00eda con las medidas exactas para hacer los orificios donde se vaya a montar<\/li>\n<li>Tornillos \/ taquetes<\/li>\n<li>Gu\u00eda de instalaci\u00f3n r\u00e1pida<\/li>\n<li>P\u00f3liza de garant\u00eda<\/li>\n<li>Gu\u00eda con informaci\u00f3n legal y reglamentaria<\/li>\n<\/ul>\n<\/div>\n<\/div>\n","protected":false},"excerpt":{"rendered":"<p>Informaci\u00f3n general El lector de huellas y tarjetas Mifare\u00a0\u00a0ASR1102A\u00a0es un equipo que\u00a0tiene la facilidad\u00a0enviar la informaci\u00f3n capturada a un dispositivo de control de acceso para ser verificada posteriormente. Cuenta con una comunicaci\u00f3n RS485 y\u00a0un indice de protecci\u00f3n IP55 el cual es\u00a0a prueba de cortocircuitos y\u00a0libre&hellip;<\/p>\n","protected":false},"featured_media":1236,"comment_status":"open","ping_status":"closed","template":"","meta":{"om_disable_all_campaigns":false,"_monsterinsights_skip_tracking":false,"_monsterinsights_sitenote_active":false,"_monsterinsights_sitenote_note":"","_monsterinsights_sitenote_category":0},"product_brand":[],"product_cat":[809],"product_tag":[81,727,730,66,731,728,729],"class_list":{"0":"post-8689","1":"product","2":"type-product","3":"status-publish","4":"has-post-thumbnail","6":"product_cat-lectoras-biometricas-control-de-acceso-dahua-acceso-asistencia","7":"product_tag-acceso-y-asistencia","8":"product_tag-cerraduras","9":"product_tag-commax-wulian","10":"product_tag-dahua","11":"product_tag-wejoin","12":"product_tag-yli","13":"product_tag-zkteco","15":"first","16":"instock","17":"sale","18":"taxable","19":"shipping-taxable","20":"purchasable","21":"product-type-simple"},"aioseo_notices":[],"_links":{"self":[{"href":"https:\/\/tecsecmty.com\/index.php\/wp-json\/wp\/v2\/product\/8689","targetHints":{"allow":["GET"]}}],"collection":[{"href":"https:\/\/tecsecmty.com\/index.php\/wp-json\/wp\/v2\/product"}],"about":[{"href":"https:\/\/tecsecmty.com\/index.php\/wp-json\/wp\/v2\/types\/product"}],"replies":[{"embeddable":true,"href":"https:\/\/tecsecmty.com\/index.php\/wp-json\/wp\/v2\/comments?post=8689"}],"version-history":[{"count":0,"href":"https:\/\/tecsecmty.com\/index.php\/wp-json\/wp\/v2\/product\/8689\/revisions"}],"wp:featuredmedia":[{"embeddable":true,"href":"https:\/\/tecsecmty.com\/index.php\/wp-json\/wp\/v2\/media\/1236"}],"wp:attachment":[{"href":"https:\/\/tecsecmty.com\/index.php\/wp-json\/wp\/v2\/media?parent=8689"}],"wp:term":[{"taxonomy":"product_brand","embeddable":true,"href":"https:\/\/tecsecmty.com\/index.php\/wp-json\/wp\/v2\/product_brand?post=8689"},{"taxonomy":"product_cat","embeddable":true,"href":"https:\/\/tecsecmty.com\/index.php\/wp-json\/wp\/v2\/product_cat?post=8689"},{"taxonomy":"product_tag","embeddable":true,"href":"https:\/\/tecsecmty.com\/index.php\/wp-json\/wp\/v2\/product_tag?post=8689"}],"curies":[{"name":"wp","href":"https:\/\/api.w.org\/{rel}","templated":true}]}}