{"id":8693,"date":"2023-02-23T22:27:54","date_gmt":"2023-02-24T04:27:54","guid":{"rendered":"https:\/\/tecsecmty.com\/index.php\/producto\/dahua-dhi-asr1102av3-lectora-de-huellas-y-tarjetas-mifare-13-56mhz-3000-huellas-conexion-rs-485-tiempo-de-respuesta\/"},"modified":"2023-03-22T23:22:32","modified_gmt":"2023-03-23T05:22:32","slug":"dahua-dhi-asr1102av3-lectora-de-huellas-y-tarjetas-mifare-13-56mhz-3000-huellas-conexion-rs-485-tiempo-de-respuesta","status":"publish","type":"product","link":"https:\/\/tecsecmty.com\/index.php\/producto\/dahua-dhi-asr1102av3-lectora-de-huellas-y-tarjetas-mifare-13-56mhz-3000-huellas-conexion-rs-485-tiempo-de-respuesta\/","title":{"rendered":"DAHUA DHI-ASR1102A(V3) &#8211; Lectora de Huellas y Tarjetas MIFARE\/ 13.56MHz\/ 3,000 Huellas\/ Conexion RS-485\/ Tiempo de Respuesta &lt;1.5s\/ Indicador de Luz y Sonido\/ Luz de Fondo Azul\/ #LoNuevo"},"content":{"rendered":"<div class=\"row aling-items-center padding-bottom-2x\">\n<div class=\"col-lg-12\">\n<h5 class=\"card-title text-center\">Informaci\u00f3n general<\/h5>\n<h5 class=\"ql-align-justify\">Como parte clave del sistema de control de acceso, el lector de huellas y tarjetas env\u00eda la informaci\u00f3n al controlador de acceso para su verificaci\u00f3n. Es aplicable a zonas industriales, edificios de oficinas, escuelas, f\u00e1bricas, estadios, CBD, \u00e1rea residencial, propiedades gubernamentales, etc.<\/h5>\n<p><img decoding=\"async\" class=\"overview-center-img-web\" src=\"https:\/\/tvc.mx\/media\/580259\/DAHUA-DHI-ASR1102A%28V3%29-Lectora-Huellas-Tarjetas-MIFARE-13-banner.png\" alt=\"Lector\" \/><\/div>\n<\/div>\n<div class=\"row align-items-center padding-bottom-2x\">\n<div class=\"col-md-5\"><img decoding=\"async\" class=\"d-block m-auto img-thumbnail\" src=\"https:\/\/tvc.mx\/media\/580267\/DAHUA-DHI-ASR1102A%28V3%29-Lectora-Huellas-Tarjetas-MIFARE-caracteristicas-principales.png\" alt=\" Lector\" \/><\/div>\n<div class=\"col-md-7 text-md-left text-center\">\n<h2>Caracter\u00edsticas Principales<\/h2>\n<p class=\"text-muted\">\n<ul>\n<li>Protocolo RS-485<\/li>\n<li>Tarjeta (Mifare) de circuito integrado por defecto (\u201c-D\u201d se refiere a tarjetas ID EM)<\/li>\n<li>Compatible con tarjetas y huellas dactilares<\/li>\n<li>Capacidad para hasta 3.000 huellas dactilares<\/li>\n<li>Retroiluminaci\u00f3n azul Funci\u00f3n guardi\u00e1n para garantizar que el dispositivo no se detenga<\/li>\n<li>Pitido e indicador<\/li>\n<li>Instalaci\u00f3n montada en superficie<\/li>\n<\/ul>\n<p>&nbsp;<\/p>\n<\/div>\n<\/div>\n<hr class=\"padding-bottom-2x\" \/>\n<div class=\"row align-items-center padding-bottom-2x\">\n<div class=\"col-md-5 order-md-2\"><img decoding=\"async\" class=\"d-block m-auto img-thumbnail\" src=\"https:\/\/tvc.mx\/media\/580303\/DAHUA-DHI-ASR1102A%28V3%29-Lectora-Huellas-Tarjetas-MIFARE-especificaciones-tecnicas.png\" alt=\" Dimensiones\" \/><\/div>\n<div class=\"col-md-7 order-md-1 text-md-left text-center\">\n<h2>Especificaciones T\u00e9cnicas<\/h2>\n<p class=\"text-muted\">\n<p>Procesador principal 8 bits<\/p>\n<p>Formato de lectura 13.56 MHz<\/p>\n<p>Intervalo del lector 6-8 cm (m\u00e1x)<\/p>\n<p>Tiempo de lectura &lt; 0,1s<\/p>\n<p>Huella digital capacidad: 3000<\/p>\n<p>Tiempo de respuesta:\u00a0\u2264 0,5 s<\/p>\n<\/div>\n<\/div>\n","protected":false},"excerpt":{"rendered":"<p>Informaci\u00f3n general Como parte clave del sistema de control de acceso, el lector de huellas y tarjetas env\u00eda la informaci\u00f3n al controlador de acceso para su verificaci\u00f3n. Es aplicable a zonas industriales, edificios de oficinas, escuelas, f\u00e1bricas, estadios, CBD, \u00e1rea residencial, propiedades gubernamentales, etc. Caracter\u00edsticas&hellip;<\/p>\n","protected":false},"featured_media":1244,"comment_status":"open","ping_status":"closed","template":"","meta":{"om_disable_all_campaigns":false,"_monsterinsights_skip_tracking":false,"_monsterinsights_sitenote_active":false,"_monsterinsights_sitenote_note":"","_monsterinsights_sitenote_category":0},"product_brand":[],"product_cat":[809],"product_tag":[81,727,730,66,731,728,729],"class_list":{"0":"post-8693","1":"product","2":"type-product","3":"status-publish","4":"has-post-thumbnail","6":"product_cat-lectoras-biometricas-control-de-acceso-dahua-acceso-asistencia","7":"product_tag-acceso-y-asistencia","8":"product_tag-cerraduras","9":"product_tag-commax-wulian","10":"product_tag-dahua","11":"product_tag-wejoin","12":"product_tag-yli","13":"product_tag-zkteco","15":"first","16":"instock","17":"sale","18":"taxable","19":"shipping-taxable","20":"purchasable","21":"product-type-simple"},"aioseo_notices":[],"_links":{"self":[{"href":"https:\/\/tecsecmty.com\/index.php\/wp-json\/wp\/v2\/product\/8693","targetHints":{"allow":["GET"]}}],"collection":[{"href":"https:\/\/tecsecmty.com\/index.php\/wp-json\/wp\/v2\/product"}],"about":[{"href":"https:\/\/tecsecmty.com\/index.php\/wp-json\/wp\/v2\/types\/product"}],"replies":[{"embeddable":true,"href":"https:\/\/tecsecmty.com\/index.php\/wp-json\/wp\/v2\/comments?post=8693"}],"version-history":[{"count":0,"href":"https:\/\/tecsecmty.com\/index.php\/wp-json\/wp\/v2\/product\/8693\/revisions"}],"wp:featuredmedia":[{"embeddable":true,"href":"https:\/\/tecsecmty.com\/index.php\/wp-json\/wp\/v2\/media\/1244"}],"wp:attachment":[{"href":"https:\/\/tecsecmty.com\/index.php\/wp-json\/wp\/v2\/media?parent=8693"}],"wp:term":[{"taxonomy":"product_brand","embeddable":true,"href":"https:\/\/tecsecmty.com\/index.php\/wp-json\/wp\/v2\/product_brand?post=8693"},{"taxonomy":"product_cat","embeddable":true,"href":"https:\/\/tecsecmty.com\/index.php\/wp-json\/wp\/v2\/product_cat?post=8693"},{"taxonomy":"product_tag","embeddable":true,"href":"https:\/\/tecsecmty.com\/index.php\/wp-json\/wp\/v2\/product_tag?post=8693"}],"curies":[{"name":"wp","href":"https:\/\/api.w.org\/{rel}","templated":true}]}}