{"id":8694,"date":"2023-02-23T22:27:54","date_gmt":"2023-02-24T04:27:54","guid":{"rendered":"https:\/\/tecsecmty.com\/index.php\/producto\/dahua-dhi-asr1102a-dv3-lectora-de-huella-y-tarjetas-id-125-khz-3000-huellas-comunicacion-rs-485-reconocimiento-de-huella-de-360-grados-tiempo-de-respuesta\/"},"modified":"2023-03-22T23:22:32","modified_gmt":"2023-03-23T05:22:32","slug":"dahua-dhi-asr1102a-dv3-lectora-de-huella-y-tarjetas-id-125-khz-3000-huellas-comunicacion-rs-485-reconocimiento-de-huella-de-360-grados-tiempo-de-respuesta","status":"publish","type":"product","link":"https:\/\/tecsecmty.com\/index.php\/producto\/dahua-dhi-asr1102a-dv3-lectora-de-huella-y-tarjetas-id-125-khz-3000-huellas-comunicacion-rs-485-reconocimiento-de-huella-de-360-grados-tiempo-de-respuesta\/","title":{"rendered":"DAHUA DHI-ASR1102A-D(V3) &#8211; Lectora de Huella y Tarjetas ID\/ 125 kHz\/ 3,000 Huellas\/ Comunicaci\u00f3n RS-485\/ Reconocimiento de Huella de 360 Grados\/ Tiempo de Respuesta &lt;0.5 s\/ Indicador de Luz y Sonido\/ Luz de Fondo Azul\/ #LoNuevo"},"content":{"rendered":"<div class=\"row aling-items-center padding-bottom-2x\">\n<div class=\"col-lg-12\">\n<h5 class=\"card-title text-center\">Informaci\u00f3n general<\/h5>\n<p class=\"ql-align-justify\">Como parte clave del sistema de control de acceso, el lector de acceso admite el desbloqueo de tarjetas y env\u00eda informaci\u00f3n al controlador de acceso para verificar la identidad de las personas y controlar el acceso a un \u00e1rea. Es adecuado para una variedad de escenarios, como zonas industriales, edificios de oficinas, escuelas, f\u00e1bricas, estadios, CBD, \u00e1reas residenciales y agencias gubernamentales.<\/p>\n<p><img decoding=\"async\" class=\"overview-center-img-web\" src=\"https:\/\/tvc.mx\/media\/566475\/DAHUA-DHI-ASR1102A-D%28V3%29-Lectora-de-Huella-Tarjetas-ID-125-kHZ-banner-principal.png\" alt=\"Lectora de huella\" \/><\/p>\n<\/div>\n<\/div>\n<div class=\"row align-items-center padding-bottom-2x\">\n<div class=\"col-md-5\"><img decoding=\"async\" class=\"d-block m-auto img-thumbnail\" src=\"https:\/\/tvc.mx\/media\/566555\/lector-tarjetas-dahua.png\" alt=\" Tarjetas\" \/><\/div>\n<div class=\"col-md-7 text-md-left text-center\">\n<h2>Lectora de tarjetas<\/h2>\n<p class=\"ql-align-justify\">Soporta tarjetas ID de 125 Khz las cuales pueden mostrarse en un rango de 5 cm para su correcta lectura, las tarjetas se adquieren por separado. Para una correcta lectura se recomienda apuntar a el sensor de proximidad con el que cuenta la lectora.<\/p>\n<p>&nbsp;<\/p>\n<\/div>\n<\/div>\n<hr class=\"padding-bottom-2x\" \/>\n<div class=\"row align-items-center padding-bottom-2x\">\n<div class=\"col-md-5 order-md-2\"><img decoding=\"async\" class=\"d-block m-auto img-thumbnail\" src=\"https:\/\/tvc.mx\/media\/566567\/lector-huella-dahua.png\" alt=\" Huella\" \/><\/div>\n<div class=\"col-md-7 order-md-1 text-md-left text-center\">\n<h2>Funciones<\/h2>\n<ul>\n<li class=\"ql-align-justify\">Lector de huellas digitales.<\/li>\n<li class=\"ql-align-justify\">Lector de tarjetas ID.<\/li>\n<li class=\"ql-align-justify\">Soporte de tarjeta, huella digital.<\/li>\n<li class=\"ql-align-justify\">Rango de lectura de tarjeta\u00a00-5 cm.<\/li>\n<li class=\"ql-align-justify\">Comunicaci\u00f3n RS-485.<\/li>\n<\/ul>\n<p>&nbsp;<\/p>\n<\/div>\n<\/div>\n<hr class=\"padding-bottom-2x\" \/>\n<div class=\"row align-items-center padding-bottom-2x\">\n<div class=\"col-md-5\"><img decoding=\"async\" class=\"d-block m-auto img-thumbnail\" src=\"https:\/\/tvc.mx\/media\/566575\/DAHUA-DHI-ASR1102A-D%28V3%29-Lectora-de-Huella-Tarjetas-ID-125-kHZ-caracteristicas-principal.png\" alt=\" caracter\u00edsticas\" \/><\/div>\n<div class=\"col-md-7 text-md-left text-center\">\n<h2>Caracteristicas principales<\/h2>\n<p><strong>\u00b7\u00a0<\/strong>Luz de fondo azul para una mejor experiencia de usuario.<\/p>\n<p><strong>\u00b7\u00a0<\/strong>4 modos de verificaci\u00f3n de identidad: Tarjeta, huella, tarjeta o huella, y combinaci\u00f3n de tarjeta y contrase\u00f1a.<\/p>\n<p><strong>\u00b7\u00a0<\/strong>Lectura de tarjetas sin contacto. Admite la lectura de tarjetas de identificaci\u00f3n.<\/p>\n<p><strong>\u00b7\u00a0<\/strong>Trabaja a una frecuencia de 125 kHz.<\/p>\n<p><strong>\u00b7\u00a0<\/strong>Reconocimiento de huellas dactilares de 360\u00b0.<\/p>\n<p><strong>\u00b7\u00a0<\/strong>Memoria de 3000 plantillas de huellas dactilares.<\/p>\n<p>&nbsp;<\/p>\n<p>&nbsp;<\/p>\n<\/div>\n<\/div>\n<hr class=\"padding-bottom-2x\" \/>\n<div class=\"row align-items-center padding-bottom-2x\">\n<div class=\"col-md-5 order-md-2\"><img decoding=\"async\" class=\"d-block m-auto img-thumbnail\" src=\"https:\/\/tvc.mx\/media\/566587\/DAHUA-DHI-ASR1102A-D%28V3%29-Lectora-de-Huella-Tarjetas-ID-125-kHZ-Especificaciones-tecnicas.png\" alt=\" dimensiones\" \/><\/div>\n<div class=\"col-md-7 order-md-1 text-md-left text-center\">\n<h2>Especificaciones T\u00e9cnicas<\/h2>\n<ul>\n<li>Distancia de lectura de tarjetas:max. 0-5\u00a0cm<\/li>\n<li>Comunicaci\u00f3n: Wiegand<\/li>\n<li>Alimentaci\u00f3n:9 &#8211; 15\u00a0V\u00a0DC<\/li>\n<li>Carcasa: Pl\u00e1stico<\/li>\n<\/ul>\n<\/div>\n<\/div>\n","protected":false},"excerpt":{"rendered":"<p>Informaci\u00f3n general Como parte clave del sistema de control de acceso, el lector de acceso admite el desbloqueo de tarjetas y env\u00eda informaci\u00f3n al controlador de acceso para verificar la identidad de las personas y controlar el acceso a un \u00e1rea. Es adecuado para una&hellip;<\/p>\n","protected":false},"featured_media":1246,"comment_status":"open","ping_status":"closed","template":"","meta":{"om_disable_all_campaigns":false,"_monsterinsights_skip_tracking":false,"_monsterinsights_sitenote_active":false,"_monsterinsights_sitenote_note":"","_monsterinsights_sitenote_category":0},"product_brand":[],"product_cat":[809],"product_tag":[81,727,730,66,731,728,729],"class_list":{"0":"post-8694","1":"product","2":"type-product","3":"status-publish","4":"has-post-thumbnail","6":"product_cat-lectoras-biometricas-control-de-acceso-dahua-acceso-asistencia","7":"product_tag-acceso-y-asistencia","8":"product_tag-cerraduras","9":"product_tag-commax-wulian","10":"product_tag-dahua","11":"product_tag-wejoin","12":"product_tag-yli","13":"product_tag-zkteco","15":"first","16":"instock","17":"sale","18":"taxable","19":"shipping-taxable","20":"purchasable","21":"product-type-simple"},"aioseo_notices":[],"_links":{"self":[{"href":"https:\/\/tecsecmty.com\/index.php\/wp-json\/wp\/v2\/product\/8694","targetHints":{"allow":["GET"]}}],"collection":[{"href":"https:\/\/tecsecmty.com\/index.php\/wp-json\/wp\/v2\/product"}],"about":[{"href":"https:\/\/tecsecmty.com\/index.php\/wp-json\/wp\/v2\/types\/product"}],"replies":[{"embeddable":true,"href":"https:\/\/tecsecmty.com\/index.php\/wp-json\/wp\/v2\/comments?post=8694"}],"version-history":[{"count":0,"href":"https:\/\/tecsecmty.com\/index.php\/wp-json\/wp\/v2\/product\/8694\/revisions"}],"wp:featuredmedia":[{"embeddable":true,"href":"https:\/\/tecsecmty.com\/index.php\/wp-json\/wp\/v2\/media\/1246"}],"wp:attachment":[{"href":"https:\/\/tecsecmty.com\/index.php\/wp-json\/wp\/v2\/media?parent=8694"}],"wp:term":[{"taxonomy":"product_brand","embeddable":true,"href":"https:\/\/tecsecmty.com\/index.php\/wp-json\/wp\/v2\/product_brand?post=8694"},{"taxonomy":"product_cat","embeddable":true,"href":"https:\/\/tecsecmty.com\/index.php\/wp-json\/wp\/v2\/product_cat?post=8694"},{"taxonomy":"product_tag","embeddable":true,"href":"https:\/\/tecsecmty.com\/index.php\/wp-json\/wp\/v2\/product_tag?post=8694"}],"curies":[{"name":"wp","href":"https:\/\/api.w.org\/{rel}","templated":true}]}}