{"id":8695,"date":"2023-02-23T22:27:54","date_gmt":"2023-02-24T04:27:54","guid":{"rendered":"https:\/\/tecsecmty.com\/index.php\/producto\/dahua-dhi-asr2101a-lectora-de-tarjetas-mifare-con-teclado-touch-para-password-conexion-rs-485-y-wiegand-leds-rojo-y-verde-fondo-de-luz-azul\/"},"modified":"2023-03-22T23:22:32","modified_gmt":"2023-03-23T05:22:32","slug":"dahua-dhi-asr2101a-lectora-de-tarjetas-mifare-con-teclado-touch-para-password-conexion-rs-485-y-wiegand-leds-rojo-y-verde-fondo-de-luz-azul","status":"publish","type":"product","link":"https:\/\/tecsecmty.com\/index.php\/producto\/dahua-dhi-asr2101a-lectora-de-tarjetas-mifare-con-teclado-touch-para-password-conexion-rs-485-y-wiegand-leds-rojo-y-verde-fondo-de-luz-azul\/","title":{"rendered":"DAHUA DHI-ASR2101A &#8211; Lectora de Tarjetas MiFare con Teclado Touch\/ para Password\/ Conexi\u00f3n RS-485 y Wiegand\/ Leds Rojo y Verde\/ Fondo de Luz Azul\/"},"content":{"rendered":"<div class=\"row aling-items-center padding-bottom-2x\">\n<div class=\"col-lg-12\">\n<h5 class=\"card-title text-center\">Informaci\u00f3n general<\/h5>\n<h5 class=\"ql-align-justify\">Como parte clave del sistema de control de acceso, el lector de tarjetas de control de acceso DHI-ASR2101A admite el desbloqueo de tarjetas y contrase\u00f1as y env\u00eda la informaci\u00f3n al controlador de acceso para su verificaci\u00f3n. Con un dise\u00f1o delgado y elegante, es aplicable a zonas industriales, edificios de oficinas, escuelas, f\u00e1bricas, estadios, CBD, \u00e1rea residencial, propiedades gubernamentales, etc.<\/h5>\n<p><img decoding=\"async\" class=\"overview-center-img-web\" src=\"https:\/\/tvc.mx\/media\/578671\/DAHUA-DHI-ASR2101A-Lectora-Tarjetas-MiFare--Teclado-Touch--Password-Conexi%C3%B3n-RS-485-Wiegand-Leds-Rojo--Verde-banner-principalh.png\" alt=\"Lector\" \/><\/div>\n<\/div>\n<div class=\"row align-items-center padding-bottom-2x\">\n<div class=\"col-md-5\"><img decoding=\"async\" class=\"d-block m-auto img-thumbnail\" src=\"https:\/\/tvc.mx\/media\/578687\/DAHUA-DHI-ASR2101A-Lectora-Tarjetas-MiFare--Teclado-Touch--Password-Conexi%C3%B3n-RS-485-Wiegand-Leds-Rojo--Verde-caracteristicas-principales.png\" alt=\" Lector\" \/><\/div>\n<div class=\"col-md-7 text-md-left text-center\">\n<h2>Caracter\u00edsticas Principales<\/h2>\n<p class=\"text-muted\">\n<ul data-checked=\"false\">\n<li>Material PC, panel acr\u00edlico e IP66, apto para uso interior y exterior<\/li>\n<li>Admite el reconocimiento sin contacto de la tarjeta IC (tarjeta Mifare)<\/li>\n<li>Admite desbloqueo de tarjeta\/contrase\u00f1a<\/li>\n<li>Admite comunicaci\u00f3n RS485 y Wiegand<\/li>\n<li>Admite zumbador e indicador de aviso<\/li>\n<li>Admite alarma antimanipulaci\u00f3n<\/li>\n<li>El perro guardi\u00e1n incorporado puede detectar y controlar el estado de funcionamiento anormal del equipo y realizar el procesamiento de recuperaci\u00f3n para garantizar el funcionamiento a largo plazo del equipo.<\/li>\n<li>Todos los puertos de conexi\u00f3n tienen protecci\u00f3n contra sobrecorriente y sobretensi\u00f3n.<\/li>\n<\/ul>\n<p>&nbsp;<\/p>\n<\/div>\n<\/div>\n<hr class=\"padding-bottom-2x\" \/>\n<div class=\"row align-items-center padding-bottom-2x\">\n<div class=\"col-md-5 order-md-2\"><img decoding=\"async\" class=\"d-block m-auto img-thumbnail\" src=\"https:\/\/tvc.mx\/media\/578699\/DAHUA-DHI-ASR2101A-Lectora-Tarjetas-MiFare--Teclado-Touch--Password-Conexi%C3%B3n-RS-485-Wiegand-Leds-Rojo--Verde-Especificaciones-tecnicass.png\" alt=\" Dimensiones\" \/><\/div>\n<div class=\"col-md-7 order-md-1 text-md-left text-center\">\n<h2>Especificaciones T\u00e9cnicas<\/h2>\n<p class=\"text-muted\">\n<ul>\n<li>Tipo de producto: Lector de tarjetas<\/li>\n<li>Zumbador<\/li>\n<li>Caja: PC\/panel acr\u00edlico<\/li>\n<li>Modo de desbloqueo: pasar tarjeta\/contrase\u00f1a, m\u00faltiples modos de desbloqueo<\/li>\n<li>Tipo de tarjeta: tarjeta de circuito integrado<\/li>\n<li>Tiempo de respuesta: 0,1 s<\/li>\n<li>Distancia de lectura de tarjeta: 0 cm &#8211; 5cm (0&#8243;-1,97&#8243;)<\/li>\n<li>RS-485 1 canal<\/li>\n<li>Wiegand: 1 canal de salida<\/li>\n<\/ul>\n<\/div>\n<\/div>\n","protected":false},"excerpt":{"rendered":"<p>Informaci\u00f3n general Como parte clave del sistema de control de acceso, el lector de tarjetas de control de acceso DHI-ASR2101A admite el desbloqueo de tarjetas y contrase\u00f1as y env\u00eda la informaci\u00f3n al controlador de acceso para su verificaci\u00f3n. Con un dise\u00f1o delgado y elegante, es&hellip;<\/p>\n","protected":false},"featured_media":1248,"comment_status":"open","ping_status":"closed","template":"","meta":{"om_disable_all_campaigns":false,"_monsterinsights_skip_tracking":false,"_monsterinsights_sitenote_active":false,"_monsterinsights_sitenote_note":"","_monsterinsights_sitenote_category":0},"product_brand":[],"product_cat":[809],"product_tag":[81,727,730,66,731,728,729],"class_list":{"0":"post-8695","1":"product","2":"type-product","3":"status-publish","4":"has-post-thumbnail","6":"product_cat-lectoras-biometricas-control-de-acceso-dahua-acceso-asistencia","7":"product_tag-acceso-y-asistencia","8":"product_tag-cerraduras","9":"product_tag-commax-wulian","10":"product_tag-dahua","11":"product_tag-wejoin","12":"product_tag-yli","13":"product_tag-zkteco","15":"first","16":"instock","17":"sale","18":"taxable","19":"shipping-taxable","20":"purchasable","21":"product-type-simple"},"aioseo_notices":[],"_links":{"self":[{"href":"https:\/\/tecsecmty.com\/index.php\/wp-json\/wp\/v2\/product\/8695","targetHints":{"allow":["GET"]}}],"collection":[{"href":"https:\/\/tecsecmty.com\/index.php\/wp-json\/wp\/v2\/product"}],"about":[{"href":"https:\/\/tecsecmty.com\/index.php\/wp-json\/wp\/v2\/types\/product"}],"replies":[{"embeddable":true,"href":"https:\/\/tecsecmty.com\/index.php\/wp-json\/wp\/v2\/comments?post=8695"}],"version-history":[{"count":0,"href":"https:\/\/tecsecmty.com\/index.php\/wp-json\/wp\/v2\/product\/8695\/revisions"}],"wp:featuredmedia":[{"embeddable":true,"href":"https:\/\/tecsecmty.com\/index.php\/wp-json\/wp\/v2\/media\/1248"}],"wp:attachment":[{"href":"https:\/\/tecsecmty.com\/index.php\/wp-json\/wp\/v2\/media?parent=8695"}],"wp:term":[{"taxonomy":"product_brand","embeddable":true,"href":"https:\/\/tecsecmty.com\/index.php\/wp-json\/wp\/v2\/product_brand?post=8695"},{"taxonomy":"product_cat","embeddable":true,"href":"https:\/\/tecsecmty.com\/index.php\/wp-json\/wp\/v2\/product_cat?post=8695"},{"taxonomy":"product_tag","embeddable":true,"href":"https:\/\/tecsecmty.com\/index.php\/wp-json\/wp\/v2\/product_tag?post=8695"}],"curies":[{"name":"wp","href":"https:\/\/api.w.org\/{rel}","templated":true}]}}