{"id":870,"date":"2023-02-16T00:00:10","date_gmt":"2023-02-16T00:00:10","guid":{"rendered":"https:\/\/tecsecmty.com\/index.php\/producto\/domo-ptz-turbohd-1080p-15x-zoom-100-mts-ir-exir-exterior-ip66-wdr-120-db-tvi-rs-485-ultra-baja-iluminaciun\/"},"modified":"2023-03-22T23:20:44","modified_gmt":"2023-03-23T05:20:44","slug":"domo-ptz-turbohd-1080p-15x-zoom-100-mts-ir-exir-exterior-ip66-wdr-120-db-tvi-rs-485-ultra-baja-iluminacion","status":"publish","type":"product","link":"https:\/\/tecsecmty.com\/index.php\/producto\/domo-ptz-turbohd-1080p-15x-zoom-100-mts-ir-exir-exterior-ip66-wdr-120-db-tvi-rs-485-ultra-baja-iluminacion\/","title":{"rendered":"Domo PTZ TurboHD 1080P \/ 15X Zoom \/ 100 mts IR EXIR \/ Exterior IP66 \/ WDR 120 dB \/ TVI \/ RS-485 \/ Ultra Baja Iluminacion"},"content":{"rendered":"<div class=\"container\">\n<div class=\"row\">\n<div class=\"col-md-12\">\n<div class=\"row\">\n<div class=\"row\">\n<div class=\"col-md-12\">\n<h4 class=\"text-primary center info-text\" style=\"text-align: center\">Informaci\u00f3n de Producto<\/h4>\n<\/div>\n<\/div>\n<div class=\"row\" style=\"text-align: center\">\n<div class=\"col-md-12\">\n<h3>Domo PTZ TurboHD 1080P \/ 15X Zoom \/ 100 mts IR EXIR \/ Exterior IP66 \/ WDR 120 dB \/ TVI \/ RS-485 \/ Ultra Baja Iluminaci\u00f3n<\/h3>\n<\/div>\n<\/div>\n<div id=\"producto_container\" class=\"row\" style=\"text-align: center\">\n<div class=\"col-md-4\"><img decoding=\"async\" class=\"img-responsive center-block\" src=\"https:\/\/ftp3.syscom.mx\/usuarios\/fotos\/BancoFotografiasSyscom\/HILOOKBYHIKVISION\/PTZT4215ID(E)\/PTZT4215ID(E)-p.PNG\" alt=\"PTZ-T4215I-D(E)\" \/><\/p>\n<div class=\"row\">\n<div id=\"galerias\" class=\"col-sm-12\"><\/div>\n<\/div>\n<\/div>\n<div class=\"col-md-4\">\n<div><img decoding=\"async\" class=\"img-responsive img-thumbnail\" src=\"https:\/\/ftp3.syscom.mx\/usuarios\/fotos\/logotipos\/hilook_by_hikvision.png\" \/><\/div>\n<div><img decoding=\"async\" class=\"icono_info_product\" src=\"https:\/\/ftp3.syscom.mx\/usuarios\/ftp\/syscom_mx\/5-11-11-0-15zoom.png?v=1.04?v=1.04\" \/><img decoding=\"async\" class=\"icono_info_product\" src=\"https:\/\/ftp3.syscom.mx\/usuarios\/ftp\/downloads\/METALICAS.jpg\" \/><img decoding=\"async\" class=\"icono_info_product\" src=\"https:\/\/ftp3.syscom.mx\/usuarios\/fotos\/2a-g.png\" \/><\/div>\n<div>\n<p>Modelo:\u00a0<span class=\"modelo-marca\">PTZ-T4215I-D(E)<\/span><\/p>\n<p>Marca:\u00a0<span class=\"modelo-marca\">HiLook by HIKVISION<\/span><\/p>\n<\/div>\n<div><\/div>\n<\/div>\n<div class=\"col-md-4\">\n<div class=\"row\">\n<div class=\"col-md-12 default_padding_bottom\"><\/div>\n<\/div>\n<\/div>\n<\/div>\n<\/div>\n<div class=\"row \" style=\"text-align: center\">\n<div class=\"col-md-12\">\n<div class=\"row\">\n<h3 class=\"text-primary\">Especificaciones:<\/h3>\n<\/div>\n<div class=\"row well\">\n<p>&nbsp;<\/p>\n<p><img decoding=\"async\" class=\"fr-fic fr-dii\" src=\"https:\/\/ftp3.syscom.mx\/usuarios\/fotos\/IPCB120\/143291-hilook.png\" \/><\/p>\n<p>&nbsp;<\/p>\n<div class=\"row\">\n<div class=\"col-sm-4\">\n<div><strong>Caracter\u00edsticas principales:<\/strong><\/p>\n<ul>\n<li>Resoluci\u00f3n m\u00e1xima: 2 Megapixel (1920 x 1080).<\/li>\n<li>Iluminaci\u00f3n m\u00ednima: Color 0.005 Lux (F1.6, AGC ON).<\/li>\n<li>Iluminaci\u00f3n m\u00ednima: B\/N 0.001 Lux (F1.6, AGC ON).<\/li>\n<li>Funciones: WDR 120dB \/ 3D-DNR \/ BLC \/ HLC \/ EIS.<\/li>\n<li>Distancia Focal: 5 a 75 mm (15X Zoom \u00f2ptico \/ 16X Zoom digital).<\/li>\n<li>Distancia de Infrarrojos: 100 mts IR ( visi\u00f3n nocturna).<\/li>\n<li>S\u00f3lo soporta TVI\u00a0<strong>(No soporta AHD-CVI-CVBS)<\/strong>.<\/li>\n<li>Soporta puertos RS-485 (anal\u00f3gica) y COAXITRON ( TURBOHD).<\/li>\n<\/ul>\n<\/div>\n<\/div>\n<div class=\"col-sm-4\">\n<div><strong>Caracter\u00edsticas F\u00edsicas y El\u00e9ctricas:<\/strong><\/p>\n<ul>\n<li>Alimentaci\u00f3n: 12 Vcc \/ 20 Watts.<\/li>\n<li>Temperatura de operaci\u00f3n: -30\u00ba a 65\u00ba C.<\/li>\n<li>Protecci\u00f3n: Interior &#8211; Exterior (IP66).<\/li>\n<li>Dimensiones: 164.5 x 295 mm.<\/li>\n<li>Peso: 2 Kgs.<\/li>\n<li><strong>El PTZ incluye brazo de pared\u00a0y fuente de alimentaci\u00f3n de 12 Vcc.\u00a0<\/strong><\/li>\n<li>Garant\u00eda: 2 a\u00f1os.<\/li>\n<\/ul>\n<p><strong>Accesorios:<\/strong><\/p>\n<ul>\n<li>Joystick USB, modelo:\u00a0<a href=\"https:\/\/www.syscom.mx\/producto\/DS-1005KI-HIKVISION-74492.html\" target=\"_blank\" rel=\"noopener\">DS-1005KI\u00a0<\/a><\/li>\n<li>Montaje de poste para domos, modelo:\u00a0<a href=\"https:\/\/www.syscom.mx\/producto\/DS-1604ZJ-POLE-HIKVISION-175737.html\" target=\"_blank\" rel=\"noopener\">DS-1604ZJ-POLE<\/a><\/li>\n<li>Montaje de esquina con caja de conexion, modelo:\u00a0<a href=\"https:\/\/www.syscom.mx\/producto\/DS-1604ZJ-BOX-CORNER-HIKVISION-201010.html\" target=\"_blank\" rel=\"noopener\">DS-1604ZJ-BOX-CORNER<\/a><\/li>\n<li>Montaje de Pared para Exterior, modelo:\u00a0<a href=\"https:\/\/www.syscom.mx\/producto\/DS-1604ZJ-BOX-HIKVISION-190298.html\" target=\"_blank\" rel=\"noopener\">DS-1604ZJ-BOX<\/a><\/li>\n<li>Montaje de Techo Tipo Tubo, modelo:\u00a0<a href=\"https:\/\/www.syscom.mx\/producto\/DS-1662ZJ-HIKVISION-69426.html\" target=\"_blank\" rel=\"noopener\">DS-1662ZJ<\/a><\/li>\n<li>Montaje de Plafon, modelo:\u00a0<a href=\"https:\/\/www.syscom.mx\/producto\/DS-1671ZJ-SDM9-HIKVISION-162945.html\" target=\"_blank\" rel=\"noopener\">DS-1671ZJ-SDM9<\/a><\/li>\n<li>Montaje Parapeto sobre Pared, modelo:\u00a0<a href=\"https:\/\/www.syscom.mx\/producto\/DS-1660ZJ-HIKVISION-82609.html\" target=\"_blank\" rel=\"noopener\">DS-1660ZJ<\/a><\/li>\n<li>Montaje de Techo Tipo Tubo, modelo:\u00a0<a href=\"https:\/\/www.syscom.mx\/producto\/DS-1661ZJ-HIKVISION-69425.html\" target=\"_blank\" rel=\"noopener\">DS-1661ZJ<\/a><\/li>\n<li>Montaje de Pared con Caja de Conexi\u00f3n, modelo:\u00a0<a href=\"https:\/\/www.syscom.mx\/producto\/DS-1604ZJ-BOX-POLE-HIKVISION-158618.html\" target=\"_blank\" rel=\"noopener\">DS-1604ZJ-BOX-POLE<\/a><\/li>\n<\/ul>\n<\/div>\n<\/div>\n<div class=\"col-sm-4\">\n<div><strong>Caracter\u00edsticas Generales:<\/strong><\/p>\n<ul>\n<li>Paneo: 360\u00ba.<\/li>\n<li>Tildeo: -15\u00ba a 90\u00ba.<\/li>\n<li>Preset: 256.<\/li>\n<li>Patrol: 10 (32 Preset cada uno)<\/li>\n<li>Pattern: 5 (10 minutos de grabaci\u00f3n m\u00e1ximo).<\/li>\n<li>Soporta tareas calendarizadas.<\/li>\n<li>Protocolos: HIKVISION \/ Pelco-P \/ Pelco-D.<\/li>\n<\/ul>\n<\/div>\n<\/div>\n<\/div>\n<h2>Hi-Look<\/h2>\n<p>&nbsp;<\/p>\n<p>Es una marca desarrollada y manufacturada por Hikvision, enfocada en otorgar productos de alta calidad. Cuenta con los dispositivos ideales para ofrecer una soluci\u00f3n integral en tecnolog\u00eda anal\u00f3gica (TurboHD) e IP.<\/p>\n<div class=\"row default_padding_bottom\">\n<div class=\"col-sm-6\">\n<h2>Infrarrojo EXIR<\/h2>\n<p>&nbsp;<\/p>\n<p>Las c\u00e1maras HiLook, comparten la patente de la marca Hikvision \u00abEXIR\u00bb, el cual le otorga una visi\u00f3n nocturna mas efectiva por su dise\u00f1o, composici\u00f3n y efecto umbral de luz. Esto le permitir\u00e1 tener mucho mejor detalle en la noche, y una visi\u00f3n nocturna uniforme.<\/p>\n<p>&nbsp;<\/p>\n<p>&nbsp;<\/p>\n<\/div>\n<div class=\"col-sm-6\">\n<img decoding=\"async\" class=\"fr-fic fr-dii\" src=\"https:\/\/ftp3.syscom.mx\/usuarios\/jsosa\/HIKVISION\/imagenes\/exirir.png\" \/><\/p>\n<\/div>\n<div class=\"col-xs-12\"><img decoding=\"async\" class=\"img-responsive fr-fil fr-dib\" src=\"https:\/\/ftp3.syscom.mx\/usuarios\/jsosa\/HIKVISION\/imagenes\/irvsir.png\" \/><\/div>\n<\/div>\n<p><img decoding=\"async\" class=\"fr-fic fr-dii\" src=\"https:\/\/ftp3.syscom.mx\/usuarios\/jsosa\/GIF\/bannerepcom.jpg\" \/><\/p>\n<p>&nbsp;<\/p>\n<p>&nbsp;<\/p>\n<\/div>\n<\/div>\n<\/div>\n<\/div>\n<\/div>\n<\/div>\n<p><img decoding=\"async\" class=\"aligncenter\" src=\"https:\/\/tracker.metricool.com\/c3po.jpg?hash=95c94f37730bb8f54dd4308f1f878f9\" \/><\/p>\n","protected":false},"excerpt":{"rendered":"<p>Informaci\u00f3n de Producto Domo PTZ TurboHD 1080P \/ 15X Zoom \/ 100 mts IR EXIR \/ Exterior IP66 \/ WDR 120 dB \/ TVI \/ RS-485 \/ Ultra Baja Iluminaci\u00f3n Modelo:\u00a0PTZ-T4215I-D(E) Marca:\u00a0HiLook by HIKVISION Especificaciones: &nbsp; &nbsp; Caracter\u00edsticas principales: Resoluci\u00f3n m\u00e1xima: 2 Megapixel (1920 x&hellip;<\/p>\n","protected":false},"featured_media":2202,"comment_status":"open","ping_status":"closed","template":"","meta":{"om_disable_all_campaigns":false,"_monsterinsights_skip_tracking":false,"_monsterinsights_sitenote_active":false,"_monsterinsights_sitenote_note":"","_monsterinsights_sitenote_category":0},"product_brand":[],"product_cat":[53],"product_tag":[42,38,54,37,55],"class_list":{"0":"post-870","1":"product","2":"type-product","3":"status-publish","4":"has-post-thumbnail","6":"product_cat-ptz","7":"product_tag-camaras","8":"product_tag-camaras-de-seguridad","9":"product_tag-camaras-ptz","10":"product_tag-hikvision","11":"product_tag-ptz","13":"first","14":"instock","15":"taxable","16":"shipping-taxable","17":"product-type-simple"},"aioseo_notices":[],"_links":{"self":[{"href":"https:\/\/tecsecmty.com\/index.php\/wp-json\/wp\/v2\/product\/870","targetHints":{"allow":["GET"]}}],"collection":[{"href":"https:\/\/tecsecmty.com\/index.php\/wp-json\/wp\/v2\/product"}],"about":[{"href":"https:\/\/tecsecmty.com\/index.php\/wp-json\/wp\/v2\/types\/product"}],"replies":[{"embeddable":true,"href":"https:\/\/tecsecmty.com\/index.php\/wp-json\/wp\/v2\/comments?post=870"}],"version-history":[{"count":2,"href":"https:\/\/tecsecmty.com\/index.php\/wp-json\/wp\/v2\/product\/870\/revisions"}],"predecessor-version":[{"id":2203,"href":"https:\/\/tecsecmty.com\/index.php\/wp-json\/wp\/v2\/product\/870\/revisions\/2203"}],"wp:featuredmedia":[{"embeddable":true,"href":"https:\/\/tecsecmty.com\/index.php\/wp-json\/wp\/v2\/media\/2202"}],"wp:attachment":[{"href":"https:\/\/tecsecmty.com\/index.php\/wp-json\/wp\/v2\/media?parent=870"}],"wp:term":[{"taxonomy":"product_brand","embeddable":true,"href":"https:\/\/tecsecmty.com\/index.php\/wp-json\/wp\/v2\/product_brand?post=870"},{"taxonomy":"product_cat","embeddable":true,"href":"https:\/\/tecsecmty.com\/index.php\/wp-json\/wp\/v2\/product_cat?post=870"},{"taxonomy":"product_tag","embeddable":true,"href":"https:\/\/tecsecmty.com\/index.php\/wp-json\/wp\/v2\/product_tag?post=870"}],"curies":[{"name":"wp","href":"https:\/\/api.w.org\/{rel}","templated":true}]}}