{"id":8701,"date":"2023-02-23T22:28:00","date_gmt":"2023-02-24T04:28:00","guid":{"rendered":"https:\/\/tecsecmty.com\/index.php\/producto\/zkteco-fr1200-lector-esclavo-de-huella-y-tarjetas-id-125-khz-interior-exterior-conexion-rs485-indicador-de-estado-requiere-panel-serie-inbio\/"},"modified":"2023-03-22T23:25:20","modified_gmt":"2023-03-23T05:25:20","slug":"zkteco-fr1200-lector-esclavo-de-huella-y-tarjetas-id-125-khz-interior-exterior-conexion-rs485-indicador-de-estado-requiere-panel-serie-inbio","status":"publish","type":"product","link":"https:\/\/tecsecmty.com\/index.php\/producto\/zkteco-fr1200-lector-esclavo-de-huella-y-tarjetas-id-125-khz-interior-exterior-conexion-rs485-indicador-de-estado-requiere-panel-serie-inbio\/","title":{"rendered":"ZKTECO FR1200 &#8211; Lector Esclavo De Huella y Tarjetas ID 125 Khz, Interior, Exterior, Conexi\u00f3n RS485, Indicador de Estado, Requiere Panel Serie Inbio"},"content":{"rendered":"<div class=\"row aling-items-center padding-bottom-2x\">\n<div class=\"col-lg-12\">\n<h5 class=\"card-title text-center\">Informaci\u00f3n General<\/h5>\n<p>El dispositivo biom\u00e9trico\u00a0<strong>FR1200<\/strong>\u00a0es un\u00a0<u>Lector Esclavo<\/u>\u00a0de huella digital y tarjetas ID, cuenta con interfaz de comunicaci\u00f3n RS485 para funcionar en conjunto con paneles de acceso de la serie InBio. InBio PRO y lectores StandAlone compatibles.<\/p>\n<p>El\u00a0<strong>FR1200<\/strong>captura la huella digital o tarjeta y env\u00eda la informaci\u00f3n al dispositivo maestro para ser realizar la verificaci\u00f3n del usuario.<\/p>\n<p class=\"ql-align-justify\">Con una estructura resistente y un \u00edndice de protecci\u00f3n IP65 a prueba de agua y polvo, el\u00a0<strong>FR120<\/strong>0\u00a0ofrece una mayor durabilidad en aplicaciones de uso en exteriores.<\/p>\n<p><img decoding=\"async\" class=\"overview-center-img-web\" src=\"https:\/\/tvc.mx\/media\/524183\/Lector-Esclavo-Huella-TarjetaID-125Khz-IP65-FR1200-Banner.png\" alt=\"\" \/><\/div>\n<\/div>\n<div class=\"row align-items-center padding-bottom-2x\">\n<div class=\"col-md-5\"><img decoding=\"async\" class=\"d-block m-auto img-thumbnail\" src=\"https:\/\/tvc.mx\/media\/524211\/Lector-Esclavo-Huella-TarjetaID-125Khz-IP65-FR1200-Complemento2.png\" alt=\" \" \/><\/div>\n<div class=\"col-md-7 text-md-left text-center\">\n<h2>Principales Caracter\u00edsticas<\/h2>\n<p class=\"text-muted\">\n<ul>\n<li>Dise\u00f1o Compacto y Elegante.<\/li>\n<li>Lector de Huella y Lector de Tarjetas RFID Integrado<\/li>\n<li>A Prueba de Agua y Polvo<\/li>\n<li>Dise\u00f1ado para Aplicaciones en Interiores o Exteriores.<\/li>\n<li>Estructura Resistente.<\/li>\n<li>Indicador Audiovisual para Verificaci\u00f3n Concedida o Denegada<\/li>\n<\/ul>\n<p>&nbsp;<\/p>\n<\/div>\n<\/div>\n<hr class=\"padding-bottom-2x\" \/>\n<div class=\"row align-items-center padding-bottom-2x\">\n<div class=\"col-md-5 order-md-2\"><img decoding=\"async\" class=\"d-block m-auto img-thumbnail\" src=\"https:\/\/tvc.mx\/media\/524207\/Lector-Esclavo-Huella-TarjetaID-125Khz-IP65-FR1200-Complemento.png\" alt=\" \" \/><\/div>\n<div class=\"col-md-7 order-md-1 text-md-left text-center\">\n<h2>Especificaciones T\u00e9cnicas<\/h2>\n<p class=\"text-muted\">\n<ul>\n<li><strong>Comunicaci\u00f3n:<\/strong>\u00a0RS485<\/li>\n<li><strong>\u00cdndice de Protecci\u00f3n:<\/strong>\u00a0IP65<\/li>\n<li><strong>Temperatura de Operaci\u00f3n:<\/strong>\u00a0-10\u00b0c a 45\u00b0C<\/li>\n<li><strong>Dimensiones:<\/strong>\u00a0121.3 x 77.3 x 38 mm<\/li>\n<li><strong>Versi\u00f3n de Algoritmo:<\/strong>\u00a0ZKFinger VX10.0<\/li>\n<li><strong>Fuente de Alimentaci\u00f3n:<\/strong>\u00a012VDC<\/li>\n<li><strong>Lector de Tarjeta:<\/strong>\u00a0ID 125 Khz<\/li>\n<li><strong>Compatibilidad:<\/strong>\u00a0Paneles InBio, InBio Pro y Dispositivos StandAlone (con comunicaci\u00f3n RS485)<\/li>\n<\/ul>\n<\/div>\n<\/div>\n","protected":false},"excerpt":{"rendered":"<p>Informaci\u00f3n General El dispositivo biom\u00e9trico\u00a0FR1200\u00a0es un\u00a0Lector Esclavo\u00a0de huella digital y tarjetas ID, cuenta con interfaz de comunicaci\u00f3n RS485 para funcionar en conjunto con paneles de acceso de la serie InBio. InBio PRO y lectores StandAlone compatibles. El\u00a0FR1200captura la huella digital o tarjeta y env\u00eda la&hellip;<\/p>\n","protected":false},"featured_media":8700,"comment_status":"open","ping_status":"closed","template":"","meta":{"om_disable_all_campaigns":false,"_monsterinsights_skip_tracking":false,"_monsterinsights_sitenote_active":false,"_monsterinsights_sitenote_note":"","_monsterinsights_sitenote_category":0},"product_brand":[],"product_cat":[812],"product_tag":[81,727,730,66,731,728,729],"class_list":{"0":"post-8701","1":"product","2":"type-product","3":"status-publish","4":"has-post-thumbnail","6":"product_cat-lectoras-biometricas-control-de-acceso-zkteco-acceso-asistencia","7":"product_tag-acceso-y-asistencia","8":"product_tag-cerraduras","9":"product_tag-commax-wulian","10":"product_tag-dahua","11":"product_tag-wejoin","12":"product_tag-yli","13":"product_tag-zkteco","15":"first","16":"instock","17":"sale","18":"taxable","19":"shipping-taxable","20":"purchasable","21":"product-type-simple"},"aioseo_notices":[],"_links":{"self":[{"href":"https:\/\/tecsecmty.com\/index.php\/wp-json\/wp\/v2\/product\/8701","targetHints":{"allow":["GET"]}}],"collection":[{"href":"https:\/\/tecsecmty.com\/index.php\/wp-json\/wp\/v2\/product"}],"about":[{"href":"https:\/\/tecsecmty.com\/index.php\/wp-json\/wp\/v2\/types\/product"}],"replies":[{"embeddable":true,"href":"https:\/\/tecsecmty.com\/index.php\/wp-json\/wp\/v2\/comments?post=8701"}],"version-history":[{"count":0,"href":"https:\/\/tecsecmty.com\/index.php\/wp-json\/wp\/v2\/product\/8701\/revisions"}],"wp:featuredmedia":[{"embeddable":true,"href":"https:\/\/tecsecmty.com\/index.php\/wp-json\/wp\/v2\/media\/8700"}],"wp:attachment":[{"href":"https:\/\/tecsecmty.com\/index.php\/wp-json\/wp\/v2\/media?parent=8701"}],"wp:term":[{"taxonomy":"product_brand","embeddable":true,"href":"https:\/\/tecsecmty.com\/index.php\/wp-json\/wp\/v2\/product_brand?post=8701"},{"taxonomy":"product_cat","embeddable":true,"href":"https:\/\/tecsecmty.com\/index.php\/wp-json\/wp\/v2\/product_cat?post=8701"},{"taxonomy":"product_tag","embeddable":true,"href":"https:\/\/tecsecmty.com\/index.php\/wp-json\/wp\/v2\/product_tag?post=8701"}],"curies":[{"name":"wp","href":"https:\/\/api.w.org\/{rel}","templated":true}]}}