{"id":8703,"date":"2023-02-23T22:28:02","date_gmt":"2023-02-24T04:28:02","guid":{"rendered":"https:\/\/tecsecmty.com\/index.php\/producto\/zkteco-fr1200mf-lector-esclavo-de-huella-y-tarjetas-mifare-13-56-mhz-ip65-rs485-led-indicador-de-estado-compatible-con-paneles-inbio\/"},"modified":"2023-03-22T23:25:20","modified_gmt":"2023-03-23T05:25:20","slug":"zkteco-fr1200mf-lector-esclavo-de-huella-y-tarjetas-mifare-13-56-mhz-ip65-rs485-led-indicador-de-estado-compatible-con-paneles-inbio","status":"publish","type":"product","link":"https:\/\/tecsecmty.com\/index.php\/producto\/zkteco-fr1200mf-lector-esclavo-de-huella-y-tarjetas-mifare-13-56-mhz-ip65-rs485-led-indicador-de-estado-compatible-con-paneles-inbio\/","title":{"rendered":"ZKTECO FR1200MF &#8211; Lector Esclavo De Huella y Tarjetas MIFARE 13.56 Mhz \/ IP65 \/ RS485 \/ LED Indicador de Estado \/ Compatible con Paneles InBio"},"content":{"rendered":"<div class=\"row aling-items-center padding-bottom-2x\">\n<div class=\"col-lg-12\">\n<h5 class=\"card-title text-center\">Informaci\u00f3n General<\/h5>\n<p>El dispositivo biom\u00e9trico\u00a0<strong>FR1200MF<\/strong><strong>\u00a0<\/strong>es un\u00a0<u>Lector Esclavo<\/u>\u00a0de huella digital y tarjetas MIFARE, cuenta con interfaz de comunicaci\u00f3n RS485 para funcionar en conjunto con paneles de acceso de la serie InBio. InBio PRO y lectores StandAlone compatibles.<\/p>\n<p>El\u00a0<strong>FR1200MF<\/strong>captura la huella digital o tarjeta y env\u00eda la informaci\u00f3n al dispositivo maestro para ser realizar la verificaci\u00f3n del usuario.<\/p>\n<p>Con una estructura resistente y un \u00edndice de protecci\u00f3n IP65 a prueba de agua y polvo, el\u00a0<strong>FR1200<\/strong>\u00a0ofrece una mayor durabilidad en aplicaciones de uso en exteriores.<\/p>\n<p><img decoding=\"async\" class=\"overview-center-img-web\" src=\"https:\/\/tvc.mx\/media\/524743\/Lector-Esclavo-Huella-TarjetaMIFARE-IP65-FR1200MF-Banner.png\" alt=\"\" \/><\/div>\n<\/div>\n<div class=\"row align-items-center padding-bottom-2x\">\n<div class=\"col-md-5\"><img decoding=\"async\" class=\"d-block m-auto img-thumbnail\" src=\"https:\/\/tvc.mx\/media\/524751\/Lector-Esclavo-Huella-TarjetaMIFARE-IP65-FR1200MF-Complemento2.png\" alt=\" \" \/><\/div>\n<div class=\"col-md-7 text-md-left text-center\">\n<h2>Principales Caracter\u00edsticas<\/h2>\n<p class=\"text-muted\">\n<ul>\n<li>Dise\u00f1o Compacto y Elegante.<\/li>\n<li>Lector de Huella y Lector de Tarjetas MIFARE Integrado<\/li>\n<li>A Prueba de Agua y Polvo<\/li>\n<li>Dise\u00f1ado para Aplicaciones en Interiores o Exteriores.<\/li>\n<li>Estructura Resistente.<\/li>\n<li>Indicador Audiovisual para Verificaci\u00f3n Concedida o Denegada<\/li>\n<\/ul>\n<\/div>\n<\/div>\n","protected":false},"excerpt":{"rendered":"<p>Informaci\u00f3n General El dispositivo biom\u00e9trico\u00a0FR1200MF\u00a0es un\u00a0Lector Esclavo\u00a0de huella digital y tarjetas MIFARE, cuenta con interfaz de comunicaci\u00f3n RS485 para funcionar en conjunto con paneles de acceso de la serie InBio. InBio PRO y lectores StandAlone compatibles. El\u00a0FR1200MFcaptura la huella digital o tarjeta y env\u00eda la&hellip;<\/p>\n","protected":false},"featured_media":8702,"comment_status":"open","ping_status":"closed","template":"","meta":{"om_disable_all_campaigns":false,"_monsterinsights_skip_tracking":false,"_monsterinsights_sitenote_active":false,"_monsterinsights_sitenote_note":"","_monsterinsights_sitenote_category":0},"product_brand":[],"product_cat":[812],"product_tag":[81,727,730,66,731,728,729],"class_list":{"0":"post-8703","1":"product","2":"type-product","3":"status-publish","4":"has-post-thumbnail","6":"product_cat-lectoras-biometricas-control-de-acceso-zkteco-acceso-asistencia","7":"product_tag-acceso-y-asistencia","8":"product_tag-cerraduras","9":"product_tag-commax-wulian","10":"product_tag-dahua","11":"product_tag-wejoin","12":"product_tag-yli","13":"product_tag-zkteco","15":"first","16":"instock","17":"sale","18":"taxable","19":"shipping-taxable","20":"purchasable","21":"product-type-simple"},"aioseo_notices":[],"_links":{"self":[{"href":"https:\/\/tecsecmty.com\/index.php\/wp-json\/wp\/v2\/product\/8703","targetHints":{"allow":["GET"]}}],"collection":[{"href":"https:\/\/tecsecmty.com\/index.php\/wp-json\/wp\/v2\/product"}],"about":[{"href":"https:\/\/tecsecmty.com\/index.php\/wp-json\/wp\/v2\/types\/product"}],"replies":[{"embeddable":true,"href":"https:\/\/tecsecmty.com\/index.php\/wp-json\/wp\/v2\/comments?post=8703"}],"version-history":[{"count":0,"href":"https:\/\/tecsecmty.com\/index.php\/wp-json\/wp\/v2\/product\/8703\/revisions"}],"wp:featuredmedia":[{"embeddable":true,"href":"https:\/\/tecsecmty.com\/index.php\/wp-json\/wp\/v2\/media\/8702"}],"wp:attachment":[{"href":"https:\/\/tecsecmty.com\/index.php\/wp-json\/wp\/v2\/media?parent=8703"}],"wp:term":[{"taxonomy":"product_brand","embeddable":true,"href":"https:\/\/tecsecmty.com\/index.php\/wp-json\/wp\/v2\/product_brand?post=8703"},{"taxonomy":"product_cat","embeddable":true,"href":"https:\/\/tecsecmty.com\/index.php\/wp-json\/wp\/v2\/product_cat?post=8703"},{"taxonomy":"product_tag","embeddable":true,"href":"https:\/\/tecsecmty.com\/index.php\/wp-json\/wp\/v2\/product_tag?post=8703"}],"curies":[{"name":"wp","href":"https:\/\/api.w.org\/{rel}","templated":true}]}}