{"id":8709,"date":"2023-02-23T22:28:12","date_gmt":"2023-02-24T04:28:12","guid":{"rendered":"https:\/\/tecsecmty.com\/index.php\/producto\/zkteco-fr1500mf-lector-esclavo-de-huella-silk-id-tarjetas-mifare-13-56-mhz-ip65-rs485-led-indicador-de-estado\/"},"modified":"2023-03-22T23:25:20","modified_gmt":"2023-03-23T05:25:20","slug":"zkteco-fr1500mf-lector-esclavo-de-huella-silk-id-tarjetas-mifare-13-56-mhz-ip65-rs485-led-indicador-de-estado","status":"publish","type":"product","link":"https:\/\/tecsecmty.com\/index.php\/producto\/zkteco-fr1500mf-lector-esclavo-de-huella-silk-id-tarjetas-mifare-13-56-mhz-ip65-rs485-led-indicador-de-estado\/","title":{"rendered":"ZKTECO FR1500MF Lector Esclavo De Huella SILK ID Tarjetas MIFARE 13.56 Mhz \/ IP65 \/ RS485 \/ Led Indicador De Estado"},"content":{"rendered":"<div class=\"row aling-items-center padding-bottom-2x\">\n<div class=\"col-lg-12\">\n<h5 class=\"card-title text-center\">Informaci\u00f3n General<\/h5>\n<h4><strong>Descripci\u00f3n<\/strong><\/h4>\n<h3>Lector Esclavo de Huella SilkID y Tarjetas Mifare 13.MHz<\/h3>\n<p><img decoding=\"async\" class=\"overview-center-img-web\" src=\"https:\/\/tvc.mx\/media\/315159\/Lector-Esclavo-de-Huella-SilkID-Mifare-Descripci%C3%B3n-FR1500MF-ZKTECO.png\" alt=\"\" \/><\/div>\n<\/div>\n<div class=\"row align-items-center padding-bottom-2x\">\n<div class=\"col-md-5 order-md-2\"><img decoding=\"async\" class=\"d-block m-auto img-thumbnail\" src=\"https:\/\/tvc.mx\/media\/315179\/Lector-Esclavo-de-Huella-SilkID-Mifare-Caracter%C3%ADsticas-FR1500MF-ZKTECO.png\" alt=\" \" \/><\/div>\n<div class=\"col-md-7 order-md-1 text-md-left text-center\">\n<h2>Caracter\u00edsticas<\/h2>\n<p class=\"text-muted\">\n<ul>\n<li>Sensor de huella digital SilkID.<\/li>\n<li>Detecci\u00f3n de tejido vivo.<\/li>\n<li>Elegante dise\u00f1o para una instalaci\u00f3n empotrada en pared.<\/li>\n<li>Interfaz de comunicaci\u00f3n RS-485.<\/li>\n<li>Carcasa frontal de acero inoxidable.<\/li>\n<li>Caja de conexiones est\u00e1ndar.<\/li>\n<li>Cubierta protectora de sensor huellas (opcional).<\/li>\n<\/ul>\n<p>&nbsp;<\/p>\n<\/div>\n<\/div>\n<hr class=\"padding-bottom-2x\" \/>\n<div class=\"row aling-items-center padding-bottom-2x\">\n<div class=\"col-lg-12\">\n<h5 class=\"card-title text-center\">Especificaciones<\/h5>\n<ul>\n<li>Comunicaci\u00f3n: RS485<\/li>\n<li>Temperatura de Operaci\u00f3n: -10\u00b0c a 45\u00b0C<\/li>\n<li>Humedad de Operaci\u00f3n: 20%- 95%<\/li>\n<li>Dimensiones: 121.3 x 77.3 x 38 mm<\/li>\n<li>Versi\u00f3n de Algoritmo: ZKFinger VX10.0<\/li>\n<li>Fuente de Alimentaci\u00f3n: 12VDC<\/li>\n<li>Consumo en Standby: 12V*60mA = 0.72W<\/li>\n<li>Consumo en An\u00e1lisis de Huella: 140 mA<\/li>\n<li>Hardware: CPU 1.0 GHz<\/li>\n<li>Sensor: SilkID<\/li>\n<li>Alarma: Audible (BEEP)<\/li>\n<li>LED: Luz Indicadora de Tres Colores<\/li>\n<li>\u00cdndice de Protecci\u00f3n: IP65<\/li>\n<li>Funciones Est\u00e1ndar: \u00a0<strong>MIFARE (S50\/S70) 13.56MHz<\/strong><\/li>\n<li>Compatibilidad: Paneles InBio \/ InBio Pro y algunos Dispositivos Standalone<\/li>\n<\/ul>\n<p><img decoding=\"async\" class=\"overview-center-img-web\" src=\"https:\/\/tvc.mx\/media\/315183\/Lector-Esclavo-de-Huella-SilkID-Mifare-Especificaciones-FR1500MF-ZKTECO.png\" alt=\"\" \/><\/div>\n<\/div>\n<div class=\"row align-items-center padding-bottom-2x\">\n<div class=\"col-md-5 order-md-2\"><img decoding=\"async\" class=\"d-block m-auto img-thumbnail\" src=\"https:\/\/tvc.mx\/media\/403999\/Lector-Esclavo-de-Huella-SilkID-Mifare-Contenido-FR1500MF-ZKTECO.png\" alt=\" \" \/><\/div>\n<div class=\"col-md-7 order-md-1 text-md-left text-center\">\n<h2>Contenido<\/h2>\n<p class=\"text-muted\">\n<ul data-checked=\"false\">\n<li>1 Biom\u00e9trico FR1500<\/li>\n<li>1 Tarjeta de prueba<\/li>\n<li>1 Manual de usuario<\/li>\n<li>1 P\u00f3liza de garant\u00eda<\/li>\n<li>1 Desarmados<\/li>\n<li>1 Juego de torniller\u00eda de sujeci\u00f3n<\/li>\n<\/ul>\n<\/div>\n<\/div>\n","protected":false},"excerpt":{"rendered":"<p>Informaci\u00f3n General Descripci\u00f3n Lector Esclavo de Huella SilkID y Tarjetas Mifare 13.MHz Caracter\u00edsticas Sensor de huella digital SilkID. Detecci\u00f3n de tejido vivo. Elegante dise\u00f1o para una instalaci\u00f3n empotrada en pared. Interfaz de comunicaci\u00f3n RS-485. Carcasa frontal de acero inoxidable. Caja de conexiones est\u00e1ndar. Cubierta protectora&hellip;<\/p>\n","protected":false},"featured_media":8708,"comment_status":"open","ping_status":"closed","template":"","meta":{"om_disable_all_campaigns":false,"_monsterinsights_skip_tracking":false,"_monsterinsights_sitenote_active":false,"_monsterinsights_sitenote_note":"","_monsterinsights_sitenote_category":0},"product_brand":[],"product_cat":[812],"product_tag":[81,727,730,66,731,728,729],"class_list":{"0":"post-8709","1":"product","2":"type-product","3":"status-publish","4":"has-post-thumbnail","6":"product_cat-lectoras-biometricas-control-de-acceso-zkteco-acceso-asistencia","7":"product_tag-acceso-y-asistencia","8":"product_tag-cerraduras","9":"product_tag-commax-wulian","10":"product_tag-dahua","11":"product_tag-wejoin","12":"product_tag-yli","13":"product_tag-zkteco","15":"first","16":"instock","17":"sale","18":"taxable","19":"shipping-taxable","20":"purchasable","21":"product-type-simple"},"aioseo_notices":[],"_links":{"self":[{"href":"https:\/\/tecsecmty.com\/index.php\/wp-json\/wp\/v2\/product\/8709","targetHints":{"allow":["GET"]}}],"collection":[{"href":"https:\/\/tecsecmty.com\/index.php\/wp-json\/wp\/v2\/product"}],"about":[{"href":"https:\/\/tecsecmty.com\/index.php\/wp-json\/wp\/v2\/types\/product"}],"replies":[{"embeddable":true,"href":"https:\/\/tecsecmty.com\/index.php\/wp-json\/wp\/v2\/comments?post=8709"}],"version-history":[{"count":0,"href":"https:\/\/tecsecmty.com\/index.php\/wp-json\/wp\/v2\/product\/8709\/revisions"}],"wp:featuredmedia":[{"embeddable":true,"href":"https:\/\/tecsecmty.com\/index.php\/wp-json\/wp\/v2\/media\/8708"}],"wp:attachment":[{"href":"https:\/\/tecsecmty.com\/index.php\/wp-json\/wp\/v2\/media?parent=8709"}],"wp:term":[{"taxonomy":"product_brand","embeddable":true,"href":"https:\/\/tecsecmty.com\/index.php\/wp-json\/wp\/v2\/product_brand?post=8709"},{"taxonomy":"product_cat","embeddable":true,"href":"https:\/\/tecsecmty.com\/index.php\/wp-json\/wp\/v2\/product_cat?post=8709"},{"taxonomy":"product_tag","embeddable":true,"href":"https:\/\/tecsecmty.com\/index.php\/wp-json\/wp\/v2\/product_tag?post=8709"}],"curies":[{"name":"wp","href":"https:\/\/api.w.org\/{rel}","templated":true}]}}